{"id":8189,"date":"2022-02-16T14:38:10","date_gmt":"2022-02-16T13:38:10","guid":{"rendered":"https:\/\/www.allinclusivehotels.it\/destinations\/lido-di-classe"},"modified":"2022-04-12T10:53:42","modified_gmt":"2022-04-12T08:53:42","slug":"lido-di-classe","status":"publish","type":"page","link":"https:\/\/www.allinclusivehotels.it\/fr\/destinations\/lido-di-classe","title":{"rendered":"Lido di Classe"},"content":{"rendered":"\n<h2 class=\"wp-block-heading\">Entre mer et nature<\/h2>\n\n\n\n<p><b>Lido di Classe<\/b> est un des neuf \u201clidi\u201d qui se succ\u00e8dent le long de la c\u00f4te de Ravenne. Avec ses dunes de sable fin et clair, c\u2019est l\u2019endroit id\u00e9al pour les familles avec enfants, qui peuvent se baigner en toute s\u00e9curit\u00e9 dans une mer limpide, qui devient profonde tr\u00e8s doucement. Le littoral offre quelque 5 kilom\u00e8tres de <b>plage libre <\/b>et pr\u00e9serv\u00e9e o\u00f9 se balader paisiblement en \u00e9coutant le bruit des vagues et en respirant le parfum de l\u2019eau sal\u00e9e. Lido di Classe a plusieurs fois \u00e9t\u00e9 \u00e9lu par le <b>Pavillon Bleu<\/b> ainsi que par la <b>&#8220;Bandiera Verde dei Pediatri&#8221;<\/b>(Pavillon vert des p\u00e9diatres).<\/p>\n\n\n\n<!--more-->\n\n\n\n<p>Une magnifique <b>pin\u00e8de&nbsp;s\u00e9culaire<\/b> s\u2019\u00e9tend derri\u00e8re les dunes, offrant de l\u2019ombre, de la fraicheur et plusieurs sentiers pour des promenades \u00e0 pied ou \u00e0 v\u00e9lo. \u00c0 cela s\u2019ajoutent des <b>pistes cyclables<\/b> <b>le long de la mer<\/b>, id\u00e9ales pour explorer la r\u00e9gion en prenant son temps, plong\u00e9s dans un d\u00e9cor naturel d\u2019une rare beaut\u00e9. La nature appelle la nature&nbsp;: \u00e0 deux pas de <b>Lido di Classe<\/b>, commence la <b>r\u00e9serve naturelle de la Foce del Fiume Bevano<\/b>, une zone humide essentielle pour l\u2019environnement, partie int\u00e9grante du <b>parc du delta du P\u00f4<\/b>, qui s\u00e9duit les adultes tout autant que les enfants. Et que l\u2019on peut aussi admirer du ciel gr\u00e2ce \u00e0 des avions ultral\u00e9ger qui d\u00e9collent pendant toute l\u2019ann\u00e9e.<\/p>\n\n\n\n<h2 class=\"wp-block-heading\">Le centre-ville et les parcs d\u2019attractions<\/h2>\n\n\n\n<p>Le <b>centre-ville<\/b> de Lido di Classe est un v\u00e9ritable chez soi au bord de la mer, avec ses boutiques chics, ses marchands de glace, ses espaces verts et son agr\u00e9able zone pi\u00e9tonne. Pour ceux qui veulent du divertissement, \u00e0 seulement 10 minutes de voiture, on trouve le parc fantastique de <b>Mirabilandia<\/b>, avec des tas d\u2019attractions pour tout \u00e2ge.<\/p>\n\n\n\n<h2 class=\"wp-block-heading\">Thermes, art et culture<\/h2>\n\n\n\n<p>Les amateurs d\u2019art et de culture peuvent \u00e9galement visiter <b>Ravenne<\/b>, \u00e0 moins d\u2019une demi-heure en voiture. C\u2019est l\u2019occasion parfaite pour d\u00e9couvrir la ville avec la plus forte concentration de tr\u00e9sors artistiques d\u00e9clar\u00e9s patrimoine de l\u2019Unesco. Ses <b>mosa\u00efques<\/b> \u00e9poustouflantes, connues dans le monde entier, peuvent \u00eatre admir\u00e9es jusque tard le soir, apr\u00e8s une journ\u00e9e \u00e0 la plage ou en pin\u00e8de. Et pour qui cherche de la d\u00e9tente et du bien-\u00eatre, enfin, les <b>Terme di Punta Marina<\/b> sont une \u00e9tape oblig\u00e9e, avec l\u2019embarras du choix parmi les diff\u00e9rent massages et parcours wellness.<\/p>\n","protected":false},"excerpt":{"rendered":"<p>Entre mer et nature Lido di Classe est un des neuf \u201clidi\u201d qui se succ\u00e8dent &hellip;<\/p>\n","protected":false},"author":1,"featured_media":0,"parent":8167,"menu_order":0,"comment_status":"closed","ping_status":"closed","template":"page-templates\/destinazione.php","meta":{"_acf_changed":false,"footnotes":""},"class_list":["post-8189","page","type-page","status-publish","hentry"],"acf":[],"yoast_head":"<!-- This site is optimized with the Yoast SEO plugin v27.0 - https:\/\/yoast.com\/product\/yoast-seo-wordpress\/ -->\n<title>H\u00f4tel All Inclusive Lido di Classe | Offres H\u00f4tel 3 \u00e9toiles pour les familles<\/title>\n<meta name=\"description\" content=\"Vous cherchez un H\u00f4tel All Inclusive \u00e0 Lido di Classe? D\u00e9couvrez la plus grande s\u00e9lection d&#039;h\u00f4tels avec offres tout compris!\" \/>\n<meta name=\"robots\" content=\"index, follow, max-snippet:-1, max-image-preview:large, max-video-preview:-1\" \/>\n<link rel=\"canonical\" href=\"https:\/\/www.allinclusivehotels.it\/fr\/destinations\/lido-di-classe\" \/>\n<meta property=\"og:locale\" content=\"fr_FR\" \/>\n<meta property=\"og:type\" content=\"article\" \/>\n<meta property=\"og:title\" content=\"H\u00f4tel All Inclusive Lido di Classe | Offres H\u00f4tel 3 \u00e9toiles pour les familles\" \/>\n<meta property=\"og:description\" content=\"Vous cherchez un H\u00f4tel All Inclusive \u00e0 Lido di Classe? D\u00e9couvrez la plus grande s\u00e9lection d&#039;h\u00f4tels avec offres tout compris!\" \/>\n<meta property=\"og:url\" content=\"https:\/\/www.allinclusivehotels.it\/fr\/destinations\/lido-di-classe\" \/>\n<meta property=\"og:site_name\" content=\"All Inclusive Hotels\" \/>\n<meta property=\"article:modified_time\" content=\"2022-04-12T08:53:42+00:00\" \/>\n<meta name=\"twitter:card\" content=\"summary_large_image\" \/>\n<meta name=\"twitter:label1\" content=\"Dur\u00e9e de lecture estim\u00e9e\" \/>\n\t<meta name=\"twitter:data1\" content=\"3 minutes\" \/>\n<script type=\"application\/ld+json\" class=\"yoast-schema-graph\">{\"@context\":\"https:\/\/schema.org\",\"@graph\":[{\"@type\":\"WebPage\",\"@id\":\"https:\/\/www.allinclusivehotels.it\/fr\/destinations\/lido-di-classe\",\"url\":\"https:\/\/www.allinclusivehotels.it\/fr\/destinations\/lido-di-classe\",\"name\":\"H\u00f4tel All Inclusive Lido di Classe | Offres H\u00f4tel 3 \u00e9toiles pour les familles\",\"isPartOf\":{\"@id\":\"https:\/\/www.allinclusivehotels.it\/fr#website\"},\"datePublished\":\"2022-02-16T13:38:10+00:00\",\"dateModified\":\"2022-04-12T08:53:42+00:00\",\"description\":\"Vous cherchez un H\u00f4tel All Inclusive \u00e0 Lido di Classe? D\u00e9couvrez la plus grande s\u00e9lection d'h\u00f4tels avec offres tout compris!\",\"breadcrumb\":{\"@id\":\"https:\/\/www.allinclusivehotels.it\/fr\/destinations\/lido-di-classe#breadcrumb\"},\"inLanguage\":\"fr-FR\",\"potentialAction\":[{\"@type\":\"ReadAction\",\"target\":[\"https:\/\/www.allinclusivehotels.it\/fr\/destinations\/lido-di-classe\"]}]},{\"@type\":\"BreadcrumbList\",\"@id\":\"https:\/\/www.allinclusivehotels.it\/fr\/destinations\/lido-di-classe#breadcrumb\",\"itemListElement\":[{\"@type\":\"ListItem\",\"position\":1,\"name\":\"Home\",\"item\":\"https:\/\/www.allinclusivehotels.it\/fr\"},{\"@type\":\"ListItem\",\"position\":2,\"name\":\"Destinations\",\"item\":\"https:\/\/www.allinclusivehotels.it\/fr\/destinations\"},{\"@type\":\"ListItem\",\"position\":3,\"name\":\"Lido di Classe\"}]},{\"@type\":\"WebSite\",\"@id\":\"https:\/\/www.allinclusivehotels.it\/fr#website\",\"url\":\"https:\/\/www.allinclusivehotels.it\/fr\",\"name\":\"All Inclusive Hotels\",\"description\":\"\",\"publisher\":{\"@id\":\"https:\/\/www.allinclusivehotels.it\/fr#organization\"},\"potentialAction\":[{\"@type\":\"SearchAction\",\"target\":{\"@type\":\"EntryPoint\",\"urlTemplate\":\"https:\/\/www.allinclusivehotels.it\/fr?s={search_term_string}\"},\"query-input\":{\"@type\":\"PropertyValueSpecification\",\"valueRequired\":true,\"valueName\":\"search_term_string\"}}],\"inLanguage\":\"fr-FR\"},{\"@type\":\"Organization\",\"@id\":\"https:\/\/www.allinclusivehotels.it\/fr#organization\",\"name\":\"All Inclusive Hotels\",\"url\":\"https:\/\/www.allinclusivehotels.it\/fr\",\"logo\":{\"@type\":\"ImageObject\",\"inLanguage\":\"fr-FR\",\"@id\":\"https:\/\/www.allinclusivehotels.it\/fr#\/schema\/logo\/image\/\",\"url\":\"\",\"contentUrl\":\"\",\"caption\":\"All Inclusive Hotels\"},\"image\":{\"@id\":\"https:\/\/www.allinclusivehotels.it\/fr#\/schema\/logo\/image\/\"}}]}<\/script>\n<!-- \/ Yoast SEO plugin. -->","yoast_head_json":{"title":"H\u00f4tel All Inclusive Lido di Classe | Offres H\u00f4tel 3 \u00e9toiles pour les familles","description":"Vous cherchez un H\u00f4tel All Inclusive \u00e0 Lido di Classe? D\u00e9couvrez la plus grande s\u00e9lection d'h\u00f4tels avec offres tout compris!","robots":{"index":"index","follow":"follow","max-snippet":"max-snippet:-1","max-image-preview":"max-image-preview:large","max-video-preview":"max-video-preview:-1"},"canonical":"https:\/\/www.allinclusivehotels.it\/fr\/destinations\/lido-di-classe","og_locale":"fr_FR","og_type":"article","og_title":"H\u00f4tel All Inclusive Lido di Classe | Offres H\u00f4tel 3 \u00e9toiles pour les familles","og_description":"Vous cherchez un H\u00f4tel All Inclusive \u00e0 Lido di Classe? D\u00e9couvrez la plus grande s\u00e9lection d'h\u00f4tels avec offres tout compris!","og_url":"https:\/\/www.allinclusivehotels.it\/fr\/destinations\/lido-di-classe","og_site_name":"All Inclusive Hotels","article_modified_time":"2022-04-12T08:53:42+00:00","twitter_card":"summary_large_image","twitter_misc":{"Dur\u00e9e de lecture estim\u00e9e":"3 minutes"},"schema":{"@context":"https:\/\/schema.org","@graph":[{"@type":"WebPage","@id":"https:\/\/www.allinclusivehotels.it\/fr\/destinations\/lido-di-classe","url":"https:\/\/www.allinclusivehotels.it\/fr\/destinations\/lido-di-classe","name":"H\u00f4tel All Inclusive Lido di Classe | Offres H\u00f4tel 3 \u00e9toiles pour les familles","isPartOf":{"@id":"https:\/\/www.allinclusivehotels.it\/fr#website"},"datePublished":"2022-02-16T13:38:10+00:00","dateModified":"2022-04-12T08:53:42+00:00","description":"Vous cherchez un H\u00f4tel All Inclusive \u00e0 Lido di Classe? D\u00e9couvrez la plus grande s\u00e9lection d'h\u00f4tels avec offres tout compris!","breadcrumb":{"@id":"https:\/\/www.allinclusivehotels.it\/fr\/destinations\/lido-di-classe#breadcrumb"},"inLanguage":"fr-FR","potentialAction":[{"@type":"ReadAction","target":["https:\/\/www.allinclusivehotels.it\/fr\/destinations\/lido-di-classe"]}]},{"@type":"BreadcrumbList","@id":"https:\/\/www.allinclusivehotels.it\/fr\/destinations\/lido-di-classe#breadcrumb","itemListElement":[{"@type":"ListItem","position":1,"name":"Home","item":"https:\/\/www.allinclusivehotels.it\/fr"},{"@type":"ListItem","position":2,"name":"Destinations","item":"https:\/\/www.allinclusivehotels.it\/fr\/destinations"},{"@type":"ListItem","position":3,"name":"Lido di Classe"}]},{"@type":"WebSite","@id":"https:\/\/www.allinclusivehotels.it\/fr#website","url":"https:\/\/www.allinclusivehotels.it\/fr","name":"All Inclusive Hotels","description":"","publisher":{"@id":"https:\/\/www.allinclusivehotels.it\/fr#organization"},"potentialAction":[{"@type":"SearchAction","target":{"@type":"EntryPoint","urlTemplate":"https:\/\/www.allinclusivehotels.it\/fr?s={search_term_string}"},"query-input":{"@type":"PropertyValueSpecification","valueRequired":true,"valueName":"search_term_string"}}],"inLanguage":"fr-FR"},{"@type":"Organization","@id":"https:\/\/www.allinclusivehotels.it\/fr#organization","name":"All Inclusive Hotels","url":"https:\/\/www.allinclusivehotels.it\/fr","logo":{"@type":"ImageObject","inLanguage":"fr-FR","@id":"https:\/\/www.allinclusivehotels.it\/fr#\/schema\/logo\/image\/","url":"","contentUrl":"","caption":"All Inclusive Hotels"},"image":{"@id":"https:\/\/www.allinclusivehotels.it\/fr#\/schema\/logo\/image\/"}}]}},"_links":{"self":[{"href":"https:\/\/www.allinclusivehotels.it\/fr\/wp-json\/wp\/v2\/pages\/8189","targetHints":{"allow":["GET"]}}],"collection":[{"href":"https:\/\/www.allinclusivehotels.it\/fr\/wp-json\/wp\/v2\/pages"}],"about":[{"href":"https:\/\/www.allinclusivehotels.it\/fr\/wp-json\/wp\/v2\/types\/page"}],"author":[{"embeddable":true,"href":"https:\/\/www.allinclusivehotels.it\/fr\/wp-json\/wp\/v2\/users\/1"}],"replies":[{"embeddable":true,"href":"https:\/\/www.allinclusivehotels.it\/fr\/wp-json\/wp\/v2\/comments?post=8189"}],"version-history":[{"count":4,"href":"https:\/\/www.allinclusivehotels.it\/fr\/wp-json\/wp\/v2\/pages\/8189\/revisions"}],"predecessor-version":[{"id":18342,"href":"https:\/\/www.allinclusivehotels.it\/fr\/wp-json\/wp\/v2\/pages\/8189\/revisions\/18342"}],"up":[{"embeddable":true,"href":"https:\/\/www.allinclusivehotels.it\/fr\/wp-json\/wp\/v2\/pages\/8167"}],"wp:attachment":[{"href":"https:\/\/www.allinclusivehotels.it\/fr\/wp-json\/wp\/v2\/media?parent=8189"}],"curies":[{"name":"wp","href":"https:\/\/api.w.org\/{rel}","templated":true}]}}