{"id":8187,"date":"2022-02-16T14:38:10","date_gmt":"2022-02-16T13:38:10","guid":{"rendered":"https:\/\/www.allinclusivehotels.it\/destinations\/jesolo"},"modified":"2022-04-12T10:52:07","modified_gmt":"2022-04-12T08:52:07","slug":"jesolo","status":"publish","type":"page","link":"https:\/\/www.allinclusivehotels.it\/fr\/destinations\/jesolo","title":{"rendered":"Jesolo"},"content":{"rendered":"\n<h2 class=\"wp-block-heading\">D\u00e9tente et repos entre mer et pin\u00e8de<\/h2>\n\n\n\n<p><b>Jesolo<\/b>, perle de l\u2019Adriatique du nord, \u00e0 moins de 50 kilom\u00e8tres de <b>Venise<\/b>, compte parmi les destinations les pr\u00e9f\u00e9r\u00e9es des familles, des sportifs et de tous ceux qui souhaitent du confort, de la d\u00e9tente et du repos. Son littoral mesure pas moins de <b>15 kilom\u00e8tres de sable fin et des plages parfaitement am\u00e9nag\u00e9es<\/b>, auxquelles on acc\u00e8de en traversant une <b>pin\u00e8de<\/b> ombrag\u00e9e, v\u00e9ritable poumon vert de la ville.<\/p>\n\n\n\n<!--more-->\n\n\n\n<h2 class=\"wp-block-heading\">Pavillons Bleu et sport \u00e0 foison<\/h2>\n\n\n\n<p><b>Laur\u00e9ate du Pavillon Bleu <\/b>depuis plusieurs ann\u00e9es pour la qualit\u00e9 et la propret\u00e9 de ses eaux, Jesolo offre des plages de sable fin ambr\u00e9, parmi les plus moderne et am\u00e9nag\u00e9es de l\u2019Adriatique du Nord, avec des \u00e9quipements \u00e0 l\u2019avant-garde pour la s\u00e9curit\u00e9 des nageurs et le nettoyage des ar\u00e8nes.<\/p>\n\n\n\n<p>A tout cela s\u2019ajoutent les <b>paysages naturels<\/b> et la s\u00e9r\u00e9nit\u00e9 des promenades au vert des centres touristiques de <b>Centro, Faro et Pineta<\/b>. Les amateurs de cyclisme trouveront de tr\u00e8s beaux parcours le long du <b>Sile<\/b> et du <b>Piave<\/b>, non loin de la pin\u00e8de, plong\u00e9s dans le calme d\u2019une v\u00e9g\u00e9tation foisonnante.<\/p>\n\n\n\n<p>Les <b>All Inclusive Hotel Jesolo<\/b> offrent des services d\u2019assistances sur mesure pour cyclotouriste, en mettant \u00e0 leur disposition guides, itin\u00e9raires et point d\u2019arr\u00eats.<\/p>\n\n\n\n<p>Pour les sportifs, la ville offre des opportunit\u00e9s \u00e0 n\u2019en plus finir&nbsp;: \u00e0 la plage on peut pratiquer tout type de sports aquatiques, gr\u00e2ce aux <b>\u00e9coles de voile<\/b>, <b>de<\/b> <b>windsurf, de cano\u00eb et de plong\u00e9e&nbsp;;<\/b> tandis que, sur terre, les amateurs du green peuvent se faire plaisir avec le <b>Minigolf<\/b> et le <b>Golf Club Jesolo<\/b>.<\/p>\n\n\n\n<h2 class=\"wp-block-heading\">Les Parcs pour familles<\/h2>\n\n\n\n<p>Surtout pendant les journ\u00e9es plus chaudes et comme alternative \u00e0 la plage, il faut aller faire un saut \u00e0 <b>Aqualandia, <\/b>le parc aquatique de <b>Lido di Jesolo&nbsp;<\/b>qui, sur une surface de 80 000 m\u00e8tres carr\u00e9s, reproduit fid\u00e8lement l\u2019atmosph\u00e8re s\u00e9duisante d\u2019une \u00eele des Cara\u00efbes. On ne peut pas r\u00e9sister au sable immacul\u00e9 et aux eaux cristallines de la Shark Bay, dans son d\u00e9cor de palmiers, de rochers et de chiringuitos (petits bars)&nbsp;; ni aux gonflables color\u00e9s de Funnyland, l\u2019aire de jeux pour les plus petits, et aux attractions de records comme le toboggan et la tour de bungee jumping la plus haute d\u2019Europe.<\/p>\n\n\n\n<p>Pour ceux qui pr\u00e9f\u00e8rent le monde des animaux et la nature, il y a&nbsp;<b>Tropicarium Park,<\/b> un espace couvert avec des esp\u00e8ces provenant de toute la plan\u00e8te, ainsi que&nbsp;<b>Sea Life,&nbsp;<\/b>un parc marin de 30 bassins abritant plus de 5 000 sp\u00e9cimens de poissons et mollusques, et un parcours historique-culturel \u00e0 la d\u00e9couverte de Venise et de sa lagune.<\/p>\n","protected":false},"excerpt":{"rendered":"<p>D\u00e9tente et repos entre mer et pin\u00e8de Jesolo, perle de l\u2019Adriatique du nord, \u00e0 moins &hellip;<\/p>\n","protected":false},"author":1,"featured_media":0,"parent":8167,"menu_order":0,"comment_status":"closed","ping_status":"closed","template":"page-templates\/destinazione.php","meta":{"_acf_changed":false,"footnotes":""},"class_list":["post-8187","page","type-page","status-publish","hentry"],"acf":[],"yoast_head":"<!-- This site is optimized with the Yoast SEO plugin v27.0 - https:\/\/yoast.com\/product\/yoast-seo-wordpress\/ -->\n<title>H\u00f4tel All Inclusive Jesolo Lido | Offres H\u00f4tel 3 \u00e9toiles pour les familles<\/title>\n<meta name=\"description\" content=\"Vous cherchez un h\u00f4tel All Inclusive \u00e0 Jesolo? D\u00e9couvrez la plus grande s\u00e9lection d&#039;h\u00f4tels tout compris en Italie. Voyez les offres!\" \/>\n<meta name=\"robots\" content=\"index, follow, max-snippet:-1, max-image-preview:large, max-video-preview:-1\" \/>\n<link rel=\"canonical\" href=\"https:\/\/www.allinclusivehotels.it\/fr\/destinations\/jesolo\" \/>\n<meta property=\"og:locale\" content=\"fr_FR\" \/>\n<meta property=\"og:type\" content=\"article\" \/>\n<meta property=\"og:title\" content=\"H\u00f4tel All Inclusive Jesolo Lido | Offres H\u00f4tel 3 \u00e9toiles pour les familles\" \/>\n<meta property=\"og:description\" content=\"Vous cherchez un h\u00f4tel All Inclusive \u00e0 Jesolo? D\u00e9couvrez la plus grande s\u00e9lection d&#039;h\u00f4tels tout compris en Italie. Voyez les offres!\" \/>\n<meta property=\"og:url\" content=\"https:\/\/www.allinclusivehotels.it\/fr\/destinations\/jesolo\" \/>\n<meta property=\"og:site_name\" content=\"All Inclusive Hotels\" \/>\n<meta property=\"article:modified_time\" content=\"2022-04-12T08:52:07+00:00\" \/>\n<meta name=\"twitter:card\" content=\"summary_large_image\" \/>\n<meta name=\"twitter:label1\" content=\"Dur\u00e9e de lecture estim\u00e9e\" \/>\n\t<meta name=\"twitter:data1\" content=\"3 minutes\" \/>\n<script type=\"application\/ld+json\" class=\"yoast-schema-graph\">{\"@context\":\"https:\/\/schema.org\",\"@graph\":[{\"@type\":\"WebPage\",\"@id\":\"https:\/\/www.allinclusivehotels.it\/fr\/destinations\/jesolo\",\"url\":\"https:\/\/www.allinclusivehotels.it\/fr\/destinations\/jesolo\",\"name\":\"H\u00f4tel All Inclusive Jesolo Lido | Offres H\u00f4tel 3 \u00e9toiles pour les familles\",\"isPartOf\":{\"@id\":\"https:\/\/www.allinclusivehotels.it\/fr#website\"},\"datePublished\":\"2022-02-16T13:38:10+00:00\",\"dateModified\":\"2022-04-12T08:52:07+00:00\",\"description\":\"Vous cherchez un h\u00f4tel All Inclusive \u00e0 Jesolo? D\u00e9couvrez la plus grande s\u00e9lection d'h\u00f4tels tout compris en Italie. Voyez les offres!\",\"breadcrumb\":{\"@id\":\"https:\/\/www.allinclusivehotels.it\/fr\/destinations\/jesolo#breadcrumb\"},\"inLanguage\":\"fr-FR\",\"potentialAction\":[{\"@type\":\"ReadAction\",\"target\":[\"https:\/\/www.allinclusivehotels.it\/fr\/destinations\/jesolo\"]}]},{\"@type\":\"BreadcrumbList\",\"@id\":\"https:\/\/www.allinclusivehotels.it\/fr\/destinations\/jesolo#breadcrumb\",\"itemListElement\":[{\"@type\":\"ListItem\",\"position\":1,\"name\":\"Home\",\"item\":\"https:\/\/www.allinclusivehotels.it\/fr\"},{\"@type\":\"ListItem\",\"position\":2,\"name\":\"Destinations\",\"item\":\"https:\/\/www.allinclusivehotels.it\/fr\/destinations\"},{\"@type\":\"ListItem\",\"position\":3,\"name\":\"Jesolo\"}]},{\"@type\":\"WebSite\",\"@id\":\"https:\/\/www.allinclusivehotels.it\/fr#website\",\"url\":\"https:\/\/www.allinclusivehotels.it\/fr\",\"name\":\"All Inclusive Hotels\",\"description\":\"\",\"publisher\":{\"@id\":\"https:\/\/www.allinclusivehotels.it\/fr#organization\"},\"potentialAction\":[{\"@type\":\"SearchAction\",\"target\":{\"@type\":\"EntryPoint\",\"urlTemplate\":\"https:\/\/www.allinclusivehotels.it\/fr?s={search_term_string}\"},\"query-input\":{\"@type\":\"PropertyValueSpecification\",\"valueRequired\":true,\"valueName\":\"search_term_string\"}}],\"inLanguage\":\"fr-FR\"},{\"@type\":\"Organization\",\"@id\":\"https:\/\/www.allinclusivehotels.it\/fr#organization\",\"name\":\"All Inclusive Hotels\",\"url\":\"https:\/\/www.allinclusivehotels.it\/fr\",\"logo\":{\"@type\":\"ImageObject\",\"inLanguage\":\"fr-FR\",\"@id\":\"https:\/\/www.allinclusivehotels.it\/fr#\/schema\/logo\/image\/\",\"url\":\"\",\"contentUrl\":\"\",\"caption\":\"All Inclusive Hotels\"},\"image\":{\"@id\":\"https:\/\/www.allinclusivehotels.it\/fr#\/schema\/logo\/image\/\"}}]}<\/script>\n<!-- \/ Yoast SEO plugin. -->","yoast_head_json":{"title":"H\u00f4tel All Inclusive Jesolo Lido | Offres H\u00f4tel 3 \u00e9toiles pour les familles","description":"Vous cherchez un h\u00f4tel All Inclusive \u00e0 Jesolo? D\u00e9couvrez la plus grande s\u00e9lection d'h\u00f4tels tout compris en Italie. Voyez les offres!","robots":{"index":"index","follow":"follow","max-snippet":"max-snippet:-1","max-image-preview":"max-image-preview:large","max-video-preview":"max-video-preview:-1"},"canonical":"https:\/\/www.allinclusivehotels.it\/fr\/destinations\/jesolo","og_locale":"fr_FR","og_type":"article","og_title":"H\u00f4tel All Inclusive Jesolo Lido | Offres H\u00f4tel 3 \u00e9toiles pour les familles","og_description":"Vous cherchez un h\u00f4tel All Inclusive \u00e0 Jesolo? D\u00e9couvrez la plus grande s\u00e9lection d'h\u00f4tels tout compris en Italie. Voyez les offres!","og_url":"https:\/\/www.allinclusivehotels.it\/fr\/destinations\/jesolo","og_site_name":"All Inclusive Hotels","article_modified_time":"2022-04-12T08:52:07+00:00","twitter_card":"summary_large_image","twitter_misc":{"Dur\u00e9e de lecture estim\u00e9e":"3 minutes"},"schema":{"@context":"https:\/\/schema.org","@graph":[{"@type":"WebPage","@id":"https:\/\/www.allinclusivehotels.it\/fr\/destinations\/jesolo","url":"https:\/\/www.allinclusivehotels.it\/fr\/destinations\/jesolo","name":"H\u00f4tel All Inclusive Jesolo Lido | Offres H\u00f4tel 3 \u00e9toiles pour les familles","isPartOf":{"@id":"https:\/\/www.allinclusivehotels.it\/fr#website"},"datePublished":"2022-02-16T13:38:10+00:00","dateModified":"2022-04-12T08:52:07+00:00","description":"Vous cherchez un h\u00f4tel All Inclusive \u00e0 Jesolo? D\u00e9couvrez la plus grande s\u00e9lection d'h\u00f4tels tout compris en Italie. Voyez les offres!","breadcrumb":{"@id":"https:\/\/www.allinclusivehotels.it\/fr\/destinations\/jesolo#breadcrumb"},"inLanguage":"fr-FR","potentialAction":[{"@type":"ReadAction","target":["https:\/\/www.allinclusivehotels.it\/fr\/destinations\/jesolo"]}]},{"@type":"BreadcrumbList","@id":"https:\/\/www.allinclusivehotels.it\/fr\/destinations\/jesolo#breadcrumb","itemListElement":[{"@type":"ListItem","position":1,"name":"Home","item":"https:\/\/www.allinclusivehotels.it\/fr"},{"@type":"ListItem","position":2,"name":"Destinations","item":"https:\/\/www.allinclusivehotels.it\/fr\/destinations"},{"@type":"ListItem","position":3,"name":"Jesolo"}]},{"@type":"WebSite","@id":"https:\/\/www.allinclusivehotels.it\/fr#website","url":"https:\/\/www.allinclusivehotels.it\/fr","name":"All Inclusive Hotels","description":"","publisher":{"@id":"https:\/\/www.allinclusivehotels.it\/fr#organization"},"potentialAction":[{"@type":"SearchAction","target":{"@type":"EntryPoint","urlTemplate":"https:\/\/www.allinclusivehotels.it\/fr?s={search_term_string}"},"query-input":{"@type":"PropertyValueSpecification","valueRequired":true,"valueName":"search_term_string"}}],"inLanguage":"fr-FR"},{"@type":"Organization","@id":"https:\/\/www.allinclusivehotels.it\/fr#organization","name":"All Inclusive Hotels","url":"https:\/\/www.allinclusivehotels.it\/fr","logo":{"@type":"ImageObject","inLanguage":"fr-FR","@id":"https:\/\/www.allinclusivehotels.it\/fr#\/schema\/logo\/image\/","url":"","contentUrl":"","caption":"All Inclusive Hotels"},"image":{"@id":"https:\/\/www.allinclusivehotels.it\/fr#\/schema\/logo\/image\/"}}]}},"_links":{"self":[{"href":"https:\/\/www.allinclusivehotels.it\/fr\/wp-json\/wp\/v2\/pages\/8187","targetHints":{"allow":["GET"]}}],"collection":[{"href":"https:\/\/www.allinclusivehotels.it\/fr\/wp-json\/wp\/v2\/pages"}],"about":[{"href":"https:\/\/www.allinclusivehotels.it\/fr\/wp-json\/wp\/v2\/types\/page"}],"author":[{"embeddable":true,"href":"https:\/\/www.allinclusivehotels.it\/fr\/wp-json\/wp\/v2\/users\/1"}],"replies":[{"embeddable":true,"href":"https:\/\/www.allinclusivehotels.it\/fr\/wp-json\/wp\/v2\/comments?post=8187"}],"version-history":[{"count":4,"href":"https:\/\/www.allinclusivehotels.it\/fr\/wp-json\/wp\/v2\/pages\/8187\/revisions"}],"predecessor-version":[{"id":18334,"href":"https:\/\/www.allinclusivehotels.it\/fr\/wp-json\/wp\/v2\/pages\/8187\/revisions\/18334"}],"up":[{"embeddable":true,"href":"https:\/\/www.allinclusivehotels.it\/fr\/wp-json\/wp\/v2\/pages\/8167"}],"wp:attachment":[{"href":"https:\/\/www.allinclusivehotels.it\/fr\/wp-json\/wp\/v2\/media?parent=8187"}],"curies":[{"name":"wp","href":"https:\/\/api.w.org\/{rel}","templated":true}]}}