{"id":8185,"date":"2022-02-16T14:38:09","date_gmt":"2022-02-16T13:38:09","guid":{"rendered":"https:\/\/www.allinclusivehotels.it\/destinations\/giulianova"},"modified":"2022-04-12T10:51:53","modified_gmt":"2022-04-12T08:51:53","slug":"giulianova","status":"publish","type":"page","link":"https:\/\/www.allinclusivehotels.it\/fr\/destinations\/giulianova","title":{"rendered":"Giulianova"},"content":{"rendered":"\n<p><b>Giulianova<\/b>, localit\u00e9 des Abruzzes situ\u00e9e sur la \u201criviera teramana\u201d (c\u00f4te de Teramo), poss\u00e8de tous les ingr\u00e9dients pour des vacances id\u00e9ales&nbsp;: <b>nature, art<\/b>, <b>culture <\/b>et <b>d\u00e9tente<\/b>. Ses plages dor\u00e9es sont depuis plusieurs ann\u00e9es laur\u00e9ates du <b>Pavillons Bleu<\/b>, tout comme les autres destinations qui, avec Giulianova, forment les \u201csette sorelle\u201d (sept s\u0153urs)&nbsp;: Martinsicuro, Tortoreto, Alba Adriatica, Roseto degli Abruzzi, Pineto et Silvi.<\/p>\n\n\n\n<p>Certains lieux affichent un caract\u00e8re tr\u00e8s sauvage et fascinant pour ceux qui aiment le contact avec la nature rest\u00e9e intacte. Comme entre Giulianova, Roseto degli Abruzzi et Pineto, o\u00f9 s\u2019\u00e9l\u00e8vent les pins sylvestres typiques du maquis.<\/p>\n\n\n\n<!--more-->\n\n\n\n<p>Giulianova poss\u00e8de \u00e9galement un centre historique riche de t\u00e9moignages artistiques, telles que le Duomo di San Flaviano, qui date de la Renaissance, la <b>Cappella gentilizia dei Bartolomei<\/b>, le <b>Santuario della Madonna dello Splendore et \u201cIl Bianco\u201d (le Blanc),<\/b> la tour qui constitue le seul reste des anciens remparts d\u2019\u00e9poque m\u00e9di\u00e9vale. L\u2019air chaleureux et accueillant que l\u2019on respire dans le centre historique est le m\u00eame de celui des <b>All Inclusive Hotels Giulianova<\/b>, souvent des gestions familiales, alliant harmonieusement tradition et modernit\u00e9.<\/p>\n\n\n\n<p>Les <b>vacances \u00e0 Giulianova,<\/b> ce n\u2019est pas seulement la mer et le soleil. Aux\/En Abruzzes se situent deux chaines de montagnes parmi les plus r\u00e9put\u00e9es d\u2019Italie. Tout d\u2019abord le <b>Gran Sasso<\/b>, dont le massif domine la r\u00e9gion avec le Corno Grande, son plus haut sommet, qui atteint les 2 914 m\u00e8tres d\u2019altitude. Pendant l\u2019hiver, ses pistes de ski en font une destination id\u00e9ale pour beaucoup des familles, tandis qu\u2019en \u00e9t\u00e9 s\u2019y pr\u00e9cipitent tous ceux qui pr\u00e9f\u00e8rent l\u2019alpinisme, le trekking et les randonn\u00e9es en montagne. Sans oublier les <b>Monti della Laga<\/b>, un royaume des torrents, de cascades et sentiers silencieux au c\u0153ur de for\u00eats et de hauts plateaux luxuriants. Un territoire unique dans tous les Apennins pour sa morphologie g\u00e9ologique. \u00c0 vous de choisir, donc, entre r\u00e9server des vacances dans un <b>h\u00f4tel \u00e0 Giulianova Lido<\/b>, ou plut\u00f4t \u00e0 la montagne, agr\u00e9able en toute saison.<\/p>\n","protected":false},"excerpt":{"rendered":"<p>Giulianova, localit\u00e9 des Abruzzes situ\u00e9e sur la \u201criviera teramana\u201d (c\u00f4te de Teramo), poss\u00e8de tous les &hellip;<\/p>\n","protected":false},"author":1,"featured_media":0,"parent":8167,"menu_order":0,"comment_status":"closed","ping_status":"closed","template":"page-templates\/destinazione.php","meta":{"_acf_changed":false,"footnotes":""},"class_list":["post-8185","page","type-page","status-publish","hentry"],"acf":[],"yoast_head":"<!-- This site is optimized with the Yoast SEO plugin v27.0 - https:\/\/yoast.com\/product\/yoast-seo-wordpress\/ -->\n<title>H\u00f4tel All Inclusive Giulianova Mare | Offres H\u00f4tel 3 \u00e9toiles pour les familles<\/title>\n<meta name=\"description\" content=\"Vous cherchez un H\u00f4tel All Inclusive \u00e0 Giulianova? D\u00e9couvrez la plus grande s\u00e9lection d&#039;h\u00f4tels tout compris en Italie. Voyez les offres!\" \/>\n<meta name=\"robots\" content=\"index, follow, max-snippet:-1, max-image-preview:large, max-video-preview:-1\" \/>\n<link rel=\"canonical\" href=\"https:\/\/www.allinclusivehotels.it\/fr\/destinations\/giulianova\" \/>\n<meta property=\"og:locale\" content=\"fr_FR\" \/>\n<meta property=\"og:type\" content=\"article\" \/>\n<meta property=\"og:title\" content=\"H\u00f4tel All Inclusive Giulianova Mare | Offres H\u00f4tel 3 \u00e9toiles pour les familles\" \/>\n<meta property=\"og:description\" content=\"Vous cherchez un H\u00f4tel All Inclusive \u00e0 Giulianova? D\u00e9couvrez la plus grande s\u00e9lection d&#039;h\u00f4tels tout compris en Italie. Voyez les offres!\" \/>\n<meta property=\"og:url\" content=\"https:\/\/www.allinclusivehotels.it\/fr\/destinations\/giulianova\" \/>\n<meta property=\"og:site_name\" content=\"All Inclusive Hotels\" \/>\n<meta property=\"article:modified_time\" content=\"2022-04-12T08:51:53+00:00\" \/>\n<meta name=\"twitter:card\" content=\"summary_large_image\" \/>\n<meta name=\"twitter:label1\" content=\"Dur\u00e9e de lecture estim\u00e9e\" \/>\n\t<meta name=\"twitter:data1\" content=\"2 minutes\" \/>\n<script type=\"application\/ld+json\" class=\"yoast-schema-graph\">{\"@context\":\"https:\/\/schema.org\",\"@graph\":[{\"@type\":\"WebPage\",\"@id\":\"https:\/\/www.allinclusivehotels.it\/fr\/destinations\/giulianova\",\"url\":\"https:\/\/www.allinclusivehotels.it\/fr\/destinations\/giulianova\",\"name\":\"H\u00f4tel All Inclusive Giulianova Mare | Offres H\u00f4tel 3 \u00e9toiles pour les familles\",\"isPartOf\":{\"@id\":\"https:\/\/www.allinclusivehotels.it\/fr#website\"},\"datePublished\":\"2022-02-16T13:38:09+00:00\",\"dateModified\":\"2022-04-12T08:51:53+00:00\",\"description\":\"Vous cherchez un H\u00f4tel All Inclusive \u00e0 Giulianova? D\u00e9couvrez la plus grande s\u00e9lection d'h\u00f4tels tout compris en Italie. Voyez les offres!\",\"breadcrumb\":{\"@id\":\"https:\/\/www.allinclusivehotels.it\/fr\/destinations\/giulianova#breadcrumb\"},\"inLanguage\":\"fr-FR\",\"potentialAction\":[{\"@type\":\"ReadAction\",\"target\":[\"https:\/\/www.allinclusivehotels.it\/fr\/destinations\/giulianova\"]}]},{\"@type\":\"BreadcrumbList\",\"@id\":\"https:\/\/www.allinclusivehotels.it\/fr\/destinations\/giulianova#breadcrumb\",\"itemListElement\":[{\"@type\":\"ListItem\",\"position\":1,\"name\":\"Home\",\"item\":\"https:\/\/www.allinclusivehotels.it\/fr\"},{\"@type\":\"ListItem\",\"position\":2,\"name\":\"Destinations\",\"item\":\"https:\/\/www.allinclusivehotels.it\/fr\/destinations\"},{\"@type\":\"ListItem\",\"position\":3,\"name\":\"Giulianova\"}]},{\"@type\":\"WebSite\",\"@id\":\"https:\/\/www.allinclusivehotels.it\/fr#website\",\"url\":\"https:\/\/www.allinclusivehotels.it\/fr\",\"name\":\"All Inclusive Hotels\",\"description\":\"\",\"publisher\":{\"@id\":\"https:\/\/www.allinclusivehotels.it\/fr#organization\"},\"potentialAction\":[{\"@type\":\"SearchAction\",\"target\":{\"@type\":\"EntryPoint\",\"urlTemplate\":\"https:\/\/www.allinclusivehotels.it\/fr?s={search_term_string}\"},\"query-input\":{\"@type\":\"PropertyValueSpecification\",\"valueRequired\":true,\"valueName\":\"search_term_string\"}}],\"inLanguage\":\"fr-FR\"},{\"@type\":\"Organization\",\"@id\":\"https:\/\/www.allinclusivehotels.it\/fr#organization\",\"name\":\"All Inclusive Hotels\",\"url\":\"https:\/\/www.allinclusivehotels.it\/fr\",\"logo\":{\"@type\":\"ImageObject\",\"inLanguage\":\"fr-FR\",\"@id\":\"https:\/\/www.allinclusivehotels.it\/fr#\/schema\/logo\/image\/\",\"url\":\"\",\"contentUrl\":\"\",\"caption\":\"All Inclusive Hotels\"},\"image\":{\"@id\":\"https:\/\/www.allinclusivehotels.it\/fr#\/schema\/logo\/image\/\"}}]}<\/script>\n<!-- \/ Yoast SEO plugin. -->","yoast_head_json":{"title":"H\u00f4tel All Inclusive Giulianova Mare | Offres H\u00f4tel 3 \u00e9toiles pour les familles","description":"Vous cherchez un H\u00f4tel All Inclusive \u00e0 Giulianova? D\u00e9couvrez la plus grande s\u00e9lection d'h\u00f4tels tout compris en Italie. Voyez les offres!","robots":{"index":"index","follow":"follow","max-snippet":"max-snippet:-1","max-image-preview":"max-image-preview:large","max-video-preview":"max-video-preview:-1"},"canonical":"https:\/\/www.allinclusivehotels.it\/fr\/destinations\/giulianova","og_locale":"fr_FR","og_type":"article","og_title":"H\u00f4tel All Inclusive Giulianova Mare | Offres H\u00f4tel 3 \u00e9toiles pour les familles","og_description":"Vous cherchez un H\u00f4tel All Inclusive \u00e0 Giulianova? D\u00e9couvrez la plus grande s\u00e9lection d'h\u00f4tels tout compris en Italie. Voyez les offres!","og_url":"https:\/\/www.allinclusivehotels.it\/fr\/destinations\/giulianova","og_site_name":"All Inclusive Hotels","article_modified_time":"2022-04-12T08:51:53+00:00","twitter_card":"summary_large_image","twitter_misc":{"Dur\u00e9e de lecture estim\u00e9e":"2 minutes"},"schema":{"@context":"https:\/\/schema.org","@graph":[{"@type":"WebPage","@id":"https:\/\/www.allinclusivehotels.it\/fr\/destinations\/giulianova","url":"https:\/\/www.allinclusivehotels.it\/fr\/destinations\/giulianova","name":"H\u00f4tel All Inclusive Giulianova Mare | Offres H\u00f4tel 3 \u00e9toiles pour les familles","isPartOf":{"@id":"https:\/\/www.allinclusivehotels.it\/fr#website"},"datePublished":"2022-02-16T13:38:09+00:00","dateModified":"2022-04-12T08:51:53+00:00","description":"Vous cherchez un H\u00f4tel All Inclusive \u00e0 Giulianova? D\u00e9couvrez la plus grande s\u00e9lection d'h\u00f4tels tout compris en Italie. Voyez les offres!","breadcrumb":{"@id":"https:\/\/www.allinclusivehotels.it\/fr\/destinations\/giulianova#breadcrumb"},"inLanguage":"fr-FR","potentialAction":[{"@type":"ReadAction","target":["https:\/\/www.allinclusivehotels.it\/fr\/destinations\/giulianova"]}]},{"@type":"BreadcrumbList","@id":"https:\/\/www.allinclusivehotels.it\/fr\/destinations\/giulianova#breadcrumb","itemListElement":[{"@type":"ListItem","position":1,"name":"Home","item":"https:\/\/www.allinclusivehotels.it\/fr"},{"@type":"ListItem","position":2,"name":"Destinations","item":"https:\/\/www.allinclusivehotels.it\/fr\/destinations"},{"@type":"ListItem","position":3,"name":"Giulianova"}]},{"@type":"WebSite","@id":"https:\/\/www.allinclusivehotels.it\/fr#website","url":"https:\/\/www.allinclusivehotels.it\/fr","name":"All Inclusive Hotels","description":"","publisher":{"@id":"https:\/\/www.allinclusivehotels.it\/fr#organization"},"potentialAction":[{"@type":"SearchAction","target":{"@type":"EntryPoint","urlTemplate":"https:\/\/www.allinclusivehotels.it\/fr?s={search_term_string}"},"query-input":{"@type":"PropertyValueSpecification","valueRequired":true,"valueName":"search_term_string"}}],"inLanguage":"fr-FR"},{"@type":"Organization","@id":"https:\/\/www.allinclusivehotels.it\/fr#organization","name":"All Inclusive Hotels","url":"https:\/\/www.allinclusivehotels.it\/fr","logo":{"@type":"ImageObject","inLanguage":"fr-FR","@id":"https:\/\/www.allinclusivehotels.it\/fr#\/schema\/logo\/image\/","url":"","contentUrl":"","caption":"All Inclusive Hotels"},"image":{"@id":"https:\/\/www.allinclusivehotels.it\/fr#\/schema\/logo\/image\/"}}]}},"_links":{"self":[{"href":"https:\/\/www.allinclusivehotels.it\/fr\/wp-json\/wp\/v2\/pages\/8185","targetHints":{"allow":["GET"]}}],"collection":[{"href":"https:\/\/www.allinclusivehotels.it\/fr\/wp-json\/wp\/v2\/pages"}],"about":[{"href":"https:\/\/www.allinclusivehotels.it\/fr\/wp-json\/wp\/v2\/types\/page"}],"author":[{"embeddable":true,"href":"https:\/\/www.allinclusivehotels.it\/fr\/wp-json\/wp\/v2\/users\/1"}],"replies":[{"embeddable":true,"href":"https:\/\/www.allinclusivehotels.it\/fr\/wp-json\/wp\/v2\/comments?post=8185"}],"version-history":[{"count":4,"href":"https:\/\/www.allinclusivehotels.it\/fr\/wp-json\/wp\/v2\/pages\/8185\/revisions"}],"predecessor-version":[{"id":18332,"href":"https:\/\/www.allinclusivehotels.it\/fr\/wp-json\/wp\/v2\/pages\/8185\/revisions\/18332"}],"up":[{"embeddable":true,"href":"https:\/\/www.allinclusivehotels.it\/fr\/wp-json\/wp\/v2\/pages\/8167"}],"wp:attachment":[{"href":"https:\/\/www.allinclusivehotels.it\/fr\/wp-json\/wp\/v2\/media?parent=8185"}],"curies":[{"name":"wp","href":"https:\/\/api.w.org\/{rel}","templated":true}]}}