{"id":8183,"date":"2022-02-16T14:38:08","date_gmt":"2022-02-16T13:38:08","guid":{"rendered":"https:\/\/www.allinclusivehotels.it\/destinations\/gabicce"},"modified":"2022-04-12T10:51:24","modified_gmt":"2022-04-12T08:51:24","slug":"gabicce","status":"publish","type":"page","link":"https:\/\/www.allinclusivehotels.it\/fr\/destinations\/gabicce","title":{"rendered":"Gabicce"},"content":{"rendered":"\n<h2 class=\"wp-block-heading\">Entre mer et nature<\/h2>\n\n\n\n<p>Accueillante station baln\u00e9aire des Marches, <b>Gabicce Mare<\/b> se trouve le long d\u2019une bande c\u00f4ti\u00e8re tr\u00e8s int\u00e9ressant, \u00e0 proximit\u00e9 de la paradisiaque de <b>Baia Vallugola<\/b>, avec sa petite plage de galets et son joli port. Situ\u00e9e aux pieds de <b>Gabicce<\/b> <b>Monte<\/b>, porte d\u2019entr\u00e9e du <b>parc du Monte San Bartolo<\/b>, vous pourrez d\u00e9couvrir le plus petit parc naturel d\u2019Italie, un \u00e9crin de beaut\u00e9 \u00e0 pic sur l\u2019Adriatique, fait de charmants villages et paysages lunaires. \u00c0 quelques kilom\u00e8tres seulement, vous trouverez aussi <b>Pesaro<\/b>, la ville de Gioacchino Rossini, avec son centre historique dense et empli d\u2019une atmosph\u00e8re magique, de boutiques \u00e9l\u00e9gantes, de clubs \u00e0 la mode, sans oublier sa superbe promenade bord\u00e9e de \u201cville\u201d au style Liberty.<\/p>\n\n\n\n<!--more-->\n\n\n\n<h2 class=\"wp-block-heading\">Un large choix d\u2019h\u00e9bergements pour tous<\/h2>\n\n\n\n<p><b>Avec ses plages dor\u00e9es et sa mer limpide, Gabicce <\/b>accueille tous les ans de tr\u00e8s nombreux de touristes. Pendant l\u2019\u00e9t\u00e9 notamment, gr\u00e2ce \u00e0 ses \u00e9tablissements haut de gamme et une grande capacit\u00e9 d\u2019h\u00e9bergements incarn\u00e9s par les <b>All Inclusive Hotels,<\/b>&nbsp;le lieu r\u00e9pond aux exigences de toutes sortes de client\u00e8le&nbsp;: sportifs, c\u00e9libataires, couples, familles avec enfants, personnes \u00e0 mobilit\u00e9 r\u00e9duite ou intol\u00e9rants au gluten. Sans oublier ceux qui aiment partir en vacances avec leur chat ou leur chien&nbsp;: <b>Gabicce<\/b> est sans nul doute une destination <b>pet-friendly.<\/b><\/p>\n\n\n\n<h2 class=\"wp-block-heading\">All Inclusive toute l\u2019ann\u00e9e<\/h2>\n\n\n\n<p>La&nbsp;<b>formule all inclusive<\/b>&nbsp;est valable pendant toute l\u2019ann\u00e9e, avec des offres tr\u00e8s avantageuses quand la saison est plus calme. Pour les <b>familles avec enfants<\/b> en particulier, des <b>forfaits<\/b> incluant babysitting, animations, menus personnalis\u00e9s, aires de jeux \u00e9quip\u00e9es et piscines non profondes sont pr\u00e9vus. Dans nos structures, vous aurez aussi la possibilit\u00e9 d\u2019acheter vos billets d\u2019entr\u00e9es \u00e0 prix r\u00e9duit pour les fameux parcs \u00e0 th\u00e8me de la r\u00e9gion, comme l&#8217;<b>Acquario di Cattolica, Aquafan et Oltremare \u00e0 Riccione.<\/b><\/p>\n","protected":false},"excerpt":{"rendered":"<p>Entre mer et nature Accueillante station baln\u00e9aire des Marches, Gabicce Mare se trouve le long &hellip;<\/p>\n","protected":false},"author":1,"featured_media":0,"parent":8167,"menu_order":0,"comment_status":"closed","ping_status":"closed","template":"page-templates\/destinazione.php","meta":{"_acf_changed":false,"footnotes":""},"class_list":["post-8183","page","type-page","status-publish","hentry"],"acf":[],"yoast_head":"<!-- This site is optimized with the Yoast SEO plugin v27.0 - https:\/\/yoast.com\/product\/yoast-seo-wordpress\/ -->\n<title>H\u00f4tel All Inclusive Gabicce Mare | Offres H\u00f4tel 3 \u00e9toiles pour les familles<\/title>\n<meta name=\"description\" content=\"Vous cherchez un H\u00f4tel \u00e0 Gabicce Mare avec des offres tout compris? D\u00e9couvrez la meilleure s\u00e9lection d&#039;h\u00f4tels et choisissez vos vacances!\" \/>\n<meta name=\"robots\" content=\"index, follow, max-snippet:-1, max-image-preview:large, max-video-preview:-1\" \/>\n<link rel=\"canonical\" href=\"https:\/\/www.allinclusivehotels.it\/fr\/destinations\/gabicce\" \/>\n<meta property=\"og:locale\" content=\"fr_FR\" \/>\n<meta property=\"og:type\" content=\"article\" \/>\n<meta property=\"og:title\" content=\"H\u00f4tel All Inclusive Gabicce Mare | Offres H\u00f4tel 3 \u00e9toiles pour les familles\" \/>\n<meta property=\"og:description\" content=\"Vous cherchez un H\u00f4tel \u00e0 Gabicce Mare avec des offres tout compris? D\u00e9couvrez la meilleure s\u00e9lection d&#039;h\u00f4tels et choisissez vos vacances!\" \/>\n<meta property=\"og:url\" content=\"https:\/\/www.allinclusivehotels.it\/fr\/destinations\/gabicce\" \/>\n<meta property=\"og:site_name\" content=\"All Inclusive Hotels\" \/>\n<meta property=\"article:modified_time\" content=\"2022-04-12T08:51:24+00:00\" \/>\n<meta name=\"twitter:card\" content=\"summary_large_image\" \/>\n<meta name=\"twitter:label1\" content=\"Dur\u00e9e de lecture estim\u00e9e\" \/>\n\t<meta name=\"twitter:data1\" content=\"2 minutes\" \/>\n<script type=\"application\/ld+json\" class=\"yoast-schema-graph\">{\"@context\":\"https:\/\/schema.org\",\"@graph\":[{\"@type\":\"WebPage\",\"@id\":\"https:\/\/www.allinclusivehotels.it\/fr\/destinations\/gabicce\",\"url\":\"https:\/\/www.allinclusivehotels.it\/fr\/destinations\/gabicce\",\"name\":\"H\u00f4tel All Inclusive Gabicce Mare | Offres H\u00f4tel 3 \u00e9toiles pour les familles\",\"isPartOf\":{\"@id\":\"https:\/\/www.allinclusivehotels.it\/fr#website\"},\"datePublished\":\"2022-02-16T13:38:08+00:00\",\"dateModified\":\"2022-04-12T08:51:24+00:00\",\"description\":\"Vous cherchez un H\u00f4tel \u00e0 Gabicce Mare avec des offres tout compris? D\u00e9couvrez la meilleure s\u00e9lection d'h\u00f4tels et choisissez vos vacances!\",\"breadcrumb\":{\"@id\":\"https:\/\/www.allinclusivehotels.it\/fr\/destinations\/gabicce#breadcrumb\"},\"inLanguage\":\"fr-FR\",\"potentialAction\":[{\"@type\":\"ReadAction\",\"target\":[\"https:\/\/www.allinclusivehotels.it\/fr\/destinations\/gabicce\"]}]},{\"@type\":\"BreadcrumbList\",\"@id\":\"https:\/\/www.allinclusivehotels.it\/fr\/destinations\/gabicce#breadcrumb\",\"itemListElement\":[{\"@type\":\"ListItem\",\"position\":1,\"name\":\"Home\",\"item\":\"https:\/\/www.allinclusivehotels.it\/fr\"},{\"@type\":\"ListItem\",\"position\":2,\"name\":\"Destinations\",\"item\":\"https:\/\/www.allinclusivehotels.it\/fr\/destinations\"},{\"@type\":\"ListItem\",\"position\":3,\"name\":\"Gabicce\"}]},{\"@type\":\"WebSite\",\"@id\":\"https:\/\/www.allinclusivehotels.it\/fr#website\",\"url\":\"https:\/\/www.allinclusivehotels.it\/fr\",\"name\":\"All Inclusive Hotels\",\"description\":\"\",\"publisher\":{\"@id\":\"https:\/\/www.allinclusivehotels.it\/fr#organization\"},\"potentialAction\":[{\"@type\":\"SearchAction\",\"target\":{\"@type\":\"EntryPoint\",\"urlTemplate\":\"https:\/\/www.allinclusivehotels.it\/fr?s={search_term_string}\"},\"query-input\":{\"@type\":\"PropertyValueSpecification\",\"valueRequired\":true,\"valueName\":\"search_term_string\"}}],\"inLanguage\":\"fr-FR\"},{\"@type\":\"Organization\",\"@id\":\"https:\/\/www.allinclusivehotels.it\/fr#organization\",\"name\":\"All Inclusive Hotels\",\"url\":\"https:\/\/www.allinclusivehotels.it\/fr\",\"logo\":{\"@type\":\"ImageObject\",\"inLanguage\":\"fr-FR\",\"@id\":\"https:\/\/www.allinclusivehotels.it\/fr#\/schema\/logo\/image\/\",\"url\":\"\",\"contentUrl\":\"\",\"caption\":\"All Inclusive Hotels\"},\"image\":{\"@id\":\"https:\/\/www.allinclusivehotels.it\/fr#\/schema\/logo\/image\/\"}}]}<\/script>\n<!-- \/ Yoast SEO plugin. -->","yoast_head_json":{"title":"H\u00f4tel All Inclusive Gabicce Mare | Offres H\u00f4tel 3 \u00e9toiles pour les familles","description":"Vous cherchez un H\u00f4tel \u00e0 Gabicce Mare avec des offres tout compris? D\u00e9couvrez la meilleure s\u00e9lection d'h\u00f4tels et choisissez vos vacances!","robots":{"index":"index","follow":"follow","max-snippet":"max-snippet:-1","max-image-preview":"max-image-preview:large","max-video-preview":"max-video-preview:-1"},"canonical":"https:\/\/www.allinclusivehotels.it\/fr\/destinations\/gabicce","og_locale":"fr_FR","og_type":"article","og_title":"H\u00f4tel All Inclusive Gabicce Mare | Offres H\u00f4tel 3 \u00e9toiles pour les familles","og_description":"Vous cherchez un H\u00f4tel \u00e0 Gabicce Mare avec des offres tout compris? D\u00e9couvrez la meilleure s\u00e9lection d'h\u00f4tels et choisissez vos vacances!","og_url":"https:\/\/www.allinclusivehotels.it\/fr\/destinations\/gabicce","og_site_name":"All Inclusive Hotels","article_modified_time":"2022-04-12T08:51:24+00:00","twitter_card":"summary_large_image","twitter_misc":{"Dur\u00e9e de lecture estim\u00e9e":"2 minutes"},"schema":{"@context":"https:\/\/schema.org","@graph":[{"@type":"WebPage","@id":"https:\/\/www.allinclusivehotels.it\/fr\/destinations\/gabicce","url":"https:\/\/www.allinclusivehotels.it\/fr\/destinations\/gabicce","name":"H\u00f4tel All Inclusive Gabicce Mare | Offres H\u00f4tel 3 \u00e9toiles pour les familles","isPartOf":{"@id":"https:\/\/www.allinclusivehotels.it\/fr#website"},"datePublished":"2022-02-16T13:38:08+00:00","dateModified":"2022-04-12T08:51:24+00:00","description":"Vous cherchez un H\u00f4tel \u00e0 Gabicce Mare avec des offres tout compris? D\u00e9couvrez la meilleure s\u00e9lection d'h\u00f4tels et choisissez vos vacances!","breadcrumb":{"@id":"https:\/\/www.allinclusivehotels.it\/fr\/destinations\/gabicce#breadcrumb"},"inLanguage":"fr-FR","potentialAction":[{"@type":"ReadAction","target":["https:\/\/www.allinclusivehotels.it\/fr\/destinations\/gabicce"]}]},{"@type":"BreadcrumbList","@id":"https:\/\/www.allinclusivehotels.it\/fr\/destinations\/gabicce#breadcrumb","itemListElement":[{"@type":"ListItem","position":1,"name":"Home","item":"https:\/\/www.allinclusivehotels.it\/fr"},{"@type":"ListItem","position":2,"name":"Destinations","item":"https:\/\/www.allinclusivehotels.it\/fr\/destinations"},{"@type":"ListItem","position":3,"name":"Gabicce"}]},{"@type":"WebSite","@id":"https:\/\/www.allinclusivehotels.it\/fr#website","url":"https:\/\/www.allinclusivehotels.it\/fr","name":"All Inclusive Hotels","description":"","publisher":{"@id":"https:\/\/www.allinclusivehotels.it\/fr#organization"},"potentialAction":[{"@type":"SearchAction","target":{"@type":"EntryPoint","urlTemplate":"https:\/\/www.allinclusivehotels.it\/fr?s={search_term_string}"},"query-input":{"@type":"PropertyValueSpecification","valueRequired":true,"valueName":"search_term_string"}}],"inLanguage":"fr-FR"},{"@type":"Organization","@id":"https:\/\/www.allinclusivehotels.it\/fr#organization","name":"All Inclusive Hotels","url":"https:\/\/www.allinclusivehotels.it\/fr","logo":{"@type":"ImageObject","inLanguage":"fr-FR","@id":"https:\/\/www.allinclusivehotels.it\/fr#\/schema\/logo\/image\/","url":"","contentUrl":"","caption":"All Inclusive Hotels"},"image":{"@id":"https:\/\/www.allinclusivehotels.it\/fr#\/schema\/logo\/image\/"}}]}},"_links":{"self":[{"href":"https:\/\/www.allinclusivehotels.it\/fr\/wp-json\/wp\/v2\/pages\/8183","targetHints":{"allow":["GET"]}}],"collection":[{"href":"https:\/\/www.allinclusivehotels.it\/fr\/wp-json\/wp\/v2\/pages"}],"about":[{"href":"https:\/\/www.allinclusivehotels.it\/fr\/wp-json\/wp\/v2\/types\/page"}],"author":[{"embeddable":true,"href":"https:\/\/www.allinclusivehotels.it\/fr\/wp-json\/wp\/v2\/users\/1"}],"replies":[{"embeddable":true,"href":"https:\/\/www.allinclusivehotels.it\/fr\/wp-json\/wp\/v2\/comments?post=8183"}],"version-history":[{"count":4,"href":"https:\/\/www.allinclusivehotels.it\/fr\/wp-json\/wp\/v2\/pages\/8183\/revisions"}],"predecessor-version":[{"id":18330,"href":"https:\/\/www.allinclusivehotels.it\/fr\/wp-json\/wp\/v2\/pages\/8183\/revisions\/18330"}],"up":[{"embeddable":true,"href":"https:\/\/www.allinclusivehotels.it\/fr\/wp-json\/wp\/v2\/pages\/8167"}],"wp:attachment":[{"href":"https:\/\/www.allinclusivehotels.it\/fr\/wp-json\/wp\/v2\/media?parent=8183"}],"curies":[{"name":"wp","href":"https:\/\/api.w.org\/{rel}","templated":true}]}}