{"id":8179,"date":"2022-02-16T14:38:07","date_gmt":"2022-02-16T13:38:07","guid":{"rendered":"https:\/\/www.allinclusivehotels.it\/destinations\/cesenatico"},"modified":"2022-04-12T10:49:48","modified_gmt":"2022-04-12T08:49:48","slug":"cesenatico","status":"publish","type":"page","link":"https:\/\/www.allinclusivehotels.it\/fr\/destinations\/cesenatico","title":{"rendered":"Cesenatico"},"content":{"rendered":"\n<h2 class=\"wp-block-heading\">Un village de caract\u00e8re<\/h2>\n\n\n\n<p><b>Du fait de son histoire d\u2019ancien village de p\u00eacheurs, Cesenatico est une station baln\u00e9aire de grand caract\u00e8re, une vraie perle de la Riviera Romagnole. Les sites absolument incontournables sont le Port-Canal, imagin\u00e9 par L\u00e9onard de Vinci et construit au d\u00e9but du XIV<sup>e<\/sup> si\u00e8cle\u00a0; <\/b>la <b>piazzetta delle<\/b> <b>Conserve<\/b> avec ses vieilles glaci\u00e8res destin\u00e9es \u00e0 conserver les poissons et d\u2019autres nourritures\u00a0; l\u2019incroyable <b>Mus\u00e9e Maritime, <\/b>avec ses prestigieuses embarcations\u00a0; enfin, la vitalit\u00e9 du port autour duquel gravitent des ateliers d\u2019artisanat, des bars et les meilleurs restaurants de cuisine de la mer.<\/p>\n\n\n\n<!--more-->\n\n\n\n<h2 class=\"wp-block-heading\">La Magie de No\u00ebl au Port-Canal<\/h2>\n\n\n\n<p>Chaque occasion est bonne pour des vacances dans les <b>All Inclusive Hotels Cesenatico<\/b>. Pendant la p\u00e9riode de No\u00ebl, par exemple, le <b>Port-Canal<\/b> se transforme en un d\u00e9cor de conte, gr\u00e2ce notamment au fameux <b>Presepe della Marineria<\/b> (cr\u00e8che marine), avec ses statues \u00e0 taille humaine hiss\u00e9es sur des bateaux historiques. \u00c0 c\u00f4t\u00e9 de la Sainte Famille et des personnages de la tradition, on trouve \u00e9galement les figures typiques du village, comme le p\u00eacheur, la \u201cpiadinaia\u201d (celle qui fait les \u201cpiadine\u201d), le menuiser et le marionnettiste. Le Port-Canal est aussi envahi, en cette p\u00e9riode, par les stands et les petits kiosques d\u2019artisans locaux, qui rendent toute cette mise en sc\u00e8ne encore plus magique.<\/p>\n\n\n\n<h2 class=\"wp-block-heading\">Mer, sport et cyclotourisme<\/h2>\n\n\n\n<p>En \u00e9t\u00e9, avec <b>Zadina<\/b>, <b>Valverde et Villamarina, Cesenatico met \u00e0 disposition des vacanciers 7 kilom\u00e8tres de plage o\u00f9 l\u2019on trouve des \u00e9tablissements baln\u00e9aires \u00e0 l\u2019avant-garde, des eaux non profondes et des fonds sableux parfaits pour les familles avec enfants, qui trouveront des offres adapt\u00e9es \u00e0 leur exigences parmi les diff\u00e9rents<\/b> <b>All Inclusive Hotels<\/b> du secteur.<\/p>\n\n\n\n<p><b>Cesenatico<\/b> est aussi une v\u00e9ritable Mecque pour les sportifs et les passionn\u00e9s de cyclotourisme&nbsp;: ici a lieu la fameuse <b>Nove Colli<\/b>, et les itin\u00e9raires qui traversent ou bordent la ville baln\u00e9aire et conduisant aux charmantes collines de l\u2019arri\u00e8re-pays sont innombrables.<\/p>\n","protected":false},"excerpt":{"rendered":"<p>Un village de caract\u00e8re Du fait de son histoire d\u2019ancien village de p\u00eacheurs, Cesenatico est &hellip;<\/p>\n","protected":false},"author":1,"featured_media":0,"parent":8167,"menu_order":0,"comment_status":"closed","ping_status":"closed","template":"page-templates\/destinazione.php","meta":{"_acf_changed":false,"footnotes":""},"class_list":["post-8179","page","type-page","status-publish","hentry"],"acf":[],"yoast_head":"<!-- This site is optimized with the Yoast SEO plugin v27.0 - https:\/\/yoast.com\/product\/yoast-seo-wordpress\/ -->\n<title>H\u00f4tel All Inclusive Cesenatico | Offres H\u00f4tel 3 \u00e9toiles pour les familles<\/title>\n<meta name=\"description\" content=\"Vous cherchez un H\u00f4tel All Inclusive \u00e0 Cesenatico? D\u00e9couvrez la plus grande s\u00e9lection d&#039;h\u00f4tels tout compris en Italie. Voyez les offres!\" \/>\n<meta name=\"robots\" content=\"index, follow, max-snippet:-1, max-image-preview:large, max-video-preview:-1\" \/>\n<link rel=\"canonical\" href=\"https:\/\/www.allinclusivehotels.it\/fr\/destinations\/cesenatico\" \/>\n<meta property=\"og:locale\" content=\"fr_FR\" \/>\n<meta property=\"og:type\" content=\"article\" \/>\n<meta property=\"og:title\" content=\"H\u00f4tel All Inclusive Cesenatico | Offres H\u00f4tel 3 \u00e9toiles pour les familles\" \/>\n<meta property=\"og:description\" content=\"Vous cherchez un H\u00f4tel All Inclusive \u00e0 Cesenatico? D\u00e9couvrez la plus grande s\u00e9lection d&#039;h\u00f4tels tout compris en Italie. Voyez les offres!\" \/>\n<meta property=\"og:url\" content=\"https:\/\/www.allinclusivehotels.it\/fr\/destinations\/cesenatico\" \/>\n<meta property=\"og:site_name\" content=\"All Inclusive Hotels\" \/>\n<meta property=\"article:modified_time\" content=\"2022-04-12T08:49:48+00:00\" \/>\n<meta name=\"twitter:card\" content=\"summary_large_image\" \/>\n<meta name=\"twitter:label1\" content=\"Dur\u00e9e de lecture estim\u00e9e\" \/>\n\t<meta name=\"twitter:data1\" content=\"2 minutes\" \/>\n<script type=\"application\/ld+json\" class=\"yoast-schema-graph\">{\"@context\":\"https:\/\/schema.org\",\"@graph\":[{\"@type\":\"WebPage\",\"@id\":\"https:\/\/www.allinclusivehotels.it\/fr\/destinations\/cesenatico\",\"url\":\"https:\/\/www.allinclusivehotels.it\/fr\/destinations\/cesenatico\",\"name\":\"H\u00f4tel All Inclusive Cesenatico | Offres H\u00f4tel 3 \u00e9toiles pour les familles\",\"isPartOf\":{\"@id\":\"https:\/\/www.allinclusivehotels.it\/fr#website\"},\"datePublished\":\"2022-02-16T13:38:07+00:00\",\"dateModified\":\"2022-04-12T08:49:48+00:00\",\"description\":\"Vous cherchez un H\u00f4tel All Inclusive \u00e0 Cesenatico? D\u00e9couvrez la plus grande s\u00e9lection d'h\u00f4tels tout compris en Italie. Voyez les offres!\",\"breadcrumb\":{\"@id\":\"https:\/\/www.allinclusivehotels.it\/fr\/destinations\/cesenatico#breadcrumb\"},\"inLanguage\":\"fr-FR\",\"potentialAction\":[{\"@type\":\"ReadAction\",\"target\":[\"https:\/\/www.allinclusivehotels.it\/fr\/destinations\/cesenatico\"]}]},{\"@type\":\"BreadcrumbList\",\"@id\":\"https:\/\/www.allinclusivehotels.it\/fr\/destinations\/cesenatico#breadcrumb\",\"itemListElement\":[{\"@type\":\"ListItem\",\"position\":1,\"name\":\"Home\",\"item\":\"https:\/\/www.allinclusivehotels.it\/fr\"},{\"@type\":\"ListItem\",\"position\":2,\"name\":\"Destinations\",\"item\":\"https:\/\/www.allinclusivehotels.it\/fr\/destinations\"},{\"@type\":\"ListItem\",\"position\":3,\"name\":\"Cesenatico\"}]},{\"@type\":\"WebSite\",\"@id\":\"https:\/\/www.allinclusivehotels.it\/fr#website\",\"url\":\"https:\/\/www.allinclusivehotels.it\/fr\",\"name\":\"All Inclusive Hotels\",\"description\":\"\",\"publisher\":{\"@id\":\"https:\/\/www.allinclusivehotels.it\/fr#organization\"},\"potentialAction\":[{\"@type\":\"SearchAction\",\"target\":{\"@type\":\"EntryPoint\",\"urlTemplate\":\"https:\/\/www.allinclusivehotels.it\/fr?s={search_term_string}\"},\"query-input\":{\"@type\":\"PropertyValueSpecification\",\"valueRequired\":true,\"valueName\":\"search_term_string\"}}],\"inLanguage\":\"fr-FR\"},{\"@type\":\"Organization\",\"@id\":\"https:\/\/www.allinclusivehotels.it\/fr#organization\",\"name\":\"All Inclusive Hotels\",\"url\":\"https:\/\/www.allinclusivehotels.it\/fr\",\"logo\":{\"@type\":\"ImageObject\",\"inLanguage\":\"fr-FR\",\"@id\":\"https:\/\/www.allinclusivehotels.it\/fr#\/schema\/logo\/image\/\",\"url\":\"\",\"contentUrl\":\"\",\"caption\":\"All Inclusive Hotels\"},\"image\":{\"@id\":\"https:\/\/www.allinclusivehotels.it\/fr#\/schema\/logo\/image\/\"}}]}<\/script>\n<!-- \/ Yoast SEO plugin. -->","yoast_head_json":{"title":"H\u00f4tel All Inclusive Cesenatico | Offres H\u00f4tel 3 \u00e9toiles pour les familles","description":"Vous cherchez un H\u00f4tel All Inclusive \u00e0 Cesenatico? D\u00e9couvrez la plus grande s\u00e9lection d'h\u00f4tels tout compris en Italie. Voyez les offres!","robots":{"index":"index","follow":"follow","max-snippet":"max-snippet:-1","max-image-preview":"max-image-preview:large","max-video-preview":"max-video-preview:-1"},"canonical":"https:\/\/www.allinclusivehotels.it\/fr\/destinations\/cesenatico","og_locale":"fr_FR","og_type":"article","og_title":"H\u00f4tel All Inclusive Cesenatico | Offres H\u00f4tel 3 \u00e9toiles pour les familles","og_description":"Vous cherchez un H\u00f4tel All Inclusive \u00e0 Cesenatico? D\u00e9couvrez la plus grande s\u00e9lection d'h\u00f4tels tout compris en Italie. Voyez les offres!","og_url":"https:\/\/www.allinclusivehotels.it\/fr\/destinations\/cesenatico","og_site_name":"All Inclusive Hotels","article_modified_time":"2022-04-12T08:49:48+00:00","twitter_card":"summary_large_image","twitter_misc":{"Dur\u00e9e de lecture estim\u00e9e":"2 minutes"},"schema":{"@context":"https:\/\/schema.org","@graph":[{"@type":"WebPage","@id":"https:\/\/www.allinclusivehotels.it\/fr\/destinations\/cesenatico","url":"https:\/\/www.allinclusivehotels.it\/fr\/destinations\/cesenatico","name":"H\u00f4tel All Inclusive Cesenatico | Offres H\u00f4tel 3 \u00e9toiles pour les familles","isPartOf":{"@id":"https:\/\/www.allinclusivehotels.it\/fr#website"},"datePublished":"2022-02-16T13:38:07+00:00","dateModified":"2022-04-12T08:49:48+00:00","description":"Vous cherchez un H\u00f4tel All Inclusive \u00e0 Cesenatico? D\u00e9couvrez la plus grande s\u00e9lection d'h\u00f4tels tout compris en Italie. Voyez les offres!","breadcrumb":{"@id":"https:\/\/www.allinclusivehotels.it\/fr\/destinations\/cesenatico#breadcrumb"},"inLanguage":"fr-FR","potentialAction":[{"@type":"ReadAction","target":["https:\/\/www.allinclusivehotels.it\/fr\/destinations\/cesenatico"]}]},{"@type":"BreadcrumbList","@id":"https:\/\/www.allinclusivehotels.it\/fr\/destinations\/cesenatico#breadcrumb","itemListElement":[{"@type":"ListItem","position":1,"name":"Home","item":"https:\/\/www.allinclusivehotels.it\/fr"},{"@type":"ListItem","position":2,"name":"Destinations","item":"https:\/\/www.allinclusivehotels.it\/fr\/destinations"},{"@type":"ListItem","position":3,"name":"Cesenatico"}]},{"@type":"WebSite","@id":"https:\/\/www.allinclusivehotels.it\/fr#website","url":"https:\/\/www.allinclusivehotels.it\/fr","name":"All Inclusive Hotels","description":"","publisher":{"@id":"https:\/\/www.allinclusivehotels.it\/fr#organization"},"potentialAction":[{"@type":"SearchAction","target":{"@type":"EntryPoint","urlTemplate":"https:\/\/www.allinclusivehotels.it\/fr?s={search_term_string}"},"query-input":{"@type":"PropertyValueSpecification","valueRequired":true,"valueName":"search_term_string"}}],"inLanguage":"fr-FR"},{"@type":"Organization","@id":"https:\/\/www.allinclusivehotels.it\/fr#organization","name":"All Inclusive Hotels","url":"https:\/\/www.allinclusivehotels.it\/fr","logo":{"@type":"ImageObject","inLanguage":"fr-FR","@id":"https:\/\/www.allinclusivehotels.it\/fr#\/schema\/logo\/image\/","url":"","contentUrl":"","caption":"All Inclusive Hotels"},"image":{"@id":"https:\/\/www.allinclusivehotels.it\/fr#\/schema\/logo\/image\/"}}]}},"_links":{"self":[{"href":"https:\/\/www.allinclusivehotels.it\/fr\/wp-json\/wp\/v2\/pages\/8179","targetHints":{"allow":["GET"]}}],"collection":[{"href":"https:\/\/www.allinclusivehotels.it\/fr\/wp-json\/wp\/v2\/pages"}],"about":[{"href":"https:\/\/www.allinclusivehotels.it\/fr\/wp-json\/wp\/v2\/types\/page"}],"author":[{"embeddable":true,"href":"https:\/\/www.allinclusivehotels.it\/fr\/wp-json\/wp\/v2\/users\/1"}],"replies":[{"embeddable":true,"href":"https:\/\/www.allinclusivehotels.it\/fr\/wp-json\/wp\/v2\/comments?post=8179"}],"version-history":[{"count":4,"href":"https:\/\/www.allinclusivehotels.it\/fr\/wp-json\/wp\/v2\/pages\/8179\/revisions"}],"predecessor-version":[{"id":18327,"href":"https:\/\/www.allinclusivehotels.it\/fr\/wp-json\/wp\/v2\/pages\/8179\/revisions\/18327"}],"up":[{"embeddable":true,"href":"https:\/\/www.allinclusivehotels.it\/fr\/wp-json\/wp\/v2\/pages\/8167"}],"wp:attachment":[{"href":"https:\/\/www.allinclusivehotels.it\/fr\/wp-json\/wp\/v2\/media?parent=8179"}],"curies":[{"name":"wp","href":"https:\/\/api.w.org\/{rel}","templated":true}]}}