{"id":8177,"date":"2022-02-16T14:38:06","date_gmt":"2022-02-16T13:38:06","guid":{"rendered":"https:\/\/www.allinclusivehotels.it\/destinations\/cervia"},"modified":"2022-04-12T10:49:08","modified_gmt":"2022-04-12T08:49:08","slug":"cervia","status":"publish","type":"page","link":"https:\/\/www.allinclusivehotels.it\/fr\/destinations\/cervia","title":{"rendered":"Cervia"},"content":{"rendered":"\n<h2 class=\"wp-block-heading\">La ville du sel<\/h2>\n\n\n\n<p><b>Cervia<\/b> est un des bijoux de la Riviera Romagnole. Ancien village de p\u00eacheurs, connu pour sa r\u00e9serve naturelle de marais salants, il garantit des vacances All Inclusive sous le signe de la nature, du divertissement, de la d\u00e9tente et des loisirs.<\/p>\n\n\n\n<p>La visite tr\u00e8s instructive de l\u2019ancienne <b>Salina Camillone<\/b>, o\u00f9 la r\u00e9colte de l\u2019\u00a0\u00ab\u00a0or blanc\u00a0\u00bb se fait \u00e0 l\u2019ancienne, mais aussi des <b>Magazzini del Sale<\/b> (entrep\u00f4ts de sel) et du <b>MUSA<\/b> (mus\u00e9e du sel) offrent une v\u00e9ritable plong\u00e9e dans l\u2019\u00e2me des lieux.<\/p>\n\n\n\n<!--more-->\n\n\n\n<h2 class=\"wp-block-heading\">Un ancien village de p\u00eacheurs<\/h2>\n\n\n\n<p>Le <b>village historique <\/b>n\u2019est pas en reste, avec ses remparts en forme rectangulaire, les angles orient\u00e9s vers les quatre points cardinaux et, le long des c\u00f4t\u00e9s, les petites maisons des \u201csalinari\u201d, aux fa\u00e7ades couleur pastel et aux balcons fleuris. Mais le clou de la visite est sans doute la <b>Piazzetta Pisacane,<\/b> bord\u00e9e de platanes et anim\u00e9e par le va-et-vient des promeneurs parmi les terrasses de caf\u00e9 et les petits kiosques de fruits et l\u00e9gumes ou de produits locaux.<\/p>\n\n\n\n<h2 class=\"wp-block-heading\">Le parc des Salines<\/h2>\n\n\n\n<p>Des vacances All Inclusive \u00e0 <b>Cervia<\/b> permettent aussi de faire des passionnantes d\u00e9couvertes en pleine nature, comme le <b>parc des Salines<\/b>, une zone humide avec beaucoup de charme \u00e0 la fronti\u00e8re sud du <b>parc<\/b> <b>du delta du P\u00f4<\/b>, peupl\u00e9 d\u2019oiseaux migrateurs et s\u00e9dentaires, ainsi que la <b>Casa delle Farfalle (Maison des papillons)<\/b>, le r\u00e8gne de merveilleuse cr\u00e9atures ail\u00e9es venant en provenance de toutes les parties du monde.<\/p>\n\n\n\n<h2 class=\"wp-block-heading\">Mirabilandia<\/h2>\n\n\n\n<p>Le plaisir des petits et des grands est assur\u00e9 par <b>Mirabilandia<\/b>, le parc \u00e0 th\u00e8mes le plus beau et mieux fourni de la Riviera Adriatique, o\u00f9 les journ\u00e9es s\u2019envolent parmi mille attractions. Et ils sont nombreux, les <b>All Inclusive Hotels Cervia<\/b> qui incluent dans leurs forfaits vacances des entr\u00e9es \u00e0 ce v\u00e9ritable temple du divertissement.<\/p>\n\n\n\n<p>Pour ce qui est du reste&nbsp;: des pin\u00e8des s\u00e9culaires, des plages de sable fin, des thermes bienfaiteurs, des activit\u00e9s aquatiques et sur terre qu\u2019on peut pratiquer gr\u00e2ce \u00e0 des \u00e9quipements \u00e0 la pointe, le professionnalisme des <b>All Inclusive Hotels Cervia<\/b>, ainsi que offres adapt\u00e9es pour familles, sportifs et aux amateurs du bien-\u00eatre.<\/p>\n","protected":false},"excerpt":{"rendered":"<p>La ville du sel Cervia est un des bijoux de la Riviera Romagnole. Ancien village &hellip;<\/p>\n","protected":false},"author":1,"featured_media":0,"parent":8167,"menu_order":0,"comment_status":"closed","ping_status":"closed","template":"page-templates\/destinazione.php","meta":{"_acf_changed":false,"footnotes":""},"class_list":["post-8177","page","type-page","status-publish","hentry"],"acf":[],"yoast_head":"<!-- This site is optimized with the Yoast SEO plugin v27.6 - https:\/\/yoast.com\/product\/yoast-seo-wordpress\/ -->\n<title>H\u00f4tel All Inclusive Cervia | Offres h\u00f4tel 3 \u00e9toiles pour les familles<\/title>\n<meta name=\"description\" content=\"Ancien village de p\u00eacheurs et c\u00e9l\u00e8bre cit\u00e9 du sel, Cervia propose des vacances tout compris sous le signe de la nature et de la d\u00e9tente\" \/>\n<meta name=\"robots\" content=\"index, follow, max-snippet:-1, max-image-preview:large, max-video-preview:-1\" \/>\n<link rel=\"canonical\" href=\"https:\/\/www.allinclusivehotels.it\/fr\/destinations\/cervia\" \/>\n<meta property=\"og:locale\" content=\"fr_FR\" \/>\n<meta property=\"og:type\" content=\"article\" \/>\n<meta property=\"og:title\" content=\"H\u00f4tel All Inclusive Cervia | Offres h\u00f4tel 3 \u00e9toiles pour les familles\" \/>\n<meta property=\"og:description\" content=\"Ancien village de p\u00eacheurs et c\u00e9l\u00e8bre cit\u00e9 du sel, Cervia propose des vacances tout compris sous le signe de la nature et de la d\u00e9tente\" \/>\n<meta property=\"og:url\" content=\"https:\/\/www.allinclusivehotels.it\/fr\/destinations\/cervia\" \/>\n<meta property=\"og:site_name\" content=\"All Inclusive Hotels\" \/>\n<meta property=\"article:modified_time\" content=\"2022-04-12T08:49:08+00:00\" \/>\n<meta name=\"twitter:card\" content=\"summary_large_image\" \/>\n<meta name=\"twitter:label1\" content=\"Dur\u00e9e de lecture estim\u00e9e\" \/>\n\t<meta name=\"twitter:data1\" content=\"2 minutes\" \/>\n<script type=\"application\/ld+json\" class=\"yoast-schema-graph\">{\"@context\":\"https:\\\/\\\/schema.org\",\"@graph\":[{\"@type\":\"WebPage\",\"@id\":\"https:\\\/\\\/www.allinclusivehotels.it\\\/fr\\\/destinations\\\/cervia\",\"url\":\"https:\\\/\\\/www.allinclusivehotels.it\\\/fr\\\/destinations\\\/cervia\",\"name\":\"H\u00f4tel All Inclusive Cervia | Offres h\u00f4tel 3 \u00e9toiles pour les familles\",\"isPartOf\":{\"@id\":\"https:\\\/\\\/www.allinclusivehotels.it\\\/fr#website\"},\"datePublished\":\"2022-02-16T13:38:06+00:00\",\"dateModified\":\"2022-04-12T08:49:08+00:00\",\"description\":\"Ancien village de p\u00eacheurs et c\u00e9l\u00e8bre cit\u00e9 du sel, Cervia propose des vacances tout compris sous le signe de la nature et de la d\u00e9tente\",\"breadcrumb\":{\"@id\":\"https:\\\/\\\/www.allinclusivehotels.it\\\/fr\\\/destinations\\\/cervia#breadcrumb\"},\"inLanguage\":\"fr-FR\",\"potentialAction\":[{\"@type\":\"ReadAction\",\"target\":[\"https:\\\/\\\/www.allinclusivehotels.it\\\/fr\\\/destinations\\\/cervia\"]}]},{\"@type\":\"BreadcrumbList\",\"@id\":\"https:\\\/\\\/www.allinclusivehotels.it\\\/fr\\\/destinations\\\/cervia#breadcrumb\",\"itemListElement\":[{\"@type\":\"ListItem\",\"position\":1,\"name\":\"Home\",\"item\":\"https:\\\/\\\/www.allinclusivehotels.it\\\/fr\"},{\"@type\":\"ListItem\",\"position\":2,\"name\":\"Destinations\",\"item\":\"https:\\\/\\\/www.allinclusivehotels.it\\\/fr\\\/destinations\"},{\"@type\":\"ListItem\",\"position\":3,\"name\":\"Cervia\"}]},{\"@type\":\"WebSite\",\"@id\":\"https:\\\/\\\/www.allinclusivehotels.it\\\/fr#website\",\"url\":\"https:\\\/\\\/www.allinclusivehotels.it\\\/fr\",\"name\":\"All Inclusive Hotels\",\"description\":\"\",\"publisher\":{\"@id\":\"https:\\\/\\\/www.allinclusivehotels.it\\\/fr#organization\"},\"potentialAction\":[{\"@type\":\"SearchAction\",\"target\":{\"@type\":\"EntryPoint\",\"urlTemplate\":\"https:\\\/\\\/www.allinclusivehotels.it\\\/fr?s={search_term_string}\"},\"query-input\":{\"@type\":\"PropertyValueSpecification\",\"valueRequired\":true,\"valueName\":\"search_term_string\"}}],\"inLanguage\":\"fr-FR\"},{\"@type\":\"Organization\",\"@id\":\"https:\\\/\\\/www.allinclusivehotels.it\\\/fr#organization\",\"name\":\"All Inclusive Hotels\",\"url\":\"https:\\\/\\\/www.allinclusivehotels.it\\\/fr\",\"logo\":{\"@type\":\"ImageObject\",\"inLanguage\":\"fr-FR\",\"@id\":\"https:\\\/\\\/www.allinclusivehotels.it\\\/fr#\\\/schema\\\/logo\\\/image\\\/\",\"url\":\"\",\"contentUrl\":\"\",\"caption\":\"All Inclusive Hotels\"},\"image\":{\"@id\":\"https:\\\/\\\/www.allinclusivehotels.it\\\/fr#\\\/schema\\\/logo\\\/image\\\/\"}}]}<\/script>\n<!-- \/ Yoast SEO plugin. -->","yoast_head_json":{"title":"H\u00f4tel All Inclusive Cervia | Offres h\u00f4tel 3 \u00e9toiles pour les familles","description":"Ancien village de p\u00eacheurs et c\u00e9l\u00e8bre cit\u00e9 du sel, Cervia propose des vacances tout compris sous le signe de la nature et de la d\u00e9tente","robots":{"index":"index","follow":"follow","max-snippet":"max-snippet:-1","max-image-preview":"max-image-preview:large","max-video-preview":"max-video-preview:-1"},"canonical":"https:\/\/www.allinclusivehotels.it\/fr\/destinations\/cervia","og_locale":"fr_FR","og_type":"article","og_title":"H\u00f4tel All Inclusive Cervia | Offres h\u00f4tel 3 \u00e9toiles pour les familles","og_description":"Ancien village de p\u00eacheurs et c\u00e9l\u00e8bre cit\u00e9 du sel, Cervia propose des vacances tout compris sous le signe de la nature et de la d\u00e9tente","og_url":"https:\/\/www.allinclusivehotels.it\/fr\/destinations\/cervia","og_site_name":"All Inclusive Hotels","article_modified_time":"2022-04-12T08:49:08+00:00","twitter_card":"summary_large_image","twitter_misc":{"Dur\u00e9e de lecture estim\u00e9e":"2 minutes"},"schema":{"@context":"https:\/\/schema.org","@graph":[{"@type":"WebPage","@id":"https:\/\/www.allinclusivehotels.it\/fr\/destinations\/cervia","url":"https:\/\/www.allinclusivehotels.it\/fr\/destinations\/cervia","name":"H\u00f4tel All Inclusive Cervia | Offres h\u00f4tel 3 \u00e9toiles pour les familles","isPartOf":{"@id":"https:\/\/www.allinclusivehotels.it\/fr#website"},"datePublished":"2022-02-16T13:38:06+00:00","dateModified":"2022-04-12T08:49:08+00:00","description":"Ancien village de p\u00eacheurs et c\u00e9l\u00e8bre cit\u00e9 du sel, Cervia propose des vacances tout compris sous le signe de la nature et de la d\u00e9tente","breadcrumb":{"@id":"https:\/\/www.allinclusivehotels.it\/fr\/destinations\/cervia#breadcrumb"},"inLanguage":"fr-FR","potentialAction":[{"@type":"ReadAction","target":["https:\/\/www.allinclusivehotels.it\/fr\/destinations\/cervia"]}]},{"@type":"BreadcrumbList","@id":"https:\/\/www.allinclusivehotels.it\/fr\/destinations\/cervia#breadcrumb","itemListElement":[{"@type":"ListItem","position":1,"name":"Home","item":"https:\/\/www.allinclusivehotels.it\/fr"},{"@type":"ListItem","position":2,"name":"Destinations","item":"https:\/\/www.allinclusivehotels.it\/fr\/destinations"},{"@type":"ListItem","position":3,"name":"Cervia"}]},{"@type":"WebSite","@id":"https:\/\/www.allinclusivehotels.it\/fr#website","url":"https:\/\/www.allinclusivehotels.it\/fr","name":"All Inclusive Hotels","description":"","publisher":{"@id":"https:\/\/www.allinclusivehotels.it\/fr#organization"},"potentialAction":[{"@type":"SearchAction","target":{"@type":"EntryPoint","urlTemplate":"https:\/\/www.allinclusivehotels.it\/fr?s={search_term_string}"},"query-input":{"@type":"PropertyValueSpecification","valueRequired":true,"valueName":"search_term_string"}}],"inLanguage":"fr-FR"},{"@type":"Organization","@id":"https:\/\/www.allinclusivehotels.it\/fr#organization","name":"All Inclusive Hotels","url":"https:\/\/www.allinclusivehotels.it\/fr","logo":{"@type":"ImageObject","inLanguage":"fr-FR","@id":"https:\/\/www.allinclusivehotels.it\/fr#\/schema\/logo\/image\/","url":"","contentUrl":"","caption":"All Inclusive Hotels"},"image":{"@id":"https:\/\/www.allinclusivehotels.it\/fr#\/schema\/logo\/image\/"}}]}},"_links":{"self":[{"href":"https:\/\/www.allinclusivehotels.it\/fr\/wp-json\/wp\/v2\/pages\/8177","targetHints":{"allow":["GET"]}}],"collection":[{"href":"https:\/\/www.allinclusivehotels.it\/fr\/wp-json\/wp\/v2\/pages"}],"about":[{"href":"https:\/\/www.allinclusivehotels.it\/fr\/wp-json\/wp\/v2\/types\/page"}],"author":[{"embeddable":true,"href":"https:\/\/www.allinclusivehotels.it\/fr\/wp-json\/wp\/v2\/users\/1"}],"replies":[{"embeddable":true,"href":"https:\/\/www.allinclusivehotels.it\/fr\/wp-json\/wp\/v2\/comments?post=8177"}],"version-history":[{"count":4,"href":"https:\/\/www.allinclusivehotels.it\/fr\/wp-json\/wp\/v2\/pages\/8177\/revisions"}],"predecessor-version":[{"id":18326,"href":"https:\/\/www.allinclusivehotels.it\/fr\/wp-json\/wp\/v2\/pages\/8177\/revisions\/18326"}],"up":[{"embeddable":true,"href":"https:\/\/www.allinclusivehotels.it\/fr\/wp-json\/wp\/v2\/pages\/8167"}],"wp:attachment":[{"href":"https:\/\/www.allinclusivehotels.it\/fr\/wp-json\/wp\/v2\/media?parent=8177"}],"curies":[{"name":"wp","href":"https:\/\/api.w.org\/{rel}","templated":true}]}}