{"id":8175,"date":"2022-02-16T14:38:05","date_gmt":"2022-02-16T13:38:05","guid":{"rendered":"https:\/\/www.allinclusivehotels.it\/destinations\/cattolica"},"modified":"2022-04-12T10:48:51","modified_gmt":"2022-04-12T08:48:51","slug":"cattolica","status":"publish","type":"page","link":"https:\/\/www.allinclusivehotels.it\/fr\/destinations\/cattolica","title":{"rendered":"Cattolica"},"content":{"rendered":"\n<h2 class=\"wp-block-heading\">La Reine de l\u2019Adriatique<\/h2>\n\n\n\n<p><b>Premi\u00e8re station baln\u00e9aire d\u2019\u00c9milie-Romagne, Cattolica<\/b> est la ville la plus au sud de la <b>Riviera Romagnole<\/b>. Elle se situe \u00e0 la fronti\u00e8re avec les Marches, \u00e0 une vingtaine de kilom\u00e8tres de Rimini.<\/p>\n\n\n\n<p>Plusieurs fois distingu\u00e9e par le prestigieux <b>Pavillon bleu<\/b> pour la qualit\u00e9 de ses eaux propres et limpides, elle a d\u00e9croch\u00e9 au fils des ans le titre de <b>Reine de l\u2019Adriatique <\/b>gr\u00e2ce \u00e0 la beaut\u00e9 de son paysage et de son littoral.<\/p>\n\n\n\n<!--more-->\n\n\n\n<p>Entre mai et octobre, un flux constant de touristes du centre-nord de l\u2019Italie et de l\u2019\u00e9tranger viennent profiter de l\u2019atmosph\u00e8re paisible et d\u00e9tendue de Cattolica, de ses services modernes, de son magnifique port touristique et du charme de son centre historique, dont les all\u00e9es arbor\u00e9es regorgent de boutiques, clubs \u00e0 la mode, et de jolies places anim\u00e9es par les jeux de lumi\u00e8res et les jets d\u2019eaux des fontaines.<\/p>\n\n\n\n<h2 class=\"wp-block-heading\">Les rendez-vous \u00e0 ne pas rater<\/h2>\n\n\n\n<p>Dans le d\u00e9cor de ses architectures antiques \u2013 h\u00e9ritage de son glorieux pass\u00e9 romain \u2013 et de constructions plus modernes, de tr\u00e8s nombreuses foires et manifestation sont organis\u00e9es tous les ans.<\/p>\n\n\n\n<p>D\u00e9but mai, par exemple, \u00e0 l\u2019occasion de <b>Cattolica in fiore <\/b>(Cattolica en fleurs) les rues de la ville se transforment en un jardin au mille couleurs et parfums. Puis, en \u00e9t\u00e9, lors de <b>Porto in festa<\/b>, c\u2019est une joyeuse kermesse qui envahit les plages et le port. Sans oublier les \u00ab&nbsp;<b>rustide&nbsp;<\/b>\u00bb, ces traditionnelles grillades de poissons dont les senteurs impr\u00e8gnent la promenade.<\/p>\n\n\n\n<h2 class=\"wp-block-heading\">L\u2019Aquarium<\/h2>\n\n\n\n<p>Une visite \u00e0 <b>l\u2019Aquarium de Cattolica<\/b> est incontournable. Ce gigantesque parc maritime, avec ses dispositifs audiovisuels, plonge le public dans une extraordinaire aventure \u00e0 la rencontre des cr\u00e9atures fantastiques du monde des abysses.<\/p>\n\n\n\n<h2 class=\"wp-block-heading\">Offres vacances de luxe<\/h2>\n\n\n\n<p>Avec tous ces atouts, <b>Cattolica<\/b> est la destination id\u00e9ale pour les familles avec enfants et, plus g\u00e9n\u00e9ralement, pour toutes les personnes en qu\u00eate de d\u00e9tente et de divertissement en toute s\u00e9curit\u00e9 dans des h\u00f4tels <b>All Inclusive haute de gamme<\/b>.<\/p>\n\n\n\n<p>Ceux-ci proposent un vaste choix de services&nbsp;: des offres vacances pour familles, des centres de bien-\u00eatre \u00e0 la pointe, des stations baln\u00e9aires tr\u00e8s \u00e9quip\u00e9es et des nombreuses activit\u00e9s pour les amateurs du sport et des \u00ab&nbsp;vacances actives&nbsp;\u00bb. Enfin vous pourrez \u00e9galement profiter d\u2019une offre \u0153nogastronomique vantant les merveilleux produits du territoire.<\/p>\n","protected":false},"excerpt":{"rendered":"<p>La Reine de l\u2019Adriatique Premi\u00e8re station baln\u00e9aire d\u2019\u00c9milie-Romagne, Cattolica est la ville la plus au &hellip;<\/p>\n","protected":false},"author":1,"featured_media":0,"parent":8167,"menu_order":0,"comment_status":"closed","ping_status":"closed","template":"page-templates\/destinazione.php","meta":{"_acf_changed":false,"footnotes":""},"class_list":["post-8175","page","type-page","status-publish","hentry"],"acf":[],"yoast_head":"<!-- This site is optimized with the Yoast SEO plugin v27.0 - https:\/\/yoast.com\/product\/yoast-seo-wordpress\/ -->\n<title>H\u00f4tels All Inclusive Cattolica | Offres d&#039;h\u00f4tels 3 \u00e9toiles pour les familles<\/title>\n<meta name=\"description\" content=\"\u00c0 Cattolica, les H\u00f4tels All Inclusive proposent une offre de qualit\u00e9, id\u00e9ale pour les familles avec enfants\" \/>\n<meta name=\"robots\" content=\"index, follow, max-snippet:-1, max-image-preview:large, max-video-preview:-1\" \/>\n<link rel=\"canonical\" href=\"https:\/\/www.allinclusivehotels.it\/fr\/destinations\/cattolica\" \/>\n<meta property=\"og:locale\" content=\"fr_FR\" \/>\n<meta property=\"og:type\" content=\"article\" \/>\n<meta property=\"og:title\" content=\"H\u00f4tels All Inclusive Cattolica | Offres d&#039;h\u00f4tels 3 \u00e9toiles pour les familles\" \/>\n<meta property=\"og:description\" content=\"\u00c0 Cattolica, les H\u00f4tels All Inclusive proposent une offre de qualit\u00e9, id\u00e9ale pour les familles avec enfants\" \/>\n<meta property=\"og:url\" content=\"https:\/\/www.allinclusivehotels.it\/fr\/destinations\/cattolica\" \/>\n<meta property=\"og:site_name\" content=\"All Inclusive Hotels\" \/>\n<meta property=\"article:modified_time\" content=\"2022-04-12T08:48:51+00:00\" \/>\n<meta name=\"twitter:card\" content=\"summary_large_image\" \/>\n<meta name=\"twitter:label1\" content=\"Dur\u00e9e de lecture estim\u00e9e\" \/>\n\t<meta name=\"twitter:data1\" content=\"2 minutes\" \/>\n<script type=\"application\/ld+json\" class=\"yoast-schema-graph\">{\"@context\":\"https:\/\/schema.org\",\"@graph\":[{\"@type\":\"WebPage\",\"@id\":\"https:\/\/www.allinclusivehotels.it\/fr\/destinations\/cattolica\",\"url\":\"https:\/\/www.allinclusivehotels.it\/fr\/destinations\/cattolica\",\"name\":\"H\u00f4tels All Inclusive Cattolica | Offres d'h\u00f4tels 3 \u00e9toiles pour les familles\",\"isPartOf\":{\"@id\":\"https:\/\/www.allinclusivehotels.it\/fr#website\"},\"datePublished\":\"2022-02-16T13:38:05+00:00\",\"dateModified\":\"2022-04-12T08:48:51+00:00\",\"description\":\"\u00c0 Cattolica, les H\u00f4tels All Inclusive proposent une offre de qualit\u00e9, id\u00e9ale pour les familles avec enfants\",\"breadcrumb\":{\"@id\":\"https:\/\/www.allinclusivehotels.it\/fr\/destinations\/cattolica#breadcrumb\"},\"inLanguage\":\"fr-FR\",\"potentialAction\":[{\"@type\":\"ReadAction\",\"target\":[\"https:\/\/www.allinclusivehotels.it\/fr\/destinations\/cattolica\"]}]},{\"@type\":\"BreadcrumbList\",\"@id\":\"https:\/\/www.allinclusivehotels.it\/fr\/destinations\/cattolica#breadcrumb\",\"itemListElement\":[{\"@type\":\"ListItem\",\"position\":1,\"name\":\"Home\",\"item\":\"https:\/\/www.allinclusivehotels.it\/fr\"},{\"@type\":\"ListItem\",\"position\":2,\"name\":\"Destinations\",\"item\":\"https:\/\/www.allinclusivehotels.it\/fr\/destinations\"},{\"@type\":\"ListItem\",\"position\":3,\"name\":\"Cattolica\"}]},{\"@type\":\"WebSite\",\"@id\":\"https:\/\/www.allinclusivehotels.it\/fr#website\",\"url\":\"https:\/\/www.allinclusivehotels.it\/fr\",\"name\":\"All Inclusive Hotels\",\"description\":\"\",\"publisher\":{\"@id\":\"https:\/\/www.allinclusivehotels.it\/fr#organization\"},\"potentialAction\":[{\"@type\":\"SearchAction\",\"target\":{\"@type\":\"EntryPoint\",\"urlTemplate\":\"https:\/\/www.allinclusivehotels.it\/fr?s={search_term_string}\"},\"query-input\":{\"@type\":\"PropertyValueSpecification\",\"valueRequired\":true,\"valueName\":\"search_term_string\"}}],\"inLanguage\":\"fr-FR\"},{\"@type\":\"Organization\",\"@id\":\"https:\/\/www.allinclusivehotels.it\/fr#organization\",\"name\":\"All Inclusive Hotels\",\"url\":\"https:\/\/www.allinclusivehotels.it\/fr\",\"logo\":{\"@type\":\"ImageObject\",\"inLanguage\":\"fr-FR\",\"@id\":\"https:\/\/www.allinclusivehotels.it\/fr#\/schema\/logo\/image\/\",\"url\":\"\",\"contentUrl\":\"\",\"caption\":\"All Inclusive Hotels\"},\"image\":{\"@id\":\"https:\/\/www.allinclusivehotels.it\/fr#\/schema\/logo\/image\/\"}}]}<\/script>\n<!-- \/ Yoast SEO plugin. -->","yoast_head_json":{"title":"H\u00f4tels All Inclusive Cattolica | Offres d'h\u00f4tels 3 \u00e9toiles pour les familles","description":"\u00c0 Cattolica, les H\u00f4tels All Inclusive proposent une offre de qualit\u00e9, id\u00e9ale pour les familles avec enfants","robots":{"index":"index","follow":"follow","max-snippet":"max-snippet:-1","max-image-preview":"max-image-preview:large","max-video-preview":"max-video-preview:-1"},"canonical":"https:\/\/www.allinclusivehotels.it\/fr\/destinations\/cattolica","og_locale":"fr_FR","og_type":"article","og_title":"H\u00f4tels All Inclusive Cattolica | Offres d'h\u00f4tels 3 \u00e9toiles pour les familles","og_description":"\u00c0 Cattolica, les H\u00f4tels All Inclusive proposent une offre de qualit\u00e9, id\u00e9ale pour les familles avec enfants","og_url":"https:\/\/www.allinclusivehotels.it\/fr\/destinations\/cattolica","og_site_name":"All Inclusive Hotels","article_modified_time":"2022-04-12T08:48:51+00:00","twitter_card":"summary_large_image","twitter_misc":{"Dur\u00e9e de lecture estim\u00e9e":"2 minutes"},"schema":{"@context":"https:\/\/schema.org","@graph":[{"@type":"WebPage","@id":"https:\/\/www.allinclusivehotels.it\/fr\/destinations\/cattolica","url":"https:\/\/www.allinclusivehotels.it\/fr\/destinations\/cattolica","name":"H\u00f4tels All Inclusive Cattolica | Offres d'h\u00f4tels 3 \u00e9toiles pour les familles","isPartOf":{"@id":"https:\/\/www.allinclusivehotels.it\/fr#website"},"datePublished":"2022-02-16T13:38:05+00:00","dateModified":"2022-04-12T08:48:51+00:00","description":"\u00c0 Cattolica, les H\u00f4tels All Inclusive proposent une offre de qualit\u00e9, id\u00e9ale pour les familles avec enfants","breadcrumb":{"@id":"https:\/\/www.allinclusivehotels.it\/fr\/destinations\/cattolica#breadcrumb"},"inLanguage":"fr-FR","potentialAction":[{"@type":"ReadAction","target":["https:\/\/www.allinclusivehotels.it\/fr\/destinations\/cattolica"]}]},{"@type":"BreadcrumbList","@id":"https:\/\/www.allinclusivehotels.it\/fr\/destinations\/cattolica#breadcrumb","itemListElement":[{"@type":"ListItem","position":1,"name":"Home","item":"https:\/\/www.allinclusivehotels.it\/fr"},{"@type":"ListItem","position":2,"name":"Destinations","item":"https:\/\/www.allinclusivehotels.it\/fr\/destinations"},{"@type":"ListItem","position":3,"name":"Cattolica"}]},{"@type":"WebSite","@id":"https:\/\/www.allinclusivehotels.it\/fr#website","url":"https:\/\/www.allinclusivehotels.it\/fr","name":"All Inclusive Hotels","description":"","publisher":{"@id":"https:\/\/www.allinclusivehotels.it\/fr#organization"},"potentialAction":[{"@type":"SearchAction","target":{"@type":"EntryPoint","urlTemplate":"https:\/\/www.allinclusivehotels.it\/fr?s={search_term_string}"},"query-input":{"@type":"PropertyValueSpecification","valueRequired":true,"valueName":"search_term_string"}}],"inLanguage":"fr-FR"},{"@type":"Organization","@id":"https:\/\/www.allinclusivehotels.it\/fr#organization","name":"All Inclusive Hotels","url":"https:\/\/www.allinclusivehotels.it\/fr","logo":{"@type":"ImageObject","inLanguage":"fr-FR","@id":"https:\/\/www.allinclusivehotels.it\/fr#\/schema\/logo\/image\/","url":"","contentUrl":"","caption":"All Inclusive Hotels"},"image":{"@id":"https:\/\/www.allinclusivehotels.it\/fr#\/schema\/logo\/image\/"}}]}},"_links":{"self":[{"href":"https:\/\/www.allinclusivehotels.it\/fr\/wp-json\/wp\/v2\/pages\/8175","targetHints":{"allow":["GET"]}}],"collection":[{"href":"https:\/\/www.allinclusivehotels.it\/fr\/wp-json\/wp\/v2\/pages"}],"about":[{"href":"https:\/\/www.allinclusivehotels.it\/fr\/wp-json\/wp\/v2\/types\/page"}],"author":[{"embeddable":true,"href":"https:\/\/www.allinclusivehotels.it\/fr\/wp-json\/wp\/v2\/users\/1"}],"replies":[{"embeddable":true,"href":"https:\/\/www.allinclusivehotels.it\/fr\/wp-json\/wp\/v2\/comments?post=8175"}],"version-history":[{"count":4,"href":"https:\/\/www.allinclusivehotels.it\/fr\/wp-json\/wp\/v2\/pages\/8175\/revisions"}],"predecessor-version":[{"id":18325,"href":"https:\/\/www.allinclusivehotels.it\/fr\/wp-json\/wp\/v2\/pages\/8175\/revisions\/18325"}],"up":[{"embeddable":true,"href":"https:\/\/www.allinclusivehotels.it\/fr\/wp-json\/wp\/v2\/pages\/8167"}],"wp:attachment":[{"href":"https:\/\/www.allinclusivehotels.it\/fr\/wp-json\/wp\/v2\/media?parent=8175"}],"curies":[{"name":"wp","href":"https:\/\/api.w.org\/{rel}","templated":true}]}}