{"id":8173,"date":"2022-02-16T14:38:04","date_gmt":"2022-02-16T13:38:04","guid":{"rendered":"https:\/\/www.allinclusivehotels.it\/destinations\/bibbona"},"modified":"2022-04-12T10:48:17","modified_gmt":"2022-04-12T08:48:17","slug":"bibbona","status":"publish","type":"page","link":"https:\/\/www.allinclusivehotels.it\/fr\/destinations\/bibbona","title":{"rendered":"Bibbona"},"content":{"rendered":"\n<p>Ancien bourg m\u00e9di\u00e9val situ\u00e9 au c\u0153ur de la <b>Maremma<\/b>, <b>Bibbona<\/b> est l\u2019id\u00e9al pour qui recherche des vacances en contact avec la nature et la mer.<\/p>\n\n\n\n<p>Laur\u00e9ate depuis plusieurs ann\u00e9es de la <b>bandiera verde<\/b> (pavillons vert) pour la qualit\u00e9 de ses plages et de ses services sur mesure pour les familles, cette petite ville se distingue par ses ruelles \u00e9troites, ses escaliers et ses arches, qui nous font remonter le temps.<\/p>\n\n\n\n<!--more-->\n\n\n\n<h2 class=\"wp-block-heading\">Marina di Bibbona et ses plages am\u00e9nag\u00e9es<\/h2>\n\n\n\n<p><b>Marina di Bibbona<\/b>, c\u00e9l\u00e8bre station baln\u00e9aire, est aussi appel\u00e9e Marina del Forte en raison du fort \u00e9rig\u00e9 en 1785 comme point d\u2019observation et de d\u00e9fense contre les attaques des pirates.<\/p>\n\n\n\n<p>La zone c\u00f4ti\u00e8re poss\u00e8de des plages de sable fin, avec des eaux limpides et des services adapt\u00e9s aux familles et aux sportifs, qui peuvent ici s\u2019exercer sur leur planche, faire du windsurf, du kitesurf, du bateau \u00e0 voile et de la plong\u00e9e sous-marine.<\/p>\n\n\n\n<p>Les <b>All Inclusive Hotels Bibbona<\/b> proposent des s\u00e9jours avec tout ce qu\u2019il faut pour satisfaire ses envies de mer, de sport et de loisirs.<\/p>\n\n\n\n<p>Le littoral se caract\u00e9rise par ses du <b>tomboli di macchia mediterranea (dunes de maquis)<\/b> et sa v\u00e9g\u00e9tation basse qui s\u00e9pare la plage de l\u2019arri\u00e8re-pays en prot\u00e9geant les terrains cultiv\u00e9s des vents marins.<\/p>\n\n\n\n<p>\u00c0 8 kilom\u00e8tres de distance, \u00e0 Marina di Bibbona, se trouve aussi l\u2019<b>Oasi WWF de Bolgheri<\/b>, o\u00f9 l\u2019on peut admirer des cigognes, des cerfs et des oiseaux migrateurs.<\/p>\n\n\n\n<p>Une curiosit\u00e9&nbsp;: Bolgheri est aussi connu pour sa riche production de vins DOC et DOCG, et notamment pour le \u201cSassicaia\u201d. Ce n\u2019est pas un hasard si Bibbona est <b>une des<\/b> <b>\u00e9tapes de la fameuse<\/b> <b>\u201cStrada del Vino\u201d (route du vin)<\/b>, avec ses sentiers bord\u00e9s par de vignobles et d\u2019oliveraies s\u00e9culaires. Ici on peut bien s\u00fbr s\u2019arr\u00eater dans les c\u00e9l\u00e8bres caves tout au long de la route pour une d\u00e9gustation de vins raffin\u00e9s.<\/p>\n\n\n\n<h2 class=\"wp-block-heading\">Une ville riche d\u2019art et d\u2019histoire<\/h2>\n\n\n\n<p>Des vacances \u00e0 Bibbona, c\u2019est aussi une plong\u00e9e <b>dans le pass\u00e9, dans l\u2019art et dans l\u2019histoire<\/b>&nbsp;: des \u00e9difices religieux, des vestiges de l\u2019\u00e9poque \u00c9trusque-Villanovienne et, au <b>Museo Archeologico di Firenze<\/b>, vous pourrez admirer le symbole de la ville de Bibbona, une singuli\u00e8re statuette en bronze repr\u00e9sentant un bouc. S\u2019ajoutent \u00e0 tout cela des \u0153uvres de L\u00e9onard de Vinci, comme par l\u2019exemple l\u2019\u00e9glise de Santa Maria della Piet\u00e0, dont l\u2019artiste aurait contribu\u00e9 au projet initial.<\/p>\n\n\n\n<h2 class=\"wp-block-heading\">For\u00eats et pin\u00e8des<\/h2>\n\n\n\n<p>Marina di Bibbona se situe au c\u0153ur de <b>deux pin\u00e8des splendides, <\/b>qui c\u00f4toient le littoral jusqu\u2019\u00e0 Marina di Cecina. Ceux qui aiment la nature pourront profiter de promenades \u00e0 pied, \u00e0 v\u00e9lo ou \u00e0 cheval, pour explorer la pin\u00e8de ou pique-niquer en famille.<\/p>\n\n\n\n<p>Absolument incontournable, le <b>parc Macchia della Magona<\/b> abrite une R\u00e9serve Naturelle Biog\u00e9n\u00e9tique prot\u00e9g\u00e9e de 1635 hectares, ainsi qu\u2019un terrain de tir \u00e0 l\u2019arc et plusieurs parcours de trekking.<\/p>\n\n\n\n<h2 class=\"wp-block-heading\">Le Cyclotourisme, une passion ancienne<\/h2>\n\n\n\n<p>Patrie du champion olympique <b>Paolo Bettini<\/b>, qui commen\u00e7a son entra\u00eenement dans cette r\u00e9gion, Bibbona est devenue une destination id\u00e9ale pour les cyclotouristes.<\/p>\n\n\n\n<p>La Costa degli Etruschi (C\u00f4te des \u00c9trusques), en particulier, offre des nombreux parcours en plein nature, parfaits pour les professionnels mais aussi pour les moins pr\u00e9par\u00e9s.<\/p>\n\n\n\n<p>Pour les passionn\u00e9es de VTT, justement, la<b> \u201cGranfondo Costa degli etruschi\u201d<\/b>, une course de cyclisme dans la for\u00eat de la Macchia della Magona, leur est r\u00e9serv\u00e9e.<\/p>\n","protected":false},"excerpt":{"rendered":"<p>Ancien bourg m\u00e9di\u00e9val situ\u00e9 au c\u0153ur de la Maremma, Bibbona est l\u2019id\u00e9al pour qui recherche &hellip;<\/p>\n","protected":false},"author":1,"featured_media":0,"parent":8167,"menu_order":0,"comment_status":"closed","ping_status":"closed","template":"page-templates\/destinazione.php","meta":{"_acf_changed":false,"footnotes":""},"class_list":["post-8173","page","type-page","status-publish","hentry"],"acf":[],"yoast_head":"<!-- This site is optimized with the Yoast SEO plugin v27.0 - https:\/\/yoast.com\/product\/yoast-seo-wordpress\/ -->\n<title>H\u00f4tels All Inclusive \u00e0 Bibbona pour des vacances tout compris<\/title>\n<meta name=\"description\" content=\"Vous cherchez un h\u00f4tel tout compris \u00e0 Bibbona? D\u00e9couvrez la plus grande s\u00e9lection d&#039;h\u00f4tels tout compris en Italie. Voyez les offres!\" \/>\n<meta name=\"robots\" content=\"index, follow, max-snippet:-1, max-image-preview:large, max-video-preview:-1\" \/>\n<link rel=\"canonical\" href=\"https:\/\/www.allinclusivehotels.it\/fr\/destinations\/bibbona\" \/>\n<meta property=\"og:locale\" content=\"fr_FR\" \/>\n<meta property=\"og:type\" content=\"article\" \/>\n<meta property=\"og:title\" content=\"H\u00f4tels All Inclusive \u00e0 Bibbona pour des vacances tout compris\" \/>\n<meta property=\"og:description\" content=\"Vous cherchez un h\u00f4tel tout compris \u00e0 Bibbona? D\u00e9couvrez la plus grande s\u00e9lection d&#039;h\u00f4tels tout compris en Italie. Voyez les offres!\" \/>\n<meta property=\"og:url\" content=\"https:\/\/www.allinclusivehotels.it\/fr\/destinations\/bibbona\" \/>\n<meta property=\"og:site_name\" content=\"All Inclusive Hotels\" \/>\n<meta property=\"article:modified_time\" content=\"2022-04-12T08:48:17+00:00\" \/>\n<meta name=\"twitter:card\" content=\"summary_large_image\" \/>\n<meta name=\"twitter:label1\" content=\"Dur\u00e9e de lecture estim\u00e9e\" \/>\n\t<meta name=\"twitter:data1\" content=\"3 minutes\" \/>\n<script type=\"application\/ld+json\" class=\"yoast-schema-graph\">{\"@context\":\"https:\/\/schema.org\",\"@graph\":[{\"@type\":\"WebPage\",\"@id\":\"https:\/\/www.allinclusivehotels.it\/fr\/destinations\/bibbona\",\"url\":\"https:\/\/www.allinclusivehotels.it\/fr\/destinations\/bibbona\",\"name\":\"H\u00f4tels All Inclusive \u00e0 Bibbona pour des vacances tout compris\",\"isPartOf\":{\"@id\":\"https:\/\/www.allinclusivehotels.it\/fr#website\"},\"datePublished\":\"2022-02-16T13:38:04+00:00\",\"dateModified\":\"2022-04-12T08:48:17+00:00\",\"description\":\"Vous cherchez un h\u00f4tel tout compris \u00e0 Bibbona? D\u00e9couvrez la plus grande s\u00e9lection d'h\u00f4tels tout compris en Italie. Voyez les offres!\",\"breadcrumb\":{\"@id\":\"https:\/\/www.allinclusivehotels.it\/fr\/destinations\/bibbona#breadcrumb\"},\"inLanguage\":\"fr-FR\",\"potentialAction\":[{\"@type\":\"ReadAction\",\"target\":[\"https:\/\/www.allinclusivehotels.it\/fr\/destinations\/bibbona\"]}]},{\"@type\":\"BreadcrumbList\",\"@id\":\"https:\/\/www.allinclusivehotels.it\/fr\/destinations\/bibbona#breadcrumb\",\"itemListElement\":[{\"@type\":\"ListItem\",\"position\":1,\"name\":\"Home\",\"item\":\"https:\/\/www.allinclusivehotels.it\/fr\"},{\"@type\":\"ListItem\",\"position\":2,\"name\":\"Destinations\",\"item\":\"https:\/\/www.allinclusivehotels.it\/fr\/destinations\"},{\"@type\":\"ListItem\",\"position\":3,\"name\":\"Bibbona\"}]},{\"@type\":\"WebSite\",\"@id\":\"https:\/\/www.allinclusivehotels.it\/fr#website\",\"url\":\"https:\/\/www.allinclusivehotels.it\/fr\",\"name\":\"All Inclusive Hotels\",\"description\":\"\",\"publisher\":{\"@id\":\"https:\/\/www.allinclusivehotels.it\/fr#organization\"},\"potentialAction\":[{\"@type\":\"SearchAction\",\"target\":{\"@type\":\"EntryPoint\",\"urlTemplate\":\"https:\/\/www.allinclusivehotels.it\/fr?s={search_term_string}\"},\"query-input\":{\"@type\":\"PropertyValueSpecification\",\"valueRequired\":true,\"valueName\":\"search_term_string\"}}],\"inLanguage\":\"fr-FR\"},{\"@type\":\"Organization\",\"@id\":\"https:\/\/www.allinclusivehotels.it\/fr#organization\",\"name\":\"All Inclusive Hotels\",\"url\":\"https:\/\/www.allinclusivehotels.it\/fr\",\"logo\":{\"@type\":\"ImageObject\",\"inLanguage\":\"fr-FR\",\"@id\":\"https:\/\/www.allinclusivehotels.it\/fr#\/schema\/logo\/image\/\",\"url\":\"\",\"contentUrl\":\"\",\"caption\":\"All Inclusive Hotels\"},\"image\":{\"@id\":\"https:\/\/www.allinclusivehotels.it\/fr#\/schema\/logo\/image\/\"}}]}<\/script>\n<!-- \/ Yoast SEO plugin. -->","yoast_head_json":{"title":"H\u00f4tels All Inclusive \u00e0 Bibbona pour des vacances tout compris","description":"Vous cherchez un h\u00f4tel tout compris \u00e0 Bibbona? D\u00e9couvrez la plus grande s\u00e9lection d'h\u00f4tels tout compris en Italie. Voyez les offres!","robots":{"index":"index","follow":"follow","max-snippet":"max-snippet:-1","max-image-preview":"max-image-preview:large","max-video-preview":"max-video-preview:-1"},"canonical":"https:\/\/www.allinclusivehotels.it\/fr\/destinations\/bibbona","og_locale":"fr_FR","og_type":"article","og_title":"H\u00f4tels All Inclusive \u00e0 Bibbona pour des vacances tout compris","og_description":"Vous cherchez un h\u00f4tel tout compris \u00e0 Bibbona? D\u00e9couvrez la plus grande s\u00e9lection d'h\u00f4tels tout compris en Italie. Voyez les offres!","og_url":"https:\/\/www.allinclusivehotels.it\/fr\/destinations\/bibbona","og_site_name":"All Inclusive Hotels","article_modified_time":"2022-04-12T08:48:17+00:00","twitter_card":"summary_large_image","twitter_misc":{"Dur\u00e9e de lecture estim\u00e9e":"3 minutes"},"schema":{"@context":"https:\/\/schema.org","@graph":[{"@type":"WebPage","@id":"https:\/\/www.allinclusivehotels.it\/fr\/destinations\/bibbona","url":"https:\/\/www.allinclusivehotels.it\/fr\/destinations\/bibbona","name":"H\u00f4tels All Inclusive \u00e0 Bibbona pour des vacances tout compris","isPartOf":{"@id":"https:\/\/www.allinclusivehotels.it\/fr#website"},"datePublished":"2022-02-16T13:38:04+00:00","dateModified":"2022-04-12T08:48:17+00:00","description":"Vous cherchez un h\u00f4tel tout compris \u00e0 Bibbona? D\u00e9couvrez la plus grande s\u00e9lection d'h\u00f4tels tout compris en Italie. Voyez les offres!","breadcrumb":{"@id":"https:\/\/www.allinclusivehotels.it\/fr\/destinations\/bibbona#breadcrumb"},"inLanguage":"fr-FR","potentialAction":[{"@type":"ReadAction","target":["https:\/\/www.allinclusivehotels.it\/fr\/destinations\/bibbona"]}]},{"@type":"BreadcrumbList","@id":"https:\/\/www.allinclusivehotels.it\/fr\/destinations\/bibbona#breadcrumb","itemListElement":[{"@type":"ListItem","position":1,"name":"Home","item":"https:\/\/www.allinclusivehotels.it\/fr"},{"@type":"ListItem","position":2,"name":"Destinations","item":"https:\/\/www.allinclusivehotels.it\/fr\/destinations"},{"@type":"ListItem","position":3,"name":"Bibbona"}]},{"@type":"WebSite","@id":"https:\/\/www.allinclusivehotels.it\/fr#website","url":"https:\/\/www.allinclusivehotels.it\/fr","name":"All Inclusive Hotels","description":"","publisher":{"@id":"https:\/\/www.allinclusivehotels.it\/fr#organization"},"potentialAction":[{"@type":"SearchAction","target":{"@type":"EntryPoint","urlTemplate":"https:\/\/www.allinclusivehotels.it\/fr?s={search_term_string}"},"query-input":{"@type":"PropertyValueSpecification","valueRequired":true,"valueName":"search_term_string"}}],"inLanguage":"fr-FR"},{"@type":"Organization","@id":"https:\/\/www.allinclusivehotels.it\/fr#organization","name":"All Inclusive Hotels","url":"https:\/\/www.allinclusivehotels.it\/fr","logo":{"@type":"ImageObject","inLanguage":"fr-FR","@id":"https:\/\/www.allinclusivehotels.it\/fr#\/schema\/logo\/image\/","url":"","contentUrl":"","caption":"All Inclusive Hotels"},"image":{"@id":"https:\/\/www.allinclusivehotels.it\/fr#\/schema\/logo\/image\/"}}]}},"_links":{"self":[{"href":"https:\/\/www.allinclusivehotels.it\/fr\/wp-json\/wp\/v2\/pages\/8173","targetHints":{"allow":["GET"]}}],"collection":[{"href":"https:\/\/www.allinclusivehotels.it\/fr\/wp-json\/wp\/v2\/pages"}],"about":[{"href":"https:\/\/www.allinclusivehotels.it\/fr\/wp-json\/wp\/v2\/types\/page"}],"author":[{"embeddable":true,"href":"https:\/\/www.allinclusivehotels.it\/fr\/wp-json\/wp\/v2\/users\/1"}],"replies":[{"embeddable":true,"href":"https:\/\/www.allinclusivehotels.it\/fr\/wp-json\/wp\/v2\/comments?post=8173"}],"version-history":[{"count":4,"href":"https:\/\/www.allinclusivehotels.it\/fr\/wp-json\/wp\/v2\/pages\/8173\/revisions"}],"predecessor-version":[{"id":18323,"href":"https:\/\/www.allinclusivehotels.it\/fr\/wp-json\/wp\/v2\/pages\/8173\/revisions\/18323"}],"up":[{"embeddable":true,"href":"https:\/\/www.allinclusivehotels.it\/fr\/wp-json\/wp\/v2\/pages\/8167"}],"wp:attachment":[{"href":"https:\/\/www.allinclusivehotels.it\/fr\/wp-json\/wp\/v2\/media?parent=8173"}],"curies":[{"name":"wp","href":"https:\/\/api.w.org\/{rel}","templated":true}]}}