{"id":8171,"date":"2022-02-16T14:38:04","date_gmt":"2022-02-16T13:38:04","guid":{"rendered":"https:\/\/www.allinclusivehotels.it\/destinations\/bellaria-igea-marina"},"modified":"2022-04-12T10:47:51","modified_gmt":"2022-04-12T08:47:51","slug":"bellaria-igea-marina","status":"publish","type":"page","link":"https:\/\/www.allinclusivehotels.it\/fr\/destinations\/bellaria-igea-marina","title":{"rendered":"Bellaria-Igea Marina"},"content":{"rendered":"\n<h2 class=\"wp-block-heading\">Le Paradis des vacanciers<\/h2>\n\n\n\n<p>Avec ses 7 kilom\u00e8tres de plages ensoleill\u00e9es et une centaine d\u2019\u00e9tablissement baln\u00e9aires, <b>Bellaria-Igea Marina<\/b> (Rimini) est un petit paradis pour les vacanciers.  Ici tout est \u00e0 port\u00e9e de main&nbsp;: h\u00f4tels, restaurants, boutiques, kiosques, clubs, services pour l\u2019apr\u00e8s-baignade et pour les animations de plage&nbsp;; des centres sportifs comme le Palazzetto dello Sport de Bellaria, des terrains de tennis, de football, de foot \u00e0 5 et de volleyball. Mais aussi des bateaux \u00e0 moteurs pour les sorties offshore et des p\u00e9dalos color\u00e9s pour une bronzette au fil de l\u2019eau.<\/p>\n\n\n\n<p>Familles avec enfants, sportifs, petits groupes et amateurs de vacances o\u00f9 on peut se faire plaisir en toute insouciance trouveront l\u2019endroit id\u00e9al pour un s\u00e9jour alliant confort et loisirs. Sa position strat\u00e9gique, au centre de la Riviera Romagnole, permet d\u2019arriver rapidement \u00e0 Rimini, capitale du divertissement mais aussi riche de culture et de tradition, ainsi qu\u2019\u00e0 d\u2019autres villes d\u2019art et d\u2019histoire de renomm\u00e9e mondiale comme Ravenne, Venise et Urbino.<\/p>\n\n\n\n<!--more-->\n\n\n\n<p>Apr\u00e8s la journ\u00e9e \u00e0 la plage, les aires pi\u00e9tonnes de <b>Bellaria<\/b> (Isola dei Platani) et <b>Igea Marina<\/b> (viale Ennio et les rues limitrophes) sont anim\u00e9es tous les soirs par le tranquille va-et-vient des familles et des touristes. Le boutiques, les marchands de glace, les kiosques \u00e0 <i>piadine<\/i>, les bars \u00e0 cocktails et les spectacles vivants du programme estival forment un beau d\u00e9cor avec la mer calme en fond.<\/p>\n\n\n\n<h2 class=\"wp-block-heading\">Parcs et parcours au vert<\/h2>\n\n\n\n<p>Au d\u00e9part des<b> All Inclusive Hotels Igea Marina,<\/b> on peut facilement se retrouver plong\u00e9 dans le calme du <b>Parco del Gelso<\/b>, un des poumons verts de la riviera, avec son lac du m\u00eame nom, \u00e0 deux pas du centre-ville. Ses 25 hectares, au milieu de magnifiques arbres \u00e0 haute tronc, offrent un parcours comportant des zones \u00e0 th\u00e8me, tel que le <b>Giardino delle Farfalle (le Jardin des Papillons)<\/b>. Et pour qui aime \u00eatre en contact avec la nature, il ne faut pas passer \u00e0 c\u00f4t\u00e9 des <b>Sentieri per l\u2019Uso<\/b>, des randonn\u00e9es en for\u00eat avec 10 kilom\u00e8tres de pistes cyclables et pour pi\u00e9tons qui longent le fleuve jusqu\u2019au village de San Mauro Pascoli.<\/p>\n\n\n\n<h2 class=\"wp-block-heading\">L\u2019esprit v\u00e9lo friendly<\/h2>\n\n\n\n<p>Mais l\u2019id\u00e9e du <b>v\u00e9lo friendly<\/b> de <b>Bellaria-Igea Marina<\/b> va bien plus loin&nbsp;: les <b>All Inclusive Hotels<\/b> pr\u00e9voient \u00e9galement des parcours <b>cyclo-touristiques amenant aux collines alentours<\/b>, o\u00f9 le regard est saisi par une vue fantastique qui va de la c\u00f4te \u00e0 arri\u00e8re-pays romagnole.<\/p>\n","protected":false},"excerpt":{"rendered":"<p>Le Paradis des vacanciers Avec ses 7 kilom\u00e8tres de plages ensoleill\u00e9es et une centaine d\u2019\u00e9tablissement &hellip;<\/p>\n","protected":false},"author":1,"featured_media":0,"parent":8167,"menu_order":0,"comment_status":"closed","ping_status":"closed","template":"page-templates\/destinazione.php","meta":{"_acf_changed":false,"footnotes":""},"class_list":["post-8171","page","type-page","status-publish","hentry"],"acf":[],"yoast_head":"<!-- This site is optimized with the Yoast SEO plugin v27.0 - https:\/\/yoast.com\/product\/yoast-seo-wordpress\/ -->\n<title>H\u00f4tel All Inclusive Bellaria Igea Marina: Offres H\u00f4tel pour les familles<\/title>\n<meta name=\"description\" content=\"Vous cherchez un H\u00f4tel All Inclusive \u00e0 Bellaria Igea Marina? D\u00e9couvrez la plus grande s\u00e9lection d&#039;h\u00f4tels tout compris!\" \/>\n<meta name=\"robots\" content=\"index, follow, max-snippet:-1, max-image-preview:large, max-video-preview:-1\" \/>\n<link rel=\"canonical\" href=\"https:\/\/www.allinclusivehotels.it\/fr\/destinations\/bellaria-igea-marina\" \/>\n<meta property=\"og:locale\" content=\"fr_FR\" \/>\n<meta property=\"og:type\" content=\"article\" \/>\n<meta property=\"og:title\" content=\"H\u00f4tel All Inclusive Bellaria Igea Marina: Offres H\u00f4tel pour les familles\" \/>\n<meta property=\"og:description\" content=\"Vous cherchez un H\u00f4tel All Inclusive \u00e0 Bellaria Igea Marina? D\u00e9couvrez la plus grande s\u00e9lection d&#039;h\u00f4tels tout compris!\" \/>\n<meta property=\"og:url\" content=\"https:\/\/www.allinclusivehotels.it\/fr\/destinations\/bellaria-igea-marina\" \/>\n<meta property=\"og:site_name\" content=\"All Inclusive Hotels\" \/>\n<meta property=\"article:modified_time\" content=\"2022-04-12T08:47:51+00:00\" \/>\n<meta name=\"twitter:card\" content=\"summary_large_image\" \/>\n<meta name=\"twitter:label1\" content=\"Dur\u00e9e de lecture estim\u00e9e\" \/>\n\t<meta name=\"twitter:data1\" content=\"3 minutes\" \/>\n<script type=\"application\/ld+json\" class=\"yoast-schema-graph\">{\"@context\":\"https:\/\/schema.org\",\"@graph\":[{\"@type\":\"WebPage\",\"@id\":\"https:\/\/www.allinclusivehotels.it\/fr\/destinations\/bellaria-igea-marina\",\"url\":\"https:\/\/www.allinclusivehotels.it\/fr\/destinations\/bellaria-igea-marina\",\"name\":\"H\u00f4tel All Inclusive Bellaria Igea Marina: Offres H\u00f4tel pour les familles\",\"isPartOf\":{\"@id\":\"https:\/\/www.allinclusivehotels.it\/fr#website\"},\"datePublished\":\"2022-02-16T13:38:04+00:00\",\"dateModified\":\"2022-04-12T08:47:51+00:00\",\"description\":\"Vous cherchez un H\u00f4tel All Inclusive \u00e0 Bellaria Igea Marina? D\u00e9couvrez la plus grande s\u00e9lection d'h\u00f4tels tout compris!\",\"breadcrumb\":{\"@id\":\"https:\/\/www.allinclusivehotels.it\/fr\/destinations\/bellaria-igea-marina#breadcrumb\"},\"inLanguage\":\"fr-FR\",\"potentialAction\":[{\"@type\":\"ReadAction\",\"target\":[\"https:\/\/www.allinclusivehotels.it\/fr\/destinations\/bellaria-igea-marina\"]}]},{\"@type\":\"BreadcrumbList\",\"@id\":\"https:\/\/www.allinclusivehotels.it\/fr\/destinations\/bellaria-igea-marina#breadcrumb\",\"itemListElement\":[{\"@type\":\"ListItem\",\"position\":1,\"name\":\"Home\",\"item\":\"https:\/\/www.allinclusivehotels.it\/fr\"},{\"@type\":\"ListItem\",\"position\":2,\"name\":\"Destinations\",\"item\":\"https:\/\/www.allinclusivehotels.it\/fr\/destinations\"},{\"@type\":\"ListItem\",\"position\":3,\"name\":\"Bellaria-Igea Marina\"}]},{\"@type\":\"WebSite\",\"@id\":\"https:\/\/www.allinclusivehotels.it\/fr#website\",\"url\":\"https:\/\/www.allinclusivehotels.it\/fr\",\"name\":\"All Inclusive Hotels\",\"description\":\"\",\"publisher\":{\"@id\":\"https:\/\/www.allinclusivehotels.it\/fr#organization\"},\"potentialAction\":[{\"@type\":\"SearchAction\",\"target\":{\"@type\":\"EntryPoint\",\"urlTemplate\":\"https:\/\/www.allinclusivehotels.it\/fr?s={search_term_string}\"},\"query-input\":{\"@type\":\"PropertyValueSpecification\",\"valueRequired\":true,\"valueName\":\"search_term_string\"}}],\"inLanguage\":\"fr-FR\"},{\"@type\":\"Organization\",\"@id\":\"https:\/\/www.allinclusivehotels.it\/fr#organization\",\"name\":\"All Inclusive Hotels\",\"url\":\"https:\/\/www.allinclusivehotels.it\/fr\",\"logo\":{\"@type\":\"ImageObject\",\"inLanguage\":\"fr-FR\",\"@id\":\"https:\/\/www.allinclusivehotels.it\/fr#\/schema\/logo\/image\/\",\"url\":\"\",\"contentUrl\":\"\",\"caption\":\"All Inclusive Hotels\"},\"image\":{\"@id\":\"https:\/\/www.allinclusivehotels.it\/fr#\/schema\/logo\/image\/\"}}]}<\/script>\n<!-- \/ Yoast SEO plugin. -->","yoast_head_json":{"title":"H\u00f4tel All Inclusive Bellaria Igea Marina: Offres H\u00f4tel pour les familles","description":"Vous cherchez un H\u00f4tel All Inclusive \u00e0 Bellaria Igea Marina? D\u00e9couvrez la plus grande s\u00e9lection d'h\u00f4tels tout compris!","robots":{"index":"index","follow":"follow","max-snippet":"max-snippet:-1","max-image-preview":"max-image-preview:large","max-video-preview":"max-video-preview:-1"},"canonical":"https:\/\/www.allinclusivehotels.it\/fr\/destinations\/bellaria-igea-marina","og_locale":"fr_FR","og_type":"article","og_title":"H\u00f4tel All Inclusive Bellaria Igea Marina: Offres H\u00f4tel pour les familles","og_description":"Vous cherchez un H\u00f4tel All Inclusive \u00e0 Bellaria Igea Marina? D\u00e9couvrez la plus grande s\u00e9lection d'h\u00f4tels tout compris!","og_url":"https:\/\/www.allinclusivehotels.it\/fr\/destinations\/bellaria-igea-marina","og_site_name":"All Inclusive Hotels","article_modified_time":"2022-04-12T08:47:51+00:00","twitter_card":"summary_large_image","twitter_misc":{"Dur\u00e9e de lecture estim\u00e9e":"3 minutes"},"schema":{"@context":"https:\/\/schema.org","@graph":[{"@type":"WebPage","@id":"https:\/\/www.allinclusivehotels.it\/fr\/destinations\/bellaria-igea-marina","url":"https:\/\/www.allinclusivehotels.it\/fr\/destinations\/bellaria-igea-marina","name":"H\u00f4tel All Inclusive Bellaria Igea Marina: Offres H\u00f4tel pour les familles","isPartOf":{"@id":"https:\/\/www.allinclusivehotels.it\/fr#website"},"datePublished":"2022-02-16T13:38:04+00:00","dateModified":"2022-04-12T08:47:51+00:00","description":"Vous cherchez un H\u00f4tel All Inclusive \u00e0 Bellaria Igea Marina? D\u00e9couvrez la plus grande s\u00e9lection d'h\u00f4tels tout compris!","breadcrumb":{"@id":"https:\/\/www.allinclusivehotels.it\/fr\/destinations\/bellaria-igea-marina#breadcrumb"},"inLanguage":"fr-FR","potentialAction":[{"@type":"ReadAction","target":["https:\/\/www.allinclusivehotels.it\/fr\/destinations\/bellaria-igea-marina"]}]},{"@type":"BreadcrumbList","@id":"https:\/\/www.allinclusivehotels.it\/fr\/destinations\/bellaria-igea-marina#breadcrumb","itemListElement":[{"@type":"ListItem","position":1,"name":"Home","item":"https:\/\/www.allinclusivehotels.it\/fr"},{"@type":"ListItem","position":2,"name":"Destinations","item":"https:\/\/www.allinclusivehotels.it\/fr\/destinations"},{"@type":"ListItem","position":3,"name":"Bellaria-Igea Marina"}]},{"@type":"WebSite","@id":"https:\/\/www.allinclusivehotels.it\/fr#website","url":"https:\/\/www.allinclusivehotels.it\/fr","name":"All Inclusive Hotels","description":"","publisher":{"@id":"https:\/\/www.allinclusivehotels.it\/fr#organization"},"potentialAction":[{"@type":"SearchAction","target":{"@type":"EntryPoint","urlTemplate":"https:\/\/www.allinclusivehotels.it\/fr?s={search_term_string}"},"query-input":{"@type":"PropertyValueSpecification","valueRequired":true,"valueName":"search_term_string"}}],"inLanguage":"fr-FR"},{"@type":"Organization","@id":"https:\/\/www.allinclusivehotels.it\/fr#organization","name":"All Inclusive Hotels","url":"https:\/\/www.allinclusivehotels.it\/fr","logo":{"@type":"ImageObject","inLanguage":"fr-FR","@id":"https:\/\/www.allinclusivehotels.it\/fr#\/schema\/logo\/image\/","url":"","contentUrl":"","caption":"All Inclusive Hotels"},"image":{"@id":"https:\/\/www.allinclusivehotels.it\/fr#\/schema\/logo\/image\/"}}]}},"_links":{"self":[{"href":"https:\/\/www.allinclusivehotels.it\/fr\/wp-json\/wp\/v2\/pages\/8171","targetHints":{"allow":["GET"]}}],"collection":[{"href":"https:\/\/www.allinclusivehotels.it\/fr\/wp-json\/wp\/v2\/pages"}],"about":[{"href":"https:\/\/www.allinclusivehotels.it\/fr\/wp-json\/wp\/v2\/types\/page"}],"author":[{"embeddable":true,"href":"https:\/\/www.allinclusivehotels.it\/fr\/wp-json\/wp\/v2\/users\/1"}],"replies":[{"embeddable":true,"href":"https:\/\/www.allinclusivehotels.it\/fr\/wp-json\/wp\/v2\/comments?post=8171"}],"version-history":[{"count":4,"href":"https:\/\/www.allinclusivehotels.it\/fr\/wp-json\/wp\/v2\/pages\/8171\/revisions"}],"predecessor-version":[{"id":18321,"href":"https:\/\/www.allinclusivehotels.it\/fr\/wp-json\/wp\/v2\/pages\/8171\/revisions\/18321"}],"up":[{"embeddable":true,"href":"https:\/\/www.allinclusivehotels.it\/fr\/wp-json\/wp\/v2\/pages\/8167"}],"wp:attachment":[{"href":"https:\/\/www.allinclusivehotels.it\/fr\/wp-json\/wp\/v2\/media?parent=8171"}],"curies":[{"name":"wp","href":"https:\/\/api.w.org\/{rel}","templated":true}]}}