{"id":8167,"date":"2022-02-16T14:38:02","date_gmt":"2022-02-16T13:38:02","guid":{"rendered":"https:\/\/www.allinclusivehotels.it\/destinations"},"modified":"2022-04-12T10:46:25","modified_gmt":"2022-04-12T08:46:25","slug":"destinations","status":"publish","type":"page","link":"https:\/\/www.allinclusivehotels.it\/fr\/destinations","title":{"rendered":"Destinations"},"content":{"rendered":"\n<p>Les <b>All Inclusive Hotels <\/b>sont de plus en plus nombreux en Italie. Gr\u00e2ce \u00e0 la qualit\u00e9 de leurs services, au professionnalisme de leurs \u00e9quipes et \u00e0 la transparence de leurs prix, ils attirent toujours plus de public.<\/p>\n\n\n\n<p>Ici les vacances commencent m\u00eame avant de partir, puisque les familles, les jeunes couples, les sportifs et les parents c\u00e9libataires savent d\u00e9j\u00e0 ce qu\u2019ils y trouveront et combien cela va leur co\u00fbter. Ce n\u2019est pas rien\u00a0! Il ne leur reste qu\u2019\u00e0 se d\u00e9tendre et se divertir gr\u00e2ce \u00e0 nos offres sur mesure, qui respirent la joie et le bien-\u00eatre.<\/p>\n\n\n\n<!--more-->\n\n\n\n<p>La philosophie qui r\u00e8gne dans les <b>All Inclusive Hotels<\/b> est celle du sourire et de l\u2019accueil chaleureux&nbsp;: le client est au centre de toutes les attentions afin qu\u2019il profite de vacances sous le signe du bonheur.<\/p>\n\n\n\n<h2 class=\"wp-block-heading\">Le charme du Bel Paese<\/h2>\n\n\n\n<p>Les offres de <b>All Inclusive Hotels<\/b> en Italie sont toujours plus nombreuses et de qualit\u00e9. Ainsi, le Bel Paese s\u2019adapte parfaitement aux go\u00fbts des \u00e9trangers, qui le consid\u00e8rent comme un lieu d\u2019une richesse incomparable. Alliant la beaut\u00e9 de la nature et de l\u2019art, l\u2019histoire, la culture, la tradition et \u0153nogastronomie, c\u2019est une destination o\u00f9 il faut aller au moins une fois dans la vie.<\/p>\n\n\n\n<h2 class=\"wp-block-heading\">Des services sur mesure et le plus grand confort au meilleur prix<\/h2>\n\n\n\n<p>Ceux qui choisissent des <b>vacances tout compris en Italie<\/b>, recherchent des services sur mesure, du divertissement, de la s\u00e9r\u00e9nit\u00e9 et du bien-\u00eatre&nbsp;: le plus grand confort au meilleur prix&nbsp;! Nos h\u00f4tes re\u00e7oivent beaucoup d\u2019attention. Gr\u00e2ce \u00e0 des offres qui mettent en lumi\u00e8re \u00e0\/diff\u00e9rents aspect du territoire pour un s\u00e9jour encore plus agr\u00e9able, les <b>All Inclusive Hotels Italie<\/b> sont sans doute le meilleur choix&nbsp;!<\/p>\n\n\n\n<h2 class=\"wp-block-heading\">Mer ou montagne&nbsp;?<\/h2>\n\n\n\n<p>Nos h\u00f4tels et villages touristiques proposent des <b>vacances tout compris<\/b> dans les plus belles localit\u00e9s d\u2019Italie, avec des offres destin\u00e9es aux couples, aux familles et aux sportifs.<\/p>\n\n\n\n<p>Seulement les <b>All Inclusive Hotels Italie disposent d\u2019un aussi large choix de structures avec un forfait tout compris, sous le signe du professionnalisme, du sourire et de la courtoisie. La richesse et beaut\u00e9 ses destinations sont une valeur s\u00fbre de notre consortium d\u2019h\u00f4tels et de villages&nbsp;: des plages de la V\u00e9n\u00e9tie \u00e0 la Sardaigne, en passant par la Romagne, les Marches, les Pouilles, la Calabre et la Sicile. Sans oublier les montagnes et les littoraux de la Toscane. <\/b><\/p>\n\n\n\n<h2 class=\"wp-block-heading\">\u00c0 la d\u00e9couverte du territoire<\/h2>\n\n\n\n<p>Un s\u00e9jour All Inclusive dans une de ces destinations conjugue le plaisir des vacances \u00e0 la d\u00e9couverte d\u2019un territoire unique, source in\u00e9puisable d\u2019histoire, de nature, d\u2019art, de culture, de saveurs et de traditions.<\/p>\n\n\n\n<p>Une exp\u00e9rience \u00e0 360\u00b0 degr\u00e9s, au sein de structures de qualit\u00e9, chaleureuses et accueillantes, pour un public toujours plus exigeant et appr\u00e9ciant les choses faites avec passion.<\/p>\n","protected":false},"excerpt":{"rendered":"<p>Les All Inclusive Hotels sont de plus en plus nombreux en Italie. Gr\u00e2ce \u00e0 la &hellip;<\/p>\n","protected":false},"author":1,"featured_media":0,"parent":0,"menu_order":0,"comment_status":"closed","ping_status":"closed","template":"page-templates\/lista_destinazioni.php","meta":{"_acf_changed":false,"footnotes":""},"class_list":["post-8167","page","type-page","status-publish","hentry"],"acf":[],"yoast_head":"<!-- This site is optimized with the Yoast SEO plugin v27.0 - https:\/\/yoast.com\/product\/yoast-seo-wordpress\/ -->\n<title>H\u00f4tels All Inclusive Italie | Vacances tout compris en Italie<\/title>\n<meta name=\"description\" content=\"Cherchez-vous des H\u00f4tels All Inclusive en Italie? D\u00e9couvrez la plus grande s\u00e9lection d&#039;h\u00f4tels tout compris en Italie. Voyez les offres!\" \/>\n<meta name=\"robots\" content=\"index, follow, max-snippet:-1, max-image-preview:large, max-video-preview:-1\" \/>\n<link rel=\"canonical\" href=\"https:\/\/www.allinclusivehotels.it\/fr\/destinations\" \/>\n<meta property=\"og:locale\" content=\"fr_FR\" \/>\n<meta property=\"og:type\" content=\"article\" \/>\n<meta property=\"og:title\" content=\"H\u00f4tels All Inclusive Italie | Vacances tout compris en Italie\" \/>\n<meta property=\"og:description\" content=\"Cherchez-vous des H\u00f4tels All Inclusive en Italie? D\u00e9couvrez la plus grande s\u00e9lection d&#039;h\u00f4tels tout compris en Italie. Voyez les offres!\" \/>\n<meta property=\"og:url\" content=\"https:\/\/www.allinclusivehotels.it\/fr\/destinations\" \/>\n<meta property=\"og:site_name\" content=\"All Inclusive Hotels\" \/>\n<meta property=\"article:modified_time\" content=\"2022-04-12T08:46:25+00:00\" \/>\n<meta name=\"twitter:card\" content=\"summary_large_image\" \/>\n<meta name=\"twitter:label1\" content=\"Dur\u00e9e de lecture estim\u00e9e\" \/>\n\t<meta name=\"twitter:data1\" content=\"3 minutes\" \/>\n<script type=\"application\/ld+json\" class=\"yoast-schema-graph\">{\"@context\":\"https:\/\/schema.org\",\"@graph\":[{\"@type\":\"WebPage\",\"@id\":\"https:\/\/www.allinclusivehotels.it\/fr\/destinations\",\"url\":\"https:\/\/www.allinclusivehotels.it\/fr\/destinations\",\"name\":\"H\u00f4tels All Inclusive Italie | Vacances tout compris en Italie\",\"isPartOf\":{\"@id\":\"https:\/\/www.allinclusivehotels.it\/fr#website\"},\"datePublished\":\"2022-02-16T13:38:02+00:00\",\"dateModified\":\"2022-04-12T08:46:25+00:00\",\"description\":\"Cherchez-vous des H\u00f4tels All Inclusive en Italie? D\u00e9couvrez la plus grande s\u00e9lection d'h\u00f4tels tout compris en Italie. Voyez les offres!\",\"breadcrumb\":{\"@id\":\"https:\/\/www.allinclusivehotels.it\/fr\/destinations#breadcrumb\"},\"inLanguage\":\"fr-FR\",\"potentialAction\":[{\"@type\":\"ReadAction\",\"target\":[\"https:\/\/www.allinclusivehotels.it\/fr\/destinations\"]}]},{\"@type\":\"BreadcrumbList\",\"@id\":\"https:\/\/www.allinclusivehotels.it\/fr\/destinations#breadcrumb\",\"itemListElement\":[{\"@type\":\"ListItem\",\"position\":1,\"name\":\"Home\",\"item\":\"https:\/\/www.allinclusivehotels.it\/fr\"},{\"@type\":\"ListItem\",\"position\":2,\"name\":\"Destinations\"}]},{\"@type\":\"WebSite\",\"@id\":\"https:\/\/www.allinclusivehotels.it\/fr#website\",\"url\":\"https:\/\/www.allinclusivehotels.it\/fr\",\"name\":\"All Inclusive Hotels\",\"description\":\"\",\"publisher\":{\"@id\":\"https:\/\/www.allinclusivehotels.it\/fr#organization\"},\"potentialAction\":[{\"@type\":\"SearchAction\",\"target\":{\"@type\":\"EntryPoint\",\"urlTemplate\":\"https:\/\/www.allinclusivehotels.it\/fr?s={search_term_string}\"},\"query-input\":{\"@type\":\"PropertyValueSpecification\",\"valueRequired\":true,\"valueName\":\"search_term_string\"}}],\"inLanguage\":\"fr-FR\"},{\"@type\":\"Organization\",\"@id\":\"https:\/\/www.allinclusivehotels.it\/fr#organization\",\"name\":\"All Inclusive Hotels\",\"url\":\"https:\/\/www.allinclusivehotels.it\/fr\",\"logo\":{\"@type\":\"ImageObject\",\"inLanguage\":\"fr-FR\",\"@id\":\"https:\/\/www.allinclusivehotels.it\/fr#\/schema\/logo\/image\/\",\"url\":\"\",\"contentUrl\":\"\",\"caption\":\"All Inclusive Hotels\"},\"image\":{\"@id\":\"https:\/\/www.allinclusivehotels.it\/fr#\/schema\/logo\/image\/\"}}]}<\/script>\n<!-- \/ Yoast SEO plugin. -->","yoast_head_json":{"title":"H\u00f4tels All Inclusive Italie | Vacances tout compris en Italie","description":"Cherchez-vous des H\u00f4tels All Inclusive en Italie? D\u00e9couvrez la plus grande s\u00e9lection d'h\u00f4tels tout compris en Italie. Voyez les offres!","robots":{"index":"index","follow":"follow","max-snippet":"max-snippet:-1","max-image-preview":"max-image-preview:large","max-video-preview":"max-video-preview:-1"},"canonical":"https:\/\/www.allinclusivehotels.it\/fr\/destinations","og_locale":"fr_FR","og_type":"article","og_title":"H\u00f4tels All Inclusive Italie | Vacances tout compris en Italie","og_description":"Cherchez-vous des H\u00f4tels All Inclusive en Italie? D\u00e9couvrez la plus grande s\u00e9lection d'h\u00f4tels tout compris en Italie. Voyez les offres!","og_url":"https:\/\/www.allinclusivehotels.it\/fr\/destinations","og_site_name":"All Inclusive Hotels","article_modified_time":"2022-04-12T08:46:25+00:00","twitter_card":"summary_large_image","twitter_misc":{"Dur\u00e9e de lecture estim\u00e9e":"3 minutes"},"schema":{"@context":"https:\/\/schema.org","@graph":[{"@type":"WebPage","@id":"https:\/\/www.allinclusivehotels.it\/fr\/destinations","url":"https:\/\/www.allinclusivehotels.it\/fr\/destinations","name":"H\u00f4tels All Inclusive Italie | Vacances tout compris en Italie","isPartOf":{"@id":"https:\/\/www.allinclusivehotels.it\/fr#website"},"datePublished":"2022-02-16T13:38:02+00:00","dateModified":"2022-04-12T08:46:25+00:00","description":"Cherchez-vous des H\u00f4tels All Inclusive en Italie? D\u00e9couvrez la plus grande s\u00e9lection d'h\u00f4tels tout compris en Italie. Voyez les offres!","breadcrumb":{"@id":"https:\/\/www.allinclusivehotels.it\/fr\/destinations#breadcrumb"},"inLanguage":"fr-FR","potentialAction":[{"@type":"ReadAction","target":["https:\/\/www.allinclusivehotels.it\/fr\/destinations"]}]},{"@type":"BreadcrumbList","@id":"https:\/\/www.allinclusivehotels.it\/fr\/destinations#breadcrumb","itemListElement":[{"@type":"ListItem","position":1,"name":"Home","item":"https:\/\/www.allinclusivehotels.it\/fr"},{"@type":"ListItem","position":2,"name":"Destinations"}]},{"@type":"WebSite","@id":"https:\/\/www.allinclusivehotels.it\/fr#website","url":"https:\/\/www.allinclusivehotels.it\/fr","name":"All Inclusive Hotels","description":"","publisher":{"@id":"https:\/\/www.allinclusivehotels.it\/fr#organization"},"potentialAction":[{"@type":"SearchAction","target":{"@type":"EntryPoint","urlTemplate":"https:\/\/www.allinclusivehotels.it\/fr?s={search_term_string}"},"query-input":{"@type":"PropertyValueSpecification","valueRequired":true,"valueName":"search_term_string"}}],"inLanguage":"fr-FR"},{"@type":"Organization","@id":"https:\/\/www.allinclusivehotels.it\/fr#organization","name":"All Inclusive Hotels","url":"https:\/\/www.allinclusivehotels.it\/fr","logo":{"@type":"ImageObject","inLanguage":"fr-FR","@id":"https:\/\/www.allinclusivehotels.it\/fr#\/schema\/logo\/image\/","url":"","contentUrl":"","caption":"All Inclusive Hotels"},"image":{"@id":"https:\/\/www.allinclusivehotels.it\/fr#\/schema\/logo\/image\/"}}]}},"_links":{"self":[{"href":"https:\/\/www.allinclusivehotels.it\/fr\/wp-json\/wp\/v2\/pages\/8167","targetHints":{"allow":["GET"]}}],"collection":[{"href":"https:\/\/www.allinclusivehotels.it\/fr\/wp-json\/wp\/v2\/pages"}],"about":[{"href":"https:\/\/www.allinclusivehotels.it\/fr\/wp-json\/wp\/v2\/types\/page"}],"author":[{"embeddable":true,"href":"https:\/\/www.allinclusivehotels.it\/fr\/wp-json\/wp\/v2\/users\/1"}],"replies":[{"embeddable":true,"href":"https:\/\/www.allinclusivehotels.it\/fr\/wp-json\/wp\/v2\/comments?post=8167"}],"version-history":[{"count":4,"href":"https:\/\/www.allinclusivehotels.it\/fr\/wp-json\/wp\/v2\/pages\/8167\/revisions"}],"predecessor-version":[{"id":18317,"href":"https:\/\/www.allinclusivehotels.it\/fr\/wp-json\/wp\/v2\/pages\/8167\/revisions\/18317"}],"wp:attachment":[{"href":"https:\/\/www.allinclusivehotels.it\/fr\/wp-json\/wp\/v2\/media?parent=8167"}],"curies":[{"name":"wp","href":"https:\/\/api.w.org\/{rel}","templated":true}]}}