{"id":7938,"date":"2022-02-16T11:19:44","date_gmt":"2022-02-16T10:19:44","guid":{"rendered":"https:\/\/www.allinclusivehotels.it\/hotels\/hotel-la-baia-2"},"modified":"2024-12-09T13:17:13","modified_gmt":"2024-12-09T12:17:13","slug":"hotel-la-baia","status":"publish","type":"page","link":"https:\/\/www.allinclusivehotels.it\/fr\/hotels\/hotel-la-baia","title":{"rendered":"Hotel La Baia"},"content":{"rendered":"\n<p>L\u2019<strong>Hotel La Baia<\/strong> de <strong>Diano Marina <\/strong>se situe sur une <strong>plage<\/strong> priv\u00e9e dot\u00e9e de 32&nbsp;parasols \u00e9loign\u00e9s les uns des autres, vous y trouverez une <strong>aire de jeux<\/strong> s\u00e9curis\u00e9e pour les plus petits (cl\u00f4tur\u00e9e et ombrag\u00e9e) et une mer aux eaux limpides o\u00f9 nager sous l\u2019\u0153il vigilant du ma\u00eetre-nageur.<\/p>\n\n\n\n<p>Pour les enfants <strong>\u00e0 partir de 3\u00a0ans, 12\u00a0heures d\u2019animations par jour sont pr\u00e9vues \u00e0 la plage comme \u00e0 l\u2019h\u00f4tel<\/strong>, avec des ateliers ludiques et cr\u00e9atifs, des mini-cours de cuisine, des spectacles et des soir\u00e9es \u00e0 th\u00e8me telle que soir\u00e9e indienne, cin\u00e9ma, burger, Pizza Party et Nuit des v\u0153ux. Vous trouverez aussi d\u2019<strong>adorables baby-sitter<\/strong> qui prendront soin de vos <strong>b\u00e9b\u00e9s de 1\u00a0\u00e0\u00a02\u00a0ans<\/strong> pendant les repas.<\/p>\n\n\n\n<!--more-->\n\n\n\n<p><b>L\u2019\u00cele de Jack&amp;<\/b><\/p>\n\n\n\n<p><strong>L\u2019\u00cele de Jack&amp;Tippy, <\/strong>le royaume de nos&nbsp;<strong>deux&nbsp;mascottes,<\/strong> est une salle de jeux con\u00e7ue exclusivement pour les enfants., Nous poss\u00e9dons \u00e9galement&nbsp; une&nbsp;<strong>aire de jeux en ext\u00e9rieur<\/strong>&nbsp;avec tapis de s\u00e9curit\u00e9 pour les enfants, une \u00eele d\u00e9di\u00e9e aux b\u00e9b\u00e9s, un trampoline, une table de ping-pong, un baby-foot et une grande table \u00e0 l\u2019ombre o\u00f9&nbsp;<strong>les enfants pourront d\u00e9jeuner avec l\u2019\u00e9quipe d\u2019animateurs<\/strong>&nbsp;et participer \u00e0 des activit\u00e9s.<\/p>\n\n\n\n<hr class=\"wp-block-separator has-alpha-channel-opacity\"\/>\n\n\n\n<p>Pendant que vos enfants s\u2019amuseront, vous pourrez explorer le golfe de Diano sur une&nbsp;<strong>Vespa aux couleurs de l\u2019h\u00f4tel<\/strong>, vous d\u00e9tendre \u00e0 la plage et go\u00fbter \u00e0 l\u2019excellente cuisine qui fait la r\u00e9putation de notre h\u00f4telba<\/p>\n\n\n\n<p>Nous avons assez de places de parking pour chacun de nos clients.Vous n\u2019aurez jamais \u00e0 vous batailler pour trouver une place.<\/p>\n\n\n\n<hr class=\"wp-block-separator has-alpha-channel-opacity\"\/>\n\n\n\n<p><\/p>\n","protected":false},"excerpt":{"rendered":"<p>L\u2019Hotel La Baia de Diano Marina se situe sur une plage priv\u00e9e dot\u00e9e de 32&nbsp;parasols &hellip;<\/p>\n","protected":false},"author":1,"featured_media":0,"parent":8241,"menu_order":0,"comment_status":"closed","ping_status":"closed","template":"page-templates\/scheda_hotel.php","meta":{"_acf_changed":false,"footnotes":""},"class_list":["post-7938","page","type-page","status-publish","hentry"],"acf":[],"yoast_head":"<!-- This site is optimized with the Yoast SEO plugin v27.0 - https:\/\/yoast.com\/product\/yoast-seo-wordpress\/ -->\n<title>Offres All Inclusive de La Baia Hotel \u00e0 Diano Marina<\/title>\n<meta name=\"description\" content=\"Envie de vacances\u00a0? D\u00e9couvrez les offres All Inclusive et les formules family tout compris de La Baia Hotel \u00e0 Diano Marina\u00a0!\" \/>\n<meta name=\"robots\" content=\"index, follow, max-snippet:-1, max-image-preview:large, max-video-preview:-1\" \/>\n<link rel=\"canonical\" href=\"https:\/\/www.allinclusivehotels.it\/fr\/hotels\/hotel-la-baia\" \/>\n<meta property=\"og:locale\" content=\"fr_FR\" \/>\n<meta property=\"og:type\" content=\"article\" \/>\n<meta property=\"og:title\" content=\"Offres All Inclusive de La Baia Hotel \u00e0 Diano Marina\" \/>\n<meta property=\"og:description\" content=\"Envie de vacances\u00a0? D\u00e9couvrez les offres All Inclusive et les formules family tout compris de La Baia Hotel \u00e0 Diano Marina\u00a0!\" \/>\n<meta property=\"og:url\" content=\"https:\/\/www.allinclusivehotels.it\/fr\/hotels\/hotel-la-baia\" \/>\n<meta property=\"og:site_name\" content=\"All Inclusive Hotels\" \/>\n<meta property=\"article:modified_time\" content=\"2024-12-09T12:17:13+00:00\" \/>\n<meta name=\"twitter:card\" content=\"summary_large_image\" \/>\n<meta name=\"twitter:label1\" content=\"Dur\u00e9e de lecture estim\u00e9e\" \/>\n\t<meta name=\"twitter:data1\" content=\"2 minutes\" \/>\n<script type=\"application\/ld+json\" class=\"yoast-schema-graph\">{\"@context\":\"https:\/\/schema.org\",\"@graph\":[{\"@type\":\"WebPage\",\"@id\":\"https:\/\/www.allinclusivehotels.it\/fr\/hotels\/hotel-la-baia\",\"url\":\"https:\/\/www.allinclusivehotels.it\/fr\/hotels\/hotel-la-baia\",\"name\":\"Offres All Inclusive de La Baia Hotel \u00e0 Diano Marina\",\"isPartOf\":{\"@id\":\"https:\/\/www.allinclusivehotels.it\/fr#website\"},\"datePublished\":\"2022-02-16T10:19:44+00:00\",\"dateModified\":\"2024-12-09T12:17:13+00:00\",\"description\":\"Envie de vacances\u00a0? D\u00e9couvrez les offres All Inclusive et les formules family tout compris de La Baia Hotel \u00e0 Diano Marina\u00a0!\",\"breadcrumb\":{\"@id\":\"https:\/\/www.allinclusivehotels.it\/fr\/hotels\/hotel-la-baia#breadcrumb\"},\"inLanguage\":\"fr-FR\",\"potentialAction\":[{\"@type\":\"ReadAction\",\"target\":[\"https:\/\/www.allinclusivehotels.it\/fr\/hotels\/hotel-la-baia\"]}]},{\"@type\":\"BreadcrumbList\",\"@id\":\"https:\/\/www.allinclusivehotels.it\/fr\/hotels\/hotel-la-baia#breadcrumb\",\"itemListElement\":[{\"@type\":\"ListItem\",\"position\":1,\"name\":\"Home\",\"item\":\"https:\/\/www.allinclusivehotels.it\/fr\"},{\"@type\":\"ListItem\",\"position\":2,\"name\":\"H\u00f4tels\",\"item\":\"https:\/\/www.allinclusivehotels.it\/fr\/hotels\"},{\"@type\":\"ListItem\",\"position\":3,\"name\":\"Hotel La Baia\"}]},{\"@type\":\"WebSite\",\"@id\":\"https:\/\/www.allinclusivehotels.it\/fr#website\",\"url\":\"https:\/\/www.allinclusivehotels.it\/fr\",\"name\":\"All Inclusive Hotels\",\"description\":\"\",\"publisher\":{\"@id\":\"https:\/\/www.allinclusivehotels.it\/fr#organization\"},\"potentialAction\":[{\"@type\":\"SearchAction\",\"target\":{\"@type\":\"EntryPoint\",\"urlTemplate\":\"https:\/\/www.allinclusivehotels.it\/fr?s={search_term_string}\"},\"query-input\":{\"@type\":\"PropertyValueSpecification\",\"valueRequired\":true,\"valueName\":\"search_term_string\"}}],\"inLanguage\":\"fr-FR\"},{\"@type\":\"Organization\",\"@id\":\"https:\/\/www.allinclusivehotels.it\/fr#organization\",\"name\":\"All Inclusive Hotels\",\"url\":\"https:\/\/www.allinclusivehotels.it\/fr\",\"logo\":{\"@type\":\"ImageObject\",\"inLanguage\":\"fr-FR\",\"@id\":\"https:\/\/www.allinclusivehotels.it\/fr#\/schema\/logo\/image\/\",\"url\":\"\",\"contentUrl\":\"\",\"caption\":\"All Inclusive Hotels\"},\"image\":{\"@id\":\"https:\/\/www.allinclusivehotels.it\/fr#\/schema\/logo\/image\/\"}}]}<\/script>\n<!-- \/ Yoast SEO plugin. -->","yoast_head_json":{"title":"Offres All Inclusive de La Baia Hotel \u00e0 Diano Marina","description":"Envie de vacances\u00a0? D\u00e9couvrez les offres All Inclusive et les formules family tout compris de La Baia Hotel \u00e0 Diano Marina\u00a0!","robots":{"index":"index","follow":"follow","max-snippet":"max-snippet:-1","max-image-preview":"max-image-preview:large","max-video-preview":"max-video-preview:-1"},"canonical":"https:\/\/www.allinclusivehotels.it\/fr\/hotels\/hotel-la-baia","og_locale":"fr_FR","og_type":"article","og_title":"Offres All Inclusive de La Baia Hotel \u00e0 Diano Marina","og_description":"Envie de vacances\u00a0? D\u00e9couvrez les offres All Inclusive et les formules family tout compris de La Baia Hotel \u00e0 Diano Marina\u00a0!","og_url":"https:\/\/www.allinclusivehotels.it\/fr\/hotels\/hotel-la-baia","og_site_name":"All Inclusive Hotels","article_modified_time":"2024-12-09T12:17:13+00:00","twitter_card":"summary_large_image","twitter_misc":{"Dur\u00e9e de lecture estim\u00e9e":"2 minutes"},"schema":{"@context":"https:\/\/schema.org","@graph":[{"@type":"WebPage","@id":"https:\/\/www.allinclusivehotels.it\/fr\/hotels\/hotel-la-baia","url":"https:\/\/www.allinclusivehotels.it\/fr\/hotels\/hotel-la-baia","name":"Offres All Inclusive de La Baia Hotel \u00e0 Diano Marina","isPartOf":{"@id":"https:\/\/www.allinclusivehotels.it\/fr#website"},"datePublished":"2022-02-16T10:19:44+00:00","dateModified":"2024-12-09T12:17:13+00:00","description":"Envie de vacances\u00a0? D\u00e9couvrez les offres All Inclusive et les formules family tout compris de La Baia Hotel \u00e0 Diano Marina\u00a0!","breadcrumb":{"@id":"https:\/\/www.allinclusivehotels.it\/fr\/hotels\/hotel-la-baia#breadcrumb"},"inLanguage":"fr-FR","potentialAction":[{"@type":"ReadAction","target":["https:\/\/www.allinclusivehotels.it\/fr\/hotels\/hotel-la-baia"]}]},{"@type":"BreadcrumbList","@id":"https:\/\/www.allinclusivehotels.it\/fr\/hotels\/hotel-la-baia#breadcrumb","itemListElement":[{"@type":"ListItem","position":1,"name":"Home","item":"https:\/\/www.allinclusivehotels.it\/fr"},{"@type":"ListItem","position":2,"name":"H\u00f4tels","item":"https:\/\/www.allinclusivehotels.it\/fr\/hotels"},{"@type":"ListItem","position":3,"name":"Hotel La Baia"}]},{"@type":"WebSite","@id":"https:\/\/www.allinclusivehotels.it\/fr#website","url":"https:\/\/www.allinclusivehotels.it\/fr","name":"All Inclusive Hotels","description":"","publisher":{"@id":"https:\/\/www.allinclusivehotels.it\/fr#organization"},"potentialAction":[{"@type":"SearchAction","target":{"@type":"EntryPoint","urlTemplate":"https:\/\/www.allinclusivehotels.it\/fr?s={search_term_string}"},"query-input":{"@type":"PropertyValueSpecification","valueRequired":true,"valueName":"search_term_string"}}],"inLanguage":"fr-FR"},{"@type":"Organization","@id":"https:\/\/www.allinclusivehotels.it\/fr#organization","name":"All Inclusive Hotels","url":"https:\/\/www.allinclusivehotels.it\/fr","logo":{"@type":"ImageObject","inLanguage":"fr-FR","@id":"https:\/\/www.allinclusivehotels.it\/fr#\/schema\/logo\/image\/","url":"","contentUrl":"","caption":"All Inclusive Hotels"},"image":{"@id":"https:\/\/www.allinclusivehotels.it\/fr#\/schema\/logo\/image\/"}}]}},"_links":{"self":[{"href":"https:\/\/www.allinclusivehotels.it\/fr\/wp-json\/wp\/v2\/pages\/7938","targetHints":{"allow":["GET"]}}],"collection":[{"href":"https:\/\/www.allinclusivehotels.it\/fr\/wp-json\/wp\/v2\/pages"}],"about":[{"href":"https:\/\/www.allinclusivehotels.it\/fr\/wp-json\/wp\/v2\/types\/page"}],"author":[{"embeddable":true,"href":"https:\/\/www.allinclusivehotels.it\/fr\/wp-json\/wp\/v2\/users\/1"}],"replies":[{"embeddable":true,"href":"https:\/\/www.allinclusivehotels.it\/fr\/wp-json\/wp\/v2\/comments?post=7938"}],"version-history":[{"count":5,"href":"https:\/\/www.allinclusivehotels.it\/fr\/wp-json\/wp\/v2\/pages\/7938\/revisions"}],"predecessor-version":[{"id":40498,"href":"https:\/\/www.allinclusivehotels.it\/fr\/wp-json\/wp\/v2\/pages\/7938\/revisions\/40498"}],"up":[{"embeddable":true,"href":"https:\/\/www.allinclusivehotels.it\/fr\/wp-json\/wp\/v2\/pages\/8241"}],"wp:attachment":[{"href":"https:\/\/www.allinclusivehotels.it\/fr\/wp-json\/wp\/v2\/media?parent=7938"}],"curies":[{"name":"wp","href":"https:\/\/api.w.org\/{rel}","templated":true}]}}