{"id":7924,"date":"2022-02-16T09:48:56","date_gmt":"2022-02-16T08:48:56","guid":{"rendered":"https:\/\/www.allinclusivehotels.it\/hotels\/hotel-gambrinus-2"},"modified":"2026-03-05T13:09:18","modified_gmt":"2026-03-05T12:09:18","slug":"hotel-gambrinus","status":"publish","type":"page","link":"https:\/\/www.allinclusivehotels.it\/fr\/hotels\/hotel-gambrinus","title":{"rendered":"Hotel Gambrinus &#8211; Valentini Family Village"},"content":{"rendered":"\n<p>\u00c0 l\u2019<strong>Hotel Gambrinus<\/strong>\u00a0de\u00a0<strong>Bellaria-Igea<\/strong>\u00a0<strong>Marina\u00a0<\/strong>le divertissement est garanti quel que soit votre \u00e2ge : animations et activit\u00e9s organis\u00e9es par notre \u00e9quipe professionnelle, soir\u00e9es \u00e0 th\u00e8me, aires de jeux&#8230;  L\u2019<strong>acc\u00e8s direct<\/strong> \u00e0 la <strong>plage priv\u00e9e<\/strong> et \u00e0 la <strong>piscine de l\u2019h\u00f4tel<\/strong> est synonyme de vacances r\u00e9ussies.<\/p>\n\n\n\n<!--more-->\n\n\n\n<p>Notre <strong>\u00e9quipe d\u2019animateurs<\/strong> s&#8217;occupera de vos enfants <strong>\u00e0 partir de 4 ans<\/strong>. Vos petits vacanciers pourront participer \u00e0 des <strong>activit\u00e9s \u00e0 la plage comme \u00e0 l\u2019h\u00f4tel<\/strong> : karaoke, cuisine et chasse au tr\u00e9sor. L&#8217;\u00e9tablissement offre \u00e9galement de nombreux services :\u00a0<strong>baby bag<\/strong>\u00a0avec encas \u00e0 savourer au bord de l&#8217;eau, <strong>go\u00fbter<\/strong> de l\u2019apr\u00e8s-midi,\u00a0<strong>aire de jeux<\/strong>,\u00a0<strong>piscine <\/strong>avec petit bassin,\u00a0<strong>poussettes<\/strong>,\u00a0<strong>si\u00e8ges enfants pour v\u00e9los<\/strong>,\u00a0<strong>menus<\/strong> <strong>enfants<\/strong>, horaires de repas flexibles, possibilit\u00e9 de faire appel \u00e0 une\u00a0<strong>nounou\u00a0<\/strong>ou de consulter un\u00a0<strong>p\u00e9diatre<\/strong>. Pendant la journ\u00e9e, vos enfants pourront se d\u00e9salt\u00e9rer avec les d\u00e9licieux jus de fruits du\u00a0<strong>Food&amp;Fun Corner<\/strong>. Le soir ils pourront se r\u00e9galer avec nos beignets, glaces, pop-corn, bonbons et granit\u00e9s.<\/p>\n\n\n\n<p>Si votre enfant a moins de 4 ans, les \u00e9ducateurs professionnels de la <strong>cr\u00e8che de l\u2019h\u00f4tel <\/strong>les occuperont avec des exercices ludiques pendant que vous vous d\u00e9tendrez \u00e0 la\u00a0<strong>plage\u00a0<\/strong>ou \u00e0 la\u00a0<strong>piscine<\/strong>.<\/p>\n\n\n\n<p>Pour bien commencer la journ\u00e9e, vous pourrez vous servir sur notre  <strong>buffet<\/strong>, ce dernier est compos\u00e9 d&#8217;une large s\u00e9lection d&#8217;options sucr\u00e9es et sal\u00e9es (crostate, cr\u00eapes, pancakes, jus de fruits centrifug\u00e9s, \u0153ufs et bacon, fruits frais&#8230;).<strong> Au d\u00e9jeuner comme au d\u00eener<\/strong> vous pourrez d\u00e9couvrir des sp\u00e9cialit\u00e9s romagnoles \u00e0 la carte et admirer la magnifique vue sur la mer. Un <strong>d\u00eener \u00e0 th\u00e8me\u00a0<\/strong>est \u00e9galement organis\u00e9 chaque semaine.<\/p>\n\n\n\n<p>Si <strong>vous voulez vartier les plaisirs <\/strong>et go\u00fbter LE plat \u00e9mbl\u00e9matique de la Romagne , rendez-vous au\u00a0<strong>L\u00e0s\u2019 chi g\u00f4da<\/strong>. Vous pourrez y go\u00fbter de d\u00e9licieuses <strong>piadines romagnoles<\/strong>. Chaque lundi, vos enfants pourront d\u00e9jeuner et d\u00eener avec les animateurs. Ils pourront aussi participer \u00e0 des ateliers, regarder des films et jouer \u00e0 des jeux adapt\u00e9s \u00e0 leur \u00e2ge tout au long de la semaine.<\/p>\n","protected":false},"excerpt":{"rendered":"<p>\u00c0 l\u2019Hotel Gambrinus\u00a0de\u00a0Bellaria-Igea\u00a0Marina\u00a0le divertissement est garanti quel que soit votre \u00e2ge : animations et activit\u00e9s &hellip;<\/p>\n","protected":false},"author":1,"featured_media":0,"parent":8241,"menu_order":0,"comment_status":"closed","ping_status":"closed","template":"page-templates\/scheda_hotel.php","meta":{"_acf_changed":false,"footnotes":""},"class_list":["post-7924","page","type-page","status-publish","hentry"],"acf":[],"yoast_head":"<!-- This site is optimized with the Yoast SEO plugin v27.0 - https:\/\/yoast.com\/product\/yoast-seo-wordpress\/ -->\n<title>Offres All Inclusive de l&#039;H\u00f4tel Gambrinus \u00e0 Bellaria Igea Marina<\/title>\n<meta name=\"description\" content=\"Vacances tout compris en Italie? D\u00e9couvrez les forfaits All Inclusive de l&#039;H\u00f4tel Gambrinus \u00e0 Bellaria Igea Marina\" \/>\n<meta name=\"robots\" content=\"index, follow, max-snippet:-1, max-image-preview:large, max-video-preview:-1\" \/>\n<link rel=\"canonical\" href=\"https:\/\/www.allinclusivehotels.it\/fr\/hotels\/hotel-gambrinus\" \/>\n<meta property=\"og:locale\" content=\"fr_FR\" \/>\n<meta property=\"og:type\" content=\"article\" \/>\n<meta property=\"og:title\" content=\"Offres All Inclusive de l&#039;H\u00f4tel Gambrinus \u00e0 Bellaria Igea Marina\" \/>\n<meta property=\"og:description\" content=\"Vacances tout compris en Italie? D\u00e9couvrez les forfaits All Inclusive de l&#039;H\u00f4tel Gambrinus \u00e0 Bellaria Igea Marina\" \/>\n<meta property=\"og:url\" content=\"https:\/\/www.allinclusivehotels.it\/fr\/hotels\/hotel-gambrinus\" \/>\n<meta property=\"og:site_name\" content=\"All Inclusive Hotels\" \/>\n<meta property=\"article:modified_time\" content=\"2026-03-05T12:09:18+00:00\" \/>\n<meta name=\"twitter:card\" content=\"summary_large_image\" \/>\n<meta name=\"twitter:label1\" content=\"Dur\u00e9e de lecture estim\u00e9e\" \/>\n\t<meta name=\"twitter:data1\" content=\"2 minutes\" \/>\n<script type=\"application\/ld+json\" class=\"yoast-schema-graph\">{\"@context\":\"https:\/\/schema.org\",\"@graph\":[{\"@type\":\"WebPage\",\"@id\":\"https:\/\/www.allinclusivehotels.it\/fr\/hotels\/hotel-gambrinus\",\"url\":\"https:\/\/www.allinclusivehotels.it\/fr\/hotels\/hotel-gambrinus\",\"name\":\"Offres All Inclusive de l'H\u00f4tel Gambrinus \u00e0 Bellaria Igea Marina\",\"isPartOf\":{\"@id\":\"https:\/\/www.allinclusivehotels.it\/fr#website\"},\"datePublished\":\"2022-02-16T08:48:56+00:00\",\"dateModified\":\"2026-03-05T12:09:18+00:00\",\"description\":\"Vacances tout compris en Italie? D\u00e9couvrez les forfaits All Inclusive de l'H\u00f4tel Gambrinus \u00e0 Bellaria Igea Marina\",\"breadcrumb\":{\"@id\":\"https:\/\/www.allinclusivehotels.it\/fr\/hotels\/hotel-gambrinus#breadcrumb\"},\"inLanguage\":\"fr-FR\",\"potentialAction\":[{\"@type\":\"ReadAction\",\"target\":[\"https:\/\/www.allinclusivehotels.it\/fr\/hotels\/hotel-gambrinus\"]}]},{\"@type\":\"BreadcrumbList\",\"@id\":\"https:\/\/www.allinclusivehotels.it\/fr\/hotels\/hotel-gambrinus#breadcrumb\",\"itemListElement\":[{\"@type\":\"ListItem\",\"position\":1,\"name\":\"Home\",\"item\":\"https:\/\/www.allinclusivehotels.it\/fr\"},{\"@type\":\"ListItem\",\"position\":2,\"name\":\"H\u00f4tels\",\"item\":\"https:\/\/www.allinclusivehotels.it\/fr\/hotels\"},{\"@type\":\"ListItem\",\"position\":3,\"name\":\"Hotel Gambrinus &#8211; Valentini Family Village\"}]},{\"@type\":\"WebSite\",\"@id\":\"https:\/\/www.allinclusivehotels.it\/fr#website\",\"url\":\"https:\/\/www.allinclusivehotels.it\/fr\",\"name\":\"All Inclusive Hotels\",\"description\":\"\",\"publisher\":{\"@id\":\"https:\/\/www.allinclusivehotels.it\/fr#organization\"},\"potentialAction\":[{\"@type\":\"SearchAction\",\"target\":{\"@type\":\"EntryPoint\",\"urlTemplate\":\"https:\/\/www.allinclusivehotels.it\/fr?s={search_term_string}\"},\"query-input\":{\"@type\":\"PropertyValueSpecification\",\"valueRequired\":true,\"valueName\":\"search_term_string\"}}],\"inLanguage\":\"fr-FR\"},{\"@type\":\"Organization\",\"@id\":\"https:\/\/www.allinclusivehotels.it\/fr#organization\",\"name\":\"All Inclusive Hotels\",\"url\":\"https:\/\/www.allinclusivehotels.it\/fr\",\"logo\":{\"@type\":\"ImageObject\",\"inLanguage\":\"fr-FR\",\"@id\":\"https:\/\/www.allinclusivehotels.it\/fr#\/schema\/logo\/image\/\",\"url\":\"\",\"contentUrl\":\"\",\"caption\":\"All Inclusive Hotels\"},\"image\":{\"@id\":\"https:\/\/www.allinclusivehotels.it\/fr#\/schema\/logo\/image\/\"}}]}<\/script>\n<!-- \/ Yoast SEO plugin. -->","yoast_head_json":{"title":"Offres All Inclusive de l'H\u00f4tel Gambrinus \u00e0 Bellaria Igea Marina","description":"Vacances tout compris en Italie? D\u00e9couvrez les forfaits All Inclusive de l'H\u00f4tel Gambrinus \u00e0 Bellaria Igea Marina","robots":{"index":"index","follow":"follow","max-snippet":"max-snippet:-1","max-image-preview":"max-image-preview:large","max-video-preview":"max-video-preview:-1"},"canonical":"https:\/\/www.allinclusivehotels.it\/fr\/hotels\/hotel-gambrinus","og_locale":"fr_FR","og_type":"article","og_title":"Offres All Inclusive de l'H\u00f4tel Gambrinus \u00e0 Bellaria Igea Marina","og_description":"Vacances tout compris en Italie? D\u00e9couvrez les forfaits All Inclusive de l'H\u00f4tel Gambrinus \u00e0 Bellaria Igea Marina","og_url":"https:\/\/www.allinclusivehotels.it\/fr\/hotels\/hotel-gambrinus","og_site_name":"All Inclusive Hotels","article_modified_time":"2026-03-05T12:09:18+00:00","twitter_card":"summary_large_image","twitter_misc":{"Dur\u00e9e de lecture estim\u00e9e":"2 minutes"},"schema":{"@context":"https:\/\/schema.org","@graph":[{"@type":"WebPage","@id":"https:\/\/www.allinclusivehotels.it\/fr\/hotels\/hotel-gambrinus","url":"https:\/\/www.allinclusivehotels.it\/fr\/hotels\/hotel-gambrinus","name":"Offres All Inclusive de l'H\u00f4tel Gambrinus \u00e0 Bellaria Igea Marina","isPartOf":{"@id":"https:\/\/www.allinclusivehotels.it\/fr#website"},"datePublished":"2022-02-16T08:48:56+00:00","dateModified":"2026-03-05T12:09:18+00:00","description":"Vacances tout compris en Italie? D\u00e9couvrez les forfaits All Inclusive de l'H\u00f4tel Gambrinus \u00e0 Bellaria Igea Marina","breadcrumb":{"@id":"https:\/\/www.allinclusivehotels.it\/fr\/hotels\/hotel-gambrinus#breadcrumb"},"inLanguage":"fr-FR","potentialAction":[{"@type":"ReadAction","target":["https:\/\/www.allinclusivehotels.it\/fr\/hotels\/hotel-gambrinus"]}]},{"@type":"BreadcrumbList","@id":"https:\/\/www.allinclusivehotels.it\/fr\/hotels\/hotel-gambrinus#breadcrumb","itemListElement":[{"@type":"ListItem","position":1,"name":"Home","item":"https:\/\/www.allinclusivehotels.it\/fr"},{"@type":"ListItem","position":2,"name":"H\u00f4tels","item":"https:\/\/www.allinclusivehotels.it\/fr\/hotels"},{"@type":"ListItem","position":3,"name":"Hotel Gambrinus &#8211; Valentini Family Village"}]},{"@type":"WebSite","@id":"https:\/\/www.allinclusivehotels.it\/fr#website","url":"https:\/\/www.allinclusivehotels.it\/fr","name":"All Inclusive Hotels","description":"","publisher":{"@id":"https:\/\/www.allinclusivehotels.it\/fr#organization"},"potentialAction":[{"@type":"SearchAction","target":{"@type":"EntryPoint","urlTemplate":"https:\/\/www.allinclusivehotels.it\/fr?s={search_term_string}"},"query-input":{"@type":"PropertyValueSpecification","valueRequired":true,"valueName":"search_term_string"}}],"inLanguage":"fr-FR"},{"@type":"Organization","@id":"https:\/\/www.allinclusivehotels.it\/fr#organization","name":"All Inclusive Hotels","url":"https:\/\/www.allinclusivehotels.it\/fr","logo":{"@type":"ImageObject","inLanguage":"fr-FR","@id":"https:\/\/www.allinclusivehotels.it\/fr#\/schema\/logo\/image\/","url":"","contentUrl":"","caption":"All Inclusive Hotels"},"image":{"@id":"https:\/\/www.allinclusivehotels.it\/fr#\/schema\/logo\/image\/"}}]}},"_links":{"self":[{"href":"https:\/\/www.allinclusivehotels.it\/fr\/wp-json\/wp\/v2\/pages\/7924","targetHints":{"allow":["GET"]}}],"collection":[{"href":"https:\/\/www.allinclusivehotels.it\/fr\/wp-json\/wp\/v2\/pages"}],"about":[{"href":"https:\/\/www.allinclusivehotels.it\/fr\/wp-json\/wp\/v2\/types\/page"}],"author":[{"embeddable":true,"href":"https:\/\/www.allinclusivehotels.it\/fr\/wp-json\/wp\/v2\/users\/1"}],"replies":[{"embeddable":true,"href":"https:\/\/www.allinclusivehotels.it\/fr\/wp-json\/wp\/v2\/comments?post=7924"}],"version-history":[{"count":14,"href":"https:\/\/www.allinclusivehotels.it\/fr\/wp-json\/wp\/v2\/pages\/7924\/revisions"}],"predecessor-version":[{"id":51455,"href":"https:\/\/www.allinclusivehotels.it\/fr\/wp-json\/wp\/v2\/pages\/7924\/revisions\/51455"}],"up":[{"embeddable":true,"href":"https:\/\/www.allinclusivehotels.it\/fr\/wp-json\/wp\/v2\/pages\/8241"}],"wp:attachment":[{"href":"https:\/\/www.allinclusivehotels.it\/fr\/wp-json\/wp\/v2\/media?parent=7924"}],"curies":[{"name":"wp","href":"https:\/\/api.w.org\/{rel}","templated":true}]}}