{"id":52019,"date":"2026-04-01T15:17:28","date_gmt":"2026-04-01T13:17:28","guid":{"rendered":"https:\/\/www.allinclusivehotels.it\/destinations\/champoluc"},"modified":"2026-04-01T15:17:35","modified_gmt":"2026-04-01T13:17:35","slug":"champoluc","status":"publish","type":"page","link":"https:\/\/www.allinclusivehotels.it\/fr\/destinations\/champoluc","title":{"rendered":"Champoluc"},"content":{"rendered":"\n<p>Les <b>h\u00f4tels All Inclusive \u00e0 Champoluc<\/b> sont un choix id\u00e9al pour celles et ceux qui souhaitent d\u00e9couvrir la <b>montagne en Vall\u00e9e d\u2019Aoste<\/b> avec le confort de services inclus et un emplacement privil\u00e9gi\u00e9 pour explorer la r\u00e9gion. Dans cette <b>localit\u00e9<\/b> situ\u00e9e dans le <b>val d\u2019Ayas<\/b>, <b>au pied du massif du mont Rose<\/b>, les h\u00f4tes profitent de sport, d\u2019excursions et de moments de d\u00e9tente en toute saison.<\/p>\n\n\n\n<!--more-->\n\n\n\n<p><b>Champoluc <\/b>est le <b>principal centre touristique<\/b> du val d\u2019Ayas et un excellent point de d\u00e9part pour le <b>trekking <\/b>sur des sentiers panoramiques et \u00e0 travers les for\u00eats de m\u00e9l\u00e8zes, ainsi que pour rejoindre les <b>remont\u00e9es m\u00e9caniques<\/b> et les pistes. Pour les amateurs d\u2019architecture traditionnelle, les <b>villages d\u2019Antagnod<\/b> <b>et de Brusson<\/b> m\u00e9ritent une visite et constituent aussi une belle occasion de d\u00e9couvrir la cuisine vald\u00f4taine.<\/p>\n\n\n\n<p>Le <b>centre de Champoluc<\/b> est anim\u00e9, avec ses boutiques, ses restaurants et ses \u00e9tablissements traditionnels. \u00c0 quelques minutes seulement se trouvent d\u2019anciens <b>villages walser<\/b>, comme <b>Mascognaz<\/b>, accessibles par de charmants chemins au c\u0153ur des bois et des p\u00e2turages alpins.<\/p>\n\n\n\n<p>Les remont\u00e9es m\u00e9caniques de <b>Champoluc et de Frachey<\/b> relient la <b>station au domaine Monterosa Ski<\/b>, l\u2019<b>un des plus vastes des Alpes<\/b>, avec des pistes qui s\u2019\u00e9tendent entre le <b>val d\u2019Ayas, Gressoney et Alagna<\/b>. En \u00e9t\u00e9, ces m\u00eames installations permettent d\u2019acc\u00e9der \u00e0 des points de vue panoramiques et \u00e0 des itin\u00e9raires de <b>trekking vers Crest et le col Bettaforca<\/b>.<\/p>\n\n\n\n<p>Les environs offrent \u00e9galement des sites naturels comme le <b>lac de Brusson<\/b> et les <b>lacs alpins<\/b> de la vall\u00e9e, ainsi que les centres historiques de <b>Gressoney-Saint-Jean, Verr\u00e8s<\/b> et <b>Issogne<\/b>, r\u00e9put\u00e9s pour leurs ch\u00e2teaux m\u00e9di\u00e9vaux.<\/p>\n\n\n\n<p>S\u00e9journer dans l\u2019un des<b> h\u00f4tels All Inclusive \u00e0 Champoluc<\/b> permet d\u2019organiser facilement excursions, journ\u00e9es sur les pistes et visites des villages de la vall\u00e9e, avec des services h\u00f4teliers pens\u00e9s pour rendre le s\u00e9jour \u00e0 la montagne encore plus confortable.<\/p>\n\n\n\n\n\n\n","protected":false},"excerpt":{"rendered":"<p>Les h\u00f4tels All Inclusive \u00e0 Champoluc sont un choix id\u00e9al pour celles et ceux qui &hellip;<\/p>\n","protected":false},"author":1,"featured_media":0,"parent":8167,"menu_order":0,"comment_status":"closed","ping_status":"closed","template":"page-templates\/destinazione.php","meta":{"_acf_changed":false,"footnotes":""},"class_list":["post-52019","page","type-page","status-publish","hentry"],"acf":[],"yoast_head":"<!-- This site is optimized with the Yoast SEO plugin v27.0 - https:\/\/yoast.com\/product\/yoast-seo-wordpress\/ -->\n<title>Offres All Inclusive \u00e0 Champoluc, en Vall\u00e9e d\u2019Aoste : h\u00f4tels tout compris<\/title>\n<meta name=\"description\" content=\"Vous recherchez des h\u00f4tels All Inclusive \u00e0 Champoluc ? D\u00e9couvrez la plus grande s\u00e9lection d\u2019h\u00f4tels All Inclusive en Vall\u00e9e d\u2019Aoste.\" \/>\n<meta name=\"robots\" content=\"index, follow, max-snippet:-1, max-image-preview:large, max-video-preview:-1\" \/>\n<link rel=\"canonical\" href=\"https:\/\/www.allinclusivehotels.it\/fr\/destinations\/champoluc\" \/>\n<meta property=\"og:locale\" content=\"fr_FR\" \/>\n<meta property=\"og:type\" content=\"article\" \/>\n<meta property=\"og:title\" content=\"Offres All Inclusive \u00e0 Champoluc, en Vall\u00e9e d\u2019Aoste : h\u00f4tels tout compris\" \/>\n<meta property=\"og:description\" content=\"Vous recherchez des h\u00f4tels All Inclusive \u00e0 Champoluc ? D\u00e9couvrez la plus grande s\u00e9lection d\u2019h\u00f4tels All Inclusive en Vall\u00e9e d\u2019Aoste.\" \/>\n<meta property=\"og:url\" content=\"https:\/\/www.allinclusivehotels.it\/fr\/destinations\/champoluc\" \/>\n<meta property=\"og:site_name\" content=\"All Inclusive Hotels\" \/>\n<meta property=\"article:modified_time\" content=\"2026-04-01T13:17:35+00:00\" \/>\n<meta name=\"twitter:card\" content=\"summary_large_image\" \/>\n<meta name=\"twitter:label1\" content=\"Dur\u00e9e de lecture estim\u00e9e\" \/>\n\t<meta name=\"twitter:data1\" content=\"2 minutes\" \/>\n<script type=\"application\/ld+json\" class=\"yoast-schema-graph\">{\"@context\":\"https:\/\/schema.org\",\"@graph\":[{\"@type\":\"WebPage\",\"@id\":\"https:\/\/www.allinclusivehotels.it\/fr\/destinations\/champoluc\",\"url\":\"https:\/\/www.allinclusivehotels.it\/fr\/destinations\/champoluc\",\"name\":\"Offres All Inclusive \u00e0 Champoluc, en Vall\u00e9e d\u2019Aoste : h\u00f4tels tout compris\",\"isPartOf\":{\"@id\":\"https:\/\/www.allinclusivehotels.it\/fr#website\"},\"datePublished\":\"2026-04-01T13:17:28+00:00\",\"dateModified\":\"2026-04-01T13:17:35+00:00\",\"description\":\"Vous recherchez des h\u00f4tels All Inclusive \u00e0 Champoluc ? D\u00e9couvrez la plus grande s\u00e9lection d\u2019h\u00f4tels All Inclusive en Vall\u00e9e d\u2019Aoste.\",\"breadcrumb\":{\"@id\":\"https:\/\/www.allinclusivehotels.it\/fr\/destinations\/champoluc#breadcrumb\"},\"inLanguage\":\"fr-FR\",\"potentialAction\":[{\"@type\":\"ReadAction\",\"target\":[\"https:\/\/www.allinclusivehotels.it\/fr\/destinations\/champoluc\"]}]},{\"@type\":\"BreadcrumbList\",\"@id\":\"https:\/\/www.allinclusivehotels.it\/fr\/destinations\/champoluc#breadcrumb\",\"itemListElement\":[{\"@type\":\"ListItem\",\"position\":1,\"name\":\"Home\",\"item\":\"https:\/\/www.allinclusivehotels.it\/fr\"},{\"@type\":\"ListItem\",\"position\":2,\"name\":\"Destinations\",\"item\":\"https:\/\/www.allinclusivehotels.it\/fr\/destinations\"},{\"@type\":\"ListItem\",\"position\":3,\"name\":\"Champoluc\"}]},{\"@type\":\"WebSite\",\"@id\":\"https:\/\/www.allinclusivehotels.it\/fr#website\",\"url\":\"https:\/\/www.allinclusivehotels.it\/fr\",\"name\":\"All Inclusive Hotels\",\"description\":\"\",\"publisher\":{\"@id\":\"https:\/\/www.allinclusivehotels.it\/fr#organization\"},\"potentialAction\":[{\"@type\":\"SearchAction\",\"target\":{\"@type\":\"EntryPoint\",\"urlTemplate\":\"https:\/\/www.allinclusivehotels.it\/fr?s={search_term_string}\"},\"query-input\":{\"@type\":\"PropertyValueSpecification\",\"valueRequired\":true,\"valueName\":\"search_term_string\"}}],\"inLanguage\":\"fr-FR\"},{\"@type\":\"Organization\",\"@id\":\"https:\/\/www.allinclusivehotels.it\/fr#organization\",\"name\":\"All Inclusive Hotels\",\"url\":\"https:\/\/www.allinclusivehotels.it\/fr\",\"logo\":{\"@type\":\"ImageObject\",\"inLanguage\":\"fr-FR\",\"@id\":\"https:\/\/www.allinclusivehotels.it\/fr#\/schema\/logo\/image\/\",\"url\":\"\",\"contentUrl\":\"\",\"caption\":\"All Inclusive Hotels\"},\"image\":{\"@id\":\"https:\/\/www.allinclusivehotels.it\/fr#\/schema\/logo\/image\/\"}}]}<\/script>\n<!-- \/ Yoast SEO plugin. -->","yoast_head_json":{"title":"Offres All Inclusive \u00e0 Champoluc, en Vall\u00e9e d\u2019Aoste : h\u00f4tels tout compris","description":"Vous recherchez des h\u00f4tels All Inclusive \u00e0 Champoluc ? D\u00e9couvrez la plus grande s\u00e9lection d\u2019h\u00f4tels All Inclusive en Vall\u00e9e d\u2019Aoste.","robots":{"index":"index","follow":"follow","max-snippet":"max-snippet:-1","max-image-preview":"max-image-preview:large","max-video-preview":"max-video-preview:-1"},"canonical":"https:\/\/www.allinclusivehotels.it\/fr\/destinations\/champoluc","og_locale":"fr_FR","og_type":"article","og_title":"Offres All Inclusive \u00e0 Champoluc, en Vall\u00e9e d\u2019Aoste : h\u00f4tels tout compris","og_description":"Vous recherchez des h\u00f4tels All Inclusive \u00e0 Champoluc ? D\u00e9couvrez la plus grande s\u00e9lection d\u2019h\u00f4tels All Inclusive en Vall\u00e9e d\u2019Aoste.","og_url":"https:\/\/www.allinclusivehotels.it\/fr\/destinations\/champoluc","og_site_name":"All Inclusive Hotels","article_modified_time":"2026-04-01T13:17:35+00:00","twitter_card":"summary_large_image","twitter_misc":{"Dur\u00e9e de lecture estim\u00e9e":"2 minutes"},"schema":{"@context":"https:\/\/schema.org","@graph":[{"@type":"WebPage","@id":"https:\/\/www.allinclusivehotels.it\/fr\/destinations\/champoluc","url":"https:\/\/www.allinclusivehotels.it\/fr\/destinations\/champoluc","name":"Offres All Inclusive \u00e0 Champoluc, en Vall\u00e9e d\u2019Aoste : h\u00f4tels tout compris","isPartOf":{"@id":"https:\/\/www.allinclusivehotels.it\/fr#website"},"datePublished":"2026-04-01T13:17:28+00:00","dateModified":"2026-04-01T13:17:35+00:00","description":"Vous recherchez des h\u00f4tels All Inclusive \u00e0 Champoluc ? D\u00e9couvrez la plus grande s\u00e9lection d\u2019h\u00f4tels All Inclusive en Vall\u00e9e d\u2019Aoste.","breadcrumb":{"@id":"https:\/\/www.allinclusivehotels.it\/fr\/destinations\/champoluc#breadcrumb"},"inLanguage":"fr-FR","potentialAction":[{"@type":"ReadAction","target":["https:\/\/www.allinclusivehotels.it\/fr\/destinations\/champoluc"]}]},{"@type":"BreadcrumbList","@id":"https:\/\/www.allinclusivehotels.it\/fr\/destinations\/champoluc#breadcrumb","itemListElement":[{"@type":"ListItem","position":1,"name":"Home","item":"https:\/\/www.allinclusivehotels.it\/fr"},{"@type":"ListItem","position":2,"name":"Destinations","item":"https:\/\/www.allinclusivehotels.it\/fr\/destinations"},{"@type":"ListItem","position":3,"name":"Champoluc"}]},{"@type":"WebSite","@id":"https:\/\/www.allinclusivehotels.it\/fr#website","url":"https:\/\/www.allinclusivehotels.it\/fr","name":"All Inclusive Hotels","description":"","publisher":{"@id":"https:\/\/www.allinclusivehotels.it\/fr#organization"},"potentialAction":[{"@type":"SearchAction","target":{"@type":"EntryPoint","urlTemplate":"https:\/\/www.allinclusivehotels.it\/fr?s={search_term_string}"},"query-input":{"@type":"PropertyValueSpecification","valueRequired":true,"valueName":"search_term_string"}}],"inLanguage":"fr-FR"},{"@type":"Organization","@id":"https:\/\/www.allinclusivehotels.it\/fr#organization","name":"All Inclusive Hotels","url":"https:\/\/www.allinclusivehotels.it\/fr","logo":{"@type":"ImageObject","inLanguage":"fr-FR","@id":"https:\/\/www.allinclusivehotels.it\/fr#\/schema\/logo\/image\/","url":"","contentUrl":"","caption":"All Inclusive Hotels"},"image":{"@id":"https:\/\/www.allinclusivehotels.it\/fr#\/schema\/logo\/image\/"}}]}},"_links":{"self":[{"href":"https:\/\/www.allinclusivehotels.it\/fr\/wp-json\/wp\/v2\/pages\/52019","targetHints":{"allow":["GET"]}}],"collection":[{"href":"https:\/\/www.allinclusivehotels.it\/fr\/wp-json\/wp\/v2\/pages"}],"about":[{"href":"https:\/\/www.allinclusivehotels.it\/fr\/wp-json\/wp\/v2\/types\/page"}],"author":[{"embeddable":true,"href":"https:\/\/www.allinclusivehotels.it\/fr\/wp-json\/wp\/v2\/users\/1"}],"replies":[{"embeddable":true,"href":"https:\/\/www.allinclusivehotels.it\/fr\/wp-json\/wp\/v2\/comments?post=52019"}],"version-history":[{"count":1,"href":"https:\/\/www.allinclusivehotels.it\/fr\/wp-json\/wp\/v2\/pages\/52019\/revisions"}],"predecessor-version":[{"id":52020,"href":"https:\/\/www.allinclusivehotels.it\/fr\/wp-json\/wp\/v2\/pages\/52019\/revisions\/52020"}],"up":[{"embeddable":true,"href":"https:\/\/www.allinclusivehotels.it\/fr\/wp-json\/wp\/v2\/pages\/8167"}],"wp:attachment":[{"href":"https:\/\/www.allinclusivehotels.it\/fr\/wp-json\/wp\/v2\/media?parent=52019"}],"curies":[{"name":"wp","href":"https:\/\/api.w.org\/{rel}","templated":true}]}}