{"id":51715,"date":"2026-03-13T11:16:14","date_gmt":"2026-03-13T10:16:14","guid":{"rendered":"https:\/\/www.allinclusivehotels.it\/hotels\/el-cid-campeador-family-hotel"},"modified":"2026-04-01T15:12:16","modified_gmt":"2026-04-01T13:12:16","slug":"el-cid-campeador-family-hotel","status":"publish","type":"page","link":"https:\/\/www.allinclusivehotels.it\/fr\/hotels\/el-cid-campeador-family-hotel","title":{"rendered":"El Cid Campeador Family H\u00f4tel"},"content":{"rendered":"\n<p>L\u2019<b>El Cid Campeador Family H\u00f4tel <\/b>\u00e0 <b>Torre Pedrera di Rimini<\/b> se trouve \u00e0 seulement <b>100 m\u00e8tres de la mer<\/b>. Avec la <b>formule All Inclusive<\/b>, vous profitez de g\u00e9n\u00e9reux <b>buffets<\/b> de sp\u00e9cialit\u00e9s locales, de <b>boissons \u00e0 volont\u00e9<\/b> ainsi que d\u2019<b>un parasol et de transats <\/b>inclus sur la plage.<\/p>\n\n\n\n<!--more-->\n\n\n\n<p>Pour une <b>pause d\u00e9tente<\/b> au-del\u00e0 du bord de mer, profitez du <b>Jacuzzi<\/b> et de la <b>Fresh Area<\/b>, avec canap\u00e9s et jets de vapeur fra\u00eeche. Les enfants, quant \u00e0 eux, s\u2019amusent aussi bien sur la <b>plage<\/b> qu\u2019\u00e0 l\u2019<b>h\u00f4tel<\/b> avec l\u2019<b>\u00e9quipe d\u2019animation<\/b>, entre tournois \u00e9piques, baby dance, ateliers et jeux entra\u00eenants. Une grande vari\u00e9t\u00e9 d\u2019espaces d\u00e9di\u00e9s vient enrichir leur s\u00e9jour, avec des stations interactives, des <b>structures gonflables <\/b>en ext\u00e9rieur, des <b>espaces th\u00e9matiques <\/b>par tranche d\u2019\u00e2ge et m\u00eame une <b>petite salle de cin\u00e9ma<\/b>.<\/p>\n\n\n\n<p>Dans l\u2019univers de <b>Pedro, la<\/b> <b>mascotte<\/b>, l\u2019ennui n\u2019a pas sa place, m\u00eame en soir\u00e9e, puisque des <b>nuits \u00e0 th\u00e8me<\/b> et des s<b>pectacles <\/b>pour tous les \u00e2ges prolongent le plaisir apr\u00e8s le d\u00eener. Parmi les rendez-vous les plus appr\u00e9ci\u00e9s figure la soir\u00e9e romagnole, anim\u00e9e par la musique et les danses traditionnelles.<\/p>\n\n\n\n<p>L\u2019h\u00f4tel El Cid Campeador met \u00e9galement \u00e0 disposition des <b>v\u00e9los gratuits<\/b>, ainsi qu\u2019un service de location de<b> poussettes<\/b> et d\u2019<b>accessoires<\/b> pour enfants.<\/p>\n\n\n","protected":false},"excerpt":{"rendered":"<p>L\u2019El Cid Campeador Family H\u00f4tel \u00e0 Torre Pedrera di Rimini se trouve \u00e0 seulement 100 &hellip;<\/p>\n","protected":false},"author":1,"featured_media":0,"parent":8241,"menu_order":0,"comment_status":"closed","ping_status":"closed","template":"page-templates\/scheda_hotel.php","meta":{"_acf_changed":false,"footnotes":""},"class_list":["post-51715","page","type-page","status-publish","hentry"],"acf":[],"yoast_head":"<!-- This site is optimized with the Yoast SEO plugin v27.0 - https:\/\/yoast.com\/product\/yoast-seo-wordpress\/ -->\n<title>El Cid Campeador Family H\u00f4tel - All Inclusive Hotels<\/title>\n<meta name=\"robots\" content=\"index, follow, max-snippet:-1, max-image-preview:large, max-video-preview:-1\" \/>\n<link rel=\"canonical\" href=\"https:\/\/www.allinclusivehotels.it\/fr\/hotels\/el-cid-campeador-family-hotel\" \/>\n<meta property=\"og:locale\" content=\"fr_FR\" \/>\n<meta property=\"og:type\" content=\"article\" \/>\n<meta property=\"og:title\" content=\"El Cid Campeador Family H\u00f4tel - All Inclusive Hotels\" \/>\n<meta property=\"og:description\" content=\"L\u2019El Cid Campeador Family H\u00f4tel \u00e0 Torre Pedrera di Rimini se trouve \u00e0 seulement 100 &hellip;\" \/>\n<meta property=\"og:url\" content=\"https:\/\/www.allinclusivehotels.it\/fr\/hotels\/el-cid-campeador-family-hotel\" \/>\n<meta property=\"og:site_name\" content=\"All Inclusive Hotels\" \/>\n<meta property=\"article:modified_time\" content=\"2026-04-01T13:12:16+00:00\" \/>\n<meta name=\"twitter:card\" content=\"summary_large_image\" \/>\n<meta name=\"twitter:label1\" content=\"Dur\u00e9e de lecture estim\u00e9e\" \/>\n\t<meta name=\"twitter:data1\" content=\"1 minute\" \/>\n<script type=\"application\/ld+json\" class=\"yoast-schema-graph\">{\"@context\":\"https:\/\/schema.org\",\"@graph\":[{\"@type\":\"WebPage\",\"@id\":\"https:\/\/www.allinclusivehotels.it\/fr\/hotels\/el-cid-campeador-family-hotel\",\"url\":\"https:\/\/www.allinclusivehotels.it\/fr\/hotels\/el-cid-campeador-family-hotel\",\"name\":\"El Cid Campeador Family H\u00f4tel - All Inclusive Hotels\",\"isPartOf\":{\"@id\":\"https:\/\/www.allinclusivehotels.it\/fr#website\"},\"datePublished\":\"2026-03-13T10:16:14+00:00\",\"dateModified\":\"2026-04-01T13:12:16+00:00\",\"breadcrumb\":{\"@id\":\"https:\/\/www.allinclusivehotels.it\/fr\/hotels\/el-cid-campeador-family-hotel#breadcrumb\"},\"inLanguage\":\"fr-FR\",\"potentialAction\":[{\"@type\":\"ReadAction\",\"target\":[\"https:\/\/www.allinclusivehotels.it\/fr\/hotels\/el-cid-campeador-family-hotel\"]}]},{\"@type\":\"BreadcrumbList\",\"@id\":\"https:\/\/www.allinclusivehotels.it\/fr\/hotels\/el-cid-campeador-family-hotel#breadcrumb\",\"itemListElement\":[{\"@type\":\"ListItem\",\"position\":1,\"name\":\"Home\",\"item\":\"https:\/\/www.allinclusivehotels.it\/fr\"},{\"@type\":\"ListItem\",\"position\":2,\"name\":\"H\u00f4tels\",\"item\":\"https:\/\/www.allinclusivehotels.it\/fr\/hotels\"},{\"@type\":\"ListItem\",\"position\":3,\"name\":\"El Cid Campeador Family H\u00f4tel\"}]},{\"@type\":\"WebSite\",\"@id\":\"https:\/\/www.allinclusivehotels.it\/fr#website\",\"url\":\"https:\/\/www.allinclusivehotels.it\/fr\",\"name\":\"All Inclusive Hotels\",\"description\":\"\",\"publisher\":{\"@id\":\"https:\/\/www.allinclusivehotels.it\/fr#organization\"},\"potentialAction\":[{\"@type\":\"SearchAction\",\"target\":{\"@type\":\"EntryPoint\",\"urlTemplate\":\"https:\/\/www.allinclusivehotels.it\/fr?s={search_term_string}\"},\"query-input\":{\"@type\":\"PropertyValueSpecification\",\"valueRequired\":true,\"valueName\":\"search_term_string\"}}],\"inLanguage\":\"fr-FR\"},{\"@type\":\"Organization\",\"@id\":\"https:\/\/www.allinclusivehotels.it\/fr#organization\",\"name\":\"All Inclusive Hotels\",\"url\":\"https:\/\/www.allinclusivehotels.it\/fr\",\"logo\":{\"@type\":\"ImageObject\",\"inLanguage\":\"fr-FR\",\"@id\":\"https:\/\/www.allinclusivehotels.it\/fr#\/schema\/logo\/image\/\",\"url\":\"\",\"contentUrl\":\"\",\"caption\":\"All Inclusive Hotels\"},\"image\":{\"@id\":\"https:\/\/www.allinclusivehotels.it\/fr#\/schema\/logo\/image\/\"}}]}<\/script>\n<!-- \/ Yoast SEO plugin. -->","yoast_head_json":{"title":"El Cid Campeador Family H\u00f4tel - All Inclusive Hotels","robots":{"index":"index","follow":"follow","max-snippet":"max-snippet:-1","max-image-preview":"max-image-preview:large","max-video-preview":"max-video-preview:-1"},"canonical":"https:\/\/www.allinclusivehotels.it\/fr\/hotels\/el-cid-campeador-family-hotel","og_locale":"fr_FR","og_type":"article","og_title":"El Cid Campeador Family H\u00f4tel - All Inclusive Hotels","og_description":"L\u2019El Cid Campeador Family H\u00f4tel \u00e0 Torre Pedrera di Rimini se trouve \u00e0 seulement 100 &hellip;","og_url":"https:\/\/www.allinclusivehotels.it\/fr\/hotels\/el-cid-campeador-family-hotel","og_site_name":"All Inclusive Hotels","article_modified_time":"2026-04-01T13:12:16+00:00","twitter_card":"summary_large_image","twitter_misc":{"Dur\u00e9e de lecture estim\u00e9e":"1 minute"},"schema":{"@context":"https:\/\/schema.org","@graph":[{"@type":"WebPage","@id":"https:\/\/www.allinclusivehotels.it\/fr\/hotels\/el-cid-campeador-family-hotel","url":"https:\/\/www.allinclusivehotels.it\/fr\/hotels\/el-cid-campeador-family-hotel","name":"El Cid Campeador Family H\u00f4tel - All Inclusive Hotels","isPartOf":{"@id":"https:\/\/www.allinclusivehotels.it\/fr#website"},"datePublished":"2026-03-13T10:16:14+00:00","dateModified":"2026-04-01T13:12:16+00:00","breadcrumb":{"@id":"https:\/\/www.allinclusivehotels.it\/fr\/hotels\/el-cid-campeador-family-hotel#breadcrumb"},"inLanguage":"fr-FR","potentialAction":[{"@type":"ReadAction","target":["https:\/\/www.allinclusivehotels.it\/fr\/hotels\/el-cid-campeador-family-hotel"]}]},{"@type":"BreadcrumbList","@id":"https:\/\/www.allinclusivehotels.it\/fr\/hotels\/el-cid-campeador-family-hotel#breadcrumb","itemListElement":[{"@type":"ListItem","position":1,"name":"Home","item":"https:\/\/www.allinclusivehotels.it\/fr"},{"@type":"ListItem","position":2,"name":"H\u00f4tels","item":"https:\/\/www.allinclusivehotels.it\/fr\/hotels"},{"@type":"ListItem","position":3,"name":"El Cid Campeador Family H\u00f4tel"}]},{"@type":"WebSite","@id":"https:\/\/www.allinclusivehotels.it\/fr#website","url":"https:\/\/www.allinclusivehotels.it\/fr","name":"All Inclusive Hotels","description":"","publisher":{"@id":"https:\/\/www.allinclusivehotels.it\/fr#organization"},"potentialAction":[{"@type":"SearchAction","target":{"@type":"EntryPoint","urlTemplate":"https:\/\/www.allinclusivehotels.it\/fr?s={search_term_string}"},"query-input":{"@type":"PropertyValueSpecification","valueRequired":true,"valueName":"search_term_string"}}],"inLanguage":"fr-FR"},{"@type":"Organization","@id":"https:\/\/www.allinclusivehotels.it\/fr#organization","name":"All Inclusive Hotels","url":"https:\/\/www.allinclusivehotels.it\/fr","logo":{"@type":"ImageObject","inLanguage":"fr-FR","@id":"https:\/\/www.allinclusivehotels.it\/fr#\/schema\/logo\/image\/","url":"","contentUrl":"","caption":"All Inclusive Hotels"},"image":{"@id":"https:\/\/www.allinclusivehotels.it\/fr#\/schema\/logo\/image\/"}}]}},"_links":{"self":[{"href":"https:\/\/www.allinclusivehotels.it\/fr\/wp-json\/wp\/v2\/pages\/51715","targetHints":{"allow":["GET"]}}],"collection":[{"href":"https:\/\/www.allinclusivehotels.it\/fr\/wp-json\/wp\/v2\/pages"}],"about":[{"href":"https:\/\/www.allinclusivehotels.it\/fr\/wp-json\/wp\/v2\/types\/page"}],"author":[{"embeddable":true,"href":"https:\/\/www.allinclusivehotels.it\/fr\/wp-json\/wp\/v2\/users\/1"}],"replies":[{"embeddable":true,"href":"https:\/\/www.allinclusivehotels.it\/fr\/wp-json\/wp\/v2\/comments?post=51715"}],"version-history":[{"count":3,"href":"https:\/\/www.allinclusivehotels.it\/fr\/wp-json\/wp\/v2\/pages\/51715\/revisions"}],"predecessor-version":[{"id":51999,"href":"https:\/\/www.allinclusivehotels.it\/fr\/wp-json\/wp\/v2\/pages\/51715\/revisions\/51999"}],"up":[{"embeddable":true,"href":"https:\/\/www.allinclusivehotels.it\/fr\/wp-json\/wp\/v2\/pages\/8241"}],"wp:attachment":[{"href":"https:\/\/www.allinclusivehotels.it\/fr\/wp-json\/wp\/v2\/media?parent=51715"}],"curies":[{"name":"wp","href":"https:\/\/api.w.org\/{rel}","templated":true}]}}