{"id":51445,"date":"2026-03-05T09:05:59","date_gmt":"2026-03-05T08:05:59","guid":{"rendered":"https:\/\/www.allinclusivehotels.it\/destinations\/salento"},"modified":"2026-03-05T09:06:03","modified_gmt":"2026-03-05T08:06:03","slug":"salento","status":"publish","type":"page","link":"https:\/\/www.allinclusivehotels.it\/fr\/destinations\/salento","title":{"rendered":"Salento"},"content":{"rendered":"\n<p>Le Salento, pointe la plus <b>m\u00e9ridionale <\/b>des <b>Pouilles<\/b>, est une terre qui \u00e9merveille \u00e0 chaque instant. Ses <b>eaux limpides<\/b> et ses <b>plages dor\u00e9es<\/b>, de <b>Punta Prosciutto<\/b> \u00e0 <b>Torre Lapillo<\/b>, composent des paysages dignes d\u2019une carte postale, tandis que ses criques secr\u00e8tes invitent \u00e0 ralentir et \u00e0 se d\u00e9tendre. Dans ce cadre authentique, les <b>h\u00f4tels All Inclusive au Salento<\/b> permettent de profiter pleinement du territoire en <b>toute s\u00e9r\u00e9nit\u00e9<\/b>, en associant le confort d\u2019un s\u00e9jour tout compris aux richesses naturelles et culturelles de la <b>c\u00f4te ionienne<\/b>.<\/p>\n\n\n\n<!--more-->\n\n\n\n<p>Au-del\u00e0 de la <b>mer<\/b>, le <b>Salento<\/b> s\u00e9duit les voyageurs en qu\u00eate de <b>d\u00e9couverte<\/b>. Il est possible de partir en <b>excursion<\/b> le long de la c\u00f4te, entre les tours c\u00f4ti\u00e8res qui jalonnent les rivages ionien et adriatique et des r\u00e9serves naturelles comme <b>Le Cesine<\/b>, entre <b>Vernole<\/b> et <b>San Cataldo<\/b>, ou d\u2019emprunter des sentiers \u00e0 l\u2019int\u00e9rieur des terres, \u00e0 travers des oliveraies s\u00e9culaires, des <i>trulli <\/i>(habitations en pierre s\u00e8che) et d\u2019anciennes <i>masserie <\/i>(domaines agricoles historiques).<\/p>\n\n\n\n<p>La culture est omnipr\u00e9sente. Des <b>villages<\/b> comme <b>Minervino di Lecce<\/b> t\u00e9moignent d\u2019un patrimoine fa\u00e7onn\u00e9 par la tradition et la pierre de Lecce. \u00c0 proximit\u00e9, des <b>forteresses et ch\u00e2teaux<\/b> \u2014 tels que le <b>ch\u00e2teau d\u2019Otrante<\/b>, la <b>forteresse d\u2019Acaya<\/b> et le <b>Castello Carlo V de Lecce<\/b> \u2014 ajoutent une dimension historique remarquable. Les \u00e9glises baroques de Lecce, ainsi que les cath\u00e9drales d\u2019Otrante et de Gallipoli, composent un itin\u00e9raire artistique d\u2019un grand raffinement.<\/p>\n\n\n\n<p>Les amateurs de <b>trekking <\/b>et de <b>VTT <\/b>trouveront \u00e9galement de nombreux itin\u00e9raires en pleine <b>nature<\/b>, le long de chemins blancs et \u00e0 travers de vastes paysages ruraux.<\/p>\n\n\n\n<p>La <b>gastronomie<\/b> salentine constitue un v\u00e9ritable art de vivre du <b>Salento<\/b>. Des <b><i>orecchiette<\/b><\/i><b> <\/b>(p\u00e2tes fra\u00eeches) aux fanes de navet des <b><i>ciceri e tria<\/b><\/i> (p\u00e2tes aux pois chiches), en passant par les <b>fruits de mer<\/b> d\u2019une fra\u00eecheur exceptionnelle, la <b>friture de poissons<\/b>, le <b><i>rustico leccese<\/b><\/i><b> <\/b>(feuillet\u00e9 farci), la <b><i>burrata<\/b><\/i> et l\u2019incontournable <b><i>pasticciotto leccese<\/b><\/i> (p\u00e2tisserie fourr\u00e9e), chaque sp\u00e9cialit\u00e9 met \u00e0 l\u2019honneur des ingr\u00e9dients simples et authentiques, des herbes aromatiques sauvages et l\u2019or liquide de la r\u00e9gion : l\u2019huile d\u2019olive extra vierge.<\/p>\n\n\n\n<p>Pour prolonger cette immersion, de nombreux <b>h\u00f4tels et villages de vacances All Inclusive au Salento<\/b> organisent des soir\u00e9es th\u00e9matiques d\u00e9di\u00e9es, avec d\u00e9gustations guid\u00e9es de produits locaux, de vins prestigieux du territoire et de <b>recettes<\/b> traditionnelles <b>des Pouilles<\/b>.<\/p>\n","protected":false},"excerpt":{"rendered":"<p>Le Salento, pointe la plus m\u00e9ridionale des Pouilles, est une terre qui \u00e9merveille \u00e0 chaque &hellip;<\/p>\n","protected":false},"author":1,"featured_media":0,"parent":8167,"menu_order":0,"comment_status":"closed","ping_status":"closed","template":"page-templates\/destinazione.php","meta":{"_acf_changed":false,"footnotes":""},"class_list":["post-51445","page","type-page","status-publish","hentry"],"acf":[],"yoast_head":"<!-- This site is optimized with the Yoast SEO plugin v27.0 - https:\/\/yoast.com\/product\/yoast-seo-wordpress\/ -->\n<title>H\u00f4tels All Inclusive au Salento | Meilleures offres<\/title>\n<meta name=\"description\" content=\"D\u00e9couvrez les meilleurs h\u00f4tels All Inclusive au Salento et \u00e0 Minervino di Lecce. Profitez des meilleures offres pour vos vacances dans les Pouilles.\" \/>\n<meta name=\"robots\" content=\"index, follow, max-snippet:-1, max-image-preview:large, max-video-preview:-1\" \/>\n<link rel=\"canonical\" href=\"https:\/\/www.allinclusivehotels.it\/fr\/destinations\/salento\" \/>\n<meta property=\"og:locale\" content=\"fr_FR\" \/>\n<meta property=\"og:type\" content=\"article\" \/>\n<meta property=\"og:title\" content=\"H\u00f4tels All Inclusive au Salento | Meilleures offres\" \/>\n<meta property=\"og:description\" content=\"D\u00e9couvrez les meilleurs h\u00f4tels All Inclusive au Salento et \u00e0 Minervino di Lecce. Profitez des meilleures offres pour vos vacances dans les Pouilles.\" \/>\n<meta property=\"og:url\" content=\"https:\/\/www.allinclusivehotels.it\/fr\/destinations\/salento\" \/>\n<meta property=\"og:site_name\" content=\"All Inclusive Hotels\" \/>\n<meta property=\"article:modified_time\" content=\"2026-03-05T08:06:03+00:00\" \/>\n<meta name=\"twitter:card\" content=\"summary_large_image\" \/>\n<meta name=\"twitter:label1\" content=\"Dur\u00e9e de lecture estim\u00e9e\" \/>\n\t<meta name=\"twitter:data1\" content=\"2 minutes\" \/>\n<script type=\"application\/ld+json\" class=\"yoast-schema-graph\">{\"@context\":\"https:\/\/schema.org\",\"@graph\":[{\"@type\":\"WebPage\",\"@id\":\"https:\/\/www.allinclusivehotels.it\/fr\/destinations\/salento\",\"url\":\"https:\/\/www.allinclusivehotels.it\/fr\/destinations\/salento\",\"name\":\"H\u00f4tels All Inclusive au Salento | Meilleures offres\",\"isPartOf\":{\"@id\":\"https:\/\/www.allinclusivehotels.it\/fr#website\"},\"datePublished\":\"2026-03-05T08:05:59+00:00\",\"dateModified\":\"2026-03-05T08:06:03+00:00\",\"description\":\"D\u00e9couvrez les meilleurs h\u00f4tels All Inclusive au Salento et \u00e0 Minervino di Lecce. Profitez des meilleures offres pour vos vacances dans les Pouilles.\",\"breadcrumb\":{\"@id\":\"https:\/\/www.allinclusivehotels.it\/fr\/destinations\/salento#breadcrumb\"},\"inLanguage\":\"fr-FR\",\"potentialAction\":[{\"@type\":\"ReadAction\",\"target\":[\"https:\/\/www.allinclusivehotels.it\/fr\/destinations\/salento\"]}]},{\"@type\":\"BreadcrumbList\",\"@id\":\"https:\/\/www.allinclusivehotels.it\/fr\/destinations\/salento#breadcrumb\",\"itemListElement\":[{\"@type\":\"ListItem\",\"position\":1,\"name\":\"Home\",\"item\":\"https:\/\/www.allinclusivehotels.it\/fr\"},{\"@type\":\"ListItem\",\"position\":2,\"name\":\"Destinations\",\"item\":\"https:\/\/www.allinclusivehotels.it\/fr\/destinations\"},{\"@type\":\"ListItem\",\"position\":3,\"name\":\"Salento\"}]},{\"@type\":\"WebSite\",\"@id\":\"https:\/\/www.allinclusivehotels.it\/fr#website\",\"url\":\"https:\/\/www.allinclusivehotels.it\/fr\",\"name\":\"All Inclusive Hotels\",\"description\":\"\",\"publisher\":{\"@id\":\"https:\/\/www.allinclusivehotels.it\/fr#organization\"},\"potentialAction\":[{\"@type\":\"SearchAction\",\"target\":{\"@type\":\"EntryPoint\",\"urlTemplate\":\"https:\/\/www.allinclusivehotels.it\/fr?s={search_term_string}\"},\"query-input\":{\"@type\":\"PropertyValueSpecification\",\"valueRequired\":true,\"valueName\":\"search_term_string\"}}],\"inLanguage\":\"fr-FR\"},{\"@type\":\"Organization\",\"@id\":\"https:\/\/www.allinclusivehotels.it\/fr#organization\",\"name\":\"All Inclusive Hotels\",\"url\":\"https:\/\/www.allinclusivehotels.it\/fr\",\"logo\":{\"@type\":\"ImageObject\",\"inLanguage\":\"fr-FR\",\"@id\":\"https:\/\/www.allinclusivehotels.it\/fr#\/schema\/logo\/image\/\",\"url\":\"\",\"contentUrl\":\"\",\"caption\":\"All Inclusive Hotels\"},\"image\":{\"@id\":\"https:\/\/www.allinclusivehotels.it\/fr#\/schema\/logo\/image\/\"}}]}<\/script>\n<!-- \/ Yoast SEO plugin. -->","yoast_head_json":{"title":"H\u00f4tels All Inclusive au Salento | Meilleures offres","description":"D\u00e9couvrez les meilleurs h\u00f4tels All Inclusive au Salento et \u00e0 Minervino di Lecce. Profitez des meilleures offres pour vos vacances dans les Pouilles.","robots":{"index":"index","follow":"follow","max-snippet":"max-snippet:-1","max-image-preview":"max-image-preview:large","max-video-preview":"max-video-preview:-1"},"canonical":"https:\/\/www.allinclusivehotels.it\/fr\/destinations\/salento","og_locale":"fr_FR","og_type":"article","og_title":"H\u00f4tels All Inclusive au Salento | Meilleures offres","og_description":"D\u00e9couvrez les meilleurs h\u00f4tels All Inclusive au Salento et \u00e0 Minervino di Lecce. Profitez des meilleures offres pour vos vacances dans les Pouilles.","og_url":"https:\/\/www.allinclusivehotels.it\/fr\/destinations\/salento","og_site_name":"All Inclusive Hotels","article_modified_time":"2026-03-05T08:06:03+00:00","twitter_card":"summary_large_image","twitter_misc":{"Dur\u00e9e de lecture estim\u00e9e":"2 minutes"},"schema":{"@context":"https:\/\/schema.org","@graph":[{"@type":"WebPage","@id":"https:\/\/www.allinclusivehotels.it\/fr\/destinations\/salento","url":"https:\/\/www.allinclusivehotels.it\/fr\/destinations\/salento","name":"H\u00f4tels All Inclusive au Salento | Meilleures offres","isPartOf":{"@id":"https:\/\/www.allinclusivehotels.it\/fr#website"},"datePublished":"2026-03-05T08:05:59+00:00","dateModified":"2026-03-05T08:06:03+00:00","description":"D\u00e9couvrez les meilleurs h\u00f4tels All Inclusive au Salento et \u00e0 Minervino di Lecce. Profitez des meilleures offres pour vos vacances dans les Pouilles.","breadcrumb":{"@id":"https:\/\/www.allinclusivehotels.it\/fr\/destinations\/salento#breadcrumb"},"inLanguage":"fr-FR","potentialAction":[{"@type":"ReadAction","target":["https:\/\/www.allinclusivehotels.it\/fr\/destinations\/salento"]}]},{"@type":"BreadcrumbList","@id":"https:\/\/www.allinclusivehotels.it\/fr\/destinations\/salento#breadcrumb","itemListElement":[{"@type":"ListItem","position":1,"name":"Home","item":"https:\/\/www.allinclusivehotels.it\/fr"},{"@type":"ListItem","position":2,"name":"Destinations","item":"https:\/\/www.allinclusivehotels.it\/fr\/destinations"},{"@type":"ListItem","position":3,"name":"Salento"}]},{"@type":"WebSite","@id":"https:\/\/www.allinclusivehotels.it\/fr#website","url":"https:\/\/www.allinclusivehotels.it\/fr","name":"All Inclusive Hotels","description":"","publisher":{"@id":"https:\/\/www.allinclusivehotels.it\/fr#organization"},"potentialAction":[{"@type":"SearchAction","target":{"@type":"EntryPoint","urlTemplate":"https:\/\/www.allinclusivehotels.it\/fr?s={search_term_string}"},"query-input":{"@type":"PropertyValueSpecification","valueRequired":true,"valueName":"search_term_string"}}],"inLanguage":"fr-FR"},{"@type":"Organization","@id":"https:\/\/www.allinclusivehotels.it\/fr#organization","name":"All Inclusive Hotels","url":"https:\/\/www.allinclusivehotels.it\/fr","logo":{"@type":"ImageObject","inLanguage":"fr-FR","@id":"https:\/\/www.allinclusivehotels.it\/fr#\/schema\/logo\/image\/","url":"","contentUrl":"","caption":"All Inclusive Hotels"},"image":{"@id":"https:\/\/www.allinclusivehotels.it\/fr#\/schema\/logo\/image\/"}}]}},"_links":{"self":[{"href":"https:\/\/www.allinclusivehotels.it\/fr\/wp-json\/wp\/v2\/pages\/51445","targetHints":{"allow":["GET"]}}],"collection":[{"href":"https:\/\/www.allinclusivehotels.it\/fr\/wp-json\/wp\/v2\/pages"}],"about":[{"href":"https:\/\/www.allinclusivehotels.it\/fr\/wp-json\/wp\/v2\/types\/page"}],"author":[{"embeddable":true,"href":"https:\/\/www.allinclusivehotels.it\/fr\/wp-json\/wp\/v2\/users\/1"}],"replies":[{"embeddable":true,"href":"https:\/\/www.allinclusivehotels.it\/fr\/wp-json\/wp\/v2\/comments?post=51445"}],"version-history":[{"count":1,"href":"https:\/\/www.allinclusivehotels.it\/fr\/wp-json\/wp\/v2\/pages\/51445\/revisions"}],"predecessor-version":[{"id":51446,"href":"https:\/\/www.allinclusivehotels.it\/fr\/wp-json\/wp\/v2\/pages\/51445\/revisions\/51446"}],"up":[{"embeddable":true,"href":"https:\/\/www.allinclusivehotels.it\/fr\/wp-json\/wp\/v2\/pages\/8167"}],"wp:attachment":[{"href":"https:\/\/www.allinclusivehotels.it\/fr\/wp-json\/wp\/v2\/media?parent=51445"}],"curies":[{"name":"wp","href":"https:\/\/api.w.org\/{rel}","templated":true}]}}