{"id":50868,"date":"2026-02-23T10:54:23","date_gmt":"2026-02-23T09:54:23","guid":{"rendered":"https:\/\/www.allinclusivehotels.it\/hotels\/pianob-breakfast-hotel-bar"},"modified":"2026-04-01T15:19:10","modified_gmt":"2026-04-01T13:19:10","slug":"pianob-breakfast-hotel-bar","status":"publish","type":"page","link":"https:\/\/www.allinclusivehotels.it\/fr\/hotels\/pianob-breakfast-hotel-bar","title":{"rendered":"PianoB &#8211; Breakfast H\u00f4tel &#038; Bar"},"content":{"rendered":"\n<p><b>PianoB Breakfast H\u00f4tel &amp; Bar<\/b>. Une alternative rafra\u00eechissante pour votre s\u00e9jour \u00e0 Senigallia. Dans un magnifique cadre en bord de mer, l\u2019h\u00f4tel propose un nouveau concept de vacances : <b>la demi-pension selon PianoB<\/b>. Nuit\u00e9e, petit-d\u00e9jeuner, service de plage, ainsi que d\u00e9jeuner ou d\u00eener dans les restaurants de votre choix. Le tout inclus !<\/p>\n\n\n\n<!--more-->\n\n\n\n<p>Un s\u00e9jour au <b>PianoB Breakfast H\u00f4tel &amp; Bar<\/b> est plac\u00e9 sous le signe du confort, de la libert\u00e9 et de la l\u00e9g\u00e8ret\u00e9 : de <b>v\u00e9ritables lits douillets<\/b> pour un repos royal, la vue sur la mer d\u00e8s le r\u00e9veil, un g\u00e9n\u00e9reux <b>Big Breakfast servi jusqu\u2019\u00e0 11 h<\/b>, et la libert\u00e9 de vivre chaque <b>journ\u00e9e sans<\/b> contraintes <b>ni horaires<\/b> impos\u00e9s.<\/p>\n\n\n\n<p>Le <b>service de location<\/b> de v\u00e9los offert vous permet de d\u00e9couvrir <b>Senigallia<\/b> en toute douceur, au fil de <b>longues balades<\/b> sur la <b>promenade<\/b> jusqu\u2019au <b>centre historique<\/b>, situ\u00e9 \u00e0 seulement 800 m\u00e8tres de l\u2019h\u00f4tel. <b>PianoB Breakfast H\u00f4tel &amp; Bar<\/b> constitue \u00e9galement un point de d\u00e9part id\u00e9al pour profiter des nombreux <b>\u00e9v\u00e9nements<\/b> <b>organis\u00e9s tout au long de l\u2019ann\u00e9e \u00e0 Senigallia<\/b>, mais aussi pour explorer les <b>Marches<\/b> et visiter des lieux tels que le <b>Museo del Bal\u00ec<\/b>, les <b>grottes de Frasassi<\/b>, le <b>parc des Dinosaures<\/b> ou encore <b>Loreto<\/b>.<\/p>\n\n\n\n\n","protected":false},"excerpt":{"rendered":"<p>PianoB Breakfast H\u00f4tel &amp; Bar. Une alternative rafra\u00eechissante pour votre s\u00e9jour \u00e0 Senigallia. Dans un &hellip;<\/p>\n","protected":false},"author":1,"featured_media":0,"parent":8241,"menu_order":0,"comment_status":"closed","ping_status":"closed","template":"page-templates\/scheda_hotel.php","meta":{"_acf_changed":false,"footnotes":""},"class_list":["post-50868","page","type-page","status-publish","hentry"],"acf":[],"yoast_head":"<!-- This site is optimized with the Yoast SEO plugin v27.0 - https:\/\/yoast.com\/product\/yoast-seo-wordpress\/ -->\n<title>PianoB - Breakfast H\u00f4tel &amp; Bar - All Inclusive Hotels<\/title>\n<meta name=\"robots\" content=\"index, follow, max-snippet:-1, max-image-preview:large, max-video-preview:-1\" \/>\n<link rel=\"canonical\" href=\"https:\/\/www.allinclusivehotels.it\/fr\/hotels\/pianob-breakfast-hotel-bar\" \/>\n<meta property=\"og:locale\" content=\"fr_FR\" \/>\n<meta property=\"og:type\" content=\"article\" \/>\n<meta property=\"og:title\" content=\"PianoB - Breakfast H\u00f4tel &amp; Bar - All Inclusive Hotels\" \/>\n<meta property=\"og:description\" content=\"PianoB Breakfast H\u00f4tel &amp; Bar. Une alternative rafra\u00eechissante pour votre s\u00e9jour \u00e0 Senigallia. Dans un &hellip;\" \/>\n<meta property=\"og:url\" content=\"https:\/\/www.allinclusivehotels.it\/fr\/hotels\/pianob-breakfast-hotel-bar\" \/>\n<meta property=\"og:site_name\" content=\"All Inclusive Hotels\" \/>\n<meta property=\"article:modified_time\" content=\"2026-04-01T13:19:10+00:00\" \/>\n<meta name=\"twitter:card\" content=\"summary_large_image\" \/>\n<meta name=\"twitter:label1\" content=\"Dur\u00e9e de lecture estim\u00e9e\" \/>\n\t<meta name=\"twitter:data1\" content=\"1 minute\" \/>\n<script type=\"application\/ld+json\" class=\"yoast-schema-graph\">{\"@context\":\"https:\/\/schema.org\",\"@graph\":[{\"@type\":\"WebPage\",\"@id\":\"https:\/\/www.allinclusivehotels.it\/fr\/hotels\/pianob-breakfast-hotel-bar\",\"url\":\"https:\/\/www.allinclusivehotels.it\/fr\/hotels\/pianob-breakfast-hotel-bar\",\"name\":\"PianoB - Breakfast H\u00f4tel & Bar - All Inclusive Hotels\",\"isPartOf\":{\"@id\":\"https:\/\/www.allinclusivehotels.it\/fr#website\"},\"datePublished\":\"2026-02-23T09:54:23+00:00\",\"dateModified\":\"2026-04-01T13:19:10+00:00\",\"breadcrumb\":{\"@id\":\"https:\/\/www.allinclusivehotels.it\/fr\/hotels\/pianob-breakfast-hotel-bar#breadcrumb\"},\"inLanguage\":\"fr-FR\",\"potentialAction\":[{\"@type\":\"ReadAction\",\"target\":[\"https:\/\/www.allinclusivehotels.it\/fr\/hotels\/pianob-breakfast-hotel-bar\"]}]},{\"@type\":\"BreadcrumbList\",\"@id\":\"https:\/\/www.allinclusivehotels.it\/fr\/hotels\/pianob-breakfast-hotel-bar#breadcrumb\",\"itemListElement\":[{\"@type\":\"ListItem\",\"position\":1,\"name\":\"Home\",\"item\":\"https:\/\/www.allinclusivehotels.it\/fr\"},{\"@type\":\"ListItem\",\"position\":2,\"name\":\"H\u00f4tels\",\"item\":\"https:\/\/www.allinclusivehotels.it\/fr\/hotels\"},{\"@type\":\"ListItem\",\"position\":3,\"name\":\"PianoB &#8211; Breakfast H\u00f4tel &#038; Bar\"}]},{\"@type\":\"WebSite\",\"@id\":\"https:\/\/www.allinclusivehotels.it\/fr#website\",\"url\":\"https:\/\/www.allinclusivehotels.it\/fr\",\"name\":\"All Inclusive Hotels\",\"description\":\"\",\"publisher\":{\"@id\":\"https:\/\/www.allinclusivehotels.it\/fr#organization\"},\"potentialAction\":[{\"@type\":\"SearchAction\",\"target\":{\"@type\":\"EntryPoint\",\"urlTemplate\":\"https:\/\/www.allinclusivehotels.it\/fr?s={search_term_string}\"},\"query-input\":{\"@type\":\"PropertyValueSpecification\",\"valueRequired\":true,\"valueName\":\"search_term_string\"}}],\"inLanguage\":\"fr-FR\"},{\"@type\":\"Organization\",\"@id\":\"https:\/\/www.allinclusivehotels.it\/fr#organization\",\"name\":\"All Inclusive Hotels\",\"url\":\"https:\/\/www.allinclusivehotels.it\/fr\",\"logo\":{\"@type\":\"ImageObject\",\"inLanguage\":\"fr-FR\",\"@id\":\"https:\/\/www.allinclusivehotels.it\/fr#\/schema\/logo\/image\/\",\"url\":\"\",\"contentUrl\":\"\",\"caption\":\"All Inclusive Hotels\"},\"image\":{\"@id\":\"https:\/\/www.allinclusivehotels.it\/fr#\/schema\/logo\/image\/\"}}]}<\/script>\n<!-- \/ Yoast SEO plugin. -->","yoast_head_json":{"title":"PianoB - Breakfast H\u00f4tel & Bar - All Inclusive Hotels","robots":{"index":"index","follow":"follow","max-snippet":"max-snippet:-1","max-image-preview":"max-image-preview:large","max-video-preview":"max-video-preview:-1"},"canonical":"https:\/\/www.allinclusivehotels.it\/fr\/hotels\/pianob-breakfast-hotel-bar","og_locale":"fr_FR","og_type":"article","og_title":"PianoB - Breakfast H\u00f4tel & Bar - All Inclusive Hotels","og_description":"PianoB Breakfast H\u00f4tel &amp; Bar. Une alternative rafra\u00eechissante pour votre s\u00e9jour \u00e0 Senigallia. Dans un &hellip;","og_url":"https:\/\/www.allinclusivehotels.it\/fr\/hotels\/pianob-breakfast-hotel-bar","og_site_name":"All Inclusive Hotels","article_modified_time":"2026-04-01T13:19:10+00:00","twitter_card":"summary_large_image","twitter_misc":{"Dur\u00e9e de lecture estim\u00e9e":"1 minute"},"schema":{"@context":"https:\/\/schema.org","@graph":[{"@type":"WebPage","@id":"https:\/\/www.allinclusivehotels.it\/fr\/hotels\/pianob-breakfast-hotel-bar","url":"https:\/\/www.allinclusivehotels.it\/fr\/hotels\/pianob-breakfast-hotel-bar","name":"PianoB - Breakfast H\u00f4tel & Bar - All Inclusive Hotels","isPartOf":{"@id":"https:\/\/www.allinclusivehotels.it\/fr#website"},"datePublished":"2026-02-23T09:54:23+00:00","dateModified":"2026-04-01T13:19:10+00:00","breadcrumb":{"@id":"https:\/\/www.allinclusivehotels.it\/fr\/hotels\/pianob-breakfast-hotel-bar#breadcrumb"},"inLanguage":"fr-FR","potentialAction":[{"@type":"ReadAction","target":["https:\/\/www.allinclusivehotels.it\/fr\/hotels\/pianob-breakfast-hotel-bar"]}]},{"@type":"BreadcrumbList","@id":"https:\/\/www.allinclusivehotels.it\/fr\/hotels\/pianob-breakfast-hotel-bar#breadcrumb","itemListElement":[{"@type":"ListItem","position":1,"name":"Home","item":"https:\/\/www.allinclusivehotels.it\/fr"},{"@type":"ListItem","position":2,"name":"H\u00f4tels","item":"https:\/\/www.allinclusivehotels.it\/fr\/hotels"},{"@type":"ListItem","position":3,"name":"PianoB &#8211; Breakfast H\u00f4tel &#038; Bar"}]},{"@type":"WebSite","@id":"https:\/\/www.allinclusivehotels.it\/fr#website","url":"https:\/\/www.allinclusivehotels.it\/fr","name":"All Inclusive Hotels","description":"","publisher":{"@id":"https:\/\/www.allinclusivehotels.it\/fr#organization"},"potentialAction":[{"@type":"SearchAction","target":{"@type":"EntryPoint","urlTemplate":"https:\/\/www.allinclusivehotels.it\/fr?s={search_term_string}"},"query-input":{"@type":"PropertyValueSpecification","valueRequired":true,"valueName":"search_term_string"}}],"inLanguage":"fr-FR"},{"@type":"Organization","@id":"https:\/\/www.allinclusivehotels.it\/fr#organization","name":"All Inclusive Hotels","url":"https:\/\/www.allinclusivehotels.it\/fr","logo":{"@type":"ImageObject","inLanguage":"fr-FR","@id":"https:\/\/www.allinclusivehotels.it\/fr#\/schema\/logo\/image\/","url":"","contentUrl":"","caption":"All Inclusive Hotels"},"image":{"@id":"https:\/\/www.allinclusivehotels.it\/fr#\/schema\/logo\/image\/"}}]}},"_links":{"self":[{"href":"https:\/\/www.allinclusivehotels.it\/fr\/wp-json\/wp\/v2\/pages\/50868","targetHints":{"allow":["GET"]}}],"collection":[{"href":"https:\/\/www.allinclusivehotels.it\/fr\/wp-json\/wp\/v2\/pages"}],"about":[{"href":"https:\/\/www.allinclusivehotels.it\/fr\/wp-json\/wp\/v2\/types\/page"}],"author":[{"embeddable":true,"href":"https:\/\/www.allinclusivehotels.it\/fr\/wp-json\/wp\/v2\/users\/1"}],"replies":[{"embeddable":true,"href":"https:\/\/www.allinclusivehotels.it\/fr\/wp-json\/wp\/v2\/comments?post=50868"}],"version-history":[{"count":3,"href":"https:\/\/www.allinclusivehotels.it\/fr\/wp-json\/wp\/v2\/pages\/50868\/revisions"}],"predecessor-version":[{"id":52024,"href":"https:\/\/www.allinclusivehotels.it\/fr\/wp-json\/wp\/v2\/pages\/50868\/revisions\/52024"}],"up":[{"embeddable":true,"href":"https:\/\/www.allinclusivehotels.it\/fr\/wp-json\/wp\/v2\/pages\/8241"}],"wp:attachment":[{"href":"https:\/\/www.allinclusivehotels.it\/fr\/wp-json\/wp\/v2\/media?parent=50868"}],"curies":[{"name":"wp","href":"https:\/\/api.w.org\/{rel}","templated":true}]}}