{"id":50573,"date":"2026-02-09T16:36:56","date_gmt":"2026-02-09T15:36:56","guid":{"rendered":"https:\/\/www.allinclusivehotels.it\/hotels\/hotel-delle-nazioni-by-double-hospitality"},"modified":"2026-03-05T09:03:23","modified_gmt":"2026-03-05T08:03:23","slug":"hotel-delle-nazioni-by-double-hospitality","status":"publish","type":"page","link":"https:\/\/www.allinclusivehotels.it\/fr\/hotels\/hotel-delle-nazioni-by-double-hospitality","title":{"rendered":"H\u00f4tel delle Nazioni by Double Hospitality"},"content":{"rendered":"\n<p>L\u2019<b>H\u00f4tel delle Nazioni <\/b>b\u00e9n\u00e9ficie d\u2019un emplacement privil\u00e9gi\u00e9 en bord de mer \u00e0 <b>Bellaria Igea Marina<\/b> et accueille les <b>familles <\/b>avec des services et des espaces sp\u00e9cialement pens\u00e9s pour elles.<\/p>\n\n\n\n<p>La <b>piscine<\/b> du jardin constitue l\u2019endroit id\u00e9al pour que les <b>enfants<\/b> s\u2019amusent pendant que les parents se <b>d\u00e9tendent<\/b>.<\/p>\n\n\n\n<p>La formule <b>All Inclusive<\/b> propose une <b>exp\u00e9rience compl\u00e8te<\/b> : <b>buffets <\/b>g\u00e9n\u00e9reux avec <b>boissons incluses aux repas<\/b>, <b>ap\u00e9ritif <\/b>\u00e0 midi, <b>go\u00fbter l\u2019apr\u00e8s-midi<\/b> et <b>open bar 24h\/24<\/b> avec <b>eau, sodas et jus<\/b> disponibles tout au long de la journ\u00e9e.<\/p>\n\n\n\n<p>Le service <b>plage<\/b> avec <b>parasol et transats<\/b> fait partie du s\u00e9jour, et les serviettes de plage sont fournies \u00e0 l\u2019arriv\u00e9e.<\/p>\n\n\n\n<!--more-->\n\n\n\n\n\n<p>Les plus <b>jeunes<\/b> disposent d\u2019un <b>Baby Food Corner<\/b> enti\u00e8rement \u00e9quip\u00e9 \u00e0 proximit\u00e9 du <b>restaurant <\/b>(micro-ondes, chauffe-biberon, vaisselle adapt\u00e9e).<\/p>\n\n\n\n<p>Les enfants re\u00e7oivent en cadeau une <b>gourde<\/b> \u00e0 l\u2019effigie de la <b>mascotte<\/b>.<\/p>\n\n\n\n<p>Les <b>enfants <\/b>profitent du <b>Mini Club (4\u20138 ans)<\/b> tous les jours, de la <b>Baby Dance<\/b> chaque soir avec la <b>mascotte Ginetto<\/b>, de la<b> piscine<\/b>, de la <b>plage am\u00e9nag\u00e9e<\/b> et de nombreux espaces d\u00e9di\u00e9s au jeu.<\/p>\n\n\n\n<p>Les <b>activit\u00e9s <\/b>sont nombreuses et vari\u00e9es : chasses au tr\u00e9sor, MasterChef Junior, ateliers cr\u00e9atifs, tournois de football, jeux en plein air, mini-olympiades, constructions en sable et d\u00e9fis en \u00e9quipe.<\/p>\n\n\n\n<p>Des rendez-vous sp\u00e9ciaux comme le <b>Luverie Time<\/b> et la <b>Candy Night<\/b> enrichissent le s\u00e9jour.<\/p>\n\n\n\n<p><b>Parking <\/b>disponible \u00e0 environ <b>2 km de l\u2019h\u00f4tel<\/b>.<\/p>\n\n\n\n<p>Et si un compagnon \u00e0 <b>quatre pattes<\/b> vous accompagne, l\u2019H\u00f4tel delle Nazioni l\u2019<b>accueille<\/b> \u00e9galement avec plaisir.<\/p>\n","protected":false},"excerpt":{"rendered":"<p>L\u2019H\u00f4tel delle Nazioni b\u00e9n\u00e9ficie d\u2019un emplacement privil\u00e9gi\u00e9 en bord de mer \u00e0 Bellaria Igea Marina &hellip;<\/p>\n","protected":false},"author":1,"featured_media":0,"parent":8241,"menu_order":0,"comment_status":"closed","ping_status":"closed","template":"page-templates\/scheda_hotel.php","meta":{"_acf_changed":false,"footnotes":""},"class_list":["post-50573","page","type-page","status-publish","hentry"],"acf":[],"yoast_head":"<!-- This site is optimized with the Yoast SEO plugin v27.6 - https:\/\/yoast.com\/product\/yoast-seo-wordpress\/ -->\n<title>H\u00f4tel delle Nazioni by Double Hospitality - All Inclusive Hotels<\/title>\n<meta name=\"robots\" content=\"index, follow, max-snippet:-1, max-image-preview:large, max-video-preview:-1\" \/>\n<link rel=\"canonical\" href=\"https:\/\/www.allinclusivehotels.it\/fr\/hotels\/hotel-delle-nazioni-by-double-hospitality\" \/>\n<meta property=\"og:locale\" content=\"fr_FR\" \/>\n<meta property=\"og:type\" content=\"article\" \/>\n<meta property=\"og:title\" content=\"H\u00f4tel delle Nazioni by Double Hospitality - All Inclusive Hotels\" \/>\n<meta property=\"og:description\" content=\"L\u2019H\u00f4tel delle Nazioni b\u00e9n\u00e9ficie d\u2019un emplacement privil\u00e9gi\u00e9 en bord de mer \u00e0 Bellaria Igea Marina &hellip;\" \/>\n<meta property=\"og:url\" content=\"https:\/\/www.allinclusivehotels.it\/fr\/hotels\/hotel-delle-nazioni-by-double-hospitality\" \/>\n<meta property=\"og:site_name\" content=\"All Inclusive Hotels\" \/>\n<meta property=\"article:modified_time\" content=\"2026-03-05T08:03:23+00:00\" \/>\n<meta name=\"twitter:card\" content=\"summary_large_image\" \/>\n<meta name=\"twitter:label1\" content=\"Dur\u00e9e de lecture estim\u00e9e\" \/>\n\t<meta name=\"twitter:data1\" content=\"1 minute\" \/>\n<script type=\"application\/ld+json\" class=\"yoast-schema-graph\">{\"@context\":\"https:\\\/\\\/schema.org\",\"@graph\":[{\"@type\":\"WebPage\",\"@id\":\"https:\\\/\\\/www.allinclusivehotels.it\\\/fr\\\/hotels\\\/hotel-delle-nazioni-by-double-hospitality\",\"url\":\"https:\\\/\\\/www.allinclusivehotels.it\\\/fr\\\/hotels\\\/hotel-delle-nazioni-by-double-hospitality\",\"name\":\"H\u00f4tel delle Nazioni by Double Hospitality - All Inclusive Hotels\",\"isPartOf\":{\"@id\":\"https:\\\/\\\/www.allinclusivehotels.it\\\/fr#website\"},\"datePublished\":\"2026-02-09T15:36:56+00:00\",\"dateModified\":\"2026-03-05T08:03:23+00:00\",\"breadcrumb\":{\"@id\":\"https:\\\/\\\/www.allinclusivehotels.it\\\/fr\\\/hotels\\\/hotel-delle-nazioni-by-double-hospitality#breadcrumb\"},\"inLanguage\":\"fr-FR\",\"potentialAction\":[{\"@type\":\"ReadAction\",\"target\":[\"https:\\\/\\\/www.allinclusivehotels.it\\\/fr\\\/hotels\\\/hotel-delle-nazioni-by-double-hospitality\"]}]},{\"@type\":\"BreadcrumbList\",\"@id\":\"https:\\\/\\\/www.allinclusivehotels.it\\\/fr\\\/hotels\\\/hotel-delle-nazioni-by-double-hospitality#breadcrumb\",\"itemListElement\":[{\"@type\":\"ListItem\",\"position\":1,\"name\":\"Home\",\"item\":\"https:\\\/\\\/www.allinclusivehotels.it\\\/fr\"},{\"@type\":\"ListItem\",\"position\":2,\"name\":\"H\u00f4tels\",\"item\":\"https:\\\/\\\/www.allinclusivehotels.it\\\/fr\\\/hotels\"},{\"@type\":\"ListItem\",\"position\":3,\"name\":\"H\u00f4tel delle Nazioni by Double Hospitality\"}]},{\"@type\":\"WebSite\",\"@id\":\"https:\\\/\\\/www.allinclusivehotels.it\\\/fr#website\",\"url\":\"https:\\\/\\\/www.allinclusivehotels.it\\\/fr\",\"name\":\"All Inclusive Hotels\",\"description\":\"\",\"publisher\":{\"@id\":\"https:\\\/\\\/www.allinclusivehotels.it\\\/fr#organization\"},\"potentialAction\":[{\"@type\":\"SearchAction\",\"target\":{\"@type\":\"EntryPoint\",\"urlTemplate\":\"https:\\\/\\\/www.allinclusivehotels.it\\\/fr?s={search_term_string}\"},\"query-input\":{\"@type\":\"PropertyValueSpecification\",\"valueRequired\":true,\"valueName\":\"search_term_string\"}}],\"inLanguage\":\"fr-FR\"},{\"@type\":\"Organization\",\"@id\":\"https:\\\/\\\/www.allinclusivehotels.it\\\/fr#organization\",\"name\":\"All Inclusive Hotels\",\"url\":\"https:\\\/\\\/www.allinclusivehotels.it\\\/fr\",\"logo\":{\"@type\":\"ImageObject\",\"inLanguage\":\"fr-FR\",\"@id\":\"https:\\\/\\\/www.allinclusivehotels.it\\\/fr#\\\/schema\\\/logo\\\/image\\\/\",\"url\":\"\",\"contentUrl\":\"\",\"caption\":\"All Inclusive Hotels\"},\"image\":{\"@id\":\"https:\\\/\\\/www.allinclusivehotels.it\\\/fr#\\\/schema\\\/logo\\\/image\\\/\"}}]}<\/script>\n<!-- \/ Yoast SEO plugin. -->","yoast_head_json":{"title":"H\u00f4tel delle Nazioni by Double Hospitality - All Inclusive Hotels","robots":{"index":"index","follow":"follow","max-snippet":"max-snippet:-1","max-image-preview":"max-image-preview:large","max-video-preview":"max-video-preview:-1"},"canonical":"https:\/\/www.allinclusivehotels.it\/fr\/hotels\/hotel-delle-nazioni-by-double-hospitality","og_locale":"fr_FR","og_type":"article","og_title":"H\u00f4tel delle Nazioni by Double Hospitality - All Inclusive Hotels","og_description":"L\u2019H\u00f4tel delle Nazioni b\u00e9n\u00e9ficie d\u2019un emplacement privil\u00e9gi\u00e9 en bord de mer \u00e0 Bellaria Igea Marina &hellip;","og_url":"https:\/\/www.allinclusivehotels.it\/fr\/hotels\/hotel-delle-nazioni-by-double-hospitality","og_site_name":"All Inclusive Hotels","article_modified_time":"2026-03-05T08:03:23+00:00","twitter_card":"summary_large_image","twitter_misc":{"Dur\u00e9e de lecture estim\u00e9e":"1 minute"},"schema":{"@context":"https:\/\/schema.org","@graph":[{"@type":"WebPage","@id":"https:\/\/www.allinclusivehotels.it\/fr\/hotels\/hotel-delle-nazioni-by-double-hospitality","url":"https:\/\/www.allinclusivehotels.it\/fr\/hotels\/hotel-delle-nazioni-by-double-hospitality","name":"H\u00f4tel delle Nazioni by Double Hospitality - All Inclusive Hotels","isPartOf":{"@id":"https:\/\/www.allinclusivehotels.it\/fr#website"},"datePublished":"2026-02-09T15:36:56+00:00","dateModified":"2026-03-05T08:03:23+00:00","breadcrumb":{"@id":"https:\/\/www.allinclusivehotels.it\/fr\/hotels\/hotel-delle-nazioni-by-double-hospitality#breadcrumb"},"inLanguage":"fr-FR","potentialAction":[{"@type":"ReadAction","target":["https:\/\/www.allinclusivehotels.it\/fr\/hotels\/hotel-delle-nazioni-by-double-hospitality"]}]},{"@type":"BreadcrumbList","@id":"https:\/\/www.allinclusivehotels.it\/fr\/hotels\/hotel-delle-nazioni-by-double-hospitality#breadcrumb","itemListElement":[{"@type":"ListItem","position":1,"name":"Home","item":"https:\/\/www.allinclusivehotels.it\/fr"},{"@type":"ListItem","position":2,"name":"H\u00f4tels","item":"https:\/\/www.allinclusivehotels.it\/fr\/hotels"},{"@type":"ListItem","position":3,"name":"H\u00f4tel delle Nazioni by Double Hospitality"}]},{"@type":"WebSite","@id":"https:\/\/www.allinclusivehotels.it\/fr#website","url":"https:\/\/www.allinclusivehotels.it\/fr","name":"All Inclusive Hotels","description":"","publisher":{"@id":"https:\/\/www.allinclusivehotels.it\/fr#organization"},"potentialAction":[{"@type":"SearchAction","target":{"@type":"EntryPoint","urlTemplate":"https:\/\/www.allinclusivehotels.it\/fr?s={search_term_string}"},"query-input":{"@type":"PropertyValueSpecification","valueRequired":true,"valueName":"search_term_string"}}],"inLanguage":"fr-FR"},{"@type":"Organization","@id":"https:\/\/www.allinclusivehotels.it\/fr#organization","name":"All Inclusive Hotels","url":"https:\/\/www.allinclusivehotels.it\/fr","logo":{"@type":"ImageObject","inLanguage":"fr-FR","@id":"https:\/\/www.allinclusivehotels.it\/fr#\/schema\/logo\/image\/","url":"","contentUrl":"","caption":"All Inclusive Hotels"},"image":{"@id":"https:\/\/www.allinclusivehotels.it\/fr#\/schema\/logo\/image\/"}}]}},"_links":{"self":[{"href":"https:\/\/www.allinclusivehotels.it\/fr\/wp-json\/wp\/v2\/pages\/50573","targetHints":{"allow":["GET"]}}],"collection":[{"href":"https:\/\/www.allinclusivehotels.it\/fr\/wp-json\/wp\/v2\/pages"}],"about":[{"href":"https:\/\/www.allinclusivehotels.it\/fr\/wp-json\/wp\/v2\/types\/page"}],"author":[{"embeddable":true,"href":"https:\/\/www.allinclusivehotels.it\/fr\/wp-json\/wp\/v2\/users\/1"}],"replies":[{"embeddable":true,"href":"https:\/\/www.allinclusivehotels.it\/fr\/wp-json\/wp\/v2\/comments?post=50573"}],"version-history":[{"count":3,"href":"https:\/\/www.allinclusivehotels.it\/fr\/wp-json\/wp\/v2\/pages\/50573\/revisions"}],"predecessor-version":[{"id":51439,"href":"https:\/\/www.allinclusivehotels.it\/fr\/wp-json\/wp\/v2\/pages\/50573\/revisions\/51439"}],"up":[{"embeddable":true,"href":"https:\/\/www.allinclusivehotels.it\/fr\/wp-json\/wp\/v2\/pages\/8241"}],"wp:attachment":[{"href":"https:\/\/www.allinclusivehotels.it\/fr\/wp-json\/wp\/v2\/media?parent=50573"}],"curies":[{"name":"wp","href":"https:\/\/api.w.org\/{rel}","templated":true}]}}