{"id":50397,"date":"2026-01-22T15:38:50","date_gmt":"2026-01-22T14:38:50","guid":{"rendered":"https:\/\/www.allinclusivehotels.it\/hotels\/color-dolmen-family-village"},"modified":"2026-03-05T09:03:19","modified_gmt":"2026-03-05T08:03:19","slug":"color-dolmen-family-village","status":"publish","type":"page","link":"https:\/\/www.allinclusivehotels.it\/fr\/hotels\/color-dolmen-family-village","title":{"rendered":"Color Dolmen Family Village"},"content":{"rendered":"\n<p>Situ\u00e9 au c\u0153ur de la v\u00e9g\u00e9tation luxuriante du <b>Salento<\/b>, le <b>Color Dolmen Family Village \u00e0 Minervino di Lecce<\/b> est un village de vacances id\u00e9al pour les <b>familles<\/b> en qu\u00eate de d\u00e9tente et de divertissement.<\/p>\n\n\n\n<p>La formule exclusive <b>Premium All Inclusive<\/b> comprend \u00e9galement le service plage avec <b>un parasol et deux transats.<\/b><\/p>\n\n\n\n<!--more-->\n\n\n\n<p>Les <b>animations du<\/b> <b>Color Dolmen Family Village<\/b> rythment toute la journ\u00e9e, sur la plage, au bord de la <b>piscine <\/b>et dans l\u2019ensemble du village, avec des activit\u00e9s adapt\u00e9es \u00e0 chaque \u00e2ge.<\/p>\n\n\n\n<p>Des clubs sont propos\u00e9s pour toutes les tranches d\u2019\u00e2ge : Baby Club (0\u20134 ans) avec encadrement professionnel et activit\u00e9s d\u2019inspiration Montessori, Mini Club (5\u201310 ans), Junior Club (11\u201314 ans) et Teen Club (15\u201318 ans).<\/p>\n\n\n\n<p>Le programme inclut <b>jeux en piscine, tournois<\/b> sportifs, <b>ateliers cr\u00e9atifs<\/b>, la c\u00e9l\u00e8bre <b>Foam Party<\/b> et la spectaculaire <b>Color Explosion<\/b>.<\/p>\n\n\n\n<p>Le soir, le village s\u2019anime avec la <b>Baby Dance<\/b>, le <b>Color Show<\/b> \u2014 spectacles, com\u00e9dies musicales, cabaret, animations pour enfants et soir\u00e9es th\u00e9matiques \u2014 la <b>Candy Night<\/b> et une <b>soir\u00e9e <\/b>traditionnelle <b>salentine<\/b>.<\/p>\n\n\n\n<p>De nombreux espaces de loisirs compl\u00e8tent l\u2019offre : <b>grande aire de jeux gonflables<\/b>, <b>piscine <\/b>nich\u00e9e parmi les oliviers et zone <b>Acquasplash<\/b> avec jeux d\u2019eau, jets, geysers et fontaines.<\/p>\n\n\n\n<p>Les amateurs de sport disposent de terrains de padel, mini-basket, beach-volley, football \u00e0 cinq, tir \u00e0 l\u2019arc, p\u00e9tanque, tennis et du circuit de kart \u00e9lectrique <b>Color Racing.<\/b><\/p>\n\n\n\n<p>Les plus jeunes profitent de <b>Baby Cocoland<\/b> (0\u20134 ans avec nounou qualifi\u00e9e), <b>Mini Cocoland<\/b> (4\u201310 ans) et du lounge multim\u00e9dia <b>Junior Cocoland<\/b>.<\/p>\n\n\n\n<p>Les enfants et adolescents <b>jusqu\u2019\u00e0 18 ans s\u00e9journent gratuitement<\/b> lorsqu\u2019ils partagent la chambre <b>avec deux adultes<\/b>.<\/p>\n","protected":false},"excerpt":{"rendered":"<p>Situ\u00e9 au c\u0153ur de la v\u00e9g\u00e9tation luxuriante du Salento, le Color Dolmen Family Village \u00e0 &hellip;<\/p>\n","protected":false},"author":1,"featured_media":0,"parent":8241,"menu_order":0,"comment_status":"closed","ping_status":"closed","template":"page-templates\/scheda_hotel.php","meta":{"_acf_changed":false,"footnotes":""},"class_list":["post-50397","page","type-page","status-publish","hentry"],"acf":[],"yoast_head":"<!-- This site is optimized with the Yoast SEO plugin v27.0 - https:\/\/yoast.com\/product\/yoast-seo-wordpress\/ -->\n<title>Color Dolmen Family Village - All Inclusive Hotels<\/title>\n<meta name=\"robots\" content=\"index, follow, max-snippet:-1, max-image-preview:large, max-video-preview:-1\" \/>\n<link rel=\"canonical\" href=\"https:\/\/www.allinclusivehotels.it\/fr\/hotels\/color-dolmen-family-village\" \/>\n<meta property=\"og:locale\" content=\"fr_FR\" \/>\n<meta property=\"og:type\" content=\"article\" \/>\n<meta property=\"og:title\" content=\"Color Dolmen Family Village - All Inclusive Hotels\" \/>\n<meta property=\"og:description\" content=\"Situ\u00e9 au c\u0153ur de la v\u00e9g\u00e9tation luxuriante du Salento, le Color Dolmen Family Village \u00e0 &hellip;\" \/>\n<meta property=\"og:url\" content=\"https:\/\/www.allinclusivehotels.it\/fr\/hotels\/color-dolmen-family-village\" \/>\n<meta property=\"og:site_name\" content=\"All Inclusive Hotels\" \/>\n<meta property=\"article:modified_time\" content=\"2026-03-05T08:03:19+00:00\" \/>\n<meta name=\"twitter:card\" content=\"summary_large_image\" \/>\n<meta name=\"twitter:label1\" content=\"Dur\u00e9e de lecture estim\u00e9e\" \/>\n\t<meta name=\"twitter:data1\" content=\"1 minute\" \/>\n<script type=\"application\/ld+json\" class=\"yoast-schema-graph\">{\"@context\":\"https:\/\/schema.org\",\"@graph\":[{\"@type\":\"WebPage\",\"@id\":\"https:\/\/www.allinclusivehotels.it\/fr\/hotels\/color-dolmen-family-village\",\"url\":\"https:\/\/www.allinclusivehotels.it\/fr\/hotels\/color-dolmen-family-village\",\"name\":\"Color Dolmen Family Village - All Inclusive Hotels\",\"isPartOf\":{\"@id\":\"https:\/\/www.allinclusivehotels.it\/fr#website\"},\"datePublished\":\"2026-01-22T14:38:50+00:00\",\"dateModified\":\"2026-03-05T08:03:19+00:00\",\"breadcrumb\":{\"@id\":\"https:\/\/www.allinclusivehotels.it\/fr\/hotels\/color-dolmen-family-village#breadcrumb\"},\"inLanguage\":\"fr-FR\",\"potentialAction\":[{\"@type\":\"ReadAction\",\"target\":[\"https:\/\/www.allinclusivehotels.it\/fr\/hotels\/color-dolmen-family-village\"]}]},{\"@type\":\"BreadcrumbList\",\"@id\":\"https:\/\/www.allinclusivehotels.it\/fr\/hotels\/color-dolmen-family-village#breadcrumb\",\"itemListElement\":[{\"@type\":\"ListItem\",\"position\":1,\"name\":\"Home\",\"item\":\"https:\/\/www.allinclusivehotels.it\/fr\"},{\"@type\":\"ListItem\",\"position\":2,\"name\":\"H\u00f4tels\",\"item\":\"https:\/\/www.allinclusivehotels.it\/fr\/hotels\"},{\"@type\":\"ListItem\",\"position\":3,\"name\":\"Color Dolmen Family Village\"}]},{\"@type\":\"WebSite\",\"@id\":\"https:\/\/www.allinclusivehotels.it\/fr#website\",\"url\":\"https:\/\/www.allinclusivehotels.it\/fr\",\"name\":\"All Inclusive Hotels\",\"description\":\"\",\"publisher\":{\"@id\":\"https:\/\/www.allinclusivehotels.it\/fr#organization\"},\"potentialAction\":[{\"@type\":\"SearchAction\",\"target\":{\"@type\":\"EntryPoint\",\"urlTemplate\":\"https:\/\/www.allinclusivehotels.it\/fr?s={search_term_string}\"},\"query-input\":{\"@type\":\"PropertyValueSpecification\",\"valueRequired\":true,\"valueName\":\"search_term_string\"}}],\"inLanguage\":\"fr-FR\"},{\"@type\":\"Organization\",\"@id\":\"https:\/\/www.allinclusivehotels.it\/fr#organization\",\"name\":\"All Inclusive Hotels\",\"url\":\"https:\/\/www.allinclusivehotels.it\/fr\",\"logo\":{\"@type\":\"ImageObject\",\"inLanguage\":\"fr-FR\",\"@id\":\"https:\/\/www.allinclusivehotels.it\/fr#\/schema\/logo\/image\/\",\"url\":\"\",\"contentUrl\":\"\",\"caption\":\"All Inclusive Hotels\"},\"image\":{\"@id\":\"https:\/\/www.allinclusivehotels.it\/fr#\/schema\/logo\/image\/\"}}]}<\/script>\n<!-- \/ Yoast SEO plugin. -->","yoast_head_json":{"title":"Color Dolmen Family Village - All Inclusive Hotels","robots":{"index":"index","follow":"follow","max-snippet":"max-snippet:-1","max-image-preview":"max-image-preview:large","max-video-preview":"max-video-preview:-1"},"canonical":"https:\/\/www.allinclusivehotels.it\/fr\/hotels\/color-dolmen-family-village","og_locale":"fr_FR","og_type":"article","og_title":"Color Dolmen Family Village - All Inclusive Hotels","og_description":"Situ\u00e9 au c\u0153ur de la v\u00e9g\u00e9tation luxuriante du Salento, le Color Dolmen Family Village \u00e0 &hellip;","og_url":"https:\/\/www.allinclusivehotels.it\/fr\/hotels\/color-dolmen-family-village","og_site_name":"All Inclusive Hotels","article_modified_time":"2026-03-05T08:03:19+00:00","twitter_card":"summary_large_image","twitter_misc":{"Dur\u00e9e de lecture estim\u00e9e":"1 minute"},"schema":{"@context":"https:\/\/schema.org","@graph":[{"@type":"WebPage","@id":"https:\/\/www.allinclusivehotels.it\/fr\/hotels\/color-dolmen-family-village","url":"https:\/\/www.allinclusivehotels.it\/fr\/hotels\/color-dolmen-family-village","name":"Color Dolmen Family Village - All Inclusive Hotels","isPartOf":{"@id":"https:\/\/www.allinclusivehotels.it\/fr#website"},"datePublished":"2026-01-22T14:38:50+00:00","dateModified":"2026-03-05T08:03:19+00:00","breadcrumb":{"@id":"https:\/\/www.allinclusivehotels.it\/fr\/hotels\/color-dolmen-family-village#breadcrumb"},"inLanguage":"fr-FR","potentialAction":[{"@type":"ReadAction","target":["https:\/\/www.allinclusivehotels.it\/fr\/hotels\/color-dolmen-family-village"]}]},{"@type":"BreadcrumbList","@id":"https:\/\/www.allinclusivehotels.it\/fr\/hotels\/color-dolmen-family-village#breadcrumb","itemListElement":[{"@type":"ListItem","position":1,"name":"Home","item":"https:\/\/www.allinclusivehotels.it\/fr"},{"@type":"ListItem","position":2,"name":"H\u00f4tels","item":"https:\/\/www.allinclusivehotels.it\/fr\/hotels"},{"@type":"ListItem","position":3,"name":"Color Dolmen Family Village"}]},{"@type":"WebSite","@id":"https:\/\/www.allinclusivehotels.it\/fr#website","url":"https:\/\/www.allinclusivehotels.it\/fr","name":"All Inclusive Hotels","description":"","publisher":{"@id":"https:\/\/www.allinclusivehotels.it\/fr#organization"},"potentialAction":[{"@type":"SearchAction","target":{"@type":"EntryPoint","urlTemplate":"https:\/\/www.allinclusivehotels.it\/fr?s={search_term_string}"},"query-input":{"@type":"PropertyValueSpecification","valueRequired":true,"valueName":"search_term_string"}}],"inLanguage":"fr-FR"},{"@type":"Organization","@id":"https:\/\/www.allinclusivehotels.it\/fr#organization","name":"All Inclusive Hotels","url":"https:\/\/www.allinclusivehotels.it\/fr","logo":{"@type":"ImageObject","inLanguage":"fr-FR","@id":"https:\/\/www.allinclusivehotels.it\/fr#\/schema\/logo\/image\/","url":"","contentUrl":"","caption":"All Inclusive Hotels"},"image":{"@id":"https:\/\/www.allinclusivehotels.it\/fr#\/schema\/logo\/image\/"}}]}},"_links":{"self":[{"href":"https:\/\/www.allinclusivehotels.it\/fr\/wp-json\/wp\/v2\/pages\/50397","targetHints":{"allow":["GET"]}}],"collection":[{"href":"https:\/\/www.allinclusivehotels.it\/fr\/wp-json\/wp\/v2\/pages"}],"about":[{"href":"https:\/\/www.allinclusivehotels.it\/fr\/wp-json\/wp\/v2\/types\/page"}],"author":[{"embeddable":true,"href":"https:\/\/www.allinclusivehotels.it\/fr\/wp-json\/wp\/v2\/users\/1"}],"replies":[{"embeddable":true,"href":"https:\/\/www.allinclusivehotels.it\/fr\/wp-json\/wp\/v2\/comments?post=50397"}],"version-history":[{"count":2,"href":"https:\/\/www.allinclusivehotels.it\/fr\/wp-json\/wp\/v2\/pages\/50397\/revisions"}],"predecessor-version":[{"id":51437,"href":"https:\/\/www.allinclusivehotels.it\/fr\/wp-json\/wp\/v2\/pages\/50397\/revisions\/51437"}],"up":[{"embeddable":true,"href":"https:\/\/www.allinclusivehotels.it\/fr\/wp-json\/wp\/v2\/pages\/8241"}],"wp:attachment":[{"href":"https:\/\/www.allinclusivehotels.it\/fr\/wp-json\/wp\/v2\/media?parent=50397"}],"curies":[{"name":"wp","href":"https:\/\/api.w.org\/{rel}","templated":true}]}}