{"id":50345,"date":"2026-01-08T12:41:01","date_gmt":"2026-01-08T11:41:01","guid":{"rendered":"https:\/\/www.allinclusivehotels.it\/destinations\/sirolo"},"modified":"2026-01-08T12:41:06","modified_gmt":"2026-01-08T11:41:06","slug":"sirolo","status":"publish","type":"page","link":"https:\/\/www.allinclusivehotels.it\/fr\/destinations\/sirolo","title":{"rendered":"Sirolo"},"content":{"rendered":"\n<p>Les <b>h\u00f4tels All Inclusive<\/b> \u00e0 Sirolo constituent le choix id\u00e9al pour vivre des vacances <b>baln\u00e9aires <\/b>sans contraintes, immerg\u00e9es dans la <b>nature <\/b>et plac\u00e9es sous le signe de la <b>d\u00e9tente<\/b>, gr\u00e2ce \u00e0 des services soigneusement pens\u00e9s pour offrir confort et s\u00e9r\u00e9nit\u00e9 tout au long du s\u00e9jour.<\/p>\n\n\n\n<p><b>Les plages am\u00e9nag\u00e9es de Sirolo et de la voisine Numana<\/b> sont r\u00e9put\u00e9es pour leurs eaux cristallines, consid\u00e9r\u00e9es parmi les plus belles de toute la r\u00e9gion des Marches.<\/p>\n\n\n\n<!--more-->\n\n\n\n<p>Nich\u00e9e le long de la magnifique <b>Riviera du Conero<\/b>, <b>Sirolo<\/b> b\u00e9n\u00e9ficie d\u2019un cadre exceptionnel, o\u00f9 le bleu profond de l\u2019Adriatique se m\u00eale au vert intense du promontoire. Des <b>sentiers panoramiques<\/b> traversent for\u00eats et falaises spectaculaires, tandis que les villages de caract\u00e8re de <b>Sirolo<\/b> et de <b>Numana<\/b> se d\u00e9couvrent \u00e0 pied ou \u00e0 v\u00e9lo, entre ruelles historiques, \u00e9glises et panoramas inoubliables.<\/p>\n\n\n\n<p>Le <b>centre historique de Sirolo<\/b> est un v\u00e9ritable bijou, avec ses places intimistes, ses ateliers d\u2019artisans et ses terrasses offrant des vues saisissantes sur la mer Adriatique.<\/p>\n\n\n\n<p><b>Numana <\/b>s\u00e9duit tout autant par son port de plaisance, ses rues tranquilles et ses restaurants accueillants, o\u00f9 savourer des <b>vins locaux<\/b> et des <b>sp\u00e9cialit\u00e9s de poisson fra\u00eechement pr\u00e9par\u00e9es<\/b>.<\/p>\n\n\n\n<p>Parmi les exp\u00e9riences incontournables figurent les <b>excursions en bateau<\/b> au d\u00e9part des ports de <b>Sirolo <\/b>ou de <b>Numana<\/b>, qui permettent de rejoindre l\u2019embl\u00e9matique plage des <b>Due Sorelle<\/b>, symbole du Conero, accessible uniquement par la mer.<\/p>\n\n\n\n<p>Les alentours offrent une grande diversit\u00e9 d\u2019exp\u00e9riences : les amateurs de nature pourront explorer le <b>Parc du Conero<\/b>, tandis que les passionn\u00e9s de culture appr\u00e9cieront la d\u00e9couverte de bourgs historiques voisins tels que <b>Loreto<\/b>, <b>Recanati <\/b>et <b>Offagna<\/b>.<\/p>\n\n\n\n<p>Enfin, pour ceux qui recherchent le calme et l\u2019authenticit\u00e9, criques secr\u00e8tes et plages pr\u00e9serv\u00e9es offrent des moments de d\u00e9tente absolue, comme <b>Cala del Pozzovento, Cala dei Forni, la Spiaggia dei Gabbiani, Mezzavalle<\/b> ou, encore la spectaculaire <b>Spiaggia dei Sassi Neri<\/b>.<\/p>\n","protected":false},"excerpt":{"rendered":"<p>Les h\u00f4tels All Inclusive \u00e0 Sirolo constituent le choix id\u00e9al pour vivre des vacances baln\u00e9aires &hellip;<\/p>\n","protected":false},"author":1,"featured_media":0,"parent":8167,"menu_order":0,"comment_status":"closed","ping_status":"closed","template":"page-templates\/destinazione.php","meta":{"_acf_changed":false,"footnotes":""},"class_list":["post-50345","page","type-page","status-publish","hentry"],"acf":[],"yoast_head":"<!-- This site is optimized with the Yoast SEO plugin v27.0 - https:\/\/yoast.com\/product\/yoast-seo-wordpress\/ -->\n<title>H\u00f4tels All Inclusive \u00e0 Sirolo : Offres S\u00e9jour All Inclusive<\/title>\n<meta name=\"description\" content=\"Vous recherchez des h\u00f4tels All Inclusive \u00e0 Sirolo ? D\u00e9couvrez la meilleure s\u00e9lection et choisissez vos vacances All Inclusive.\" \/>\n<meta name=\"robots\" content=\"index, follow, max-snippet:-1, max-image-preview:large, max-video-preview:-1\" \/>\n<link rel=\"canonical\" href=\"https:\/\/www.allinclusivehotels.it\/fr\/destinations\/sirolo\" \/>\n<meta property=\"og:locale\" content=\"fr_FR\" \/>\n<meta property=\"og:type\" content=\"article\" \/>\n<meta property=\"og:title\" content=\"H\u00f4tels All Inclusive \u00e0 Sirolo : Offres S\u00e9jour All Inclusive\" \/>\n<meta property=\"og:description\" content=\"Vous recherchez des h\u00f4tels All Inclusive \u00e0 Sirolo ? D\u00e9couvrez la meilleure s\u00e9lection et choisissez vos vacances All Inclusive.\" \/>\n<meta property=\"og:url\" content=\"https:\/\/www.allinclusivehotels.it\/fr\/destinations\/sirolo\" \/>\n<meta property=\"og:site_name\" content=\"All Inclusive Hotels\" \/>\n<meta property=\"article:modified_time\" content=\"2026-01-08T11:41:06+00:00\" \/>\n<meta name=\"twitter:card\" content=\"summary_large_image\" \/>\n<meta name=\"twitter:label1\" content=\"Dur\u00e9e de lecture estim\u00e9e\" \/>\n\t<meta name=\"twitter:data1\" content=\"2 minutes\" \/>\n<script type=\"application\/ld+json\" class=\"yoast-schema-graph\">{\"@context\":\"https:\/\/schema.org\",\"@graph\":[{\"@type\":\"WebPage\",\"@id\":\"https:\/\/www.allinclusivehotels.it\/fr\/destinations\/sirolo\",\"url\":\"https:\/\/www.allinclusivehotels.it\/fr\/destinations\/sirolo\",\"name\":\"H\u00f4tels All Inclusive \u00e0 Sirolo : Offres S\u00e9jour All Inclusive\",\"isPartOf\":{\"@id\":\"https:\/\/www.allinclusivehotels.it\/fr#website\"},\"datePublished\":\"2026-01-08T11:41:01+00:00\",\"dateModified\":\"2026-01-08T11:41:06+00:00\",\"description\":\"Vous recherchez des h\u00f4tels All Inclusive \u00e0 Sirolo ? D\u00e9couvrez la meilleure s\u00e9lection et choisissez vos vacances All Inclusive.\",\"breadcrumb\":{\"@id\":\"https:\/\/www.allinclusivehotels.it\/fr\/destinations\/sirolo#breadcrumb\"},\"inLanguage\":\"fr-FR\",\"potentialAction\":[{\"@type\":\"ReadAction\",\"target\":[\"https:\/\/www.allinclusivehotels.it\/fr\/destinations\/sirolo\"]}]},{\"@type\":\"BreadcrumbList\",\"@id\":\"https:\/\/www.allinclusivehotels.it\/fr\/destinations\/sirolo#breadcrumb\",\"itemListElement\":[{\"@type\":\"ListItem\",\"position\":1,\"name\":\"Home\",\"item\":\"https:\/\/www.allinclusivehotels.it\/fr\"},{\"@type\":\"ListItem\",\"position\":2,\"name\":\"Destinations\",\"item\":\"https:\/\/www.allinclusivehotels.it\/fr\/destinations\"},{\"@type\":\"ListItem\",\"position\":3,\"name\":\"Sirolo\"}]},{\"@type\":\"WebSite\",\"@id\":\"https:\/\/www.allinclusivehotels.it\/fr#website\",\"url\":\"https:\/\/www.allinclusivehotels.it\/fr\",\"name\":\"All Inclusive Hotels\",\"description\":\"\",\"publisher\":{\"@id\":\"https:\/\/www.allinclusivehotels.it\/fr#organization\"},\"potentialAction\":[{\"@type\":\"SearchAction\",\"target\":{\"@type\":\"EntryPoint\",\"urlTemplate\":\"https:\/\/www.allinclusivehotels.it\/fr?s={search_term_string}\"},\"query-input\":{\"@type\":\"PropertyValueSpecification\",\"valueRequired\":true,\"valueName\":\"search_term_string\"}}],\"inLanguage\":\"fr-FR\"},{\"@type\":\"Organization\",\"@id\":\"https:\/\/www.allinclusivehotels.it\/fr#organization\",\"name\":\"All Inclusive Hotels\",\"url\":\"https:\/\/www.allinclusivehotels.it\/fr\",\"logo\":{\"@type\":\"ImageObject\",\"inLanguage\":\"fr-FR\",\"@id\":\"https:\/\/www.allinclusivehotels.it\/fr#\/schema\/logo\/image\/\",\"url\":\"\",\"contentUrl\":\"\",\"caption\":\"All Inclusive Hotels\"},\"image\":{\"@id\":\"https:\/\/www.allinclusivehotels.it\/fr#\/schema\/logo\/image\/\"}}]}<\/script>\n<!-- \/ Yoast SEO plugin. -->","yoast_head_json":{"title":"H\u00f4tels All Inclusive \u00e0 Sirolo : Offres S\u00e9jour All Inclusive","description":"Vous recherchez des h\u00f4tels All Inclusive \u00e0 Sirolo ? D\u00e9couvrez la meilleure s\u00e9lection et choisissez vos vacances All Inclusive.","robots":{"index":"index","follow":"follow","max-snippet":"max-snippet:-1","max-image-preview":"max-image-preview:large","max-video-preview":"max-video-preview:-1"},"canonical":"https:\/\/www.allinclusivehotels.it\/fr\/destinations\/sirolo","og_locale":"fr_FR","og_type":"article","og_title":"H\u00f4tels All Inclusive \u00e0 Sirolo : Offres S\u00e9jour All Inclusive","og_description":"Vous recherchez des h\u00f4tels All Inclusive \u00e0 Sirolo ? D\u00e9couvrez la meilleure s\u00e9lection et choisissez vos vacances All Inclusive.","og_url":"https:\/\/www.allinclusivehotels.it\/fr\/destinations\/sirolo","og_site_name":"All Inclusive Hotels","article_modified_time":"2026-01-08T11:41:06+00:00","twitter_card":"summary_large_image","twitter_misc":{"Dur\u00e9e de lecture estim\u00e9e":"2 minutes"},"schema":{"@context":"https:\/\/schema.org","@graph":[{"@type":"WebPage","@id":"https:\/\/www.allinclusivehotels.it\/fr\/destinations\/sirolo","url":"https:\/\/www.allinclusivehotels.it\/fr\/destinations\/sirolo","name":"H\u00f4tels All Inclusive \u00e0 Sirolo : Offres S\u00e9jour All Inclusive","isPartOf":{"@id":"https:\/\/www.allinclusivehotels.it\/fr#website"},"datePublished":"2026-01-08T11:41:01+00:00","dateModified":"2026-01-08T11:41:06+00:00","description":"Vous recherchez des h\u00f4tels All Inclusive \u00e0 Sirolo ? D\u00e9couvrez la meilleure s\u00e9lection et choisissez vos vacances All Inclusive.","breadcrumb":{"@id":"https:\/\/www.allinclusivehotels.it\/fr\/destinations\/sirolo#breadcrumb"},"inLanguage":"fr-FR","potentialAction":[{"@type":"ReadAction","target":["https:\/\/www.allinclusivehotels.it\/fr\/destinations\/sirolo"]}]},{"@type":"BreadcrumbList","@id":"https:\/\/www.allinclusivehotels.it\/fr\/destinations\/sirolo#breadcrumb","itemListElement":[{"@type":"ListItem","position":1,"name":"Home","item":"https:\/\/www.allinclusivehotels.it\/fr"},{"@type":"ListItem","position":2,"name":"Destinations","item":"https:\/\/www.allinclusivehotels.it\/fr\/destinations"},{"@type":"ListItem","position":3,"name":"Sirolo"}]},{"@type":"WebSite","@id":"https:\/\/www.allinclusivehotels.it\/fr#website","url":"https:\/\/www.allinclusivehotels.it\/fr","name":"All Inclusive Hotels","description":"","publisher":{"@id":"https:\/\/www.allinclusivehotels.it\/fr#organization"},"potentialAction":[{"@type":"SearchAction","target":{"@type":"EntryPoint","urlTemplate":"https:\/\/www.allinclusivehotels.it\/fr?s={search_term_string}"},"query-input":{"@type":"PropertyValueSpecification","valueRequired":true,"valueName":"search_term_string"}}],"inLanguage":"fr-FR"},{"@type":"Organization","@id":"https:\/\/www.allinclusivehotels.it\/fr#organization","name":"All Inclusive Hotels","url":"https:\/\/www.allinclusivehotels.it\/fr","logo":{"@type":"ImageObject","inLanguage":"fr-FR","@id":"https:\/\/www.allinclusivehotels.it\/fr#\/schema\/logo\/image\/","url":"","contentUrl":"","caption":"All Inclusive Hotels"},"image":{"@id":"https:\/\/www.allinclusivehotels.it\/fr#\/schema\/logo\/image\/"}}]}},"_links":{"self":[{"href":"https:\/\/www.allinclusivehotels.it\/fr\/wp-json\/wp\/v2\/pages\/50345","targetHints":{"allow":["GET"]}}],"collection":[{"href":"https:\/\/www.allinclusivehotels.it\/fr\/wp-json\/wp\/v2\/pages"}],"about":[{"href":"https:\/\/www.allinclusivehotels.it\/fr\/wp-json\/wp\/v2\/types\/page"}],"author":[{"embeddable":true,"href":"https:\/\/www.allinclusivehotels.it\/fr\/wp-json\/wp\/v2\/users\/1"}],"replies":[{"embeddable":true,"href":"https:\/\/www.allinclusivehotels.it\/fr\/wp-json\/wp\/v2\/comments?post=50345"}],"version-history":[{"count":1,"href":"https:\/\/www.allinclusivehotels.it\/fr\/wp-json\/wp\/v2\/pages\/50345\/revisions"}],"predecessor-version":[{"id":50346,"href":"https:\/\/www.allinclusivehotels.it\/fr\/wp-json\/wp\/v2\/pages\/50345\/revisions\/50346"}],"up":[{"embeddable":true,"href":"https:\/\/www.allinclusivehotels.it\/fr\/wp-json\/wp\/v2\/pages\/8167"}],"wp:attachment":[{"href":"https:\/\/www.allinclusivehotels.it\/fr\/wp-json\/wp\/v2\/media?parent=50345"}],"curies":[{"name":"wp","href":"https:\/\/api.w.org\/{rel}","templated":true}]}}