{"id":49842,"date":"2025-12-15T09:46:23","date_gmt":"2025-12-15T08:46:23","guid":{"rendered":"https:\/\/www.allinclusivehotels.it\/hotels\/hotel-zanarini"},"modified":"2026-01-19T14:44:51","modified_gmt":"2026-01-19T13:44:51","slug":"hotel-zanarini","status":"publish","type":"page","link":"https:\/\/www.allinclusivehotels.it\/fr\/hotels\/hotel-zanarini","title":{"rendered":"Zanarini h\u00f4tel"},"content":{"rendered":"\n<p>Le <b>Zanarini h\u00f4tel de Riccione<\/b> est le choix id\u00e9al pour ceux qui souhaitent des vacances alliant d\u00e9tente, divertissement et confort, \u00e0 deux pas du c\u00e9l\u00e8bre <b>Viale Ceccarini<\/b>. Boutiques \u00e9l\u00e9gantes, \u00e9tablissements anim\u00e9s et promenades en bord de mer sont facilement accessibles.<\/p>\n\n\n\n<p>L\u2019h\u00f4tel se situe \u00e0 proximit\u00e9 de la <b>plage partenaire,<\/b> o\u00f9 la <b>formule All Inclusive<\/b> comprend un parasol-tente et deux transats.<\/p>\n\n\n\n\n\n<!--more-->\n\n\n\n\n\n<p>Gr\u00e2ce \u00e0 son <b>emplacement strat\u00e9gique<\/b>, les h\u00f4tes peuvent profiter pleinement de la ville. Des <b>v\u00e9los gratuits<\/b> sont disponibles pour ceux qui souhaitent se d\u00e9placer \u00e0 deux roues, tandis qu\u2019un <b>parking priv\u00e9<\/b> garantit un confort optimal. Les <b>espaces communs<\/b> offrent des ambiances chaleureuses pour se d\u00e9tendre \u00e0 tout moment de la journ\u00e9e.<\/p>\n\n\n\n\n\n<p>Pens\u00e9 pour les familles, l\u2019h\u00f4tel dispose d\u2019aires de jeux int\u00e9rieures et ext\u00e9rieures, ainsi que d\u2019<b>animations<\/b> d\u00e9di\u00e9es aux enfants pendant les <b>repas<\/b>.<\/p>\n\n\n\n\n\n<p>Les <b>animaux de compagnie<\/b> sont \u00e9galement les <b>bienvenus<\/b>, pour partager des vacances <b>All Inclusive \u00e0 Riccione<\/b>.<\/p>\n","protected":false},"excerpt":{"rendered":"<p>Le Zanarini h\u00f4tel de Riccione est le choix id\u00e9al pour ceux qui souhaitent des vacances &hellip;<\/p>\n","protected":false},"author":1,"featured_media":0,"parent":8241,"menu_order":0,"comment_status":"closed","ping_status":"closed","template":"page-templates\/scheda_hotel.php","meta":{"_acf_changed":false,"footnotes":""},"class_list":["post-49842","page","type-page","status-publish","hentry"],"acf":[],"yoast_head":"<!-- This site is optimized with the Yoast SEO plugin v27.0 - https:\/\/yoast.com\/product\/yoast-seo-wordpress\/ -->\n<title>Zanarini h\u00f4tel - All Inclusive Hotels<\/title>\n<meta name=\"robots\" content=\"index, follow, max-snippet:-1, max-image-preview:large, max-video-preview:-1\" \/>\n<link rel=\"canonical\" href=\"https:\/\/www.allinclusivehotels.it\/fr\/hotels\/hotel-zanarini\" \/>\n<meta property=\"og:locale\" content=\"fr_FR\" \/>\n<meta property=\"og:type\" content=\"article\" \/>\n<meta property=\"og:title\" content=\"Zanarini h\u00f4tel - All Inclusive Hotels\" \/>\n<meta property=\"og:description\" content=\"Le Zanarini h\u00f4tel de Riccione est le choix id\u00e9al pour ceux qui souhaitent des vacances &hellip;\" \/>\n<meta property=\"og:url\" content=\"https:\/\/www.allinclusivehotels.it\/fr\/hotels\/hotel-zanarini\" \/>\n<meta property=\"og:site_name\" content=\"All Inclusive Hotels\" \/>\n<meta property=\"article:modified_time\" content=\"2026-01-19T13:44:51+00:00\" \/>\n<meta name=\"twitter:card\" content=\"summary_large_image\" \/>\n<meta name=\"twitter:label1\" content=\"Dur\u00e9e de lecture estim\u00e9e\" \/>\n\t<meta name=\"twitter:data1\" content=\"1 minute\" \/>\n<script type=\"application\/ld+json\" class=\"yoast-schema-graph\">{\"@context\":\"https:\/\/schema.org\",\"@graph\":[{\"@type\":\"WebPage\",\"@id\":\"https:\/\/www.allinclusivehotels.it\/fr\/hotels\/hotel-zanarini\",\"url\":\"https:\/\/www.allinclusivehotels.it\/fr\/hotels\/hotel-zanarini\",\"name\":\"Zanarini h\u00f4tel - All Inclusive Hotels\",\"isPartOf\":{\"@id\":\"https:\/\/www.allinclusivehotels.it\/fr#website\"},\"datePublished\":\"2025-12-15T08:46:23+00:00\",\"dateModified\":\"2026-01-19T13:44:51+00:00\",\"breadcrumb\":{\"@id\":\"https:\/\/www.allinclusivehotels.it\/fr\/hotels\/hotel-zanarini#breadcrumb\"},\"inLanguage\":\"fr-FR\",\"potentialAction\":[{\"@type\":\"ReadAction\",\"target\":[\"https:\/\/www.allinclusivehotels.it\/fr\/hotels\/hotel-zanarini\"]}]},{\"@type\":\"BreadcrumbList\",\"@id\":\"https:\/\/www.allinclusivehotels.it\/fr\/hotels\/hotel-zanarini#breadcrumb\",\"itemListElement\":[{\"@type\":\"ListItem\",\"position\":1,\"name\":\"Home\",\"item\":\"https:\/\/www.allinclusivehotels.it\/fr\"},{\"@type\":\"ListItem\",\"position\":2,\"name\":\"H\u00f4tels\",\"item\":\"https:\/\/www.allinclusivehotels.it\/fr\/hotels\"},{\"@type\":\"ListItem\",\"position\":3,\"name\":\"Zanarini h\u00f4tel\"}]},{\"@type\":\"WebSite\",\"@id\":\"https:\/\/www.allinclusivehotels.it\/fr#website\",\"url\":\"https:\/\/www.allinclusivehotels.it\/fr\",\"name\":\"All Inclusive Hotels\",\"description\":\"\",\"publisher\":{\"@id\":\"https:\/\/www.allinclusivehotels.it\/fr#organization\"},\"potentialAction\":[{\"@type\":\"SearchAction\",\"target\":{\"@type\":\"EntryPoint\",\"urlTemplate\":\"https:\/\/www.allinclusivehotels.it\/fr?s={search_term_string}\"},\"query-input\":{\"@type\":\"PropertyValueSpecification\",\"valueRequired\":true,\"valueName\":\"search_term_string\"}}],\"inLanguage\":\"fr-FR\"},{\"@type\":\"Organization\",\"@id\":\"https:\/\/www.allinclusivehotels.it\/fr#organization\",\"name\":\"All Inclusive Hotels\",\"url\":\"https:\/\/www.allinclusivehotels.it\/fr\",\"logo\":{\"@type\":\"ImageObject\",\"inLanguage\":\"fr-FR\",\"@id\":\"https:\/\/www.allinclusivehotels.it\/fr#\/schema\/logo\/image\/\",\"url\":\"\",\"contentUrl\":\"\",\"caption\":\"All Inclusive Hotels\"},\"image\":{\"@id\":\"https:\/\/www.allinclusivehotels.it\/fr#\/schema\/logo\/image\/\"}}]}<\/script>\n<!-- \/ Yoast SEO plugin. -->","yoast_head_json":{"title":"Zanarini h\u00f4tel - All Inclusive Hotels","robots":{"index":"index","follow":"follow","max-snippet":"max-snippet:-1","max-image-preview":"max-image-preview:large","max-video-preview":"max-video-preview:-1"},"canonical":"https:\/\/www.allinclusivehotels.it\/fr\/hotels\/hotel-zanarini","og_locale":"fr_FR","og_type":"article","og_title":"Zanarini h\u00f4tel - All Inclusive Hotels","og_description":"Le Zanarini h\u00f4tel de Riccione est le choix id\u00e9al pour ceux qui souhaitent des vacances &hellip;","og_url":"https:\/\/www.allinclusivehotels.it\/fr\/hotels\/hotel-zanarini","og_site_name":"All Inclusive Hotels","article_modified_time":"2026-01-19T13:44:51+00:00","twitter_card":"summary_large_image","twitter_misc":{"Dur\u00e9e de lecture estim\u00e9e":"1 minute"},"schema":{"@context":"https:\/\/schema.org","@graph":[{"@type":"WebPage","@id":"https:\/\/www.allinclusivehotels.it\/fr\/hotels\/hotel-zanarini","url":"https:\/\/www.allinclusivehotels.it\/fr\/hotels\/hotel-zanarini","name":"Zanarini h\u00f4tel - All Inclusive Hotels","isPartOf":{"@id":"https:\/\/www.allinclusivehotels.it\/fr#website"},"datePublished":"2025-12-15T08:46:23+00:00","dateModified":"2026-01-19T13:44:51+00:00","breadcrumb":{"@id":"https:\/\/www.allinclusivehotels.it\/fr\/hotels\/hotel-zanarini#breadcrumb"},"inLanguage":"fr-FR","potentialAction":[{"@type":"ReadAction","target":["https:\/\/www.allinclusivehotels.it\/fr\/hotels\/hotel-zanarini"]}]},{"@type":"BreadcrumbList","@id":"https:\/\/www.allinclusivehotels.it\/fr\/hotels\/hotel-zanarini#breadcrumb","itemListElement":[{"@type":"ListItem","position":1,"name":"Home","item":"https:\/\/www.allinclusivehotels.it\/fr"},{"@type":"ListItem","position":2,"name":"H\u00f4tels","item":"https:\/\/www.allinclusivehotels.it\/fr\/hotels"},{"@type":"ListItem","position":3,"name":"Zanarini h\u00f4tel"}]},{"@type":"WebSite","@id":"https:\/\/www.allinclusivehotels.it\/fr#website","url":"https:\/\/www.allinclusivehotels.it\/fr","name":"All Inclusive Hotels","description":"","publisher":{"@id":"https:\/\/www.allinclusivehotels.it\/fr#organization"},"potentialAction":[{"@type":"SearchAction","target":{"@type":"EntryPoint","urlTemplate":"https:\/\/www.allinclusivehotels.it\/fr?s={search_term_string}"},"query-input":{"@type":"PropertyValueSpecification","valueRequired":true,"valueName":"search_term_string"}}],"inLanguage":"fr-FR"},{"@type":"Organization","@id":"https:\/\/www.allinclusivehotels.it\/fr#organization","name":"All Inclusive Hotels","url":"https:\/\/www.allinclusivehotels.it\/fr","logo":{"@type":"ImageObject","inLanguage":"fr-FR","@id":"https:\/\/www.allinclusivehotels.it\/fr#\/schema\/logo\/image\/","url":"","contentUrl":"","caption":"All Inclusive Hotels"},"image":{"@id":"https:\/\/www.allinclusivehotels.it\/fr#\/schema\/logo\/image\/"}}]}},"_links":{"self":[{"href":"https:\/\/www.allinclusivehotels.it\/fr\/wp-json\/wp\/v2\/pages\/49842","targetHints":{"allow":["GET"]}}],"collection":[{"href":"https:\/\/www.allinclusivehotels.it\/fr\/wp-json\/wp\/v2\/pages"}],"about":[{"href":"https:\/\/www.allinclusivehotels.it\/fr\/wp-json\/wp\/v2\/types\/page"}],"author":[{"embeddable":true,"href":"https:\/\/www.allinclusivehotels.it\/fr\/wp-json\/wp\/v2\/users\/1"}],"replies":[{"embeddable":true,"href":"https:\/\/www.allinclusivehotels.it\/fr\/wp-json\/wp\/v2\/comments?post=49842"}],"version-history":[{"count":3,"href":"https:\/\/www.allinclusivehotels.it\/fr\/wp-json\/wp\/v2\/pages\/49842\/revisions"}],"predecessor-version":[{"id":50383,"href":"https:\/\/www.allinclusivehotels.it\/fr\/wp-json\/wp\/v2\/pages\/49842\/revisions\/50383"}],"up":[{"embeddable":true,"href":"https:\/\/www.allinclusivehotels.it\/fr\/wp-json\/wp\/v2\/pages\/8241"}],"wp:attachment":[{"href":"https:\/\/www.allinclusivehotels.it\/fr\/wp-json\/wp\/v2\/media?parent=49842"}],"curies":[{"name":"wp","href":"https:\/\/api.w.org\/{rel}","templated":true}]}}