{"id":49815,"date":"2025-12-10T15:24:16","date_gmt":"2025-12-10T14:24:16","guid":{"rendered":"https:\/\/www.allinclusivehotels.it\/hotels\/brora-family-village"},"modified":"2026-01-19T14:44:44","modified_gmt":"2026-01-19T13:44:44","slug":"brora-family-village","status":"publish","type":"page","link":"https:\/\/www.allinclusivehotels.it\/fr\/hotels\/brora-family-village","title":{"rendered":"Brora Family Village"},"content":{"rendered":"\n<p>Le <b>Brora Family Village<\/b> de Lido di Classe b\u00e9n\u00e9ficie d\u2019un emplacement <b>strat\u00e9gique<\/b> \u00e0 seulement 50 m\u00e8tres de la <b>plage priv\u00e9e<\/b>, o\u00f9 un parasol et deux transats sont inclus. <b>Aucune route \u00e0 traverser<\/b> : la mer est facilement accessible et en toute s\u00e9curit\u00e9, m\u00eame avec des <b>enfants<\/b>.<\/p>\n\n\n\n<!--more-->\n\n\n\n<p>L\u2019h\u00f4tel propose la formule <b>All Inclusive Dream<\/b> avec <b>open bar 24h\/24<\/b>, disponible aussi bien \u00e0 l\u2019<b>h\u00f4tel<\/b> que sur la <b>plage<\/b>, avec caf\u00e9, bi\u00e8re fra\u00eeche, boissons sans alcool et bien d\u2019autres rafra\u00eechissements tout au long de la journ\u00e9e.<\/p>\n\n\n\n<p>Le <b>Brora Family Village<\/b> est id\u00e9al pour les <b>vacances en famille<\/b>. Les enfants peuvent s\u2019amuser avec la <b>mascotte Rino<\/b> et l\u2019\u00e9quipe d\u2019<b>animation<\/b>, qui propose ateliers, activit\u00e9s cr\u00e9atives, sorties d\u00e9di\u00e9es aux adolescents et baby shows. Ils disposent \u00e9galement de <b>Broraland<\/b>, un espace avec <b>jeux<\/b> et structures <b>gonflables<\/b> pour le Mini Club et le Junior Club. L\u2019apr\u00e8s-midi, la plage s\u2019anime avec \u00ab <b>Snakko<\/b> \u00bb, le <b>food truck<\/b> proposant de d\u00e9licieuses collations.<\/p>\n\n\n\n<p>Pour ceux qui arrivent en voiture ou souhaitent se d\u00e9placer facilement, le <b>Brora Family Village<\/b> met \u00e0 disposition des <b>v\u00e9los gratuits<\/b> et un <b>parking<\/b> au sein de la structure. Les <b>animaux<\/b> de compagnie sont les <b>bienvenus<\/b>.<\/p>\n","protected":false},"excerpt":{"rendered":"<p>Le Brora Family Village de Lido di Classe b\u00e9n\u00e9ficie d\u2019un emplacement strat\u00e9gique \u00e0 seulement 50 &hellip;<\/p>\n","protected":false},"author":1,"featured_media":0,"parent":8241,"menu_order":0,"comment_status":"closed","ping_status":"closed","template":"page-templates\/scheda_hotel.php","meta":{"_acf_changed":false,"footnotes":""},"class_list":["post-49815","page","type-page","status-publish","hentry"],"acf":[],"yoast_head":"<!-- This site is optimized with the Yoast SEO plugin v27.6 - https:\/\/yoast.com\/product\/yoast-seo-wordpress\/ -->\n<title>Brora Family Village - All Inclusive Hotels<\/title>\n<meta name=\"robots\" content=\"index, follow, max-snippet:-1, max-image-preview:large, max-video-preview:-1\" \/>\n<link rel=\"canonical\" href=\"https:\/\/www.allinclusivehotels.it\/fr\/hotels\/brora-family-village\" \/>\n<meta property=\"og:locale\" content=\"fr_FR\" \/>\n<meta property=\"og:type\" content=\"article\" \/>\n<meta property=\"og:title\" content=\"Brora Family Village - All Inclusive Hotels\" \/>\n<meta property=\"og:description\" content=\"Le Brora Family Village de Lido di Classe b\u00e9n\u00e9ficie d\u2019un emplacement strat\u00e9gique \u00e0 seulement 50 &hellip;\" \/>\n<meta property=\"og:url\" content=\"https:\/\/www.allinclusivehotels.it\/fr\/hotels\/brora-family-village\" \/>\n<meta property=\"og:site_name\" content=\"All Inclusive Hotels\" \/>\n<meta property=\"article:modified_time\" content=\"2026-01-19T13:44:44+00:00\" \/>\n<meta name=\"twitter:card\" content=\"summary_large_image\" \/>\n<meta name=\"twitter:label1\" content=\"Dur\u00e9e de lecture estim\u00e9e\" \/>\n\t<meta name=\"twitter:data1\" content=\"1 minute\" \/>\n<script type=\"application\/ld+json\" class=\"yoast-schema-graph\">{\"@context\":\"https:\\\/\\\/schema.org\",\"@graph\":[{\"@type\":\"WebPage\",\"@id\":\"https:\\\/\\\/www.allinclusivehotels.it\\\/fr\\\/hotels\\\/brora-family-village\",\"url\":\"https:\\\/\\\/www.allinclusivehotels.it\\\/fr\\\/hotels\\\/brora-family-village\",\"name\":\"Brora Family Village - All Inclusive Hotels\",\"isPartOf\":{\"@id\":\"https:\\\/\\\/www.allinclusivehotels.it\\\/fr#website\"},\"datePublished\":\"2025-12-10T14:24:16+00:00\",\"dateModified\":\"2026-01-19T13:44:44+00:00\",\"breadcrumb\":{\"@id\":\"https:\\\/\\\/www.allinclusivehotels.it\\\/fr\\\/hotels\\\/brora-family-village#breadcrumb\"},\"inLanguage\":\"fr-FR\",\"potentialAction\":[{\"@type\":\"ReadAction\",\"target\":[\"https:\\\/\\\/www.allinclusivehotels.it\\\/fr\\\/hotels\\\/brora-family-village\"]}]},{\"@type\":\"BreadcrumbList\",\"@id\":\"https:\\\/\\\/www.allinclusivehotels.it\\\/fr\\\/hotels\\\/brora-family-village#breadcrumb\",\"itemListElement\":[{\"@type\":\"ListItem\",\"position\":1,\"name\":\"Home\",\"item\":\"https:\\\/\\\/www.allinclusivehotels.it\\\/fr\"},{\"@type\":\"ListItem\",\"position\":2,\"name\":\"H\u00f4tels\",\"item\":\"https:\\\/\\\/www.allinclusivehotels.it\\\/fr\\\/hotels\"},{\"@type\":\"ListItem\",\"position\":3,\"name\":\"Brora Family Village\"}]},{\"@type\":\"WebSite\",\"@id\":\"https:\\\/\\\/www.allinclusivehotels.it\\\/fr#website\",\"url\":\"https:\\\/\\\/www.allinclusivehotels.it\\\/fr\",\"name\":\"All Inclusive Hotels\",\"description\":\"\",\"publisher\":{\"@id\":\"https:\\\/\\\/www.allinclusivehotels.it\\\/fr#organization\"},\"potentialAction\":[{\"@type\":\"SearchAction\",\"target\":{\"@type\":\"EntryPoint\",\"urlTemplate\":\"https:\\\/\\\/www.allinclusivehotels.it\\\/fr?s={search_term_string}\"},\"query-input\":{\"@type\":\"PropertyValueSpecification\",\"valueRequired\":true,\"valueName\":\"search_term_string\"}}],\"inLanguage\":\"fr-FR\"},{\"@type\":\"Organization\",\"@id\":\"https:\\\/\\\/www.allinclusivehotels.it\\\/fr#organization\",\"name\":\"All Inclusive Hotels\",\"url\":\"https:\\\/\\\/www.allinclusivehotels.it\\\/fr\",\"logo\":{\"@type\":\"ImageObject\",\"inLanguage\":\"fr-FR\",\"@id\":\"https:\\\/\\\/www.allinclusivehotels.it\\\/fr#\\\/schema\\\/logo\\\/image\\\/\",\"url\":\"\",\"contentUrl\":\"\",\"caption\":\"All Inclusive Hotels\"},\"image\":{\"@id\":\"https:\\\/\\\/www.allinclusivehotels.it\\\/fr#\\\/schema\\\/logo\\\/image\\\/\"}}]}<\/script>\n<!-- \/ Yoast SEO plugin. -->","yoast_head_json":{"title":"Brora Family Village - All Inclusive Hotels","robots":{"index":"index","follow":"follow","max-snippet":"max-snippet:-1","max-image-preview":"max-image-preview:large","max-video-preview":"max-video-preview:-1"},"canonical":"https:\/\/www.allinclusivehotels.it\/fr\/hotels\/brora-family-village","og_locale":"fr_FR","og_type":"article","og_title":"Brora Family Village - All Inclusive Hotels","og_description":"Le Brora Family Village de Lido di Classe b\u00e9n\u00e9ficie d\u2019un emplacement strat\u00e9gique \u00e0 seulement 50 &hellip;","og_url":"https:\/\/www.allinclusivehotels.it\/fr\/hotels\/brora-family-village","og_site_name":"All Inclusive Hotels","article_modified_time":"2026-01-19T13:44:44+00:00","twitter_card":"summary_large_image","twitter_misc":{"Dur\u00e9e de lecture estim\u00e9e":"1 minute"},"schema":{"@context":"https:\/\/schema.org","@graph":[{"@type":"WebPage","@id":"https:\/\/www.allinclusivehotels.it\/fr\/hotels\/brora-family-village","url":"https:\/\/www.allinclusivehotels.it\/fr\/hotels\/brora-family-village","name":"Brora Family Village - All Inclusive Hotels","isPartOf":{"@id":"https:\/\/www.allinclusivehotels.it\/fr#website"},"datePublished":"2025-12-10T14:24:16+00:00","dateModified":"2026-01-19T13:44:44+00:00","breadcrumb":{"@id":"https:\/\/www.allinclusivehotels.it\/fr\/hotels\/brora-family-village#breadcrumb"},"inLanguage":"fr-FR","potentialAction":[{"@type":"ReadAction","target":["https:\/\/www.allinclusivehotels.it\/fr\/hotels\/brora-family-village"]}]},{"@type":"BreadcrumbList","@id":"https:\/\/www.allinclusivehotels.it\/fr\/hotels\/brora-family-village#breadcrumb","itemListElement":[{"@type":"ListItem","position":1,"name":"Home","item":"https:\/\/www.allinclusivehotels.it\/fr"},{"@type":"ListItem","position":2,"name":"H\u00f4tels","item":"https:\/\/www.allinclusivehotels.it\/fr\/hotels"},{"@type":"ListItem","position":3,"name":"Brora Family Village"}]},{"@type":"WebSite","@id":"https:\/\/www.allinclusivehotels.it\/fr#website","url":"https:\/\/www.allinclusivehotels.it\/fr","name":"All Inclusive Hotels","description":"","publisher":{"@id":"https:\/\/www.allinclusivehotels.it\/fr#organization"},"potentialAction":[{"@type":"SearchAction","target":{"@type":"EntryPoint","urlTemplate":"https:\/\/www.allinclusivehotels.it\/fr?s={search_term_string}"},"query-input":{"@type":"PropertyValueSpecification","valueRequired":true,"valueName":"search_term_string"}}],"inLanguage":"fr-FR"},{"@type":"Organization","@id":"https:\/\/www.allinclusivehotels.it\/fr#organization","name":"All Inclusive Hotels","url":"https:\/\/www.allinclusivehotels.it\/fr","logo":{"@type":"ImageObject","inLanguage":"fr-FR","@id":"https:\/\/www.allinclusivehotels.it\/fr#\/schema\/logo\/image\/","url":"","contentUrl":"","caption":"All Inclusive Hotels"},"image":{"@id":"https:\/\/www.allinclusivehotels.it\/fr#\/schema\/logo\/image\/"}}]}},"_links":{"self":[{"href":"https:\/\/www.allinclusivehotels.it\/fr\/wp-json\/wp\/v2\/pages\/49815","targetHints":{"allow":["GET"]}}],"collection":[{"href":"https:\/\/www.allinclusivehotels.it\/fr\/wp-json\/wp\/v2\/pages"}],"about":[{"href":"https:\/\/www.allinclusivehotels.it\/fr\/wp-json\/wp\/v2\/types\/page"}],"author":[{"embeddable":true,"href":"https:\/\/www.allinclusivehotels.it\/fr\/wp-json\/wp\/v2\/users\/1"}],"replies":[{"embeddable":true,"href":"https:\/\/www.allinclusivehotels.it\/fr\/wp-json\/wp\/v2\/comments?post=49815"}],"version-history":[{"count":2,"href":"https:\/\/www.allinclusivehotels.it\/fr\/wp-json\/wp\/v2\/pages\/49815\/revisions"}],"predecessor-version":[{"id":50381,"href":"https:\/\/www.allinclusivehotels.it\/fr\/wp-json\/wp\/v2\/pages\/49815\/revisions\/50381"}],"up":[{"embeddable":true,"href":"https:\/\/www.allinclusivehotels.it\/fr\/wp-json\/wp\/v2\/pages\/8241"}],"wp:attachment":[{"href":"https:\/\/www.allinclusivehotels.it\/fr\/wp-json\/wp\/v2\/media?parent=49815"}],"curies":[{"name":"wp","href":"https:\/\/api.w.org\/{rel}","templated":true}]}}