{"id":49643,"date":"2025-12-03T10:01:52","date_gmt":"2025-12-03T09:01:52","guid":{"rendered":"https:\/\/www.allinclusivehotels.it\/hotels\/green-garden-village"},"modified":"2026-01-08T12:39:18","modified_gmt":"2026-01-08T11:39:18","slug":"green-garden-village","status":"publish","type":"page","link":"https:\/\/www.allinclusivehotels.it\/fr\/hotels\/green-garden-village","title":{"rendered":"Green Garden Village"},"content":{"rendered":"\n<p>Le <b>Green Garden Village<\/b> est une oasis de verdure \u00e0 proximit\u00e9 du <b>centre de Sirolo<\/b>, o\u00f9 tout est pens\u00e9 pour vivre des vacances <b>All Inclusive sur la Riviera du Conero<\/b>.<\/p>\n\n\n\n<p>Les clients appr\u00e9cient la<b> commodit\u00e9<\/b> d\u2019avoir tout \u00e0 port\u00e9e de main : une grande <b>piscine<\/b> immerg\u00e9e dans la nature, id\u00e9ale pour se rafra\u00eechir ou jouer avec les <b>enfants<\/b>, des <b>installations sportives<\/b>, de vastes <b>espaces ext\u00e9rieurs<\/b> et des espaces verts soign\u00e9s qui cr\u00e9ent <b>une atmosph\u00e8re relaxante<\/b> dans chaque recoin du village.<\/p>\n\n\n\n<!--more-->\n\n\n\n<p>La <b>plage r\u00e9serv\u00e9e<\/b> est un v\u00e9ritable atout : accessible <b>en quelques minutes<\/b> gr\u00e2ce \u00e0 la <b>navette gratuite<\/b>, elle accueille les h\u00f4tes avec un <b>parasol<\/b> et <b>deux transats<\/b>.<\/p>\n\n\n\n<p>Les <b>enfants <\/b>disposent d\u2019aires de jeux d\u00e9di\u00e9es et peuvent participer \u00e0 la <b>baby dance<\/b> ; deux <b>spectacles en soir\u00e9e<\/b> sont \u00e9galement organis\u00e9s chaque semaine.<\/p>\n\n\n\n<p>Le <b>parking int\u00e9rieur garanti<\/b> \u00e9limine toute pr\u00e9occupation, tout comme la possibilit\u00e9 de s\u00e9journer avec <b>son animal de comp<\/b>agnie dans tous les h\u00e9bergements (plage exclue).<\/p>\n\n\n\n<p>Entre nature, confort et <b>situation strat\u00e9gique<\/b>, le <b>Green Garden Village<\/b> est l\u2019endroit id\u00e9al pour d\u00e9couvrir la <b>Riviera du Conero<\/b>.<\/p>\n","protected":false},"excerpt":{"rendered":"<p>Le Green Garden Village est une oasis de verdure \u00e0 proximit\u00e9 du centre de Sirolo, &hellip;<\/p>\n","protected":false},"author":1,"featured_media":0,"parent":8241,"menu_order":0,"comment_status":"closed","ping_status":"closed","template":"page-templates\/scheda_hotel.php","meta":{"_acf_changed":false,"footnotes":""},"class_list":["post-49643","page","type-page","status-publish","hentry"],"acf":[],"yoast_head":"<!-- This site is optimized with the Yoast SEO plugin v27.0 - https:\/\/yoast.com\/product\/yoast-seo-wordpress\/ -->\n<title>Green Garden Village - All Inclusive Hotels<\/title>\n<meta name=\"robots\" content=\"index, follow, max-snippet:-1, max-image-preview:large, max-video-preview:-1\" \/>\n<link rel=\"canonical\" href=\"https:\/\/www.allinclusivehotels.it\/fr\/hotels\/green-garden-village\" \/>\n<meta property=\"og:locale\" content=\"fr_FR\" \/>\n<meta property=\"og:type\" content=\"article\" \/>\n<meta property=\"og:title\" content=\"Green Garden Village - All Inclusive Hotels\" \/>\n<meta property=\"og:description\" content=\"Le Green Garden Village est une oasis de verdure \u00e0 proximit\u00e9 du centre de Sirolo, &hellip;\" \/>\n<meta property=\"og:url\" content=\"https:\/\/www.allinclusivehotels.it\/fr\/hotels\/green-garden-village\" \/>\n<meta property=\"og:site_name\" content=\"All Inclusive Hotels\" \/>\n<meta property=\"article:modified_time\" content=\"2026-01-08T11:39:18+00:00\" \/>\n<meta name=\"twitter:card\" content=\"summary_large_image\" \/>\n<meta name=\"twitter:label1\" content=\"Dur\u00e9e de lecture estim\u00e9e\" \/>\n\t<meta name=\"twitter:data1\" content=\"1 minute\" \/>\n<script type=\"application\/ld+json\" class=\"yoast-schema-graph\">{\"@context\":\"https:\/\/schema.org\",\"@graph\":[{\"@type\":\"WebPage\",\"@id\":\"https:\/\/www.allinclusivehotels.it\/fr\/hotels\/green-garden-village\",\"url\":\"https:\/\/www.allinclusivehotels.it\/fr\/hotels\/green-garden-village\",\"name\":\"Green Garden Village - All Inclusive Hotels\",\"isPartOf\":{\"@id\":\"https:\/\/www.allinclusivehotels.it\/fr#website\"},\"datePublished\":\"2025-12-03T09:01:52+00:00\",\"dateModified\":\"2026-01-08T11:39:18+00:00\",\"breadcrumb\":{\"@id\":\"https:\/\/www.allinclusivehotels.it\/fr\/hotels\/green-garden-village#breadcrumb\"},\"inLanguage\":\"fr-FR\",\"potentialAction\":[{\"@type\":\"ReadAction\",\"target\":[\"https:\/\/www.allinclusivehotels.it\/fr\/hotels\/green-garden-village\"]}]},{\"@type\":\"BreadcrumbList\",\"@id\":\"https:\/\/www.allinclusivehotels.it\/fr\/hotels\/green-garden-village#breadcrumb\",\"itemListElement\":[{\"@type\":\"ListItem\",\"position\":1,\"name\":\"Home\",\"item\":\"https:\/\/www.allinclusivehotels.it\/fr\"},{\"@type\":\"ListItem\",\"position\":2,\"name\":\"H\u00f4tels\",\"item\":\"https:\/\/www.allinclusivehotels.it\/fr\/hotels\"},{\"@type\":\"ListItem\",\"position\":3,\"name\":\"Green Garden Village\"}]},{\"@type\":\"WebSite\",\"@id\":\"https:\/\/www.allinclusivehotels.it\/fr#website\",\"url\":\"https:\/\/www.allinclusivehotels.it\/fr\",\"name\":\"All Inclusive Hotels\",\"description\":\"\",\"publisher\":{\"@id\":\"https:\/\/www.allinclusivehotels.it\/fr#organization\"},\"potentialAction\":[{\"@type\":\"SearchAction\",\"target\":{\"@type\":\"EntryPoint\",\"urlTemplate\":\"https:\/\/www.allinclusivehotels.it\/fr?s={search_term_string}\"},\"query-input\":{\"@type\":\"PropertyValueSpecification\",\"valueRequired\":true,\"valueName\":\"search_term_string\"}}],\"inLanguage\":\"fr-FR\"},{\"@type\":\"Organization\",\"@id\":\"https:\/\/www.allinclusivehotels.it\/fr#organization\",\"name\":\"All Inclusive Hotels\",\"url\":\"https:\/\/www.allinclusivehotels.it\/fr\",\"logo\":{\"@type\":\"ImageObject\",\"inLanguage\":\"fr-FR\",\"@id\":\"https:\/\/www.allinclusivehotels.it\/fr#\/schema\/logo\/image\/\",\"url\":\"\",\"contentUrl\":\"\",\"caption\":\"All Inclusive Hotels\"},\"image\":{\"@id\":\"https:\/\/www.allinclusivehotels.it\/fr#\/schema\/logo\/image\/\"}}]}<\/script>\n<!-- \/ Yoast SEO plugin. -->","yoast_head_json":{"title":"Green Garden Village - All Inclusive Hotels","robots":{"index":"index","follow":"follow","max-snippet":"max-snippet:-1","max-image-preview":"max-image-preview:large","max-video-preview":"max-video-preview:-1"},"canonical":"https:\/\/www.allinclusivehotels.it\/fr\/hotels\/green-garden-village","og_locale":"fr_FR","og_type":"article","og_title":"Green Garden Village - All Inclusive Hotels","og_description":"Le Green Garden Village est une oasis de verdure \u00e0 proximit\u00e9 du centre de Sirolo, &hellip;","og_url":"https:\/\/www.allinclusivehotels.it\/fr\/hotels\/green-garden-village","og_site_name":"All Inclusive Hotels","article_modified_time":"2026-01-08T11:39:18+00:00","twitter_card":"summary_large_image","twitter_misc":{"Dur\u00e9e de lecture estim\u00e9e":"1 minute"},"schema":{"@context":"https:\/\/schema.org","@graph":[{"@type":"WebPage","@id":"https:\/\/www.allinclusivehotels.it\/fr\/hotels\/green-garden-village","url":"https:\/\/www.allinclusivehotels.it\/fr\/hotels\/green-garden-village","name":"Green Garden Village - All Inclusive Hotels","isPartOf":{"@id":"https:\/\/www.allinclusivehotels.it\/fr#website"},"datePublished":"2025-12-03T09:01:52+00:00","dateModified":"2026-01-08T11:39:18+00:00","breadcrumb":{"@id":"https:\/\/www.allinclusivehotels.it\/fr\/hotels\/green-garden-village#breadcrumb"},"inLanguage":"fr-FR","potentialAction":[{"@type":"ReadAction","target":["https:\/\/www.allinclusivehotels.it\/fr\/hotels\/green-garden-village"]}]},{"@type":"BreadcrumbList","@id":"https:\/\/www.allinclusivehotels.it\/fr\/hotels\/green-garden-village#breadcrumb","itemListElement":[{"@type":"ListItem","position":1,"name":"Home","item":"https:\/\/www.allinclusivehotels.it\/fr"},{"@type":"ListItem","position":2,"name":"H\u00f4tels","item":"https:\/\/www.allinclusivehotels.it\/fr\/hotels"},{"@type":"ListItem","position":3,"name":"Green Garden Village"}]},{"@type":"WebSite","@id":"https:\/\/www.allinclusivehotels.it\/fr#website","url":"https:\/\/www.allinclusivehotels.it\/fr","name":"All Inclusive Hotels","description":"","publisher":{"@id":"https:\/\/www.allinclusivehotels.it\/fr#organization"},"potentialAction":[{"@type":"SearchAction","target":{"@type":"EntryPoint","urlTemplate":"https:\/\/www.allinclusivehotels.it\/fr?s={search_term_string}"},"query-input":{"@type":"PropertyValueSpecification","valueRequired":true,"valueName":"search_term_string"}}],"inLanguage":"fr-FR"},{"@type":"Organization","@id":"https:\/\/www.allinclusivehotels.it\/fr#organization","name":"All Inclusive Hotels","url":"https:\/\/www.allinclusivehotels.it\/fr","logo":{"@type":"ImageObject","inLanguage":"fr-FR","@id":"https:\/\/www.allinclusivehotels.it\/fr#\/schema\/logo\/image\/","url":"","contentUrl":"","caption":"All Inclusive Hotels"},"image":{"@id":"https:\/\/www.allinclusivehotels.it\/fr#\/schema\/logo\/image\/"}}]}},"_links":{"self":[{"href":"https:\/\/www.allinclusivehotels.it\/fr\/wp-json\/wp\/v2\/pages\/49643","targetHints":{"allow":["GET"]}}],"collection":[{"href":"https:\/\/www.allinclusivehotels.it\/fr\/wp-json\/wp\/v2\/pages"}],"about":[{"href":"https:\/\/www.allinclusivehotels.it\/fr\/wp-json\/wp\/v2\/types\/page"}],"author":[{"embeddable":true,"href":"https:\/\/www.allinclusivehotels.it\/fr\/wp-json\/wp\/v2\/users\/1"}],"replies":[{"embeddable":true,"href":"https:\/\/www.allinclusivehotels.it\/fr\/wp-json\/wp\/v2\/comments?post=49643"}],"version-history":[{"count":2,"href":"https:\/\/www.allinclusivehotels.it\/fr\/wp-json\/wp\/v2\/pages\/49643\/revisions"}],"predecessor-version":[{"id":50340,"href":"https:\/\/www.allinclusivehotels.it\/fr\/wp-json\/wp\/v2\/pages\/49643\/revisions\/50340"}],"up":[{"embeddable":true,"href":"https:\/\/www.allinclusivehotels.it\/fr\/wp-json\/wp\/v2\/pages\/8241"}],"wp:attachment":[{"href":"https:\/\/www.allinclusivehotels.it\/fr\/wp-json\/wp\/v2\/media?parent=49643"}],"curies":[{"name":"wp","href":"https:\/\/api.w.org\/{rel}","templated":true}]}}