{"id":49297,"date":"2025-11-18T09:16:35","date_gmt":"2025-11-18T08:16:35","guid":{"rendered":"https:\/\/www.allinclusivehotels.it\/hotels\/strand-hotel"},"modified":"2026-01-08T12:39:09","modified_gmt":"2026-01-08T11:39:09","slug":"strand-hotel","status":"publish","type":"page","link":"https:\/\/www.allinclusivehotels.it\/fr\/hotels\/strand-hotel","title":{"rendered":"Strand Hotel"},"content":{"rendered":"\n<p>\u00c0 l\u2019h\u00f4tel Strand, \u00e0 Gabicce Mare vivez des vacances All Inclusive directement<b> en bord de mer<\/b> :<b> <\/b>la plage est \u00e0 quelques pas, <b>avec un parasol et deux transats inclus.<\/b><\/p>\n\n\n\n<p>Vous pouvez alterner vos journ\u00e9es entre la mer et une piscine chauff\u00e9e partenaire de l\u2019h\u00f4tel, situ\u00e9e \u00e0 proximit\u00e9, avec espace enfants et zone hydromassage, ainsi que profiter de moments de d\u00e9tente dans <b>l\u2019espace boissons en libre-service<\/b>, disponible tout au long de la journ\u00e9e.<\/p>\n\n\n\n\n\n<!--more-->\n\n\n\n\n\n<p>La cuisine propose des sp\u00e9cialit\u00e9s romagnoles et du poisson frais de l\u2019Adriatique, tandis que le <b>mini-club et les animations<\/b> rendent les vacances agr\u00e9ables aussi bien pour les adultes que pour les enfants.<\/p>\n\n\n\n\n\n<p>Ici, l\u2019hospitalit\u00e9 romagnole est une v\u00e9ritable tradition : chaleureuse, attentive et toujours pr\u00eate \u00e0 rendre chaque s\u00e9jour unique. <b>Les petits compagnons \u00e0 quatre pattes sont \u00e9galement les bienvenus<\/b>.<\/p>\n\n\n\n\n\n<p>Les clients disposent d\u2019un <b>parking priv\u00e9 ext\u00e9rieur<\/b> \u00e0 proximit\u00e9 de l\u2019h\u00f4tel ou d\u2019un parking couvert situ\u00e9 \u00e0 environ 1,8 km, desservi par une navette gratuite.<\/p>\n\n\n","protected":false},"excerpt":{"rendered":"<p>\u00c0 l\u2019h\u00f4tel Strand, \u00e0 Gabicce Mare vivez des vacances All Inclusive directement en bord de &hellip;<\/p>\n","protected":false},"author":1,"featured_media":0,"parent":8241,"menu_order":0,"comment_status":"closed","ping_status":"closed","template":"page-templates\/scheda_hotel.php","meta":{"_acf_changed":false,"footnotes":""},"class_list":["post-49297","page","type-page","status-publish","hentry"],"acf":[],"yoast_head":"<!-- This site is optimized with the Yoast SEO plugin v27.0 - https:\/\/yoast.com\/product\/yoast-seo-wordpress\/ -->\n<title>Strand Hotel - All Inclusive Hotels<\/title>\n<meta name=\"robots\" content=\"index, follow, max-snippet:-1, max-image-preview:large, max-video-preview:-1\" \/>\n<link rel=\"canonical\" href=\"https:\/\/www.allinclusivehotels.it\/fr\/hotels\/strand-hotel\" \/>\n<meta property=\"og:locale\" content=\"fr_FR\" \/>\n<meta property=\"og:type\" content=\"article\" \/>\n<meta property=\"og:title\" content=\"Strand Hotel - All Inclusive Hotels\" \/>\n<meta property=\"og:description\" content=\"\u00c0 l\u2019h\u00f4tel Strand, \u00e0 Gabicce Mare vivez des vacances All Inclusive directement en bord de &hellip;\" \/>\n<meta property=\"og:url\" content=\"https:\/\/www.allinclusivehotels.it\/fr\/hotels\/strand-hotel\" \/>\n<meta property=\"og:site_name\" content=\"All Inclusive Hotels\" \/>\n<meta property=\"article:modified_time\" content=\"2026-01-08T11:39:09+00:00\" \/>\n<meta name=\"twitter:card\" content=\"summary_large_image\" \/>\n<meta name=\"twitter:label1\" content=\"Dur\u00e9e de lecture estim\u00e9e\" \/>\n\t<meta name=\"twitter:data1\" content=\"1 minute\" \/>\n<script type=\"application\/ld+json\" class=\"yoast-schema-graph\">{\"@context\":\"https:\/\/schema.org\",\"@graph\":[{\"@type\":\"WebPage\",\"@id\":\"https:\/\/www.allinclusivehotels.it\/fr\/hotels\/strand-hotel\",\"url\":\"https:\/\/www.allinclusivehotels.it\/fr\/hotels\/strand-hotel\",\"name\":\"Strand Hotel - All Inclusive Hotels\",\"isPartOf\":{\"@id\":\"https:\/\/www.allinclusivehotels.it\/fr#website\"},\"datePublished\":\"2025-11-18T08:16:35+00:00\",\"dateModified\":\"2026-01-08T11:39:09+00:00\",\"breadcrumb\":{\"@id\":\"https:\/\/www.allinclusivehotels.it\/fr\/hotels\/strand-hotel#breadcrumb\"},\"inLanguage\":\"fr-FR\",\"potentialAction\":[{\"@type\":\"ReadAction\",\"target\":[\"https:\/\/www.allinclusivehotels.it\/fr\/hotels\/strand-hotel\"]}]},{\"@type\":\"BreadcrumbList\",\"@id\":\"https:\/\/www.allinclusivehotels.it\/fr\/hotels\/strand-hotel#breadcrumb\",\"itemListElement\":[{\"@type\":\"ListItem\",\"position\":1,\"name\":\"Home\",\"item\":\"https:\/\/www.allinclusivehotels.it\/fr\"},{\"@type\":\"ListItem\",\"position\":2,\"name\":\"H\u00f4tels\",\"item\":\"https:\/\/www.allinclusivehotels.it\/fr\/hotels\"},{\"@type\":\"ListItem\",\"position\":3,\"name\":\"Strand Hotel\"}]},{\"@type\":\"WebSite\",\"@id\":\"https:\/\/www.allinclusivehotels.it\/fr#website\",\"url\":\"https:\/\/www.allinclusivehotels.it\/fr\",\"name\":\"All Inclusive Hotels\",\"description\":\"\",\"publisher\":{\"@id\":\"https:\/\/www.allinclusivehotels.it\/fr#organization\"},\"potentialAction\":[{\"@type\":\"SearchAction\",\"target\":{\"@type\":\"EntryPoint\",\"urlTemplate\":\"https:\/\/www.allinclusivehotels.it\/fr?s={search_term_string}\"},\"query-input\":{\"@type\":\"PropertyValueSpecification\",\"valueRequired\":true,\"valueName\":\"search_term_string\"}}],\"inLanguage\":\"fr-FR\"},{\"@type\":\"Organization\",\"@id\":\"https:\/\/www.allinclusivehotels.it\/fr#organization\",\"name\":\"All Inclusive Hotels\",\"url\":\"https:\/\/www.allinclusivehotels.it\/fr\",\"logo\":{\"@type\":\"ImageObject\",\"inLanguage\":\"fr-FR\",\"@id\":\"https:\/\/www.allinclusivehotels.it\/fr#\/schema\/logo\/image\/\",\"url\":\"\",\"contentUrl\":\"\",\"caption\":\"All Inclusive Hotels\"},\"image\":{\"@id\":\"https:\/\/www.allinclusivehotels.it\/fr#\/schema\/logo\/image\/\"}}]}<\/script>\n<!-- \/ Yoast SEO plugin. -->","yoast_head_json":{"title":"Strand Hotel - All Inclusive Hotels","robots":{"index":"index","follow":"follow","max-snippet":"max-snippet:-1","max-image-preview":"max-image-preview:large","max-video-preview":"max-video-preview:-1"},"canonical":"https:\/\/www.allinclusivehotels.it\/fr\/hotels\/strand-hotel","og_locale":"fr_FR","og_type":"article","og_title":"Strand Hotel - All Inclusive Hotels","og_description":"\u00c0 l\u2019h\u00f4tel Strand, \u00e0 Gabicce Mare vivez des vacances All Inclusive directement en bord de &hellip;","og_url":"https:\/\/www.allinclusivehotels.it\/fr\/hotels\/strand-hotel","og_site_name":"All Inclusive Hotels","article_modified_time":"2026-01-08T11:39:09+00:00","twitter_card":"summary_large_image","twitter_misc":{"Dur\u00e9e de lecture estim\u00e9e":"1 minute"},"schema":{"@context":"https:\/\/schema.org","@graph":[{"@type":"WebPage","@id":"https:\/\/www.allinclusivehotels.it\/fr\/hotels\/strand-hotel","url":"https:\/\/www.allinclusivehotels.it\/fr\/hotels\/strand-hotel","name":"Strand Hotel - All Inclusive Hotels","isPartOf":{"@id":"https:\/\/www.allinclusivehotels.it\/fr#website"},"datePublished":"2025-11-18T08:16:35+00:00","dateModified":"2026-01-08T11:39:09+00:00","breadcrumb":{"@id":"https:\/\/www.allinclusivehotels.it\/fr\/hotels\/strand-hotel#breadcrumb"},"inLanguage":"fr-FR","potentialAction":[{"@type":"ReadAction","target":["https:\/\/www.allinclusivehotels.it\/fr\/hotels\/strand-hotel"]}]},{"@type":"BreadcrumbList","@id":"https:\/\/www.allinclusivehotels.it\/fr\/hotels\/strand-hotel#breadcrumb","itemListElement":[{"@type":"ListItem","position":1,"name":"Home","item":"https:\/\/www.allinclusivehotels.it\/fr"},{"@type":"ListItem","position":2,"name":"H\u00f4tels","item":"https:\/\/www.allinclusivehotels.it\/fr\/hotels"},{"@type":"ListItem","position":3,"name":"Strand Hotel"}]},{"@type":"WebSite","@id":"https:\/\/www.allinclusivehotels.it\/fr#website","url":"https:\/\/www.allinclusivehotels.it\/fr","name":"All Inclusive Hotels","description":"","publisher":{"@id":"https:\/\/www.allinclusivehotels.it\/fr#organization"},"potentialAction":[{"@type":"SearchAction","target":{"@type":"EntryPoint","urlTemplate":"https:\/\/www.allinclusivehotels.it\/fr?s={search_term_string}"},"query-input":{"@type":"PropertyValueSpecification","valueRequired":true,"valueName":"search_term_string"}}],"inLanguage":"fr-FR"},{"@type":"Organization","@id":"https:\/\/www.allinclusivehotels.it\/fr#organization","name":"All Inclusive Hotels","url":"https:\/\/www.allinclusivehotels.it\/fr","logo":{"@type":"ImageObject","inLanguage":"fr-FR","@id":"https:\/\/www.allinclusivehotels.it\/fr#\/schema\/logo\/image\/","url":"","contentUrl":"","caption":"All Inclusive Hotels"},"image":{"@id":"https:\/\/www.allinclusivehotels.it\/fr#\/schema\/logo\/image\/"}}]}},"_links":{"self":[{"href":"https:\/\/www.allinclusivehotels.it\/fr\/wp-json\/wp\/v2\/pages\/49297","targetHints":{"allow":["GET"]}}],"collection":[{"href":"https:\/\/www.allinclusivehotels.it\/fr\/wp-json\/wp\/v2\/pages"}],"about":[{"href":"https:\/\/www.allinclusivehotels.it\/fr\/wp-json\/wp\/v2\/types\/page"}],"author":[{"embeddable":true,"href":"https:\/\/www.allinclusivehotels.it\/fr\/wp-json\/wp\/v2\/users\/1"}],"replies":[{"embeddable":true,"href":"https:\/\/www.allinclusivehotels.it\/fr\/wp-json\/wp\/v2\/comments?post=49297"}],"version-history":[{"count":2,"href":"https:\/\/www.allinclusivehotels.it\/fr\/wp-json\/wp\/v2\/pages\/49297\/revisions"}],"predecessor-version":[{"id":50338,"href":"https:\/\/www.allinclusivehotels.it\/fr\/wp-json\/wp\/v2\/pages\/49297\/revisions\/50338"}],"up":[{"embeddable":true,"href":"https:\/\/www.allinclusivehotels.it\/fr\/wp-json\/wp\/v2\/pages\/8241"}],"wp:attachment":[{"href":"https:\/\/www.allinclusivehotels.it\/fr\/wp-json\/wp\/v2\/media?parent=49297"}],"curies":[{"name":"wp","href":"https:\/\/api.w.org\/{rel}","templated":true}]}}