{"id":45563,"date":"2025-05-07T14:17:57","date_gmt":"2025-05-07T12:17:57","guid":{"rendered":"https:\/\/www.allinclusivehotels.it\/destinations\/montesilvano"},"modified":"2025-05-07T14:18:01","modified_gmt":"2025-05-07T12:18:01","slug":"montesilvano","status":"publish","type":"page","link":"https:\/\/www.allinclusivehotels.it\/fr\/destinations\/montesilvano","title":{"rendered":"Montesilvano"},"content":{"rendered":"\n<p>Situ\u00e9e sur la splendide <b>c\u00f4te des Abruzzes<\/b>, <b>Montesilvano <\/b>est la destination parfaite pour des <b>vacances all inclusive <\/b>sous le signe de la d\u00e9tente et du divertissement. Cette station baln\u00e9aire offre de grandes <b>plages de sable dor\u00e9 <\/b>et une <b>mer <\/b>cristalline avec des <b>fonds marins peu profonds<\/b>, parfaits pour les <b>familles avec enfants<\/b>. Choisir un <b>h\u00f4tel All Inclusive \u00e0 Montesilvano<\/b> signifie profiter de vacances sans soucis, avec des services d\u00e9di\u00e9s, une cuisine typique et de nombreuses activit\u00e9s pour les grands et les petits.<\/p>\n\n\n\n<!--more-->\n\n\n\n<p>En plus de vous d\u00e9tendre sur la <b>plage<\/b>, vous pouvez vous promener sur le <b>front de mer<\/b>, anim\u00e9 par des bars et des restaurants, ou d\u00e9couvrir la <b>ville voisine de Pescara<\/b>, avec son centre anim\u00e9 et la maison natale de Gabriele D\u2019Annunzio. Si vous aimez la nature, le <b>Parc National de la Majella<\/b> propose des sentiers panoramiques et des paysages de carte postale, tandis que le village m\u00e9di\u00e9val de <b>Citt\u00e0 Sant\u2019Angelo<\/b> offre des aper\u00e7us suggestifs et des saveurs authentiques. Parmi les loisirs, \u00e0 Montesilvano vous pouvez choisir entre des <b>sports aquatiques<\/b>, <b>bars de plage<\/b> et <b>soir\u00e9es sur les plages<\/b>. D\u00e9couvrez maintenant les meilleures offres des <b>h\u00f4tels All Inclusive \u00e0 Montesilvano <\/b>et vivez un \u00e9t\u00e9 sans soucis\u00a0!<\/p>\n\n\n","protected":false},"excerpt":{"rendered":"<p>Situ\u00e9e sur la splendide c\u00f4te des Abruzzes, Montesilvano est la destination parfaite pour des vacances &hellip;<\/p>\n","protected":false},"author":1,"featured_media":0,"parent":8167,"menu_order":0,"comment_status":"closed","ping_status":"closed","template":"page-templates\/destinazione.php","meta":{"_acf_changed":false,"footnotes":""},"class_list":["post-45563","page","type-page","status-publish","hentry"],"acf":[],"yoast_head":"<!-- This site is optimized with the Yoast SEO plugin v27.6 - https:\/\/yoast.com\/product\/yoast-seo-wordpress\/ -->\n<title>H\u00f4tels All Inclusive Montesilvano\u00a0: Offres H\u00f4tels<\/title>\n<meta name=\"description\" content=\"Vous cherchez un h\u00f4tel tout compris \u00e0 Montesilvano ? D\u00e9couvrez la plus grande s\u00e9lection d\u2019h\u00f4tels All Inclusive en Italie. Voyez les offres\u00a0!\" \/>\n<meta name=\"robots\" content=\"index, follow, max-snippet:-1, max-image-preview:large, max-video-preview:-1\" \/>\n<link rel=\"canonical\" href=\"https:\/\/www.allinclusivehotels.it\/fr\/destinations\/montesilvano\" \/>\n<meta property=\"og:locale\" content=\"fr_FR\" \/>\n<meta property=\"og:type\" content=\"article\" \/>\n<meta property=\"og:title\" content=\"H\u00f4tels All Inclusive Montesilvano\u00a0: Offres H\u00f4tels\" \/>\n<meta property=\"og:description\" content=\"Vous cherchez un h\u00f4tel tout compris \u00e0 Montesilvano ? D\u00e9couvrez la plus grande s\u00e9lection d\u2019h\u00f4tels All Inclusive en Italie. Voyez les offres\u00a0!\" \/>\n<meta property=\"og:url\" content=\"https:\/\/www.allinclusivehotels.it\/fr\/destinations\/montesilvano\" \/>\n<meta property=\"og:site_name\" content=\"All Inclusive Hotels\" \/>\n<meta property=\"article:modified_time\" content=\"2025-05-07T12:18:01+00:00\" \/>\n<meta name=\"twitter:card\" content=\"summary_large_image\" \/>\n<meta name=\"twitter:label1\" content=\"Dur\u00e9e de lecture estim\u00e9e\" \/>\n\t<meta name=\"twitter:data1\" content=\"1 minute\" \/>\n<script type=\"application\/ld+json\" class=\"yoast-schema-graph\">{\"@context\":\"https:\\\/\\\/schema.org\",\"@graph\":[{\"@type\":\"WebPage\",\"@id\":\"https:\\\/\\\/www.allinclusivehotels.it\\\/fr\\\/destinations\\\/montesilvano\",\"url\":\"https:\\\/\\\/www.allinclusivehotels.it\\\/fr\\\/destinations\\\/montesilvano\",\"name\":\"H\u00f4tels All Inclusive Montesilvano\u00a0: Offres H\u00f4tels\",\"isPartOf\":{\"@id\":\"https:\\\/\\\/www.allinclusivehotels.it\\\/fr#website\"},\"datePublished\":\"2025-05-07T12:17:57+00:00\",\"dateModified\":\"2025-05-07T12:18:01+00:00\",\"description\":\"Vous cherchez un h\u00f4tel tout compris \u00e0 Montesilvano ? D\u00e9couvrez la plus grande s\u00e9lection d\u2019h\u00f4tels All Inclusive en Italie. Voyez les offres\u00a0!\",\"breadcrumb\":{\"@id\":\"https:\\\/\\\/www.allinclusivehotels.it\\\/fr\\\/destinations\\\/montesilvano#breadcrumb\"},\"inLanguage\":\"fr-FR\",\"potentialAction\":[{\"@type\":\"ReadAction\",\"target\":[\"https:\\\/\\\/www.allinclusivehotels.it\\\/fr\\\/destinations\\\/montesilvano\"]}]},{\"@type\":\"BreadcrumbList\",\"@id\":\"https:\\\/\\\/www.allinclusivehotels.it\\\/fr\\\/destinations\\\/montesilvano#breadcrumb\",\"itemListElement\":[{\"@type\":\"ListItem\",\"position\":1,\"name\":\"Home\",\"item\":\"https:\\\/\\\/www.allinclusivehotels.it\\\/fr\"},{\"@type\":\"ListItem\",\"position\":2,\"name\":\"Destinations\",\"item\":\"https:\\\/\\\/www.allinclusivehotels.it\\\/fr\\\/destinations\"},{\"@type\":\"ListItem\",\"position\":3,\"name\":\"Montesilvano\"}]},{\"@type\":\"WebSite\",\"@id\":\"https:\\\/\\\/www.allinclusivehotels.it\\\/fr#website\",\"url\":\"https:\\\/\\\/www.allinclusivehotels.it\\\/fr\",\"name\":\"All Inclusive Hotels\",\"description\":\"\",\"publisher\":{\"@id\":\"https:\\\/\\\/www.allinclusivehotels.it\\\/fr#organization\"},\"potentialAction\":[{\"@type\":\"SearchAction\",\"target\":{\"@type\":\"EntryPoint\",\"urlTemplate\":\"https:\\\/\\\/www.allinclusivehotels.it\\\/fr?s={search_term_string}\"},\"query-input\":{\"@type\":\"PropertyValueSpecification\",\"valueRequired\":true,\"valueName\":\"search_term_string\"}}],\"inLanguage\":\"fr-FR\"},{\"@type\":\"Organization\",\"@id\":\"https:\\\/\\\/www.allinclusivehotels.it\\\/fr#organization\",\"name\":\"All Inclusive Hotels\",\"url\":\"https:\\\/\\\/www.allinclusivehotels.it\\\/fr\",\"logo\":{\"@type\":\"ImageObject\",\"inLanguage\":\"fr-FR\",\"@id\":\"https:\\\/\\\/www.allinclusivehotels.it\\\/fr#\\\/schema\\\/logo\\\/image\\\/\",\"url\":\"\",\"contentUrl\":\"\",\"caption\":\"All Inclusive Hotels\"},\"image\":{\"@id\":\"https:\\\/\\\/www.allinclusivehotels.it\\\/fr#\\\/schema\\\/logo\\\/image\\\/\"}}]}<\/script>\n<!-- \/ Yoast SEO plugin. -->","yoast_head_json":{"title":"H\u00f4tels All Inclusive Montesilvano\u00a0: Offres H\u00f4tels","description":"Vous cherchez un h\u00f4tel tout compris \u00e0 Montesilvano ? D\u00e9couvrez la plus grande s\u00e9lection d\u2019h\u00f4tels All Inclusive en Italie. Voyez les offres\u00a0!","robots":{"index":"index","follow":"follow","max-snippet":"max-snippet:-1","max-image-preview":"max-image-preview:large","max-video-preview":"max-video-preview:-1"},"canonical":"https:\/\/www.allinclusivehotels.it\/fr\/destinations\/montesilvano","og_locale":"fr_FR","og_type":"article","og_title":"H\u00f4tels All Inclusive Montesilvano\u00a0: Offres H\u00f4tels","og_description":"Vous cherchez un h\u00f4tel tout compris \u00e0 Montesilvano ? D\u00e9couvrez la plus grande s\u00e9lection d\u2019h\u00f4tels All Inclusive en Italie. Voyez les offres\u00a0!","og_url":"https:\/\/www.allinclusivehotels.it\/fr\/destinations\/montesilvano","og_site_name":"All Inclusive Hotels","article_modified_time":"2025-05-07T12:18:01+00:00","twitter_card":"summary_large_image","twitter_misc":{"Dur\u00e9e de lecture estim\u00e9e":"1 minute"},"schema":{"@context":"https:\/\/schema.org","@graph":[{"@type":"WebPage","@id":"https:\/\/www.allinclusivehotels.it\/fr\/destinations\/montesilvano","url":"https:\/\/www.allinclusivehotels.it\/fr\/destinations\/montesilvano","name":"H\u00f4tels All Inclusive Montesilvano\u00a0: Offres H\u00f4tels","isPartOf":{"@id":"https:\/\/www.allinclusivehotels.it\/fr#website"},"datePublished":"2025-05-07T12:17:57+00:00","dateModified":"2025-05-07T12:18:01+00:00","description":"Vous cherchez un h\u00f4tel tout compris \u00e0 Montesilvano ? D\u00e9couvrez la plus grande s\u00e9lection d\u2019h\u00f4tels All Inclusive en Italie. Voyez les offres\u00a0!","breadcrumb":{"@id":"https:\/\/www.allinclusivehotels.it\/fr\/destinations\/montesilvano#breadcrumb"},"inLanguage":"fr-FR","potentialAction":[{"@type":"ReadAction","target":["https:\/\/www.allinclusivehotels.it\/fr\/destinations\/montesilvano"]}]},{"@type":"BreadcrumbList","@id":"https:\/\/www.allinclusivehotels.it\/fr\/destinations\/montesilvano#breadcrumb","itemListElement":[{"@type":"ListItem","position":1,"name":"Home","item":"https:\/\/www.allinclusivehotels.it\/fr"},{"@type":"ListItem","position":2,"name":"Destinations","item":"https:\/\/www.allinclusivehotels.it\/fr\/destinations"},{"@type":"ListItem","position":3,"name":"Montesilvano"}]},{"@type":"WebSite","@id":"https:\/\/www.allinclusivehotels.it\/fr#website","url":"https:\/\/www.allinclusivehotels.it\/fr","name":"All Inclusive Hotels","description":"","publisher":{"@id":"https:\/\/www.allinclusivehotels.it\/fr#organization"},"potentialAction":[{"@type":"SearchAction","target":{"@type":"EntryPoint","urlTemplate":"https:\/\/www.allinclusivehotels.it\/fr?s={search_term_string}"},"query-input":{"@type":"PropertyValueSpecification","valueRequired":true,"valueName":"search_term_string"}}],"inLanguage":"fr-FR"},{"@type":"Organization","@id":"https:\/\/www.allinclusivehotels.it\/fr#organization","name":"All Inclusive Hotels","url":"https:\/\/www.allinclusivehotels.it\/fr","logo":{"@type":"ImageObject","inLanguage":"fr-FR","@id":"https:\/\/www.allinclusivehotels.it\/fr#\/schema\/logo\/image\/","url":"","contentUrl":"","caption":"All Inclusive Hotels"},"image":{"@id":"https:\/\/www.allinclusivehotels.it\/fr#\/schema\/logo\/image\/"}}]}},"_links":{"self":[{"href":"https:\/\/www.allinclusivehotels.it\/fr\/wp-json\/wp\/v2\/pages\/45563","targetHints":{"allow":["GET"]}}],"collection":[{"href":"https:\/\/www.allinclusivehotels.it\/fr\/wp-json\/wp\/v2\/pages"}],"about":[{"href":"https:\/\/www.allinclusivehotels.it\/fr\/wp-json\/wp\/v2\/types\/page"}],"author":[{"embeddable":true,"href":"https:\/\/www.allinclusivehotels.it\/fr\/wp-json\/wp\/v2\/users\/1"}],"replies":[{"embeddable":true,"href":"https:\/\/www.allinclusivehotels.it\/fr\/wp-json\/wp\/v2\/comments?post=45563"}],"version-history":[{"count":1,"href":"https:\/\/www.allinclusivehotels.it\/fr\/wp-json\/wp\/v2\/pages\/45563\/revisions"}],"predecessor-version":[{"id":45564,"href":"https:\/\/www.allinclusivehotels.it\/fr\/wp-json\/wp\/v2\/pages\/45563\/revisions\/45564"}],"up":[{"embeddable":true,"href":"https:\/\/www.allinclusivehotels.it\/fr\/wp-json\/wp\/v2\/pages\/8167"}],"wp:attachment":[{"href":"https:\/\/www.allinclusivehotels.it\/fr\/wp-json\/wp\/v2\/media?parent=45563"}],"curies":[{"name":"wp","href":"https:\/\/api.w.org\/{rel}","templated":true}]}}