{"id":43749,"date":"2025-03-10T08:48:42","date_gmt":"2025-03-10T07:48:42","guid":{"rendered":"https:\/\/www.allinclusivehotels.it\/hotels\/club-family-hotel-tintoretto"},"modified":"2025-04-11T12:52:08","modified_gmt":"2025-04-11T10:52:08","slug":"club-family-hotel-tintoretto","status":"publish","type":"page","link":"https:\/\/www.allinclusivehotels.it\/fr\/hotels\/club-family-hotel-tintoretto","title":{"rendered":"Club Family Hotel Tintoretto"},"content":{"rendered":"\n<p>Le <b>Club Family Hotel Tintoretto <\/b>est le <b>village All Inclusive<\/b> id\u00e9al pour les familles, situ\u00e9 \u00e0 <b>Pinarella di Cervia<\/b>, o\u00f9 chaque d\u00e9tail est con\u00e7u pour offrir un s\u00e9jour inoubliable. Vous pouvez choisir entre diff\u00e9rents types de chambres, entre <b>h\u00f4tel<\/b>, <b>d\u00e9pendance <\/b>et r\u00e9sidence avec <b>appartements<\/b>.<\/p>\n\n\n\n<!--more-->\n\n\n\n<p>Toute la famille peut se d\u00e9tendre dans les <b>deux piscines chauff\u00e9es<\/b>, dont une avec un toboggan pour b\u00e9b\u00e9, s\u2019amuser dans les grandes aires de jeux internes et externes ou profiter d\u2019une journ\u00e9e sur la <b>plage conventionn\u00e9e<\/b> avec des <b>boissons pression gratuites<\/b>. Les enfants peuvent s\u2019amuser avec les activit\u00e9s passionnantes propos\u00e9es par l\u2019<b>animation<\/b>, tandis que le restaurant offre une <b>vaste s\u00e9lection de plats<\/b>, y compris de la viande, du poisson et des options v\u00e9g\u00e9tariennes, pour satisfaire tous les go\u00fbts.<\/p>\n\n\n\n<p>L\u2019<b>emplacement strat\u00e9gique<\/b>, \u00e0 quelques pas de la mer et entour\u00e9 d\u2019une belle pin\u00e8de, vous permet d\u2019explorer les merveilles de la Riviera romagnole. De plus, en s\u00e9journant au moins 6 nuits, vous pouvez profiter d\u2019<b>excursions et d\u2019entr\u00e9es gratuites <\/b>dans des parcs d\u2019attractions tels que <b>Mirabilandia<\/b>, <b>Mirabeach<\/b> et <b>Atlantica<\/b>. Le Club Family Hotel Tintoretto est le choix parfait pour des vacances sans soucis, sous le signe de la d\u00e9tente et du plaisir pour toute la famille\u00a0!<\/p>\n","protected":false},"excerpt":{"rendered":"<p>Le Club Family Hotel Tintoretto est le village All Inclusive id\u00e9al pour les familles, situ\u00e9 &hellip;<\/p>\n","protected":false},"author":1,"featured_media":0,"parent":8241,"menu_order":0,"comment_status":"closed","ping_status":"closed","template":"page-templates\/scheda_hotel.php","meta":{"_acf_changed":false,"footnotes":""},"class_list":["post-43749","page","type-page","status-publish","hentry"],"acf":[],"yoast_head":"<!-- This site is optimized with the Yoast SEO plugin v27.0 - https:\/\/yoast.com\/product\/yoast-seo-wordpress\/ -->\n<title>Club Family Hotel Tintoretto - All Inclusive Hotels<\/title>\n<meta name=\"robots\" content=\"index, follow, max-snippet:-1, max-image-preview:large, max-video-preview:-1\" \/>\n<link rel=\"canonical\" href=\"https:\/\/www.allinclusivehotels.it\/fr\/hotels\/club-family-hotel-tintoretto\" \/>\n<meta property=\"og:locale\" content=\"fr_FR\" \/>\n<meta property=\"og:type\" content=\"article\" \/>\n<meta property=\"og:title\" content=\"Club Family Hotel Tintoretto - All Inclusive Hotels\" \/>\n<meta property=\"og:description\" content=\"Le Club Family Hotel Tintoretto est le village All Inclusive id\u00e9al pour les familles, situ\u00e9 &hellip;\" \/>\n<meta property=\"og:url\" content=\"https:\/\/www.allinclusivehotels.it\/fr\/hotels\/club-family-hotel-tintoretto\" \/>\n<meta property=\"og:site_name\" content=\"All Inclusive Hotels\" \/>\n<meta property=\"article:modified_time\" content=\"2025-04-11T10:52:08+00:00\" \/>\n<meta name=\"twitter:card\" content=\"summary_large_image\" \/>\n<meta name=\"twitter:label1\" content=\"Dur\u00e9e de lecture estim\u00e9e\" \/>\n\t<meta name=\"twitter:data1\" content=\"1 minute\" \/>\n<script type=\"application\/ld+json\" class=\"yoast-schema-graph\">{\"@context\":\"https:\/\/schema.org\",\"@graph\":[{\"@type\":\"WebPage\",\"@id\":\"https:\/\/www.allinclusivehotels.it\/fr\/hotels\/club-family-hotel-tintoretto\",\"url\":\"https:\/\/www.allinclusivehotels.it\/fr\/hotels\/club-family-hotel-tintoretto\",\"name\":\"Club Family Hotel Tintoretto - All Inclusive Hotels\",\"isPartOf\":{\"@id\":\"https:\/\/www.allinclusivehotels.it\/fr#website\"},\"datePublished\":\"2025-03-10T07:48:42+00:00\",\"dateModified\":\"2025-04-11T10:52:08+00:00\",\"breadcrumb\":{\"@id\":\"https:\/\/www.allinclusivehotels.it\/fr\/hotels\/club-family-hotel-tintoretto#breadcrumb\"},\"inLanguage\":\"fr-FR\",\"potentialAction\":[{\"@type\":\"ReadAction\",\"target\":[\"https:\/\/www.allinclusivehotels.it\/fr\/hotels\/club-family-hotel-tintoretto\"]}]},{\"@type\":\"BreadcrumbList\",\"@id\":\"https:\/\/www.allinclusivehotels.it\/fr\/hotels\/club-family-hotel-tintoretto#breadcrumb\",\"itemListElement\":[{\"@type\":\"ListItem\",\"position\":1,\"name\":\"Home\",\"item\":\"https:\/\/www.allinclusivehotels.it\/fr\"},{\"@type\":\"ListItem\",\"position\":2,\"name\":\"H\u00f4tels\",\"item\":\"https:\/\/www.allinclusivehotels.it\/fr\/hotels\"},{\"@type\":\"ListItem\",\"position\":3,\"name\":\"Club Family Hotel Tintoretto\"}]},{\"@type\":\"WebSite\",\"@id\":\"https:\/\/www.allinclusivehotels.it\/fr#website\",\"url\":\"https:\/\/www.allinclusivehotels.it\/fr\",\"name\":\"All Inclusive Hotels\",\"description\":\"\",\"publisher\":{\"@id\":\"https:\/\/www.allinclusivehotels.it\/fr#organization\"},\"potentialAction\":[{\"@type\":\"SearchAction\",\"target\":{\"@type\":\"EntryPoint\",\"urlTemplate\":\"https:\/\/www.allinclusivehotels.it\/fr?s={search_term_string}\"},\"query-input\":{\"@type\":\"PropertyValueSpecification\",\"valueRequired\":true,\"valueName\":\"search_term_string\"}}],\"inLanguage\":\"fr-FR\"},{\"@type\":\"Organization\",\"@id\":\"https:\/\/www.allinclusivehotels.it\/fr#organization\",\"name\":\"All Inclusive Hotels\",\"url\":\"https:\/\/www.allinclusivehotels.it\/fr\",\"logo\":{\"@type\":\"ImageObject\",\"inLanguage\":\"fr-FR\",\"@id\":\"https:\/\/www.allinclusivehotels.it\/fr#\/schema\/logo\/image\/\",\"url\":\"\",\"contentUrl\":\"\",\"caption\":\"All Inclusive Hotels\"},\"image\":{\"@id\":\"https:\/\/www.allinclusivehotels.it\/fr#\/schema\/logo\/image\/\"}}]}<\/script>\n<!-- \/ Yoast SEO plugin. -->","yoast_head_json":{"title":"Club Family Hotel Tintoretto - All Inclusive Hotels","robots":{"index":"index","follow":"follow","max-snippet":"max-snippet:-1","max-image-preview":"max-image-preview:large","max-video-preview":"max-video-preview:-1"},"canonical":"https:\/\/www.allinclusivehotels.it\/fr\/hotels\/club-family-hotel-tintoretto","og_locale":"fr_FR","og_type":"article","og_title":"Club Family Hotel Tintoretto - All Inclusive Hotels","og_description":"Le Club Family Hotel Tintoretto est le village All Inclusive id\u00e9al pour les familles, situ\u00e9 &hellip;","og_url":"https:\/\/www.allinclusivehotels.it\/fr\/hotels\/club-family-hotel-tintoretto","og_site_name":"All Inclusive Hotels","article_modified_time":"2025-04-11T10:52:08+00:00","twitter_card":"summary_large_image","twitter_misc":{"Dur\u00e9e de lecture estim\u00e9e":"1 minute"},"schema":{"@context":"https:\/\/schema.org","@graph":[{"@type":"WebPage","@id":"https:\/\/www.allinclusivehotels.it\/fr\/hotels\/club-family-hotel-tintoretto","url":"https:\/\/www.allinclusivehotels.it\/fr\/hotels\/club-family-hotel-tintoretto","name":"Club Family Hotel Tintoretto - All Inclusive Hotels","isPartOf":{"@id":"https:\/\/www.allinclusivehotels.it\/fr#website"},"datePublished":"2025-03-10T07:48:42+00:00","dateModified":"2025-04-11T10:52:08+00:00","breadcrumb":{"@id":"https:\/\/www.allinclusivehotels.it\/fr\/hotels\/club-family-hotel-tintoretto#breadcrumb"},"inLanguage":"fr-FR","potentialAction":[{"@type":"ReadAction","target":["https:\/\/www.allinclusivehotels.it\/fr\/hotels\/club-family-hotel-tintoretto"]}]},{"@type":"BreadcrumbList","@id":"https:\/\/www.allinclusivehotels.it\/fr\/hotels\/club-family-hotel-tintoretto#breadcrumb","itemListElement":[{"@type":"ListItem","position":1,"name":"Home","item":"https:\/\/www.allinclusivehotels.it\/fr"},{"@type":"ListItem","position":2,"name":"H\u00f4tels","item":"https:\/\/www.allinclusivehotels.it\/fr\/hotels"},{"@type":"ListItem","position":3,"name":"Club Family Hotel Tintoretto"}]},{"@type":"WebSite","@id":"https:\/\/www.allinclusivehotels.it\/fr#website","url":"https:\/\/www.allinclusivehotels.it\/fr","name":"All Inclusive Hotels","description":"","publisher":{"@id":"https:\/\/www.allinclusivehotels.it\/fr#organization"},"potentialAction":[{"@type":"SearchAction","target":{"@type":"EntryPoint","urlTemplate":"https:\/\/www.allinclusivehotels.it\/fr?s={search_term_string}"},"query-input":{"@type":"PropertyValueSpecification","valueRequired":true,"valueName":"search_term_string"}}],"inLanguage":"fr-FR"},{"@type":"Organization","@id":"https:\/\/www.allinclusivehotels.it\/fr#organization","name":"All Inclusive Hotels","url":"https:\/\/www.allinclusivehotels.it\/fr","logo":{"@type":"ImageObject","inLanguage":"fr-FR","@id":"https:\/\/www.allinclusivehotels.it\/fr#\/schema\/logo\/image\/","url":"","contentUrl":"","caption":"All Inclusive Hotels"},"image":{"@id":"https:\/\/www.allinclusivehotels.it\/fr#\/schema\/logo\/image\/"}}]}},"_links":{"self":[{"href":"https:\/\/www.allinclusivehotels.it\/fr\/wp-json\/wp\/v2\/pages\/43749","targetHints":{"allow":["GET"]}}],"collection":[{"href":"https:\/\/www.allinclusivehotels.it\/fr\/wp-json\/wp\/v2\/pages"}],"about":[{"href":"https:\/\/www.allinclusivehotels.it\/fr\/wp-json\/wp\/v2\/types\/page"}],"author":[{"embeddable":true,"href":"https:\/\/www.allinclusivehotels.it\/fr\/wp-json\/wp\/v2\/users\/1"}],"replies":[{"embeddable":true,"href":"https:\/\/www.allinclusivehotels.it\/fr\/wp-json\/wp\/v2\/comments?post=43749"}],"version-history":[{"count":2,"href":"https:\/\/www.allinclusivehotels.it\/fr\/wp-json\/wp\/v2\/pages\/43749\/revisions"}],"predecessor-version":[{"id":45243,"href":"https:\/\/www.allinclusivehotels.it\/fr\/wp-json\/wp\/v2\/pages\/43749\/revisions\/45243"}],"up":[{"embeddable":true,"href":"https:\/\/www.allinclusivehotels.it\/fr\/wp-json\/wp\/v2\/pages\/8241"}],"wp:attachment":[{"href":"https:\/\/www.allinclusivehotels.it\/fr\/wp-json\/wp\/v2\/media?parent=43749"}],"curies":[{"name":"wp","href":"https:\/\/api.w.org\/{rel}","templated":true}]}}