{"id":43742,"date":"2025-03-10T08:47:40","date_gmt":"2025-03-10T07:47:40","guid":{"rendered":"https:\/\/www.allinclusivehotels.it\/hotels\/hotel-prestige"},"modified":"2025-04-11T12:52:04","modified_gmt":"2025-04-11T10:52:04","slug":"hotel-prestige","status":"publish","type":"page","link":"https:\/\/www.allinclusivehotels.it\/fr\/hotels\/hotel-prestige","title":{"rendered":"Hotel Prestige"},"content":{"rendered":"\n<p>Le Family Hotel Prestige se trouve dans la <b>belle station baln\u00e9aire<\/b> de <b>Montesilvano<\/b>, o\u00f9 le climat est agr\u00e9able toute l\u2019ann\u00e9e. <b>Proche de la mer et de la pin\u00e8de<\/b> c\u2019est l\u2019endroit id\u00e9al <b>pour les familles avec enfants et animaux domestiques<\/b>, o\u00f9 vous pourrez passer des vacances amusantes et reposantes. La <b>plage, situ\u00e9e \u00e0 100m<\/b> et r\u00e9serv\u00e9e uniquement aux <b>h\u00f4tes<\/b>, garantit la tranquillit\u00e9 et la paix.<\/p>\n\n\n\n<!--more-->\n\n\n\n<p>La cuisine est un point fort : le <b>Chef r\u00e9galera les papilles <\/b>avec ses cr\u00e9ations. Le personnel de l\u2019h\u00f4tel est passionn\u00e9 par son travail et s\u2019engage \u00e0 faire en sorte que les clients se sentent comme chez eux.<\/p>\n\n\n\n<p>L\u2019\u00e9tablissement offre des <b>services all-inclusive<\/b> et des <b>activit\u00e9s d\u00e9di\u00e9es aux enfants<\/b>, parmi lesquelles la \u00ab\u00a0Tana di Pinolo\u00a0\u00bb, un <b>espace b\u00e9b\u00e9 avec aire de jeux<\/b> et des activit\u00e9s \u00e9ducatives. L\u2019\u00e9tablissement organise \u00e9galement des<b> d\u00eeners \u00e0 th\u00e8me<\/b>, comme le D\u00eener Romantique, le D\u00eener Blanc et le D\u00eener des Abruzzes.<\/p>\n","protected":false},"excerpt":{"rendered":"<p>Le Family Hotel Prestige se trouve dans la belle station baln\u00e9aire de Montesilvano, o\u00f9 le &hellip;<\/p>\n","protected":false},"author":1,"featured_media":0,"parent":8241,"menu_order":0,"comment_status":"closed","ping_status":"closed","template":"page-templates\/scheda_hotel.php","meta":{"_acf_changed":false,"footnotes":""},"class_list":["post-43742","page","type-page","status-publish","hentry"],"acf":[],"yoast_head":"<!-- This site is optimized with the Yoast SEO plugin v27.6 - https:\/\/yoast.com\/product\/yoast-seo-wordpress\/ -->\n<title>Hotel Prestige - All Inclusive Hotels<\/title>\n<meta name=\"robots\" content=\"index, follow, max-snippet:-1, max-image-preview:large, max-video-preview:-1\" \/>\n<link rel=\"canonical\" href=\"https:\/\/www.allinclusivehotels.it\/fr\/hotels\/hotel-prestige\" \/>\n<meta property=\"og:locale\" content=\"fr_FR\" \/>\n<meta property=\"og:type\" content=\"article\" \/>\n<meta property=\"og:title\" content=\"Hotel Prestige - All Inclusive Hotels\" \/>\n<meta property=\"og:description\" content=\"Le Family Hotel Prestige se trouve dans la belle station baln\u00e9aire de Montesilvano, o\u00f9 le &hellip;\" \/>\n<meta property=\"og:url\" content=\"https:\/\/www.allinclusivehotels.it\/fr\/hotels\/hotel-prestige\" \/>\n<meta property=\"og:site_name\" content=\"All Inclusive Hotels\" \/>\n<meta property=\"article:modified_time\" content=\"2025-04-11T10:52:04+00:00\" \/>\n<meta name=\"twitter:card\" content=\"summary_large_image\" \/>\n<meta name=\"twitter:label1\" content=\"Dur\u00e9e de lecture estim\u00e9e\" \/>\n\t<meta name=\"twitter:data1\" content=\"1 minute\" \/>\n<script type=\"application\/ld+json\" class=\"yoast-schema-graph\">{\"@context\":\"https:\\\/\\\/schema.org\",\"@graph\":[{\"@type\":\"WebPage\",\"@id\":\"https:\\\/\\\/www.allinclusivehotels.it\\\/fr\\\/hotels\\\/hotel-prestige\",\"url\":\"https:\\\/\\\/www.allinclusivehotels.it\\\/fr\\\/hotels\\\/hotel-prestige\",\"name\":\"Hotel Prestige - All Inclusive Hotels\",\"isPartOf\":{\"@id\":\"https:\\\/\\\/www.allinclusivehotels.it\\\/fr#website\"},\"datePublished\":\"2025-03-10T07:47:40+00:00\",\"dateModified\":\"2025-04-11T10:52:04+00:00\",\"breadcrumb\":{\"@id\":\"https:\\\/\\\/www.allinclusivehotels.it\\\/fr\\\/hotels\\\/hotel-prestige#breadcrumb\"},\"inLanguage\":\"fr-FR\",\"potentialAction\":[{\"@type\":\"ReadAction\",\"target\":[\"https:\\\/\\\/www.allinclusivehotels.it\\\/fr\\\/hotels\\\/hotel-prestige\"]}]},{\"@type\":\"BreadcrumbList\",\"@id\":\"https:\\\/\\\/www.allinclusivehotels.it\\\/fr\\\/hotels\\\/hotel-prestige#breadcrumb\",\"itemListElement\":[{\"@type\":\"ListItem\",\"position\":1,\"name\":\"Home\",\"item\":\"https:\\\/\\\/www.allinclusivehotels.it\\\/fr\"},{\"@type\":\"ListItem\",\"position\":2,\"name\":\"H\u00f4tels\",\"item\":\"https:\\\/\\\/www.allinclusivehotels.it\\\/fr\\\/hotels\"},{\"@type\":\"ListItem\",\"position\":3,\"name\":\"Hotel Prestige\"}]},{\"@type\":\"WebSite\",\"@id\":\"https:\\\/\\\/www.allinclusivehotels.it\\\/fr#website\",\"url\":\"https:\\\/\\\/www.allinclusivehotels.it\\\/fr\",\"name\":\"All Inclusive Hotels\",\"description\":\"\",\"publisher\":{\"@id\":\"https:\\\/\\\/www.allinclusivehotels.it\\\/fr#organization\"},\"potentialAction\":[{\"@type\":\"SearchAction\",\"target\":{\"@type\":\"EntryPoint\",\"urlTemplate\":\"https:\\\/\\\/www.allinclusivehotels.it\\\/fr?s={search_term_string}\"},\"query-input\":{\"@type\":\"PropertyValueSpecification\",\"valueRequired\":true,\"valueName\":\"search_term_string\"}}],\"inLanguage\":\"fr-FR\"},{\"@type\":\"Organization\",\"@id\":\"https:\\\/\\\/www.allinclusivehotels.it\\\/fr#organization\",\"name\":\"All Inclusive Hotels\",\"url\":\"https:\\\/\\\/www.allinclusivehotels.it\\\/fr\",\"logo\":{\"@type\":\"ImageObject\",\"inLanguage\":\"fr-FR\",\"@id\":\"https:\\\/\\\/www.allinclusivehotels.it\\\/fr#\\\/schema\\\/logo\\\/image\\\/\",\"url\":\"\",\"contentUrl\":\"\",\"caption\":\"All Inclusive Hotels\"},\"image\":{\"@id\":\"https:\\\/\\\/www.allinclusivehotels.it\\\/fr#\\\/schema\\\/logo\\\/image\\\/\"}}]}<\/script>\n<!-- \/ Yoast SEO plugin. -->","yoast_head_json":{"title":"Hotel Prestige - All Inclusive Hotels","robots":{"index":"index","follow":"follow","max-snippet":"max-snippet:-1","max-image-preview":"max-image-preview:large","max-video-preview":"max-video-preview:-1"},"canonical":"https:\/\/www.allinclusivehotels.it\/fr\/hotels\/hotel-prestige","og_locale":"fr_FR","og_type":"article","og_title":"Hotel Prestige - All Inclusive Hotels","og_description":"Le Family Hotel Prestige se trouve dans la belle station baln\u00e9aire de Montesilvano, o\u00f9 le &hellip;","og_url":"https:\/\/www.allinclusivehotels.it\/fr\/hotels\/hotel-prestige","og_site_name":"All Inclusive Hotels","article_modified_time":"2025-04-11T10:52:04+00:00","twitter_card":"summary_large_image","twitter_misc":{"Dur\u00e9e de lecture estim\u00e9e":"1 minute"},"schema":{"@context":"https:\/\/schema.org","@graph":[{"@type":"WebPage","@id":"https:\/\/www.allinclusivehotels.it\/fr\/hotels\/hotel-prestige","url":"https:\/\/www.allinclusivehotels.it\/fr\/hotels\/hotel-prestige","name":"Hotel Prestige - All Inclusive Hotels","isPartOf":{"@id":"https:\/\/www.allinclusivehotels.it\/fr#website"},"datePublished":"2025-03-10T07:47:40+00:00","dateModified":"2025-04-11T10:52:04+00:00","breadcrumb":{"@id":"https:\/\/www.allinclusivehotels.it\/fr\/hotels\/hotel-prestige#breadcrumb"},"inLanguage":"fr-FR","potentialAction":[{"@type":"ReadAction","target":["https:\/\/www.allinclusivehotels.it\/fr\/hotels\/hotel-prestige"]}]},{"@type":"BreadcrumbList","@id":"https:\/\/www.allinclusivehotels.it\/fr\/hotels\/hotel-prestige#breadcrumb","itemListElement":[{"@type":"ListItem","position":1,"name":"Home","item":"https:\/\/www.allinclusivehotels.it\/fr"},{"@type":"ListItem","position":2,"name":"H\u00f4tels","item":"https:\/\/www.allinclusivehotels.it\/fr\/hotels"},{"@type":"ListItem","position":3,"name":"Hotel Prestige"}]},{"@type":"WebSite","@id":"https:\/\/www.allinclusivehotels.it\/fr#website","url":"https:\/\/www.allinclusivehotels.it\/fr","name":"All Inclusive Hotels","description":"","publisher":{"@id":"https:\/\/www.allinclusivehotels.it\/fr#organization"},"potentialAction":[{"@type":"SearchAction","target":{"@type":"EntryPoint","urlTemplate":"https:\/\/www.allinclusivehotels.it\/fr?s={search_term_string}"},"query-input":{"@type":"PropertyValueSpecification","valueRequired":true,"valueName":"search_term_string"}}],"inLanguage":"fr-FR"},{"@type":"Organization","@id":"https:\/\/www.allinclusivehotels.it\/fr#organization","name":"All Inclusive Hotels","url":"https:\/\/www.allinclusivehotels.it\/fr","logo":{"@type":"ImageObject","inLanguage":"fr-FR","@id":"https:\/\/www.allinclusivehotels.it\/fr#\/schema\/logo\/image\/","url":"","contentUrl":"","caption":"All Inclusive Hotels"},"image":{"@id":"https:\/\/www.allinclusivehotels.it\/fr#\/schema\/logo\/image\/"}}]}},"_links":{"self":[{"href":"https:\/\/www.allinclusivehotels.it\/fr\/wp-json\/wp\/v2\/pages\/43742","targetHints":{"allow":["GET"]}}],"collection":[{"href":"https:\/\/www.allinclusivehotels.it\/fr\/wp-json\/wp\/v2\/pages"}],"about":[{"href":"https:\/\/www.allinclusivehotels.it\/fr\/wp-json\/wp\/v2\/types\/page"}],"author":[{"embeddable":true,"href":"https:\/\/www.allinclusivehotels.it\/fr\/wp-json\/wp\/v2\/users\/1"}],"replies":[{"embeddable":true,"href":"https:\/\/www.allinclusivehotels.it\/fr\/wp-json\/wp\/v2\/comments?post=43742"}],"version-history":[{"count":2,"href":"https:\/\/www.allinclusivehotels.it\/fr\/wp-json\/wp\/v2\/pages\/43742\/revisions"}],"predecessor-version":[{"id":45242,"href":"https:\/\/www.allinclusivehotels.it\/fr\/wp-json\/wp\/v2\/pages\/43742\/revisions\/45242"}],"up":[{"embeddable":true,"href":"https:\/\/www.allinclusivehotels.it\/fr\/wp-json\/wp\/v2\/pages\/8241"}],"wp:attachment":[{"href":"https:\/\/www.allinclusivehotels.it\/fr\/wp-json\/wp\/v2\/media?parent=43742"}],"curies":[{"name":"wp","href":"https:\/\/api.w.org\/{rel}","templated":true}]}}