{"id":42461,"date":"2025-02-14T10:39:22","date_gmt":"2025-02-14T09:39:22","guid":{"rendered":"https:\/\/www.allinclusivehotels.it\/hotels\/club-family-hotel-best-family"},"modified":"2025-03-18T14:34:11","modified_gmt":"2025-03-18T13:34:11","slug":"club-family-hotel-best-family","status":"publish","type":"page","link":"https:\/\/www.allinclusivehotels.it\/fr\/hotels\/club-family-hotel-best-family","title":{"rendered":"Club Family Hotel Best Family"},"content":{"rendered":"\n<p><b>Le Club Family Hotel Best Family Riccione <\/b>se trouve <b>tout pr\u00e8s du centre et de la plage<\/b>. Ici, chaque moment de la journ\u00e9e est imagin\u00e9 pour le plaisir et la d\u00e9tente de toute la famille. La formule All Inclusive inclut un <b>buffet riche<\/b> servi avec des plats de viande et de poisson, un <b>coin barbecue<\/b> toujours op\u00e9rationnel, <b>des g\u00e2teaux<\/b>, <b>un go\u00fbter et des ap\u00e9ritifs<\/b>, avec un <b>open bar <\/b>pour une pause rafra\u00eechissante \u00e0 tout moment.<\/p>\n\n\n\n<!--more-->\n\n\n\n<p>L&#039;h\u00f4tel offre \u00e9galement un <b>acc\u00e8s pratique \u00e0 la plage<\/b>, o\u00f9 vous aurez \u00e0 disposition un <b>parasol avec 2 transats<\/b>, pour vous d\u00e9tendre au soleil. <b>Pour les plus petits, de nombreux services sont disponibles<\/b>, comme le coin \u2018bouillies\u2019 am\u00e9nag\u00e9, la <b>Nanny School<\/b> pour les enfants d\u2019un \u00e2ge compris entre 8 mois et 3 ans et <b>des v\u00e9los avec des si\u00e8ges-enfants<\/b>. Les adolescents et les adultes peuvent s\u2019amuser dans la <b>piscine panoramique<\/b> au quatri\u00e8me \u00e9tage, avec une <b>vue splendide <\/b>sur Riccione, tandis que <b>l&#039;animation<\/b> concerne pendant toute la journ\u00e9e les Mini, Junior et Teen Clubs, <b>des spectacles en soir\u00e9e et des jeux<\/b> pour les grands et les petits.<\/p>\n\n\n\n<p>De plus, pour rendre votre s\u00e9jour encore plus confortable, l\u2019h\u00f4tel propose un <b>garage<\/b> couvert avec une place de parking garantie \u00e0 proximit\u00e9 de l\u2019\u00e9tablissement. Les s\u00e9jours d\u2019au moins 6 nuits comprennent \u00e9galement <b>l&#039;entr\u00e9e gratuite \u00e0 Mirabilandia, Mirabeach et au Beach Village de Riccione.<\/b><\/p>\n","protected":false},"excerpt":{"rendered":"<p>Le Club Family Hotel Best Family Riccione se trouve tout pr\u00e8s du centre et de &hellip;<\/p>\n","protected":false},"author":1,"featured_media":0,"parent":8241,"menu_order":0,"comment_status":"closed","ping_status":"closed","template":"page-templates\/scheda_hotel.php","meta":{"_acf_changed":false,"footnotes":""},"class_list":["post-42461","page","type-page","status-publish","hentry"],"acf":[],"yoast_head":"<!-- This site is optimized with the Yoast SEO plugin v27.0 - https:\/\/yoast.com\/product\/yoast-seo-wordpress\/ -->\n<title>Club Family Hotel Best Family - All Inclusive Hotels<\/title>\n<meta name=\"robots\" content=\"index, follow, max-snippet:-1, max-image-preview:large, max-video-preview:-1\" \/>\n<link rel=\"canonical\" href=\"https:\/\/www.allinclusivehotels.it\/fr\/hotels\/club-family-hotel-best-family\" \/>\n<meta property=\"og:locale\" content=\"fr_FR\" \/>\n<meta property=\"og:type\" content=\"article\" \/>\n<meta property=\"og:title\" content=\"Club Family Hotel Best Family - All Inclusive Hotels\" \/>\n<meta property=\"og:description\" content=\"Le Club Family Hotel Best Family Riccione se trouve tout pr\u00e8s du centre et de &hellip;\" \/>\n<meta property=\"og:url\" content=\"https:\/\/www.allinclusivehotels.it\/fr\/hotels\/club-family-hotel-best-family\" \/>\n<meta property=\"og:site_name\" content=\"All Inclusive Hotels\" \/>\n<meta property=\"article:modified_time\" content=\"2025-03-18T13:34:11+00:00\" \/>\n<meta name=\"twitter:card\" content=\"summary_large_image\" \/>\n<meta name=\"twitter:label1\" content=\"Dur\u00e9e de lecture estim\u00e9e\" \/>\n\t<meta name=\"twitter:data1\" content=\"1 minute\" \/>\n<script type=\"application\/ld+json\" class=\"yoast-schema-graph\">{\"@context\":\"https:\/\/schema.org\",\"@graph\":[{\"@type\":\"WebPage\",\"@id\":\"https:\/\/www.allinclusivehotels.it\/fr\/hotels\/club-family-hotel-best-family\",\"url\":\"https:\/\/www.allinclusivehotels.it\/fr\/hotels\/club-family-hotel-best-family\",\"name\":\"Club Family Hotel Best Family - All Inclusive Hotels\",\"isPartOf\":{\"@id\":\"https:\/\/www.allinclusivehotels.it\/fr#website\"},\"datePublished\":\"2025-02-14T09:39:22+00:00\",\"dateModified\":\"2025-03-18T13:34:11+00:00\",\"breadcrumb\":{\"@id\":\"https:\/\/www.allinclusivehotels.it\/fr\/hotels\/club-family-hotel-best-family#breadcrumb\"},\"inLanguage\":\"fr-FR\",\"potentialAction\":[{\"@type\":\"ReadAction\",\"target\":[\"https:\/\/www.allinclusivehotels.it\/fr\/hotels\/club-family-hotel-best-family\"]}]},{\"@type\":\"BreadcrumbList\",\"@id\":\"https:\/\/www.allinclusivehotels.it\/fr\/hotels\/club-family-hotel-best-family#breadcrumb\",\"itemListElement\":[{\"@type\":\"ListItem\",\"position\":1,\"name\":\"Home\",\"item\":\"https:\/\/www.allinclusivehotels.it\/fr\"},{\"@type\":\"ListItem\",\"position\":2,\"name\":\"H\u00f4tels\",\"item\":\"https:\/\/www.allinclusivehotels.it\/fr\/hotels\"},{\"@type\":\"ListItem\",\"position\":3,\"name\":\"Club Family Hotel Best Family\"}]},{\"@type\":\"WebSite\",\"@id\":\"https:\/\/www.allinclusivehotels.it\/fr#website\",\"url\":\"https:\/\/www.allinclusivehotels.it\/fr\",\"name\":\"All Inclusive Hotels\",\"description\":\"\",\"publisher\":{\"@id\":\"https:\/\/www.allinclusivehotels.it\/fr#organization\"},\"potentialAction\":[{\"@type\":\"SearchAction\",\"target\":{\"@type\":\"EntryPoint\",\"urlTemplate\":\"https:\/\/www.allinclusivehotels.it\/fr?s={search_term_string}\"},\"query-input\":{\"@type\":\"PropertyValueSpecification\",\"valueRequired\":true,\"valueName\":\"search_term_string\"}}],\"inLanguage\":\"fr-FR\"},{\"@type\":\"Organization\",\"@id\":\"https:\/\/www.allinclusivehotels.it\/fr#organization\",\"name\":\"All Inclusive Hotels\",\"url\":\"https:\/\/www.allinclusivehotels.it\/fr\",\"logo\":{\"@type\":\"ImageObject\",\"inLanguage\":\"fr-FR\",\"@id\":\"https:\/\/www.allinclusivehotels.it\/fr#\/schema\/logo\/image\/\",\"url\":\"\",\"contentUrl\":\"\",\"caption\":\"All Inclusive Hotels\"},\"image\":{\"@id\":\"https:\/\/www.allinclusivehotels.it\/fr#\/schema\/logo\/image\/\"}}]}<\/script>\n<!-- \/ Yoast SEO plugin. -->","yoast_head_json":{"title":"Club Family Hotel Best Family - All Inclusive Hotels","robots":{"index":"index","follow":"follow","max-snippet":"max-snippet:-1","max-image-preview":"max-image-preview:large","max-video-preview":"max-video-preview:-1"},"canonical":"https:\/\/www.allinclusivehotels.it\/fr\/hotels\/club-family-hotel-best-family","og_locale":"fr_FR","og_type":"article","og_title":"Club Family Hotel Best Family - All Inclusive Hotels","og_description":"Le Club Family Hotel Best Family Riccione se trouve tout pr\u00e8s du centre et de &hellip;","og_url":"https:\/\/www.allinclusivehotels.it\/fr\/hotels\/club-family-hotel-best-family","og_site_name":"All Inclusive Hotels","article_modified_time":"2025-03-18T13:34:11+00:00","twitter_card":"summary_large_image","twitter_misc":{"Dur\u00e9e de lecture estim\u00e9e":"1 minute"},"schema":{"@context":"https:\/\/schema.org","@graph":[{"@type":"WebPage","@id":"https:\/\/www.allinclusivehotels.it\/fr\/hotels\/club-family-hotel-best-family","url":"https:\/\/www.allinclusivehotels.it\/fr\/hotels\/club-family-hotel-best-family","name":"Club Family Hotel Best Family - All Inclusive Hotels","isPartOf":{"@id":"https:\/\/www.allinclusivehotels.it\/fr#website"},"datePublished":"2025-02-14T09:39:22+00:00","dateModified":"2025-03-18T13:34:11+00:00","breadcrumb":{"@id":"https:\/\/www.allinclusivehotels.it\/fr\/hotels\/club-family-hotel-best-family#breadcrumb"},"inLanguage":"fr-FR","potentialAction":[{"@type":"ReadAction","target":["https:\/\/www.allinclusivehotels.it\/fr\/hotels\/club-family-hotel-best-family"]}]},{"@type":"BreadcrumbList","@id":"https:\/\/www.allinclusivehotels.it\/fr\/hotels\/club-family-hotel-best-family#breadcrumb","itemListElement":[{"@type":"ListItem","position":1,"name":"Home","item":"https:\/\/www.allinclusivehotels.it\/fr"},{"@type":"ListItem","position":2,"name":"H\u00f4tels","item":"https:\/\/www.allinclusivehotels.it\/fr\/hotels"},{"@type":"ListItem","position":3,"name":"Club Family Hotel Best Family"}]},{"@type":"WebSite","@id":"https:\/\/www.allinclusivehotels.it\/fr#website","url":"https:\/\/www.allinclusivehotels.it\/fr","name":"All Inclusive Hotels","description":"","publisher":{"@id":"https:\/\/www.allinclusivehotels.it\/fr#organization"},"potentialAction":[{"@type":"SearchAction","target":{"@type":"EntryPoint","urlTemplate":"https:\/\/www.allinclusivehotels.it\/fr?s={search_term_string}"},"query-input":{"@type":"PropertyValueSpecification","valueRequired":true,"valueName":"search_term_string"}}],"inLanguage":"fr-FR"},{"@type":"Organization","@id":"https:\/\/www.allinclusivehotels.it\/fr#organization","name":"All Inclusive Hotels","url":"https:\/\/www.allinclusivehotels.it\/fr","logo":{"@type":"ImageObject","inLanguage":"fr-FR","@id":"https:\/\/www.allinclusivehotels.it\/fr#\/schema\/logo\/image\/","url":"","contentUrl":"","caption":"All Inclusive Hotels"},"image":{"@id":"https:\/\/www.allinclusivehotels.it\/fr#\/schema\/logo\/image\/"}}]}},"_links":{"self":[{"href":"https:\/\/www.allinclusivehotels.it\/fr\/wp-json\/wp\/v2\/pages\/42461","targetHints":{"allow":["GET"]}}],"collection":[{"href":"https:\/\/www.allinclusivehotels.it\/fr\/wp-json\/wp\/v2\/pages"}],"about":[{"href":"https:\/\/www.allinclusivehotels.it\/fr\/wp-json\/wp\/v2\/types\/page"}],"author":[{"embeddable":true,"href":"https:\/\/www.allinclusivehotels.it\/fr\/wp-json\/wp\/v2\/users\/1"}],"replies":[{"embeddable":true,"href":"https:\/\/www.allinclusivehotels.it\/fr\/wp-json\/wp\/v2\/comments?post=42461"}],"version-history":[{"count":2,"href":"https:\/\/www.allinclusivehotels.it\/fr\/wp-json\/wp\/v2\/pages\/42461\/revisions"}],"predecessor-version":[{"id":44157,"href":"https:\/\/www.allinclusivehotels.it\/fr\/wp-json\/wp\/v2\/pages\/42461\/revisions\/44157"}],"up":[{"embeddable":true,"href":"https:\/\/www.allinclusivehotels.it\/fr\/wp-json\/wp\/v2\/pages\/8241"}],"wp:attachment":[{"href":"https:\/\/www.allinclusivehotels.it\/fr\/wp-json\/wp\/v2\/media?parent=42461"}],"curies":[{"name":"wp","href":"https:\/\/api.w.org\/{rel}","templated":true}]}}