{"id":42454,"date":"2025-02-14T10:37:45","date_gmt":"2025-02-14T09:37:45","guid":{"rendered":"https:\/\/www.allinclusivehotels.it\/hotels\/club-family-hotel-michelangelo"},"modified":"2025-04-11T12:52:00","modified_gmt":"2025-04-11T10:52:00","slug":"club-family-hotel-michelangelo","status":"publish","type":"page","link":"https:\/\/www.allinclusivehotels.it\/fr\/hotels\/club-family-hotel-michelangelo","title":{"rendered":"Club Family Hotel Michelangelo"},"content":{"rendered":"\n<p>\u00c0 quelques pas du <b>centre de Milano Marittima<\/b> et \u00e0 seulement <b>2 minutes \u00e0 pied de la plage<\/b> \u00ab\u00a0Pino Beach\u00a0\u00bb, le Club Family Hotel Michelangelo est id\u00e9al pour les familles en qu\u00eate de d\u00e9tente et de plaisir ! Il est entour\u00e9 d\u2019un grand jardin et offre des <b>espaces s\u00fbrs et ludiques<\/b> parfaits pour les plus petits qui s\u2019amusent \u00e0 la \u00ab\u00a0Nanny School\u00a0\u00bb avec les <b>nounous expertes<\/b>, et pour les <b>plus grands qui peuvent jouer dans <\/b>l\u2019<b>aire playground, bien visible de la piscine<\/b>.<\/p>\n\n\n\n<!--more-->\n\n\n\n<p>Dans le <b>jardin<\/b>, la <b>piscine chauff\u00e9e<\/b> avec <b>toboggan aquatique<\/b> adapt\u00e9 aux enfants de moins de 10 ans, offre des moments fantastiques de divertissement. Pour les plus petits de moins de 3 ans, vous trouverez le <b>Baby Splash Park <\/b>avec des <b>fontaines d\u2019eau <\/b>interactives et des espaces ombrag\u00e9s, o\u00f9 vous pouvez vous d\u00e9tendre tout en surveillant vos enfants qui jouent.<\/p>\n\n\n\n<p>Avec la <b>formule Club Family All Inclusive<\/b> les clients ont \u00e0 leur disposition tout au long de la journ\u00e9e des boissons sans alcool, de la bi\u00e8re, des en-cas sucr\u00e9s et sal\u00e9s, un <b>open bar <\/b>avec caf\u00e9t\u00e9ria et des go\u00fbters. L\u2019h\u00f4tel propose une cuisine gastronomique avec buffet et <b>show culinaire<\/b>. Sur la <b>plage<\/b>, un open bar est \u00e9galement pr\u00e9vu pour la consommation de<b> boissons sans alcool illimit\u00e9es.<\/b><\/p>\n","protected":false},"excerpt":{"rendered":"<p>\u00c0 quelques pas du centre de Milano Marittima et \u00e0 seulement 2 minutes \u00e0 pied &hellip;<\/p>\n","protected":false},"author":1,"featured_media":0,"parent":8241,"menu_order":0,"comment_status":"closed","ping_status":"closed","template":"page-templates\/scheda_hotel.php","meta":{"_acf_changed":false,"footnotes":""},"class_list":["post-42454","page","type-page","status-publish","hentry"],"acf":[],"yoast_head":"<!-- This site is optimized with the Yoast SEO plugin v27.0 - https:\/\/yoast.com\/product\/yoast-seo-wordpress\/ -->\n<title>Club Family Hotel Michelangelo - All Inclusive Hotels<\/title>\n<meta name=\"description\" content=\"Club Family Hotel Michelangelo, un v\u00e9ritable All Inclusive au centre de Milano Marittima. Open bar \u00e0 l&#039;h\u00f4tel et boissons sans alcool illimit\u00e9es sur la plage.\" \/>\n<meta name=\"robots\" content=\"index, follow, max-snippet:-1, max-image-preview:large, max-video-preview:-1\" \/>\n<link rel=\"canonical\" href=\"https:\/\/www.allinclusivehotels.it\/fr\/hotels\/club-family-hotel-michelangelo\" \/>\n<meta property=\"og:locale\" content=\"fr_FR\" \/>\n<meta property=\"og:type\" content=\"article\" \/>\n<meta property=\"og:title\" content=\"Club Family Hotel Michelangelo - All Inclusive Hotels\" \/>\n<meta property=\"og:description\" content=\"Club Family Hotel Michelangelo, un v\u00e9ritable All Inclusive au centre de Milano Marittima. Open bar \u00e0 l&#039;h\u00f4tel et boissons sans alcool illimit\u00e9es sur la plage.\" \/>\n<meta property=\"og:url\" content=\"https:\/\/www.allinclusivehotels.it\/fr\/hotels\/club-family-hotel-michelangelo\" \/>\n<meta property=\"og:site_name\" content=\"All Inclusive Hotels\" \/>\n<meta property=\"article:modified_time\" content=\"2025-04-11T10:52:00+00:00\" \/>\n<meta name=\"twitter:card\" content=\"summary_large_image\" \/>\n<meta name=\"twitter:label1\" content=\"Dur\u00e9e de lecture estim\u00e9e\" \/>\n\t<meta name=\"twitter:data1\" content=\"1 minute\" \/>\n<script type=\"application\/ld+json\" class=\"yoast-schema-graph\">{\"@context\":\"https:\/\/schema.org\",\"@graph\":[{\"@type\":\"WebPage\",\"@id\":\"https:\/\/www.allinclusivehotels.it\/fr\/hotels\/club-family-hotel-michelangelo\",\"url\":\"https:\/\/www.allinclusivehotels.it\/fr\/hotels\/club-family-hotel-michelangelo\",\"name\":\"Club Family Hotel Michelangelo - All Inclusive Hotels\",\"isPartOf\":{\"@id\":\"https:\/\/www.allinclusivehotels.it\/fr#website\"},\"datePublished\":\"2025-02-14T09:37:45+00:00\",\"dateModified\":\"2025-04-11T10:52:00+00:00\",\"description\":\"Club Family Hotel Michelangelo, un v\u00e9ritable All Inclusive au centre de Milano Marittima. Open bar \u00e0 l'h\u00f4tel et boissons sans alcool illimit\u00e9es sur la plage.\",\"breadcrumb\":{\"@id\":\"https:\/\/www.allinclusivehotels.it\/fr\/hotels\/club-family-hotel-michelangelo#breadcrumb\"},\"inLanguage\":\"fr-FR\",\"potentialAction\":[{\"@type\":\"ReadAction\",\"target\":[\"https:\/\/www.allinclusivehotels.it\/fr\/hotels\/club-family-hotel-michelangelo\"]}]},{\"@type\":\"BreadcrumbList\",\"@id\":\"https:\/\/www.allinclusivehotels.it\/fr\/hotels\/club-family-hotel-michelangelo#breadcrumb\",\"itemListElement\":[{\"@type\":\"ListItem\",\"position\":1,\"name\":\"Home\",\"item\":\"https:\/\/www.allinclusivehotels.it\/fr\"},{\"@type\":\"ListItem\",\"position\":2,\"name\":\"H\u00f4tels\",\"item\":\"https:\/\/www.allinclusivehotels.it\/fr\/hotels\"},{\"@type\":\"ListItem\",\"position\":3,\"name\":\"Club Family Hotel Michelangelo\"}]},{\"@type\":\"WebSite\",\"@id\":\"https:\/\/www.allinclusivehotels.it\/fr#website\",\"url\":\"https:\/\/www.allinclusivehotels.it\/fr\",\"name\":\"All Inclusive Hotels\",\"description\":\"\",\"publisher\":{\"@id\":\"https:\/\/www.allinclusivehotels.it\/fr#organization\"},\"potentialAction\":[{\"@type\":\"SearchAction\",\"target\":{\"@type\":\"EntryPoint\",\"urlTemplate\":\"https:\/\/www.allinclusivehotels.it\/fr?s={search_term_string}\"},\"query-input\":{\"@type\":\"PropertyValueSpecification\",\"valueRequired\":true,\"valueName\":\"search_term_string\"}}],\"inLanguage\":\"fr-FR\"},{\"@type\":\"Organization\",\"@id\":\"https:\/\/www.allinclusivehotels.it\/fr#organization\",\"name\":\"All Inclusive Hotels\",\"url\":\"https:\/\/www.allinclusivehotels.it\/fr\",\"logo\":{\"@type\":\"ImageObject\",\"inLanguage\":\"fr-FR\",\"@id\":\"https:\/\/www.allinclusivehotels.it\/fr#\/schema\/logo\/image\/\",\"url\":\"\",\"contentUrl\":\"\",\"caption\":\"All Inclusive Hotels\"},\"image\":{\"@id\":\"https:\/\/www.allinclusivehotels.it\/fr#\/schema\/logo\/image\/\"}}]}<\/script>\n<!-- \/ Yoast SEO plugin. -->","yoast_head_json":{"title":"Club Family Hotel Michelangelo - All Inclusive Hotels","description":"Club Family Hotel Michelangelo, un v\u00e9ritable All Inclusive au centre de Milano Marittima. Open bar \u00e0 l'h\u00f4tel et boissons sans alcool illimit\u00e9es sur la plage.","robots":{"index":"index","follow":"follow","max-snippet":"max-snippet:-1","max-image-preview":"max-image-preview:large","max-video-preview":"max-video-preview:-1"},"canonical":"https:\/\/www.allinclusivehotels.it\/fr\/hotels\/club-family-hotel-michelangelo","og_locale":"fr_FR","og_type":"article","og_title":"Club Family Hotel Michelangelo - All Inclusive Hotels","og_description":"Club Family Hotel Michelangelo, un v\u00e9ritable All Inclusive au centre de Milano Marittima. Open bar \u00e0 l'h\u00f4tel et boissons sans alcool illimit\u00e9es sur la plage.","og_url":"https:\/\/www.allinclusivehotels.it\/fr\/hotels\/club-family-hotel-michelangelo","og_site_name":"All Inclusive Hotels","article_modified_time":"2025-04-11T10:52:00+00:00","twitter_card":"summary_large_image","twitter_misc":{"Dur\u00e9e de lecture estim\u00e9e":"1 minute"},"schema":{"@context":"https:\/\/schema.org","@graph":[{"@type":"WebPage","@id":"https:\/\/www.allinclusivehotels.it\/fr\/hotels\/club-family-hotel-michelangelo","url":"https:\/\/www.allinclusivehotels.it\/fr\/hotels\/club-family-hotel-michelangelo","name":"Club Family Hotel Michelangelo - All Inclusive Hotels","isPartOf":{"@id":"https:\/\/www.allinclusivehotels.it\/fr#website"},"datePublished":"2025-02-14T09:37:45+00:00","dateModified":"2025-04-11T10:52:00+00:00","description":"Club Family Hotel Michelangelo, un v\u00e9ritable All Inclusive au centre de Milano Marittima. Open bar \u00e0 l'h\u00f4tel et boissons sans alcool illimit\u00e9es sur la plage.","breadcrumb":{"@id":"https:\/\/www.allinclusivehotels.it\/fr\/hotels\/club-family-hotel-michelangelo#breadcrumb"},"inLanguage":"fr-FR","potentialAction":[{"@type":"ReadAction","target":["https:\/\/www.allinclusivehotels.it\/fr\/hotels\/club-family-hotel-michelangelo"]}]},{"@type":"BreadcrumbList","@id":"https:\/\/www.allinclusivehotels.it\/fr\/hotels\/club-family-hotel-michelangelo#breadcrumb","itemListElement":[{"@type":"ListItem","position":1,"name":"Home","item":"https:\/\/www.allinclusivehotels.it\/fr"},{"@type":"ListItem","position":2,"name":"H\u00f4tels","item":"https:\/\/www.allinclusivehotels.it\/fr\/hotels"},{"@type":"ListItem","position":3,"name":"Club Family Hotel Michelangelo"}]},{"@type":"WebSite","@id":"https:\/\/www.allinclusivehotels.it\/fr#website","url":"https:\/\/www.allinclusivehotels.it\/fr","name":"All Inclusive Hotels","description":"","publisher":{"@id":"https:\/\/www.allinclusivehotels.it\/fr#organization"},"potentialAction":[{"@type":"SearchAction","target":{"@type":"EntryPoint","urlTemplate":"https:\/\/www.allinclusivehotels.it\/fr?s={search_term_string}"},"query-input":{"@type":"PropertyValueSpecification","valueRequired":true,"valueName":"search_term_string"}}],"inLanguage":"fr-FR"},{"@type":"Organization","@id":"https:\/\/www.allinclusivehotels.it\/fr#organization","name":"All Inclusive Hotels","url":"https:\/\/www.allinclusivehotels.it\/fr","logo":{"@type":"ImageObject","inLanguage":"fr-FR","@id":"https:\/\/www.allinclusivehotels.it\/fr#\/schema\/logo\/image\/","url":"","contentUrl":"","caption":"All Inclusive Hotels"},"image":{"@id":"https:\/\/www.allinclusivehotels.it\/fr#\/schema\/logo\/image\/"}}]}},"_links":{"self":[{"href":"https:\/\/www.allinclusivehotels.it\/fr\/wp-json\/wp\/v2\/pages\/42454","targetHints":{"allow":["GET"]}}],"collection":[{"href":"https:\/\/www.allinclusivehotels.it\/fr\/wp-json\/wp\/v2\/pages"}],"about":[{"href":"https:\/\/www.allinclusivehotels.it\/fr\/wp-json\/wp\/v2\/types\/page"}],"author":[{"embeddable":true,"href":"https:\/\/www.allinclusivehotels.it\/fr\/wp-json\/wp\/v2\/users\/1"}],"replies":[{"embeddable":true,"href":"https:\/\/www.allinclusivehotels.it\/fr\/wp-json\/wp\/v2\/comments?post=42454"}],"version-history":[{"count":2,"href":"https:\/\/www.allinclusivehotels.it\/fr\/wp-json\/wp\/v2\/pages\/42454\/revisions"}],"predecessor-version":[{"id":44902,"href":"https:\/\/www.allinclusivehotels.it\/fr\/wp-json\/wp\/v2\/pages\/42454\/revisions\/44902"}],"up":[{"embeddable":true,"href":"https:\/\/www.allinclusivehotels.it\/fr\/wp-json\/wp\/v2\/pages\/8241"}],"wp:attachment":[{"href":"https:\/\/www.allinclusivehotels.it\/fr\/wp-json\/wp\/v2\/media?parent=42454"}],"curies":[{"name":"wp","href":"https:\/\/api.w.org\/{rel}","templated":true}]}}