{"id":42440,"date":"2025-02-14T10:32:47","date_gmt":"2025-02-14T09:32:47","guid":{"rendered":"https:\/\/www.allinclusivehotels.it\/hotels\/hotel-abners"},"modified":"2025-10-23T10:13:32","modified_gmt":"2025-10-23T08:13:32","slug":"hotel-abners","status":"publish","type":"page","link":"https:\/\/www.allinclusivehotels.it\/fr\/hotels\/hotel-abners","title":{"rendered":"H\u00f4tel Abner&#8217;s"},"content":{"rendered":"\n<p>L\u2019<b>Hotel Abner\u2019s<\/b> de<b> Riccione<\/b>,<b> <\/b>situ\u00e9 sur la <b>mer Adriatique<\/b> et tout pr\u00e8s de <b>Viale Ceccarini<\/b>, offre une exp\u00e9rience unique, con\u00e7ue pour satisfaire tous les d\u00e9sirs.<\/p>\n\n\n\n<p>Les chambres et les suites, finement meubl\u00e9es et dot\u00e9es de tout confort moderne, avec une <b>vue incroyable sur la mer<\/b>, sont un v\u00e9ritable coin de d\u00e9tente id\u00e9al pour se ressourcer ou profiter de la tranquillit\u00e9 du paysage.<\/p>\n\n\n\n<!--more-->\n\n\n\n<p>Chaque matin, un <b>petit d\u00e9jeuner gastronomique<\/b> pr\u00e9par\u00e9 avec des ingr\u00e9dients frais et de qualit\u00e9, vous attend afin de bien commencer la journ\u00e9e. Le restaurant, avec son menu qui m\u00e9lange la tradition et l\u2019innovation, vous emm\u00e8ne dans un voyage gastronomique parmi les plats de la cuisine italienne et internationale, avec des <b>produits frais \u00e0 z\u00e9ro km <\/b>et de d\u00e9licieux <b>g\u00e2teaux maison<\/b>, accompagn\u00e9s d\u2019une <b>s\u00e9lection de vins <\/b>de qualit\u00e9 conseill\u00e9s par le Ma\u00eetre.<\/p>\n\n\n\n<p>A l&#039;Hotel Abner\u2019s, la d\u00e9tente est au centre de l\u2019exp\u00e9rience. D\u00e9tendez-vous dans la <b>piscine panoramique<\/b> ou laissez-vous dorloter par des soins exclusifs dans l\u2019<b>espace bien-\u00eatre<\/b>. Pour les familles, l&#039;h\u00f4tel offre \u00e9galement un <b>Baby Club<\/b> d\u00e9di\u00e9, tandis que les adultes peuvent profiter de soir\u00e9es de <b>shows culinaires<\/b>, <b>d\u00e9gustations <\/b>et <b>musique live<\/b>.<\/p>\n","protected":false},"excerpt":{"rendered":"<p>L\u2019Hotel Abner\u2019s de Riccione, situ\u00e9 sur la mer Adriatique et tout pr\u00e8s de Viale Ceccarini, &hellip;<\/p>\n","protected":false},"author":1,"featured_media":0,"parent":8241,"menu_order":0,"comment_status":"closed","ping_status":"closed","template":"page-templates\/scheda_hotel.php","meta":{"_acf_changed":false,"footnotes":""},"class_list":["post-42440","page","type-page","status-publish","hentry"],"acf":[],"yoast_head":"<!-- This site is optimized with the Yoast SEO plugin v27.0 - https:\/\/yoast.com\/product\/yoast-seo-wordpress\/ -->\n<title>??H\u00f4tel Abner&#039;s Riccione - H\u00f4tel All Inclusive avec suites vue sur la mer<\/title>\n<meta name=\"description\" content=\"H\u00f4tel 4 \u00e9toiles All Inclusive avec piscine panoramique, animation pour enfants, show culinaire, d\u00e9gustations et musique live.\" \/>\n<meta name=\"robots\" content=\"index, follow, max-snippet:-1, max-image-preview:large, max-video-preview:-1\" \/>\n<link rel=\"canonical\" href=\"https:\/\/www.allinclusivehotels.it\/fr\/hotels\/hotel-abners\" \/>\n<meta property=\"og:locale\" content=\"fr_FR\" \/>\n<meta property=\"og:type\" content=\"article\" \/>\n<meta property=\"og:title\" content=\"??H\u00f4tel Abner&#039;s Riccione - H\u00f4tel All Inclusive avec suites vue sur la mer\" \/>\n<meta property=\"og:description\" content=\"H\u00f4tel 4 \u00e9toiles All Inclusive avec piscine panoramique, animation pour enfants, show culinaire, d\u00e9gustations et musique live.\" \/>\n<meta property=\"og:url\" content=\"https:\/\/www.allinclusivehotels.it\/fr\/hotels\/hotel-abners\" \/>\n<meta property=\"og:site_name\" content=\"All Inclusive Hotels\" \/>\n<meta property=\"article:modified_time\" content=\"2025-10-23T08:13:32+00:00\" \/>\n<meta name=\"twitter:card\" content=\"summary_large_image\" \/>\n<meta name=\"twitter:label1\" content=\"Dur\u00e9e de lecture estim\u00e9e\" \/>\n\t<meta name=\"twitter:data1\" content=\"1 minute\" \/>\n<script type=\"application\/ld+json\" class=\"yoast-schema-graph\">{\"@context\":\"https:\/\/schema.org\",\"@graph\":[{\"@type\":\"WebPage\",\"@id\":\"https:\/\/www.allinclusivehotels.it\/fr\/hotels\/hotel-abners\",\"url\":\"https:\/\/www.allinclusivehotels.it\/fr\/hotels\/hotel-abners\",\"name\":\"??H\u00f4tel Abner's Riccione - H\u00f4tel All Inclusive avec suites vue sur la mer\",\"isPartOf\":{\"@id\":\"https:\/\/www.allinclusivehotels.it\/fr#website\"},\"datePublished\":\"2025-02-14T09:32:47+00:00\",\"dateModified\":\"2025-10-23T08:13:32+00:00\",\"description\":\"H\u00f4tel 4 \u00e9toiles All Inclusive avec piscine panoramique, animation pour enfants, show culinaire, d\u00e9gustations et musique live.\",\"breadcrumb\":{\"@id\":\"https:\/\/www.allinclusivehotels.it\/fr\/hotels\/hotel-abners#breadcrumb\"},\"inLanguage\":\"fr-FR\",\"potentialAction\":[{\"@type\":\"ReadAction\",\"target\":[\"https:\/\/www.allinclusivehotels.it\/fr\/hotels\/hotel-abners\"]}]},{\"@type\":\"BreadcrumbList\",\"@id\":\"https:\/\/www.allinclusivehotels.it\/fr\/hotels\/hotel-abners#breadcrumb\",\"itemListElement\":[{\"@type\":\"ListItem\",\"position\":1,\"name\":\"Home\",\"item\":\"https:\/\/www.allinclusivehotels.it\/fr\"},{\"@type\":\"ListItem\",\"position\":2,\"name\":\"H\u00f4tels\",\"item\":\"https:\/\/www.allinclusivehotels.it\/fr\/hotels\"},{\"@type\":\"ListItem\",\"position\":3,\"name\":\"H\u00f4tel Abner&#8217;s\"}]},{\"@type\":\"WebSite\",\"@id\":\"https:\/\/www.allinclusivehotels.it\/fr#website\",\"url\":\"https:\/\/www.allinclusivehotels.it\/fr\",\"name\":\"All Inclusive Hotels\",\"description\":\"\",\"publisher\":{\"@id\":\"https:\/\/www.allinclusivehotels.it\/fr#organization\"},\"potentialAction\":[{\"@type\":\"SearchAction\",\"target\":{\"@type\":\"EntryPoint\",\"urlTemplate\":\"https:\/\/www.allinclusivehotels.it\/fr?s={search_term_string}\"},\"query-input\":{\"@type\":\"PropertyValueSpecification\",\"valueRequired\":true,\"valueName\":\"search_term_string\"}}],\"inLanguage\":\"fr-FR\"},{\"@type\":\"Organization\",\"@id\":\"https:\/\/www.allinclusivehotels.it\/fr#organization\",\"name\":\"All Inclusive Hotels\",\"url\":\"https:\/\/www.allinclusivehotels.it\/fr\",\"logo\":{\"@type\":\"ImageObject\",\"inLanguage\":\"fr-FR\",\"@id\":\"https:\/\/www.allinclusivehotels.it\/fr#\/schema\/logo\/image\/\",\"url\":\"\",\"contentUrl\":\"\",\"caption\":\"All Inclusive Hotels\"},\"image\":{\"@id\":\"https:\/\/www.allinclusivehotels.it\/fr#\/schema\/logo\/image\/\"}}]}<\/script>\n<!-- \/ Yoast SEO plugin. -->","yoast_head_json":{"title":"??H\u00f4tel Abner's Riccione - H\u00f4tel All Inclusive avec suites vue sur la mer","description":"H\u00f4tel 4 \u00e9toiles All Inclusive avec piscine panoramique, animation pour enfants, show culinaire, d\u00e9gustations et musique live.","robots":{"index":"index","follow":"follow","max-snippet":"max-snippet:-1","max-image-preview":"max-image-preview:large","max-video-preview":"max-video-preview:-1"},"canonical":"https:\/\/www.allinclusivehotels.it\/fr\/hotels\/hotel-abners","og_locale":"fr_FR","og_type":"article","og_title":"??H\u00f4tel Abner's Riccione - H\u00f4tel All Inclusive avec suites vue sur la mer","og_description":"H\u00f4tel 4 \u00e9toiles All Inclusive avec piscine panoramique, animation pour enfants, show culinaire, d\u00e9gustations et musique live.","og_url":"https:\/\/www.allinclusivehotels.it\/fr\/hotels\/hotel-abners","og_site_name":"All Inclusive Hotels","article_modified_time":"2025-10-23T08:13:32+00:00","twitter_card":"summary_large_image","twitter_misc":{"Dur\u00e9e de lecture estim\u00e9e":"1 minute"},"schema":{"@context":"https:\/\/schema.org","@graph":[{"@type":"WebPage","@id":"https:\/\/www.allinclusivehotels.it\/fr\/hotels\/hotel-abners","url":"https:\/\/www.allinclusivehotels.it\/fr\/hotels\/hotel-abners","name":"??H\u00f4tel Abner's Riccione - H\u00f4tel All Inclusive avec suites vue sur la mer","isPartOf":{"@id":"https:\/\/www.allinclusivehotels.it\/fr#website"},"datePublished":"2025-02-14T09:32:47+00:00","dateModified":"2025-10-23T08:13:32+00:00","description":"H\u00f4tel 4 \u00e9toiles All Inclusive avec piscine panoramique, animation pour enfants, show culinaire, d\u00e9gustations et musique live.","breadcrumb":{"@id":"https:\/\/www.allinclusivehotels.it\/fr\/hotels\/hotel-abners#breadcrumb"},"inLanguage":"fr-FR","potentialAction":[{"@type":"ReadAction","target":["https:\/\/www.allinclusivehotels.it\/fr\/hotels\/hotel-abners"]}]},{"@type":"BreadcrumbList","@id":"https:\/\/www.allinclusivehotels.it\/fr\/hotels\/hotel-abners#breadcrumb","itemListElement":[{"@type":"ListItem","position":1,"name":"Home","item":"https:\/\/www.allinclusivehotels.it\/fr"},{"@type":"ListItem","position":2,"name":"H\u00f4tels","item":"https:\/\/www.allinclusivehotels.it\/fr\/hotels"},{"@type":"ListItem","position":3,"name":"H\u00f4tel Abner&#8217;s"}]},{"@type":"WebSite","@id":"https:\/\/www.allinclusivehotels.it\/fr#website","url":"https:\/\/www.allinclusivehotels.it\/fr","name":"All Inclusive Hotels","description":"","publisher":{"@id":"https:\/\/www.allinclusivehotels.it\/fr#organization"},"potentialAction":[{"@type":"SearchAction","target":{"@type":"EntryPoint","urlTemplate":"https:\/\/www.allinclusivehotels.it\/fr?s={search_term_string}"},"query-input":{"@type":"PropertyValueSpecification","valueRequired":true,"valueName":"search_term_string"}}],"inLanguage":"fr-FR"},{"@type":"Organization","@id":"https:\/\/www.allinclusivehotels.it\/fr#organization","name":"All Inclusive Hotels","url":"https:\/\/www.allinclusivehotels.it\/fr","logo":{"@type":"ImageObject","inLanguage":"fr-FR","@id":"https:\/\/www.allinclusivehotels.it\/fr#\/schema\/logo\/image\/","url":"","contentUrl":"","caption":"All Inclusive Hotels"},"image":{"@id":"https:\/\/www.allinclusivehotels.it\/fr#\/schema\/logo\/image\/"}}]}},"_links":{"self":[{"href":"https:\/\/www.allinclusivehotels.it\/fr\/wp-json\/wp\/v2\/pages\/42440","targetHints":{"allow":["GET"]}}],"collection":[{"href":"https:\/\/www.allinclusivehotels.it\/fr\/wp-json\/wp\/v2\/pages"}],"about":[{"href":"https:\/\/www.allinclusivehotels.it\/fr\/wp-json\/wp\/v2\/types\/page"}],"author":[{"embeddable":true,"href":"https:\/\/www.allinclusivehotels.it\/fr\/wp-json\/wp\/v2\/users\/1"}],"replies":[{"embeddable":true,"href":"https:\/\/www.allinclusivehotels.it\/fr\/wp-json\/wp\/v2\/comments?post=42440"}],"version-history":[{"count":4,"href":"https:\/\/www.allinclusivehotels.it\/fr\/wp-json\/wp\/v2\/pages\/42440\/revisions"}],"predecessor-version":[{"id":49110,"href":"https:\/\/www.allinclusivehotels.it\/fr\/wp-json\/wp\/v2\/pages\/42440\/revisions\/49110"}],"up":[{"embeddable":true,"href":"https:\/\/www.allinclusivehotels.it\/fr\/wp-json\/wp\/v2\/pages\/8241"}],"wp:attachment":[{"href":"https:\/\/www.allinclusivehotels.it\/fr\/wp-json\/wp\/v2\/media?parent=42440"}],"curies":[{"name":"wp","href":"https:\/\/api.w.org\/{rel}","templated":true}]}}