{"id":42420,"date":"2025-02-11T09:31:58","date_gmt":"2025-02-11T08:31:58","guid":{"rendered":"https:\/\/www.allinclusivehotels.it\/hotels\/club-family-hotel-riccione-village"},"modified":"2025-04-11T12:51:56","modified_gmt":"2025-04-11T10:51:56","slug":"club-family-hotel-riccione-village","status":"publish","type":"page","link":"https:\/\/www.allinclusivehotels.it\/fr\/hotels\/club-family-hotel-riccione-village","title":{"rendered":"Club Family Hotel Riccione Village"},"content":{"rendered":"\n<p>Le <b>Club Family Hotel Village Riccione<\/b> est un grand village pour familles compl\u00e8tement r\u00e9nov\u00e9 <b>au bord de la mer<\/b>, \u00e0 seulement <b>30 m de la plage<\/b> o\u00f9, dans la formule All Inclusive, vous avez droit \u00e0 <b>1 parasol et 2 transats<\/b>.<\/p>\n\n\n\n<!--more-->\n\n\n\n<p>L&#039;h\u00f4tel offre de <b>grands espaces s\u00fbrs<\/b> pour le plaisir des <b>enfants <\/b>et la d\u00e9tente des parents, une <b>piscine chauff\u00e9e <\/b>avec toboggan et l\u2019<b>Espace Splash<\/b>, <b>1 200 m<\/b><b><sup>2<\/b><\/sup><b> de salle de jeux interne<\/b>, des attractions comme les <b>tr\u00e8s grands Gonflables<\/b>, le <b>CFH Racing<\/b> pour des d\u00e9fis amusants sur les petites voitures \u00e9lectriques, l&#039;\u00e9norme <b>Playground <\/b>\u00e0 th\u00e8me, l\u2019<b>espace gaming<\/b> avec PS5 et des jeux vid\u00e9o Arcade.<\/p>\n\n\n\n<p>L\u2019<b>\u00e9quipe d\u2019animation<\/b> propose des <b>activit\u00e9s 7\/7<\/b>, r\u00e9parties entre <b>Mini Club<\/b>, <b>Junior Club<\/b> et <b>Teen Club<\/b>, pour des journ\u00e9es de plaisir sans fin. En outre, vous pouvez confier vos jeunes enfants aux <b>Nounous de la Nanny School<\/b>, disponibles pour offrir une assistance d\u00e9di\u00e9e qui permettra aux parents de profiter de moments de d\u00e9tente.<\/p>\n\n\n\n<p>La formule <b>All Inclusive\u00ae Open Bar H24<\/b> inclut des <b>boissons illimit\u00e9es <\/b>\u00e0 l&#039;h\u00f4tel et sur la plage, un service de plage, du divertissement, une exp\u00e9rience \u00e0 table qui couvre toute la journ\u00e9e, y compris le buffet de bonne nuit, le coin gourmet \u00ab\u00a0l\u2019Angolo del Ghiottone\u00a0\u00bb, les cr\u00e8mes glac\u00e9es et bien plus encore. En outre, <b>2 adolescents de moins de 18 ans <\/b>dans la chambre avec leurs parents <b>s\u00e9journent toujours gratuitement <\/b>!<\/p>\n","protected":false},"excerpt":{"rendered":"<p>Le Club Family Hotel Village Riccione est un grand village pour familles compl\u00e8tement r\u00e9nov\u00e9 au &hellip;<\/p>\n","protected":false},"author":1,"featured_media":0,"parent":8241,"menu_order":0,"comment_status":"closed","ping_status":"closed","template":"page-templates\/scheda_hotel.php","meta":{"_acf_changed":false,"footnotes":""},"class_list":["post-42420","page","type-page","status-publish","hentry"],"acf":[],"yoast_head":"<!-- This site is optimized with the Yoast SEO plugin v27.0 - https:\/\/yoast.com\/product\/yoast-seo-wordpress\/ -->\n<title>Club Family Hotel Riccione Village - All Inclusive Hotels<\/title>\n<meta name=\"robots\" content=\"index, follow, max-snippet:-1, max-image-preview:large, max-video-preview:-1\" \/>\n<link rel=\"canonical\" href=\"https:\/\/www.allinclusivehotels.it\/fr\/hotels\/club-family-hotel-riccione-village\" \/>\n<meta property=\"og:locale\" content=\"fr_FR\" \/>\n<meta property=\"og:type\" content=\"article\" \/>\n<meta property=\"og:title\" content=\"Club Family Hotel Riccione Village - All Inclusive Hotels\" \/>\n<meta property=\"og:description\" content=\"Le Club Family Hotel Village Riccione est un grand village pour familles compl\u00e8tement r\u00e9nov\u00e9 au &hellip;\" \/>\n<meta property=\"og:url\" content=\"https:\/\/www.allinclusivehotels.it\/fr\/hotels\/club-family-hotel-riccione-village\" \/>\n<meta property=\"og:site_name\" content=\"All Inclusive Hotels\" \/>\n<meta property=\"article:modified_time\" content=\"2025-04-11T10:51:56+00:00\" \/>\n<meta name=\"twitter:card\" content=\"summary_large_image\" \/>\n<meta name=\"twitter:label1\" content=\"Dur\u00e9e de lecture estim\u00e9e\" \/>\n\t<meta name=\"twitter:data1\" content=\"1 minute\" \/>\n<script type=\"application\/ld+json\" class=\"yoast-schema-graph\">{\"@context\":\"https:\/\/schema.org\",\"@graph\":[{\"@type\":\"WebPage\",\"@id\":\"https:\/\/www.allinclusivehotels.it\/fr\/hotels\/club-family-hotel-riccione-village\",\"url\":\"https:\/\/www.allinclusivehotels.it\/fr\/hotels\/club-family-hotel-riccione-village\",\"name\":\"Club Family Hotel Riccione Village - All Inclusive Hotels\",\"isPartOf\":{\"@id\":\"https:\/\/www.allinclusivehotels.it\/fr#website\"},\"datePublished\":\"2025-02-11T08:31:58+00:00\",\"dateModified\":\"2025-04-11T10:51:56+00:00\",\"breadcrumb\":{\"@id\":\"https:\/\/www.allinclusivehotels.it\/fr\/hotels\/club-family-hotel-riccione-village#breadcrumb\"},\"inLanguage\":\"fr-FR\",\"potentialAction\":[{\"@type\":\"ReadAction\",\"target\":[\"https:\/\/www.allinclusivehotels.it\/fr\/hotels\/club-family-hotel-riccione-village\"]}]},{\"@type\":\"BreadcrumbList\",\"@id\":\"https:\/\/www.allinclusivehotels.it\/fr\/hotels\/club-family-hotel-riccione-village#breadcrumb\",\"itemListElement\":[{\"@type\":\"ListItem\",\"position\":1,\"name\":\"Home\",\"item\":\"https:\/\/www.allinclusivehotels.it\/fr\"},{\"@type\":\"ListItem\",\"position\":2,\"name\":\"H\u00f4tels\",\"item\":\"https:\/\/www.allinclusivehotels.it\/fr\/hotels\"},{\"@type\":\"ListItem\",\"position\":3,\"name\":\"Club Family Hotel Riccione Village\"}]},{\"@type\":\"WebSite\",\"@id\":\"https:\/\/www.allinclusivehotels.it\/fr#website\",\"url\":\"https:\/\/www.allinclusivehotels.it\/fr\",\"name\":\"All Inclusive Hotels\",\"description\":\"\",\"publisher\":{\"@id\":\"https:\/\/www.allinclusivehotels.it\/fr#organization\"},\"potentialAction\":[{\"@type\":\"SearchAction\",\"target\":{\"@type\":\"EntryPoint\",\"urlTemplate\":\"https:\/\/www.allinclusivehotels.it\/fr?s={search_term_string}\"},\"query-input\":{\"@type\":\"PropertyValueSpecification\",\"valueRequired\":true,\"valueName\":\"search_term_string\"}}],\"inLanguage\":\"fr-FR\"},{\"@type\":\"Organization\",\"@id\":\"https:\/\/www.allinclusivehotels.it\/fr#organization\",\"name\":\"All Inclusive Hotels\",\"url\":\"https:\/\/www.allinclusivehotels.it\/fr\",\"logo\":{\"@type\":\"ImageObject\",\"inLanguage\":\"fr-FR\",\"@id\":\"https:\/\/www.allinclusivehotels.it\/fr#\/schema\/logo\/image\/\",\"url\":\"\",\"contentUrl\":\"\",\"caption\":\"All Inclusive Hotels\"},\"image\":{\"@id\":\"https:\/\/www.allinclusivehotels.it\/fr#\/schema\/logo\/image\/\"}}]}<\/script>\n<!-- \/ Yoast SEO plugin. -->","yoast_head_json":{"title":"Club Family Hotel Riccione Village - All Inclusive Hotels","robots":{"index":"index","follow":"follow","max-snippet":"max-snippet:-1","max-image-preview":"max-image-preview:large","max-video-preview":"max-video-preview:-1"},"canonical":"https:\/\/www.allinclusivehotels.it\/fr\/hotels\/club-family-hotel-riccione-village","og_locale":"fr_FR","og_type":"article","og_title":"Club Family Hotel Riccione Village - All Inclusive Hotels","og_description":"Le Club Family Hotel Village Riccione est un grand village pour familles compl\u00e8tement r\u00e9nov\u00e9 au &hellip;","og_url":"https:\/\/www.allinclusivehotels.it\/fr\/hotels\/club-family-hotel-riccione-village","og_site_name":"All Inclusive Hotels","article_modified_time":"2025-04-11T10:51:56+00:00","twitter_card":"summary_large_image","twitter_misc":{"Dur\u00e9e de lecture estim\u00e9e":"1 minute"},"schema":{"@context":"https:\/\/schema.org","@graph":[{"@type":"WebPage","@id":"https:\/\/www.allinclusivehotels.it\/fr\/hotels\/club-family-hotel-riccione-village","url":"https:\/\/www.allinclusivehotels.it\/fr\/hotels\/club-family-hotel-riccione-village","name":"Club Family Hotel Riccione Village - All Inclusive Hotels","isPartOf":{"@id":"https:\/\/www.allinclusivehotels.it\/fr#website"},"datePublished":"2025-02-11T08:31:58+00:00","dateModified":"2025-04-11T10:51:56+00:00","breadcrumb":{"@id":"https:\/\/www.allinclusivehotels.it\/fr\/hotels\/club-family-hotel-riccione-village#breadcrumb"},"inLanguage":"fr-FR","potentialAction":[{"@type":"ReadAction","target":["https:\/\/www.allinclusivehotels.it\/fr\/hotels\/club-family-hotel-riccione-village"]}]},{"@type":"BreadcrumbList","@id":"https:\/\/www.allinclusivehotels.it\/fr\/hotels\/club-family-hotel-riccione-village#breadcrumb","itemListElement":[{"@type":"ListItem","position":1,"name":"Home","item":"https:\/\/www.allinclusivehotels.it\/fr"},{"@type":"ListItem","position":2,"name":"H\u00f4tels","item":"https:\/\/www.allinclusivehotels.it\/fr\/hotels"},{"@type":"ListItem","position":3,"name":"Club Family Hotel Riccione Village"}]},{"@type":"WebSite","@id":"https:\/\/www.allinclusivehotels.it\/fr#website","url":"https:\/\/www.allinclusivehotels.it\/fr","name":"All Inclusive Hotels","description":"","publisher":{"@id":"https:\/\/www.allinclusivehotels.it\/fr#organization"},"potentialAction":[{"@type":"SearchAction","target":{"@type":"EntryPoint","urlTemplate":"https:\/\/www.allinclusivehotels.it\/fr?s={search_term_string}"},"query-input":{"@type":"PropertyValueSpecification","valueRequired":true,"valueName":"search_term_string"}}],"inLanguage":"fr-FR"},{"@type":"Organization","@id":"https:\/\/www.allinclusivehotels.it\/fr#organization","name":"All Inclusive Hotels","url":"https:\/\/www.allinclusivehotels.it\/fr","logo":{"@type":"ImageObject","inLanguage":"fr-FR","@id":"https:\/\/www.allinclusivehotels.it\/fr#\/schema\/logo\/image\/","url":"","contentUrl":"","caption":"All Inclusive Hotels"},"image":{"@id":"https:\/\/www.allinclusivehotels.it\/fr#\/schema\/logo\/image\/"}}]}},"_links":{"self":[{"href":"https:\/\/www.allinclusivehotels.it\/fr\/wp-json\/wp\/v2\/pages\/42420","targetHints":{"allow":["GET"]}}],"collection":[{"href":"https:\/\/www.allinclusivehotels.it\/fr\/wp-json\/wp\/v2\/pages"}],"about":[{"href":"https:\/\/www.allinclusivehotels.it\/fr\/wp-json\/wp\/v2\/types\/page"}],"author":[{"embeddable":true,"href":"https:\/\/www.allinclusivehotels.it\/fr\/wp-json\/wp\/v2\/users\/1"}],"replies":[{"embeddable":true,"href":"https:\/\/www.allinclusivehotels.it\/fr\/wp-json\/wp\/v2\/comments?post=42420"}],"version-history":[{"count":2,"href":"https:\/\/www.allinclusivehotels.it\/fr\/wp-json\/wp\/v2\/pages\/42420\/revisions"}],"predecessor-version":[{"id":45241,"href":"https:\/\/www.allinclusivehotels.it\/fr\/wp-json\/wp\/v2\/pages\/42420\/revisions\/45241"}],"up":[{"embeddable":true,"href":"https:\/\/www.allinclusivehotels.it\/fr\/wp-json\/wp\/v2\/pages\/8241"}],"wp:attachment":[{"href":"https:\/\/www.allinclusivehotels.it\/fr\/wp-json\/wp\/v2\/media?parent=42420"}],"curies":[{"name":"wp","href":"https:\/\/api.w.org\/{rel}","templated":true}]}}