{"id":42111,"date":"2025-02-05T11:53:29","date_gmt":"2025-02-05T10:53:29","guid":{"rendered":"https:\/\/www.allinclusivehotels.it\/hotels\/club-family-hotel-tosi-beach"},"modified":"2025-04-02T11:14:19","modified_gmt":"2025-04-02T09:14:19","slug":"club-family-hotel-tosi-beach","status":"publish","type":"page","link":"https:\/\/www.allinclusivehotels.it\/fr\/hotels\/club-family-hotel-tosi-beach","title":{"rendered":"Club Family Hotel Tosi Beach"},"content":{"rendered":"\n<p>Le <b>Club Family Hotel Tosi Beach<\/b> est un h\u00f4tel avec un emplacement strat\u00e9gique sur la promenade de Cesenatico, juste devant l\u2019\u00e9tablissement baln\u00e9aire priv\u00e9, \u00e0 seulement 10 m\u00e8tres. Le service de plage avec 1 parasol et 2 transats est inclus dans la formule <b>All Inclusive\u00ae Open Bar H24<\/b>, qui comprend \u00e9galement des boissons illimit\u00e9es \u00e0 l\u2019h\u00f4tel et sur la plage, toute la journ\u00e9e et tous les jours.<\/p>\n\n\n\n<!--more-->\n\n\n\n<p>L&#039;h\u00f4tel dispose d\u2019une <b>piscine <\/b>avec toboggans aquatiques et un <b>Splash Park<\/b>, qui conviennent pour le divertissement des grands et des petits. Les enfants disposent d\u2019une aire <b>de jeux spacieuse de plus de 250 m<\/b><b><sup>2<\/b><\/sup>, avec un <b>playground <\/b>et des <b>jeux interactifs<\/b>. Les amateurs de jeux vid\u00e9o pourront s\u2019amuser dans l\u2019<b>Arcade Games Room<\/b>, qui fait revivre le charme des ann\u00e9es 80. \u00c0 l\u2019ext\u00e9rieur, le <b>jardin <\/b>accueille une <b>piste de voitures \u00e9lectriques<\/b>, pour des comp\u00e9titions passionnantes en famille.<\/p>\n\n\n\n<p>L&#039;<b>animation est active 7 jours sur 7<\/b>, avec des activit\u00e9s divis\u00e9es par tranches d\u2019\u00e2ge\u00a0: <b>Mini Club<\/b> de <b>4 \u00e0 11 ans<\/b>, <b>Junior et Teen Club<\/b> entre <b>8 et 12 ans<\/b>. Pour les tr\u00e8s jeunes enfants de <b>8 \u00e0 36 mois<\/b>, un <b>service p\u00e9diatrique<\/b> gratuit est disponible directement \u00e0 l&#039;h\u00f4tel, en plus de l\u2019assistance des <b>nounous professionnelles de la Nanny School<\/b>.<\/p>\n\n\n\n<p>La formule <b>All Inclusive<\/b> comprend entre autres l\u2019entr\u00e9e aux parcs \u00e0 th\u00e8me <b>Atlantica<\/b>, <b>Mirabilandia et Mirabeach<\/b>,<b> des excursions en bateau<\/b>, un super <b>go\u00fbter<\/b>, un buffet de bonne nuit. En outre, 2 enfants et adolescents<b> de moins de 18 ans<\/b> dans une chambre avec 2 adultes, <b>s\u00e9journent gratuitement<\/b>.<\/p>\n","protected":false},"excerpt":{"rendered":"<p>Le Club Family Hotel Tosi Beach est un h\u00f4tel avec un emplacement strat\u00e9gique sur la &hellip;<\/p>\n","protected":false},"author":1,"featured_media":0,"parent":8241,"menu_order":0,"comment_status":"closed","ping_status":"closed","template":"page-templates\/scheda_hotel.php","meta":{"_acf_changed":false,"footnotes":""},"class_list":["post-42111","page","type-page","status-publish","hentry"],"acf":[],"yoast_head":"<!-- This site is optimized with the Yoast SEO plugin v27.0 - https:\/\/yoast.com\/product\/yoast-seo-wordpress\/ -->\n<title>Club Family Hotel Tosi Beach - All Inclusive Hotels<\/title>\n<meta name=\"robots\" content=\"index, follow, max-snippet:-1, max-image-preview:large, max-video-preview:-1\" \/>\n<link rel=\"canonical\" href=\"https:\/\/www.allinclusivehotels.it\/fr\/hotels\/club-family-hotel-tosi-beach\" \/>\n<meta property=\"og:locale\" content=\"fr_FR\" \/>\n<meta property=\"og:type\" content=\"article\" \/>\n<meta property=\"og:title\" content=\"Club Family Hotel Tosi Beach - All Inclusive Hotels\" \/>\n<meta property=\"og:description\" content=\"Le Club Family Hotel Tosi Beach est un h\u00f4tel avec un emplacement strat\u00e9gique sur la &hellip;\" \/>\n<meta property=\"og:url\" content=\"https:\/\/www.allinclusivehotels.it\/fr\/hotels\/club-family-hotel-tosi-beach\" \/>\n<meta property=\"og:site_name\" content=\"All Inclusive Hotels\" \/>\n<meta property=\"article:modified_time\" content=\"2025-04-02T09:14:19+00:00\" \/>\n<meta name=\"twitter:card\" content=\"summary_large_image\" \/>\n<meta name=\"twitter:label1\" content=\"Dur\u00e9e de lecture estim\u00e9e\" \/>\n\t<meta name=\"twitter:data1\" content=\"1 minute\" \/>\n<script type=\"application\/ld+json\" class=\"yoast-schema-graph\">{\"@context\":\"https:\/\/schema.org\",\"@graph\":[{\"@type\":\"WebPage\",\"@id\":\"https:\/\/www.allinclusivehotels.it\/fr\/hotels\/club-family-hotel-tosi-beach\",\"url\":\"https:\/\/www.allinclusivehotels.it\/fr\/hotels\/club-family-hotel-tosi-beach\",\"name\":\"Club Family Hotel Tosi Beach - All Inclusive Hotels\",\"isPartOf\":{\"@id\":\"https:\/\/www.allinclusivehotels.it\/fr#website\"},\"datePublished\":\"2025-02-05T10:53:29+00:00\",\"dateModified\":\"2025-04-02T09:14:19+00:00\",\"breadcrumb\":{\"@id\":\"https:\/\/www.allinclusivehotels.it\/fr\/hotels\/club-family-hotel-tosi-beach#breadcrumb\"},\"inLanguage\":\"fr-FR\",\"potentialAction\":[{\"@type\":\"ReadAction\",\"target\":[\"https:\/\/www.allinclusivehotels.it\/fr\/hotels\/club-family-hotel-tosi-beach\"]}]},{\"@type\":\"BreadcrumbList\",\"@id\":\"https:\/\/www.allinclusivehotels.it\/fr\/hotels\/club-family-hotel-tosi-beach#breadcrumb\",\"itemListElement\":[{\"@type\":\"ListItem\",\"position\":1,\"name\":\"Home\",\"item\":\"https:\/\/www.allinclusivehotels.it\/fr\"},{\"@type\":\"ListItem\",\"position\":2,\"name\":\"H\u00f4tels\",\"item\":\"https:\/\/www.allinclusivehotels.it\/fr\/hotels\"},{\"@type\":\"ListItem\",\"position\":3,\"name\":\"Club Family Hotel Tosi Beach\"}]},{\"@type\":\"WebSite\",\"@id\":\"https:\/\/www.allinclusivehotels.it\/fr#website\",\"url\":\"https:\/\/www.allinclusivehotels.it\/fr\",\"name\":\"All Inclusive Hotels\",\"description\":\"\",\"publisher\":{\"@id\":\"https:\/\/www.allinclusivehotels.it\/fr#organization\"},\"potentialAction\":[{\"@type\":\"SearchAction\",\"target\":{\"@type\":\"EntryPoint\",\"urlTemplate\":\"https:\/\/www.allinclusivehotels.it\/fr?s={search_term_string}\"},\"query-input\":{\"@type\":\"PropertyValueSpecification\",\"valueRequired\":true,\"valueName\":\"search_term_string\"}}],\"inLanguage\":\"fr-FR\"},{\"@type\":\"Organization\",\"@id\":\"https:\/\/www.allinclusivehotels.it\/fr#organization\",\"name\":\"All Inclusive Hotels\",\"url\":\"https:\/\/www.allinclusivehotels.it\/fr\",\"logo\":{\"@type\":\"ImageObject\",\"inLanguage\":\"fr-FR\",\"@id\":\"https:\/\/www.allinclusivehotels.it\/fr#\/schema\/logo\/image\/\",\"url\":\"\",\"contentUrl\":\"\",\"caption\":\"All Inclusive Hotels\"},\"image\":{\"@id\":\"https:\/\/www.allinclusivehotels.it\/fr#\/schema\/logo\/image\/\"}}]}<\/script>\n<!-- \/ Yoast SEO plugin. -->","yoast_head_json":{"title":"Club Family Hotel Tosi Beach - All Inclusive Hotels","robots":{"index":"index","follow":"follow","max-snippet":"max-snippet:-1","max-image-preview":"max-image-preview:large","max-video-preview":"max-video-preview:-1"},"canonical":"https:\/\/www.allinclusivehotels.it\/fr\/hotels\/club-family-hotel-tosi-beach","og_locale":"fr_FR","og_type":"article","og_title":"Club Family Hotel Tosi Beach - All Inclusive Hotels","og_description":"Le Club Family Hotel Tosi Beach est un h\u00f4tel avec un emplacement strat\u00e9gique sur la &hellip;","og_url":"https:\/\/www.allinclusivehotels.it\/fr\/hotels\/club-family-hotel-tosi-beach","og_site_name":"All Inclusive Hotels","article_modified_time":"2025-04-02T09:14:19+00:00","twitter_card":"summary_large_image","twitter_misc":{"Dur\u00e9e de lecture estim\u00e9e":"1 minute"},"schema":{"@context":"https:\/\/schema.org","@graph":[{"@type":"WebPage","@id":"https:\/\/www.allinclusivehotels.it\/fr\/hotels\/club-family-hotel-tosi-beach","url":"https:\/\/www.allinclusivehotels.it\/fr\/hotels\/club-family-hotel-tosi-beach","name":"Club Family Hotel Tosi Beach - All Inclusive Hotels","isPartOf":{"@id":"https:\/\/www.allinclusivehotels.it\/fr#website"},"datePublished":"2025-02-05T10:53:29+00:00","dateModified":"2025-04-02T09:14:19+00:00","breadcrumb":{"@id":"https:\/\/www.allinclusivehotels.it\/fr\/hotels\/club-family-hotel-tosi-beach#breadcrumb"},"inLanguage":"fr-FR","potentialAction":[{"@type":"ReadAction","target":["https:\/\/www.allinclusivehotels.it\/fr\/hotels\/club-family-hotel-tosi-beach"]}]},{"@type":"BreadcrumbList","@id":"https:\/\/www.allinclusivehotels.it\/fr\/hotels\/club-family-hotel-tosi-beach#breadcrumb","itemListElement":[{"@type":"ListItem","position":1,"name":"Home","item":"https:\/\/www.allinclusivehotels.it\/fr"},{"@type":"ListItem","position":2,"name":"H\u00f4tels","item":"https:\/\/www.allinclusivehotels.it\/fr\/hotels"},{"@type":"ListItem","position":3,"name":"Club Family Hotel Tosi Beach"}]},{"@type":"WebSite","@id":"https:\/\/www.allinclusivehotels.it\/fr#website","url":"https:\/\/www.allinclusivehotels.it\/fr","name":"All Inclusive Hotels","description":"","publisher":{"@id":"https:\/\/www.allinclusivehotels.it\/fr#organization"},"potentialAction":[{"@type":"SearchAction","target":{"@type":"EntryPoint","urlTemplate":"https:\/\/www.allinclusivehotels.it\/fr?s={search_term_string}"},"query-input":{"@type":"PropertyValueSpecification","valueRequired":true,"valueName":"search_term_string"}}],"inLanguage":"fr-FR"},{"@type":"Organization","@id":"https:\/\/www.allinclusivehotels.it\/fr#organization","name":"All Inclusive Hotels","url":"https:\/\/www.allinclusivehotels.it\/fr","logo":{"@type":"ImageObject","inLanguage":"fr-FR","@id":"https:\/\/www.allinclusivehotels.it\/fr#\/schema\/logo\/image\/","url":"","contentUrl":"","caption":"All Inclusive Hotels"},"image":{"@id":"https:\/\/www.allinclusivehotels.it\/fr#\/schema\/logo\/image\/"}}]}},"_links":{"self":[{"href":"https:\/\/www.allinclusivehotels.it\/fr\/wp-json\/wp\/v2\/pages\/42111","targetHints":{"allow":["GET"]}}],"collection":[{"href":"https:\/\/www.allinclusivehotels.it\/fr\/wp-json\/wp\/v2\/pages"}],"about":[{"href":"https:\/\/www.allinclusivehotels.it\/fr\/wp-json\/wp\/v2\/types\/page"}],"author":[{"embeddable":true,"href":"https:\/\/www.allinclusivehotels.it\/fr\/wp-json\/wp\/v2\/users\/1"}],"replies":[{"embeddable":true,"href":"https:\/\/www.allinclusivehotels.it\/fr\/wp-json\/wp\/v2\/comments?post=42111"}],"version-history":[{"count":2,"href":"https:\/\/www.allinclusivehotels.it\/fr\/wp-json\/wp\/v2\/pages\/42111\/revisions"}],"predecessor-version":[{"id":44900,"href":"https:\/\/www.allinclusivehotels.it\/fr\/wp-json\/wp\/v2\/pages\/42111\/revisions\/44900"}],"up":[{"embeddable":true,"href":"https:\/\/www.allinclusivehotels.it\/fr\/wp-json\/wp\/v2\/pages\/8241"}],"wp:attachment":[{"href":"https:\/\/www.allinclusivehotels.it\/fr\/wp-json\/wp\/v2\/media?parent=42111"}],"curies":[{"name":"wp","href":"https:\/\/api.w.org\/{rel}","templated":true}]}}