{"id":41662,"date":"2025-02-03T17:15:05","date_gmt":"2025-02-03T16:15:05","guid":{"rendered":"https:\/\/www.allinclusivehotels.it\/hotels\/club-family-hotel-cervia-village"},"modified":"2025-03-18T14:34:03","modified_gmt":"2025-03-18T13:34:03","slug":"club-family-hotel-cervia-village","status":"publish","type":"page","link":"https:\/\/www.allinclusivehotels.it\/fr\/hotels\/club-family-hotel-cervia-village","title":{"rendered":"Club Family Hotel Cervia Village"},"content":{"rendered":"\n<p>Le <b>Club Family Hotel Cervia Village<\/b> est la destination id\u00e9ale pour des familles en qu\u00eate de vacances All Inclusive pr\u00e8s du <b>centre de Cervia<\/b> et \u00e0 50 m\u00e8tres de la plage. Le centre n\u00e9vralgique de l&#039;h\u00f4tel est l\u2019<b>aire de jeux<\/b> dans le jardin, avec une <b>piscine chauff\u00e9e<\/b> comprenant un <b>toboggan color\u00e9 <\/b>de 11 m\u00e8tres de long, un <b>Splash Park<\/b> d\u00e9di\u00e9 aux plus petits, un m\u00e9ga <b>gonflable<\/b>, un <b>Play Sport Arena<\/b> et une <b>piste pour les petites voitures \u00e9lectriques<\/b>.<\/p>\n\n\n\n<!--more-->\n\n\n\n<p>L&#039;animation est le fleuron de l\u2019\u00e9tablissement, avec une \u00e9quipe d\u00e9di\u00e9e qui organise <b>13 heures par jour d&#039;activit\u00e9s de loisirs pour les enfants et les ados<\/b>, tant \u00e0 l&#039;h\u00f4tel que sur la plage, m\u00eame avec des <b>spectacles en soir\u00e9e <\/b>comme, marionnettes, Luna Park, cabaret et show de bulles g\u00e9antes. Pour les plus petits, d\u2019un \u00e2ge allant de <b>8 mois \u00e0 3 ans<\/b>, une assistance est pr\u00e9vue dans l\u2019apr\u00e8s-midi avec les <b>nounous de la Nanny School<\/b>, tandis que le <b>baby parking <\/b>est organis\u00e9 pour les enfants durant le d\u00eener. La <b>salle de jeux Arcade<\/b> est tr\u00e8s appr\u00e9ci\u00e9e, c\u2019est un espace enti\u00e8rement d\u00e9di\u00e9 au divertissement m\u00eame avec la piste des petites voitures et les PlayStations 5.<\/p>\n\n\n\n<p>La formule <b>Top Quality All Inclusive\u00ae Open Bar H24<\/b> garantit des <b>boissons illimit\u00e9es<\/b> \u00e0 l&#039;h\u00f4tel et sur la plage, en plus des <b>hot-dogs <\/b>disponibles de 11h \u00e0 24h, <b>glace <\/b>molle, <b>granite<\/b>, le m\u00e9ga <b>go\u00fbter <\/b>de l\u2019Angolo del Ghiottone dans l\u2019apr\u00e8s-midi et un <b>buffet sucr\u00e9 de bonne nuit<\/b>.<\/p>\n","protected":false},"excerpt":{"rendered":"<p>Le Club Family Hotel Cervia Village est la destination id\u00e9ale pour des familles en qu\u00eate &hellip;<\/p>\n","protected":false},"author":1,"featured_media":0,"parent":8241,"menu_order":0,"comment_status":"closed","ping_status":"closed","template":"page-templates\/scheda_hotel.php","meta":{"_acf_changed":false,"footnotes":""},"class_list":["post-41662","page","type-page","status-publish","hentry"],"acf":[],"yoast_head":"<!-- This site is optimized with the Yoast SEO plugin v27.0 - https:\/\/yoast.com\/product\/yoast-seo-wordpress\/ -->\n<title>Club Family Hotel Cervia Village - All Inclusive Hotels<\/title>\n<meta name=\"robots\" content=\"index, follow, max-snippet:-1, max-image-preview:large, max-video-preview:-1\" \/>\n<link rel=\"canonical\" href=\"https:\/\/www.allinclusivehotels.it\/fr\/hotels\/club-family-hotel-cervia-village\" \/>\n<meta property=\"og:locale\" content=\"fr_FR\" \/>\n<meta property=\"og:type\" content=\"article\" \/>\n<meta property=\"og:title\" content=\"Club Family Hotel Cervia Village - All Inclusive Hotels\" \/>\n<meta property=\"og:description\" content=\"Le Club Family Hotel Cervia Village est la destination id\u00e9ale pour des familles en qu\u00eate &hellip;\" \/>\n<meta property=\"og:url\" content=\"https:\/\/www.allinclusivehotels.it\/fr\/hotels\/club-family-hotel-cervia-village\" \/>\n<meta property=\"og:site_name\" content=\"All Inclusive Hotels\" \/>\n<meta property=\"article:modified_time\" content=\"2025-03-18T13:34:03+00:00\" \/>\n<meta name=\"twitter:card\" content=\"summary_large_image\" \/>\n<meta name=\"twitter:label1\" content=\"Dur\u00e9e de lecture estim\u00e9e\" \/>\n\t<meta name=\"twitter:data1\" content=\"1 minute\" \/>\n<script type=\"application\/ld+json\" class=\"yoast-schema-graph\">{\"@context\":\"https:\/\/schema.org\",\"@graph\":[{\"@type\":\"WebPage\",\"@id\":\"https:\/\/www.allinclusivehotels.it\/fr\/hotels\/club-family-hotel-cervia-village\",\"url\":\"https:\/\/www.allinclusivehotels.it\/fr\/hotels\/club-family-hotel-cervia-village\",\"name\":\"Club Family Hotel Cervia Village - All Inclusive Hotels\",\"isPartOf\":{\"@id\":\"https:\/\/www.allinclusivehotels.it\/fr#website\"},\"datePublished\":\"2025-02-03T16:15:05+00:00\",\"dateModified\":\"2025-03-18T13:34:03+00:00\",\"breadcrumb\":{\"@id\":\"https:\/\/www.allinclusivehotels.it\/fr\/hotels\/club-family-hotel-cervia-village#breadcrumb\"},\"inLanguage\":\"fr-FR\",\"potentialAction\":[{\"@type\":\"ReadAction\",\"target\":[\"https:\/\/www.allinclusivehotels.it\/fr\/hotels\/club-family-hotel-cervia-village\"]}]},{\"@type\":\"BreadcrumbList\",\"@id\":\"https:\/\/www.allinclusivehotels.it\/fr\/hotels\/club-family-hotel-cervia-village#breadcrumb\",\"itemListElement\":[{\"@type\":\"ListItem\",\"position\":1,\"name\":\"Home\",\"item\":\"https:\/\/www.allinclusivehotels.it\/fr\"},{\"@type\":\"ListItem\",\"position\":2,\"name\":\"H\u00f4tels\",\"item\":\"https:\/\/www.allinclusivehotels.it\/fr\/hotels\"},{\"@type\":\"ListItem\",\"position\":3,\"name\":\"Club Family Hotel Cervia Village\"}]},{\"@type\":\"WebSite\",\"@id\":\"https:\/\/www.allinclusivehotels.it\/fr#website\",\"url\":\"https:\/\/www.allinclusivehotels.it\/fr\",\"name\":\"All Inclusive Hotels\",\"description\":\"\",\"publisher\":{\"@id\":\"https:\/\/www.allinclusivehotels.it\/fr#organization\"},\"potentialAction\":[{\"@type\":\"SearchAction\",\"target\":{\"@type\":\"EntryPoint\",\"urlTemplate\":\"https:\/\/www.allinclusivehotels.it\/fr?s={search_term_string}\"},\"query-input\":{\"@type\":\"PropertyValueSpecification\",\"valueRequired\":true,\"valueName\":\"search_term_string\"}}],\"inLanguage\":\"fr-FR\"},{\"@type\":\"Organization\",\"@id\":\"https:\/\/www.allinclusivehotels.it\/fr#organization\",\"name\":\"All Inclusive Hotels\",\"url\":\"https:\/\/www.allinclusivehotels.it\/fr\",\"logo\":{\"@type\":\"ImageObject\",\"inLanguage\":\"fr-FR\",\"@id\":\"https:\/\/www.allinclusivehotels.it\/fr#\/schema\/logo\/image\/\",\"url\":\"\",\"contentUrl\":\"\",\"caption\":\"All Inclusive Hotels\"},\"image\":{\"@id\":\"https:\/\/www.allinclusivehotels.it\/fr#\/schema\/logo\/image\/\"}}]}<\/script>\n<!-- \/ Yoast SEO plugin. -->","yoast_head_json":{"title":"Club Family Hotel Cervia Village - All Inclusive Hotels","robots":{"index":"index","follow":"follow","max-snippet":"max-snippet:-1","max-image-preview":"max-image-preview:large","max-video-preview":"max-video-preview:-1"},"canonical":"https:\/\/www.allinclusivehotels.it\/fr\/hotels\/club-family-hotel-cervia-village","og_locale":"fr_FR","og_type":"article","og_title":"Club Family Hotel Cervia Village - All Inclusive Hotels","og_description":"Le Club Family Hotel Cervia Village est la destination id\u00e9ale pour des familles en qu\u00eate &hellip;","og_url":"https:\/\/www.allinclusivehotels.it\/fr\/hotels\/club-family-hotel-cervia-village","og_site_name":"All Inclusive Hotels","article_modified_time":"2025-03-18T13:34:03+00:00","twitter_card":"summary_large_image","twitter_misc":{"Dur\u00e9e de lecture estim\u00e9e":"1 minute"},"schema":{"@context":"https:\/\/schema.org","@graph":[{"@type":"WebPage","@id":"https:\/\/www.allinclusivehotels.it\/fr\/hotels\/club-family-hotel-cervia-village","url":"https:\/\/www.allinclusivehotels.it\/fr\/hotels\/club-family-hotel-cervia-village","name":"Club Family Hotel Cervia Village - All Inclusive Hotels","isPartOf":{"@id":"https:\/\/www.allinclusivehotels.it\/fr#website"},"datePublished":"2025-02-03T16:15:05+00:00","dateModified":"2025-03-18T13:34:03+00:00","breadcrumb":{"@id":"https:\/\/www.allinclusivehotels.it\/fr\/hotels\/club-family-hotel-cervia-village#breadcrumb"},"inLanguage":"fr-FR","potentialAction":[{"@type":"ReadAction","target":["https:\/\/www.allinclusivehotels.it\/fr\/hotels\/club-family-hotel-cervia-village"]}]},{"@type":"BreadcrumbList","@id":"https:\/\/www.allinclusivehotels.it\/fr\/hotels\/club-family-hotel-cervia-village#breadcrumb","itemListElement":[{"@type":"ListItem","position":1,"name":"Home","item":"https:\/\/www.allinclusivehotels.it\/fr"},{"@type":"ListItem","position":2,"name":"H\u00f4tels","item":"https:\/\/www.allinclusivehotels.it\/fr\/hotels"},{"@type":"ListItem","position":3,"name":"Club Family Hotel Cervia Village"}]},{"@type":"WebSite","@id":"https:\/\/www.allinclusivehotels.it\/fr#website","url":"https:\/\/www.allinclusivehotels.it\/fr","name":"All Inclusive Hotels","description":"","publisher":{"@id":"https:\/\/www.allinclusivehotels.it\/fr#organization"},"potentialAction":[{"@type":"SearchAction","target":{"@type":"EntryPoint","urlTemplate":"https:\/\/www.allinclusivehotels.it\/fr?s={search_term_string}"},"query-input":{"@type":"PropertyValueSpecification","valueRequired":true,"valueName":"search_term_string"}}],"inLanguage":"fr-FR"},{"@type":"Organization","@id":"https:\/\/www.allinclusivehotels.it\/fr#organization","name":"All Inclusive Hotels","url":"https:\/\/www.allinclusivehotels.it\/fr","logo":{"@type":"ImageObject","inLanguage":"fr-FR","@id":"https:\/\/www.allinclusivehotels.it\/fr#\/schema\/logo\/image\/","url":"","contentUrl":"","caption":"All Inclusive Hotels"},"image":{"@id":"https:\/\/www.allinclusivehotels.it\/fr#\/schema\/logo\/image\/"}}]}},"_links":{"self":[{"href":"https:\/\/www.allinclusivehotels.it\/fr\/wp-json\/wp\/v2\/pages\/41662","targetHints":{"allow":["GET"]}}],"collection":[{"href":"https:\/\/www.allinclusivehotels.it\/fr\/wp-json\/wp\/v2\/pages"}],"about":[{"href":"https:\/\/www.allinclusivehotels.it\/fr\/wp-json\/wp\/v2\/types\/page"}],"author":[{"embeddable":true,"href":"https:\/\/www.allinclusivehotels.it\/fr\/wp-json\/wp\/v2\/users\/1"}],"replies":[{"embeddable":true,"href":"https:\/\/www.allinclusivehotels.it\/fr\/wp-json\/wp\/v2\/comments?post=41662"}],"version-history":[{"count":2,"href":"https:\/\/www.allinclusivehotels.it\/fr\/wp-json\/wp\/v2\/pages\/41662\/revisions"}],"predecessor-version":[{"id":44154,"href":"https:\/\/www.allinclusivehotels.it\/fr\/wp-json\/wp\/v2\/pages\/41662\/revisions\/44154"}],"up":[{"embeddable":true,"href":"https:\/\/www.allinclusivehotels.it\/fr\/wp-json\/wp\/v2\/pages\/8241"}],"wp:attachment":[{"href":"https:\/\/www.allinclusivehotels.it\/fr\/wp-json\/wp\/v2\/media?parent=41662"}],"curies":[{"name":"wp","href":"https:\/\/api.w.org\/{rel}","templated":true}]}}