{"id":41653,"date":"2025-02-03T14:48:16","date_gmt":"2025-02-03T13:48:16","guid":{"rendered":"https:\/\/www.allinclusivehotels.it\/hotels\/club-family-hotel-rimini-village"},"modified":"2025-03-18T14:33:59","modified_gmt":"2025-03-18T13:33:59","slug":"club-family-hotel-rimini-village","status":"publish","type":"page","link":"https:\/\/www.allinclusivehotels.it\/fr\/hotels\/club-family-hotel-rimini-village","title":{"rendered":"Club Family Hotel Rimini Village"},"content":{"rendered":"\n<p>Le <b>Club Family Hotel Rimini Village<\/b> de <b>Torre Pedrera<\/b> est situ\u00e9 dans un vaste <b>jardin arbor\u00e9 de 8.000 m<\/b><b><sup>2<\/b><\/sup>, avec <b>gonflables<\/b>, piste pour les <b>petites voitures \u00e9lectriques<\/b>, <b>Play Sport Arena<\/b>, <b>2 piscines chauff\u00e9es<\/b> et ensoleill\u00e9es. Une piscine est munie d\u2019une <b>Zone Splash Park <\/b>avec des jeux d\u2019eau.<\/p>\n\n\n\n<!--more-->\n\n\n\n<p>La formule <b>All Inclusive\u00ae Open Bar H24<\/b> garantit des boissons illimit\u00e9es \u00e0 l&#039;h\u00f4tel, \u00e0 la piscine et sur la plage, sans frais suppl\u00e9mentaires. Le <b>service de plage est inclus<\/b> et, se trouvant \u00e0 seulement <b>30 m\u00e8tres de l&#039;h\u00f4tel<\/b>, il est facilement accessible \u00e0 tout moment. L&#039;animation a lieu 7 jours sur 7, avec des activit\u00e9s con\u00e7ues pour tous les \u00e2ges\u00a0: Mini Club de 4 \u00e0 7 ans, Junior Club de 9 \u00e0 13 ans, Teen Club de 14 \u00e0 17 ans.<\/p>\n\n\n\n<p>Pour les plus petits, l&#039;h\u00f4tel offre des services sp\u00e9ciaux comme le <b>Baby Parking<\/b> durant les repas pour les enfants \u00e0 partir de 4 ans, les <b>Nounous de la Nanny School<\/b> pour les b\u00e9b\u00e9s \u00e0 partir de 8 mois, et de nombreuses activit\u00e9s comme la <b>Baby Dance<\/b> et des spectacles en soir\u00e9e. Les surprises gourmandes ne manquent pas comme la <b>Dina Merendina<\/b> et l&#039;<b>Angolo del Ghiottone<\/b> de l\u2019apr\u00e8s-midi.<\/p>\n\n\n\n<p>En outre, <b>2 adolescents de moins de 18 ans s\u00e9journent toujours gratuitement <\/b>dans une chambre avec deux adultes, et sont <b>inclus<\/b> dans le s\u00e9jour les <b>billets pour Mirabilandia et Mirabeach<\/b>.<\/p>\n","protected":false},"excerpt":{"rendered":"<p>Le Club Family Hotel Rimini Village de Torre Pedrera est situ\u00e9 dans un vaste jardin &hellip;<\/p>\n","protected":false},"author":1,"featured_media":0,"parent":8241,"menu_order":0,"comment_status":"closed","ping_status":"closed","template":"page-templates\/scheda_hotel.php","meta":{"_acf_changed":false,"footnotes":""},"class_list":["post-41653","page","type-page","status-publish","hentry"],"acf":[],"yoast_head":"<!-- This site is optimized with the Yoast SEO plugin v27.0 - https:\/\/yoast.com\/product\/yoast-seo-wordpress\/ -->\n<title>Club Family Hotel Rimini Village - All Inclusive Hotels<\/title>\n<meta name=\"robots\" content=\"index, follow, max-snippet:-1, max-image-preview:large, max-video-preview:-1\" \/>\n<link rel=\"canonical\" href=\"https:\/\/www.allinclusivehotels.it\/fr\/hotels\/club-family-hotel-rimini-village\" \/>\n<meta property=\"og:locale\" content=\"fr_FR\" \/>\n<meta property=\"og:type\" content=\"article\" \/>\n<meta property=\"og:title\" content=\"Club Family Hotel Rimini Village - All Inclusive Hotels\" \/>\n<meta property=\"og:description\" content=\"Le Club Family Hotel Rimini Village de Torre Pedrera est situ\u00e9 dans un vaste jardin &hellip;\" \/>\n<meta property=\"og:url\" content=\"https:\/\/www.allinclusivehotels.it\/fr\/hotels\/club-family-hotel-rimini-village\" \/>\n<meta property=\"og:site_name\" content=\"All Inclusive Hotels\" \/>\n<meta property=\"article:modified_time\" content=\"2025-03-18T13:33:59+00:00\" \/>\n<meta name=\"twitter:card\" content=\"summary_large_image\" \/>\n<meta name=\"twitter:label1\" content=\"Dur\u00e9e de lecture estim\u00e9e\" \/>\n\t<meta name=\"twitter:data1\" content=\"1 minute\" \/>\n<script type=\"application\/ld+json\" class=\"yoast-schema-graph\">{\"@context\":\"https:\/\/schema.org\",\"@graph\":[{\"@type\":\"WebPage\",\"@id\":\"https:\/\/www.allinclusivehotels.it\/fr\/hotels\/club-family-hotel-rimini-village\",\"url\":\"https:\/\/www.allinclusivehotels.it\/fr\/hotels\/club-family-hotel-rimini-village\",\"name\":\"Club Family Hotel Rimini Village - All Inclusive Hotels\",\"isPartOf\":{\"@id\":\"https:\/\/www.allinclusivehotels.it\/fr#website\"},\"datePublished\":\"2025-02-03T13:48:16+00:00\",\"dateModified\":\"2025-03-18T13:33:59+00:00\",\"breadcrumb\":{\"@id\":\"https:\/\/www.allinclusivehotels.it\/fr\/hotels\/club-family-hotel-rimini-village#breadcrumb\"},\"inLanguage\":\"fr-FR\",\"potentialAction\":[{\"@type\":\"ReadAction\",\"target\":[\"https:\/\/www.allinclusivehotels.it\/fr\/hotels\/club-family-hotel-rimini-village\"]}]},{\"@type\":\"BreadcrumbList\",\"@id\":\"https:\/\/www.allinclusivehotels.it\/fr\/hotels\/club-family-hotel-rimini-village#breadcrumb\",\"itemListElement\":[{\"@type\":\"ListItem\",\"position\":1,\"name\":\"Home\",\"item\":\"https:\/\/www.allinclusivehotels.it\/fr\"},{\"@type\":\"ListItem\",\"position\":2,\"name\":\"H\u00f4tels\",\"item\":\"https:\/\/www.allinclusivehotels.it\/fr\/hotels\"},{\"@type\":\"ListItem\",\"position\":3,\"name\":\"Club Family Hotel Rimini Village\"}]},{\"@type\":\"WebSite\",\"@id\":\"https:\/\/www.allinclusivehotels.it\/fr#website\",\"url\":\"https:\/\/www.allinclusivehotels.it\/fr\",\"name\":\"All Inclusive Hotels\",\"description\":\"\",\"publisher\":{\"@id\":\"https:\/\/www.allinclusivehotels.it\/fr#organization\"},\"potentialAction\":[{\"@type\":\"SearchAction\",\"target\":{\"@type\":\"EntryPoint\",\"urlTemplate\":\"https:\/\/www.allinclusivehotels.it\/fr?s={search_term_string}\"},\"query-input\":{\"@type\":\"PropertyValueSpecification\",\"valueRequired\":true,\"valueName\":\"search_term_string\"}}],\"inLanguage\":\"fr-FR\"},{\"@type\":\"Organization\",\"@id\":\"https:\/\/www.allinclusivehotels.it\/fr#organization\",\"name\":\"All Inclusive Hotels\",\"url\":\"https:\/\/www.allinclusivehotels.it\/fr\",\"logo\":{\"@type\":\"ImageObject\",\"inLanguage\":\"fr-FR\",\"@id\":\"https:\/\/www.allinclusivehotels.it\/fr#\/schema\/logo\/image\/\",\"url\":\"\",\"contentUrl\":\"\",\"caption\":\"All Inclusive Hotels\"},\"image\":{\"@id\":\"https:\/\/www.allinclusivehotels.it\/fr#\/schema\/logo\/image\/\"}}]}<\/script>\n<!-- \/ Yoast SEO plugin. -->","yoast_head_json":{"title":"Club Family Hotel Rimini Village - All Inclusive Hotels","robots":{"index":"index","follow":"follow","max-snippet":"max-snippet:-1","max-image-preview":"max-image-preview:large","max-video-preview":"max-video-preview:-1"},"canonical":"https:\/\/www.allinclusivehotels.it\/fr\/hotels\/club-family-hotel-rimini-village","og_locale":"fr_FR","og_type":"article","og_title":"Club Family Hotel Rimini Village - All Inclusive Hotels","og_description":"Le Club Family Hotel Rimini Village de Torre Pedrera est situ\u00e9 dans un vaste jardin &hellip;","og_url":"https:\/\/www.allinclusivehotels.it\/fr\/hotels\/club-family-hotel-rimini-village","og_site_name":"All Inclusive Hotels","article_modified_time":"2025-03-18T13:33:59+00:00","twitter_card":"summary_large_image","twitter_misc":{"Dur\u00e9e de lecture estim\u00e9e":"1 minute"},"schema":{"@context":"https:\/\/schema.org","@graph":[{"@type":"WebPage","@id":"https:\/\/www.allinclusivehotels.it\/fr\/hotels\/club-family-hotel-rimini-village","url":"https:\/\/www.allinclusivehotels.it\/fr\/hotels\/club-family-hotel-rimini-village","name":"Club Family Hotel Rimini Village - All Inclusive Hotels","isPartOf":{"@id":"https:\/\/www.allinclusivehotels.it\/fr#website"},"datePublished":"2025-02-03T13:48:16+00:00","dateModified":"2025-03-18T13:33:59+00:00","breadcrumb":{"@id":"https:\/\/www.allinclusivehotels.it\/fr\/hotels\/club-family-hotel-rimini-village#breadcrumb"},"inLanguage":"fr-FR","potentialAction":[{"@type":"ReadAction","target":["https:\/\/www.allinclusivehotels.it\/fr\/hotels\/club-family-hotel-rimini-village"]}]},{"@type":"BreadcrumbList","@id":"https:\/\/www.allinclusivehotels.it\/fr\/hotels\/club-family-hotel-rimini-village#breadcrumb","itemListElement":[{"@type":"ListItem","position":1,"name":"Home","item":"https:\/\/www.allinclusivehotels.it\/fr"},{"@type":"ListItem","position":2,"name":"H\u00f4tels","item":"https:\/\/www.allinclusivehotels.it\/fr\/hotels"},{"@type":"ListItem","position":3,"name":"Club Family Hotel Rimini Village"}]},{"@type":"WebSite","@id":"https:\/\/www.allinclusivehotels.it\/fr#website","url":"https:\/\/www.allinclusivehotels.it\/fr","name":"All Inclusive Hotels","description":"","publisher":{"@id":"https:\/\/www.allinclusivehotels.it\/fr#organization"},"potentialAction":[{"@type":"SearchAction","target":{"@type":"EntryPoint","urlTemplate":"https:\/\/www.allinclusivehotels.it\/fr?s={search_term_string}"},"query-input":{"@type":"PropertyValueSpecification","valueRequired":true,"valueName":"search_term_string"}}],"inLanguage":"fr-FR"},{"@type":"Organization","@id":"https:\/\/www.allinclusivehotels.it\/fr#organization","name":"All Inclusive Hotels","url":"https:\/\/www.allinclusivehotels.it\/fr","logo":{"@type":"ImageObject","inLanguage":"fr-FR","@id":"https:\/\/www.allinclusivehotels.it\/fr#\/schema\/logo\/image\/","url":"","contentUrl":"","caption":"All Inclusive Hotels"},"image":{"@id":"https:\/\/www.allinclusivehotels.it\/fr#\/schema\/logo\/image\/"}}]}},"_links":{"self":[{"href":"https:\/\/www.allinclusivehotels.it\/fr\/wp-json\/wp\/v2\/pages\/41653","targetHints":{"allow":["GET"]}}],"collection":[{"href":"https:\/\/www.allinclusivehotels.it\/fr\/wp-json\/wp\/v2\/pages"}],"about":[{"href":"https:\/\/www.allinclusivehotels.it\/fr\/wp-json\/wp\/v2\/types\/page"}],"author":[{"embeddable":true,"href":"https:\/\/www.allinclusivehotels.it\/fr\/wp-json\/wp\/v2\/users\/1"}],"replies":[{"embeddable":true,"href":"https:\/\/www.allinclusivehotels.it\/fr\/wp-json\/wp\/v2\/comments?post=41653"}],"version-history":[{"count":2,"href":"https:\/\/www.allinclusivehotels.it\/fr\/wp-json\/wp\/v2\/pages\/41653\/revisions"}],"predecessor-version":[{"id":44153,"href":"https:\/\/www.allinclusivehotels.it\/fr\/wp-json\/wp\/v2\/pages\/41653\/revisions\/44153"}],"up":[{"embeddable":true,"href":"https:\/\/www.allinclusivehotels.it\/fr\/wp-json\/wp\/v2\/pages\/8241"}],"wp:attachment":[{"href":"https:\/\/www.allinclusivehotels.it\/fr\/wp-json\/wp\/v2\/media?parent=41653"}],"curies":[{"name":"wp","href":"https:\/\/api.w.org\/{rel}","templated":true}]}}