{"id":41049,"date":"2025-01-27T15:48:36","date_gmt":"2025-01-27T14:48:36","guid":{"rendered":"https:\/\/www.allinclusivehotels.it\/hotels\/hotel-rex"},"modified":"2025-04-02T11:16:02","modified_gmt":"2025-04-02T09:16:02","slug":"hotel-rex-2","status":"publish","type":"page","link":"https:\/\/www.allinclusivehotels.it\/fr\/hotels\/hotel-rex-2","title":{"rendered":"Hotel Rex"},"content":{"rendered":"\n<p>\u00c0 seulement <b>50 m\u00e8tres de la plage<\/b> de <b>Lido di Savio<\/b> et entour\u00e9 de la verdure de la pin\u00e8de, l&#039;<b>Hotel Rex<\/b> est le choix id\u00e9al pour des <b>vacances All Inclusive<\/b> sous le signe de la d\u00e9tente et du plaisir.<\/p>\n\n\n\n<!--more-->\n\n\n\n<p>En formule All Inclusive, vous disposez d\u2019<b>1 parasol et de 2 transats inclus <\/b>dans l\u2019<b>\u00e9tablissement baln\u00e9aire conventionn\u00e9<\/b>, \u00e0 seulement 50 m\u00e8tres, o\u00f9 est organis\u00e9e une <b>animation nocturne anim\u00e9e au Lido di Savio Village <\/b>avec des com\u00e9dies musicales, des cabarets et des soir\u00e9es \u00e0 th\u00e8me\u00a0: l&#039;amusement est toujours garanti pour toute la famille.<\/p>\n\n\n\n<p>L&#039;h\u00f4tel offre une <b>piscine <\/b>entour\u00e9e d\u2019un <b>solarium \u00e9quip\u00e9<\/b>, id\u00e9ale pour se rafra\u00eechir et se d\u00e9tendre. Pour les amateurs de d\u00e9tente, il existe une <b>terrasse panoramique spectaculaire avec vue sur la mer<\/b> au dernier \u00e9tage et un <b>dehors<\/b>, deux endroits charmants pour siroter un ap\u00e9ritif frais du <b>bar am\u00e9ricain<\/b>. Le <b>dehors <\/b>devient \u00e9galement une sc\u00e8ne nocturne pour des <b>jeux<\/b>, <b>de la musique <\/b>live, des <b>f\u00eates <\/b>\u00e0 la piscine.<\/p>\n\n\n\n<p>L&#039;h\u00f4tel accueille \u00e9galement les <b>animaux domestiques<\/b> de petite taille. Gr\u00e2ce \u00e0 sa <b>position <\/b>strat\u00e9gique, depuis l&#039;Hotel Rex vous pouvez vous rendre facilement au parc d\u2019attractions de <b>Mirabilandia<\/b>.<\/p>\n","protected":false},"excerpt":{"rendered":"<p>\u00c0 seulement 50 m\u00e8tres de la plage de Lido di Savio et entour\u00e9 de la &hellip;<\/p>\n","protected":false},"author":1,"featured_media":0,"parent":8241,"menu_order":0,"comment_status":"closed","ping_status":"closed","template":"page-templates\/scheda_hotel.php","meta":{"_acf_changed":false,"footnotes":""},"class_list":["post-41049","page","type-page","status-publish","hentry"],"acf":[],"yoast_head":"<!-- This site is optimized with the Yoast SEO plugin v27.0 - https:\/\/yoast.com\/product\/yoast-seo-wordpress\/ -->\n<title>Hotel Rex - All Inclusive Hotels<\/title>\n<meta name=\"robots\" content=\"index, follow, max-snippet:-1, max-image-preview:large, max-video-preview:-1\" \/>\n<link rel=\"canonical\" href=\"https:\/\/www.allinclusivehotels.it\/fr\/hotels\/hotel-rex-2\" \/>\n<meta property=\"og:locale\" content=\"fr_FR\" \/>\n<meta property=\"og:type\" content=\"article\" \/>\n<meta property=\"og:title\" content=\"Hotel Rex - All Inclusive Hotels\" \/>\n<meta property=\"og:description\" content=\"\u00c0 seulement 50 m\u00e8tres de la plage de Lido di Savio et entour\u00e9 de la &hellip;\" \/>\n<meta property=\"og:url\" content=\"https:\/\/www.allinclusivehotels.it\/fr\/hotels\/hotel-rex-2\" \/>\n<meta property=\"og:site_name\" content=\"All Inclusive Hotels\" \/>\n<meta property=\"article:modified_time\" content=\"2025-04-02T09:16:02+00:00\" \/>\n<meta name=\"twitter:card\" content=\"summary_large_image\" \/>\n<meta name=\"twitter:label1\" content=\"Dur\u00e9e de lecture estim\u00e9e\" \/>\n\t<meta name=\"twitter:data1\" content=\"1 minute\" \/>\n<script type=\"application\/ld+json\" class=\"yoast-schema-graph\">{\"@context\":\"https:\/\/schema.org\",\"@graph\":[{\"@type\":\"WebPage\",\"@id\":\"https:\/\/www.allinclusivehotels.it\/fr\/hotels\/hotel-rex-2\",\"url\":\"https:\/\/www.allinclusivehotels.it\/fr\/hotels\/hotel-rex-2\",\"name\":\"Hotel Rex - All Inclusive Hotels\",\"isPartOf\":{\"@id\":\"https:\/\/www.allinclusivehotels.it\/fr#website\"},\"datePublished\":\"2025-01-27T14:48:36+00:00\",\"dateModified\":\"2025-04-02T09:16:02+00:00\",\"breadcrumb\":{\"@id\":\"https:\/\/www.allinclusivehotels.it\/fr\/hotels\/hotel-rex-2#breadcrumb\"},\"inLanguage\":\"fr-FR\",\"potentialAction\":[{\"@type\":\"ReadAction\",\"target\":[\"https:\/\/www.allinclusivehotels.it\/fr\/hotels\/hotel-rex-2\"]}]},{\"@type\":\"BreadcrumbList\",\"@id\":\"https:\/\/www.allinclusivehotels.it\/fr\/hotels\/hotel-rex-2#breadcrumb\",\"itemListElement\":[{\"@type\":\"ListItem\",\"position\":1,\"name\":\"Home\",\"item\":\"https:\/\/www.allinclusivehotels.it\/fr\"},{\"@type\":\"ListItem\",\"position\":2,\"name\":\"H\u00f4tels\",\"item\":\"https:\/\/www.allinclusivehotels.it\/fr\/hotels\"},{\"@type\":\"ListItem\",\"position\":3,\"name\":\"Hotel Rex\"}]},{\"@type\":\"WebSite\",\"@id\":\"https:\/\/www.allinclusivehotels.it\/fr#website\",\"url\":\"https:\/\/www.allinclusivehotels.it\/fr\",\"name\":\"All Inclusive Hotels\",\"description\":\"\",\"publisher\":{\"@id\":\"https:\/\/www.allinclusivehotels.it\/fr#organization\"},\"potentialAction\":[{\"@type\":\"SearchAction\",\"target\":{\"@type\":\"EntryPoint\",\"urlTemplate\":\"https:\/\/www.allinclusivehotels.it\/fr?s={search_term_string}\"},\"query-input\":{\"@type\":\"PropertyValueSpecification\",\"valueRequired\":true,\"valueName\":\"search_term_string\"}}],\"inLanguage\":\"fr-FR\"},{\"@type\":\"Organization\",\"@id\":\"https:\/\/www.allinclusivehotels.it\/fr#organization\",\"name\":\"All Inclusive Hotels\",\"url\":\"https:\/\/www.allinclusivehotels.it\/fr\",\"logo\":{\"@type\":\"ImageObject\",\"inLanguage\":\"fr-FR\",\"@id\":\"https:\/\/www.allinclusivehotels.it\/fr#\/schema\/logo\/image\/\",\"url\":\"\",\"contentUrl\":\"\",\"caption\":\"All Inclusive Hotels\"},\"image\":{\"@id\":\"https:\/\/www.allinclusivehotels.it\/fr#\/schema\/logo\/image\/\"}}]}<\/script>\n<!-- \/ Yoast SEO plugin. -->","yoast_head_json":{"title":"Hotel Rex - All Inclusive Hotels","robots":{"index":"index","follow":"follow","max-snippet":"max-snippet:-1","max-image-preview":"max-image-preview:large","max-video-preview":"max-video-preview:-1"},"canonical":"https:\/\/www.allinclusivehotels.it\/fr\/hotels\/hotel-rex-2","og_locale":"fr_FR","og_type":"article","og_title":"Hotel Rex - All Inclusive Hotels","og_description":"\u00c0 seulement 50 m\u00e8tres de la plage de Lido di Savio et entour\u00e9 de la &hellip;","og_url":"https:\/\/www.allinclusivehotels.it\/fr\/hotels\/hotel-rex-2","og_site_name":"All Inclusive Hotels","article_modified_time":"2025-04-02T09:16:02+00:00","twitter_card":"summary_large_image","twitter_misc":{"Dur\u00e9e de lecture estim\u00e9e":"1 minute"},"schema":{"@context":"https:\/\/schema.org","@graph":[{"@type":"WebPage","@id":"https:\/\/www.allinclusivehotels.it\/fr\/hotels\/hotel-rex-2","url":"https:\/\/www.allinclusivehotels.it\/fr\/hotels\/hotel-rex-2","name":"Hotel Rex - All Inclusive Hotels","isPartOf":{"@id":"https:\/\/www.allinclusivehotels.it\/fr#website"},"datePublished":"2025-01-27T14:48:36+00:00","dateModified":"2025-04-02T09:16:02+00:00","breadcrumb":{"@id":"https:\/\/www.allinclusivehotels.it\/fr\/hotels\/hotel-rex-2#breadcrumb"},"inLanguage":"fr-FR","potentialAction":[{"@type":"ReadAction","target":["https:\/\/www.allinclusivehotels.it\/fr\/hotels\/hotel-rex-2"]}]},{"@type":"BreadcrumbList","@id":"https:\/\/www.allinclusivehotels.it\/fr\/hotels\/hotel-rex-2#breadcrumb","itemListElement":[{"@type":"ListItem","position":1,"name":"Home","item":"https:\/\/www.allinclusivehotels.it\/fr"},{"@type":"ListItem","position":2,"name":"H\u00f4tels","item":"https:\/\/www.allinclusivehotels.it\/fr\/hotels"},{"@type":"ListItem","position":3,"name":"Hotel Rex"}]},{"@type":"WebSite","@id":"https:\/\/www.allinclusivehotels.it\/fr#website","url":"https:\/\/www.allinclusivehotels.it\/fr","name":"All Inclusive Hotels","description":"","publisher":{"@id":"https:\/\/www.allinclusivehotels.it\/fr#organization"},"potentialAction":[{"@type":"SearchAction","target":{"@type":"EntryPoint","urlTemplate":"https:\/\/www.allinclusivehotels.it\/fr?s={search_term_string}"},"query-input":{"@type":"PropertyValueSpecification","valueRequired":true,"valueName":"search_term_string"}}],"inLanguage":"fr-FR"},{"@type":"Organization","@id":"https:\/\/www.allinclusivehotels.it\/fr#organization","name":"All Inclusive Hotels","url":"https:\/\/www.allinclusivehotels.it\/fr","logo":{"@type":"ImageObject","inLanguage":"fr-FR","@id":"https:\/\/www.allinclusivehotels.it\/fr#\/schema\/logo\/image\/","url":"","contentUrl":"","caption":"All Inclusive Hotels"},"image":{"@id":"https:\/\/www.allinclusivehotels.it\/fr#\/schema\/logo\/image\/"}}]}},"_links":{"self":[{"href":"https:\/\/www.allinclusivehotels.it\/fr\/wp-json\/wp\/v2\/pages\/41049","targetHints":{"allow":["GET"]}}],"collection":[{"href":"https:\/\/www.allinclusivehotels.it\/fr\/wp-json\/wp\/v2\/pages"}],"about":[{"href":"https:\/\/www.allinclusivehotels.it\/fr\/wp-json\/wp\/v2\/types\/page"}],"author":[{"embeddable":true,"href":"https:\/\/www.allinclusivehotels.it\/fr\/wp-json\/wp\/v2\/users\/1"}],"replies":[{"embeddable":true,"href":"https:\/\/www.allinclusivehotels.it\/fr\/wp-json\/wp\/v2\/comments?post=41049"}],"version-history":[{"count":2,"href":"https:\/\/www.allinclusivehotels.it\/fr\/wp-json\/wp\/v2\/pages\/41049\/revisions"}],"predecessor-version":[{"id":44905,"href":"https:\/\/www.allinclusivehotels.it\/fr\/wp-json\/wp\/v2\/pages\/41049\/revisions\/44905"}],"up":[{"embeddable":true,"href":"https:\/\/www.allinclusivehotels.it\/fr\/wp-json\/wp\/v2\/pages\/8241"}],"wp:attachment":[{"href":"https:\/\/www.allinclusivehotels.it\/fr\/wp-json\/wp\/v2\/media?parent=41049"}],"curies":[{"name":"wp","href":"https:\/\/api.w.org\/{rel}","templated":true}]}}