{"id":40862,"date":"2025-01-21T08:57:18","date_gmt":"2025-01-21T07:57:18","guid":{"rendered":"https:\/\/www.allinclusivehotels.it\/hotels\/hotel-bassetti-s"},"modified":"2025-04-02T11:14:14","modified_gmt":"2025-04-02T09:14:14","slug":"hotel-bassetti","status":"publish","type":"page","link":"https:\/\/www.allinclusivehotels.it\/fr\/hotels\/hotel-bassetti","title":{"rendered":"Hotel Bassetti"},"content":{"rendered":"\n<p>La devise de l&#039;<b>Hotel Bassetti<\/b> \u00e0 <b>Pinarella di Cervia<\/b> est : \u00ab\u00a0All you need, is all inclusive\u00a0\u00bb ! La formule tout compris, en effet, garantit un s\u00e9jour sans soucis\u00a0: une fois \u00e0 l\u2019h\u00f4tel, vous pouvez profiter au maximum de votre temps pr\u00e9cieux en vacances !<\/p>\n\n\n\n<!--more-->\n\n\n\n<p>Le service plage comprend <b>1 parasol et 2 transats <\/b>\u00e0 l\u2019\u00c9tablissement Baln\u00e9aire Adriasol, situ\u00e9 \u00e0 seulement 100 m\u00e8tres. L&#039;Hotel Bassetti dispose \u00e9galement d\u2019une <b>piscine recouvrable et chauff\u00e9e \u00e0 30\u00b0<\/b> avec lame d&#039;eau, entour\u00e9e de transats, parfaite pour la d\u00e9tente en n\u2019importe quelle saison, et d\u2019un <b>jacuzzi<\/b> \u00e0 6 places, toujours chauff\u00e9. Si vous aimez les vacances r\u00e9g\u00e9n\u00e9ratrices, vous trouverez \u00e0 l\u2019h\u00f4tel un <b>centre de bien-\u00eatre<\/b> con\u00e7u pour oxyg\u00e9ner le corps et l\u2019esprit avec sauna, bain turc, douches \u00e9motionnelles.<\/p>\n\n\n\n<p>La formule All Inclusive pr\u00e9voit \u00e9galement le<b> divertissement pour les adultes et les enfants<\/b>, ce n\u2019est pas un hasard si l\u2019Hotel Bassetti a \u00e9t\u00e9 d\u00e9fini par les clients \u00ab\u00a0l\u2019endroit pour la famille\u00a0\u00bb. Pour les plus petits il y a des <b>aires de jeux interne et externe<\/b>, <b>animation <\/b>professionnelle avec des jeux, des d\u00e9fis sportifs amusants, des ateliers, la baby dance, tous les principaux <b>services dans la chambre et la salle de restaurant<\/b>, y compris le service <b>nourriture b\u00e9b\u00e9s <\/b>pour le sevrage.<\/p>\n\n\n\n<p>Le <b>parking priv\u00e9, inclus ou garanti<\/b>, assure le confort pendant votre s\u00e9jour ; avec les <b>v\u00e9los \u00e0 usage gratuit<\/b> vous pouvez rejoindre le centre de Pinarella, ou bien la pin\u00e8de pour une balade au frais.<\/p>\n","protected":false},"excerpt":{"rendered":"<p>La devise de l&#039;Hotel Bassetti \u00e0 Pinarella di Cervia est : \u00ab\u00a0All you need, is &hellip;<\/p>\n","protected":false},"author":1,"featured_media":0,"parent":8241,"menu_order":0,"comment_status":"closed","ping_status":"closed","template":"page-templates\/scheda_hotel.php","meta":{"_acf_changed":false,"footnotes":""},"class_list":["post-40862","page","type-page","status-publish","hentry"],"acf":[],"yoast_head":"<!-- This site is optimized with the Yoast SEO plugin v27.0 - https:\/\/yoast.com\/product\/yoast-seo-wordpress\/ -->\n<title>Hotel Bassetti - All Inclusive Hotels<\/title>\n<meta name=\"robots\" content=\"index, follow, max-snippet:-1, max-image-preview:large, max-video-preview:-1\" \/>\n<link rel=\"canonical\" href=\"https:\/\/www.allinclusivehotels.it\/fr\/hotels\/hotel-bassetti\" \/>\n<meta property=\"og:locale\" content=\"fr_FR\" \/>\n<meta property=\"og:type\" content=\"article\" \/>\n<meta property=\"og:title\" content=\"Hotel Bassetti - All Inclusive Hotels\" \/>\n<meta property=\"og:description\" content=\"La devise de l&#039;Hotel Bassetti \u00e0 Pinarella di Cervia est : \u00ab\u00a0All you need, is &hellip;\" \/>\n<meta property=\"og:url\" content=\"https:\/\/www.allinclusivehotels.it\/fr\/hotels\/hotel-bassetti\" \/>\n<meta property=\"og:site_name\" content=\"All Inclusive Hotels\" \/>\n<meta property=\"article:modified_time\" content=\"2025-04-02T09:14:14+00:00\" \/>\n<meta name=\"twitter:card\" content=\"summary_large_image\" \/>\n<script type=\"application\/ld+json\" class=\"yoast-schema-graph\">{\"@context\":\"https:\/\/schema.org\",\"@graph\":[{\"@type\":\"WebPage\",\"@id\":\"https:\/\/www.allinclusivehotels.it\/fr\/hotels\/hotel-bassetti\",\"url\":\"https:\/\/www.allinclusivehotels.it\/fr\/hotels\/hotel-bassetti\",\"name\":\"Hotel Bassetti - All Inclusive Hotels\",\"isPartOf\":{\"@id\":\"https:\/\/www.allinclusivehotels.it\/fr#website\"},\"datePublished\":\"2025-01-21T07:57:18+00:00\",\"dateModified\":\"2025-04-02T09:14:14+00:00\",\"breadcrumb\":{\"@id\":\"https:\/\/www.allinclusivehotels.it\/fr\/hotels\/hotel-bassetti#breadcrumb\"},\"inLanguage\":\"fr-FR\",\"potentialAction\":[{\"@type\":\"ReadAction\",\"target\":[\"https:\/\/www.allinclusivehotels.it\/fr\/hotels\/hotel-bassetti\"]}]},{\"@type\":\"BreadcrumbList\",\"@id\":\"https:\/\/www.allinclusivehotels.it\/fr\/hotels\/hotel-bassetti#breadcrumb\",\"itemListElement\":[{\"@type\":\"ListItem\",\"position\":1,\"name\":\"Home\",\"item\":\"https:\/\/www.allinclusivehotels.it\/fr\"},{\"@type\":\"ListItem\",\"position\":2,\"name\":\"H\u00f4tels\",\"item\":\"https:\/\/www.allinclusivehotels.it\/fr\/hotels\"},{\"@type\":\"ListItem\",\"position\":3,\"name\":\"Hotel Bassetti\"}]},{\"@type\":\"WebSite\",\"@id\":\"https:\/\/www.allinclusivehotels.it\/fr#website\",\"url\":\"https:\/\/www.allinclusivehotels.it\/fr\",\"name\":\"All Inclusive Hotels\",\"description\":\"\",\"publisher\":{\"@id\":\"https:\/\/www.allinclusivehotels.it\/fr#organization\"},\"potentialAction\":[{\"@type\":\"SearchAction\",\"target\":{\"@type\":\"EntryPoint\",\"urlTemplate\":\"https:\/\/www.allinclusivehotels.it\/fr?s={search_term_string}\"},\"query-input\":{\"@type\":\"PropertyValueSpecification\",\"valueRequired\":true,\"valueName\":\"search_term_string\"}}],\"inLanguage\":\"fr-FR\"},{\"@type\":\"Organization\",\"@id\":\"https:\/\/www.allinclusivehotels.it\/fr#organization\",\"name\":\"All Inclusive Hotels\",\"url\":\"https:\/\/www.allinclusivehotels.it\/fr\",\"logo\":{\"@type\":\"ImageObject\",\"inLanguage\":\"fr-FR\",\"@id\":\"https:\/\/www.allinclusivehotels.it\/fr#\/schema\/logo\/image\/\",\"url\":\"\",\"contentUrl\":\"\",\"caption\":\"All Inclusive Hotels\"},\"image\":{\"@id\":\"https:\/\/www.allinclusivehotels.it\/fr#\/schema\/logo\/image\/\"}}]}<\/script>\n<!-- \/ Yoast SEO plugin. -->","yoast_head_json":{"title":"Hotel Bassetti - All Inclusive Hotels","robots":{"index":"index","follow":"follow","max-snippet":"max-snippet:-1","max-image-preview":"max-image-preview:large","max-video-preview":"max-video-preview:-1"},"canonical":"https:\/\/www.allinclusivehotels.it\/fr\/hotels\/hotel-bassetti","og_locale":"fr_FR","og_type":"article","og_title":"Hotel Bassetti - All Inclusive Hotels","og_description":"La devise de l&#039;Hotel Bassetti \u00e0 Pinarella di Cervia est : \u00ab\u00a0All you need, is &hellip;","og_url":"https:\/\/www.allinclusivehotels.it\/fr\/hotels\/hotel-bassetti","og_site_name":"All Inclusive Hotels","article_modified_time":"2025-04-02T09:14:14+00:00","twitter_card":"summary_large_image","schema":{"@context":"https:\/\/schema.org","@graph":[{"@type":"WebPage","@id":"https:\/\/www.allinclusivehotels.it\/fr\/hotels\/hotel-bassetti","url":"https:\/\/www.allinclusivehotels.it\/fr\/hotels\/hotel-bassetti","name":"Hotel Bassetti - All Inclusive Hotels","isPartOf":{"@id":"https:\/\/www.allinclusivehotels.it\/fr#website"},"datePublished":"2025-01-21T07:57:18+00:00","dateModified":"2025-04-02T09:14:14+00:00","breadcrumb":{"@id":"https:\/\/www.allinclusivehotels.it\/fr\/hotels\/hotel-bassetti#breadcrumb"},"inLanguage":"fr-FR","potentialAction":[{"@type":"ReadAction","target":["https:\/\/www.allinclusivehotels.it\/fr\/hotels\/hotel-bassetti"]}]},{"@type":"BreadcrumbList","@id":"https:\/\/www.allinclusivehotels.it\/fr\/hotels\/hotel-bassetti#breadcrumb","itemListElement":[{"@type":"ListItem","position":1,"name":"Home","item":"https:\/\/www.allinclusivehotels.it\/fr"},{"@type":"ListItem","position":2,"name":"H\u00f4tels","item":"https:\/\/www.allinclusivehotels.it\/fr\/hotels"},{"@type":"ListItem","position":3,"name":"Hotel Bassetti"}]},{"@type":"WebSite","@id":"https:\/\/www.allinclusivehotels.it\/fr#website","url":"https:\/\/www.allinclusivehotels.it\/fr","name":"All Inclusive Hotels","description":"","publisher":{"@id":"https:\/\/www.allinclusivehotels.it\/fr#organization"},"potentialAction":[{"@type":"SearchAction","target":{"@type":"EntryPoint","urlTemplate":"https:\/\/www.allinclusivehotels.it\/fr?s={search_term_string}"},"query-input":{"@type":"PropertyValueSpecification","valueRequired":true,"valueName":"search_term_string"}}],"inLanguage":"fr-FR"},{"@type":"Organization","@id":"https:\/\/www.allinclusivehotels.it\/fr#organization","name":"All Inclusive Hotels","url":"https:\/\/www.allinclusivehotels.it\/fr","logo":{"@type":"ImageObject","inLanguage":"fr-FR","@id":"https:\/\/www.allinclusivehotels.it\/fr#\/schema\/logo\/image\/","url":"","contentUrl":"","caption":"All Inclusive Hotels"},"image":{"@id":"https:\/\/www.allinclusivehotels.it\/fr#\/schema\/logo\/image\/"}}]}},"_links":{"self":[{"href":"https:\/\/www.allinclusivehotels.it\/fr\/wp-json\/wp\/v2\/pages\/40862","targetHints":{"allow":["GET"]}}],"collection":[{"href":"https:\/\/www.allinclusivehotels.it\/fr\/wp-json\/wp\/v2\/pages"}],"about":[{"href":"https:\/\/www.allinclusivehotels.it\/fr\/wp-json\/wp\/v2\/types\/page"}],"author":[{"embeddable":true,"href":"https:\/\/www.allinclusivehotels.it\/fr\/wp-json\/wp\/v2\/users\/1"}],"replies":[{"embeddable":true,"href":"https:\/\/www.allinclusivehotels.it\/fr\/wp-json\/wp\/v2\/comments?post=40862"}],"version-history":[{"count":3,"href":"https:\/\/www.allinclusivehotels.it\/fr\/wp-json\/wp\/v2\/pages\/40862\/revisions"}],"predecessor-version":[{"id":44899,"href":"https:\/\/www.allinclusivehotels.it\/fr\/wp-json\/wp\/v2\/pages\/40862\/revisions\/44899"}],"up":[{"embeddable":true,"href":"https:\/\/www.allinclusivehotels.it\/fr\/wp-json\/wp\/v2\/pages\/8241"}],"wp:attachment":[{"href":"https:\/\/www.allinclusivehotels.it\/fr\/wp-json\/wp\/v2\/media?parent=40862"}],"curies":[{"name":"wp","href":"https:\/\/api.w.org\/{rel}","templated":true}]}}