{"id":40523,"date":"2024-12-18T14:06:48","date_gmt":"2024-12-18T13:06:48","guid":{"rendered":"https:\/\/www.allinclusivehotels.it\/hotels\/color-bay-village-milano-marittima"},"modified":"2025-03-18T14:33:54","modified_gmt":"2025-03-18T13:33:54","slug":"color-bay-village-milano-marittima","status":"publish","type":"page","link":"https:\/\/www.allinclusivehotels.it\/fr\/hotels\/color-bay-village-milano-marittima","title":{"rendered":"Color Bay Village &#8211; Milano Marittima"},"content":{"rendered":"\n<p>Le <b>Color Bay Village &#8211; Milano Marittima<\/b>, se trouve \u00e0 <b>2 minutes \u00e0 pied de la plage priv\u00e9e<\/b>, entour\u00e9e d\u2019une splendide <b>pin\u00e8de de 6 000 m<\/b><b><sup>2<\/b><\/sup>. Ce <b>Family Hotel<\/b> propose une formule exclusive <b>Premium All Inclusive<\/b>, qui comprend les principaux services parmi lesquels <b>animation 7 jours sur 7<\/b>, <b>bar gratuit h24<\/b>, <b>cocktails <\/b>du soir, <b>parasol et 2 transats<\/b>, utilisation de la <b>piscine<\/b>, ap\u00e9ritifs, <b>Color Food Experience<\/b> et Color Food Corner, <b>Ev\u00e9nements Color Holiday<\/b>.<\/p>\n\n\n\n<!--more-->\n\n\n\n<p>Une \u00e9quipe d\u2019<b>animateurs sp\u00e9cialis\u00e9s<\/b> organise <b>chaque jour<\/b> un programme de divertissement tr\u00e8s riche, divis\u00e9 par tranches d\u2019\u00e2ge\u00a0: <b>Mini Club de 4 \u00e0 7 ans<\/b>\u00a0;<b> Junior Club de 8 \u00e0 12 ans<\/b>\u00a0; <b>Teen Club de 13 \u00e0 18 ans<\/b>, ainsi que des <b>activit\u00e9s pour adultes<\/b> comme r\u00e9veil musculaire, Aquagym, Jeu sur la plage, Zumba, A\u00e9robic, danses en groupe. Les jeux, tournois et spectacles se d\u00e9roulent sur la plage, \u00e0 la piscine et \u00e0 l&#039;h\u00f4tel du matin au soir, avec des \u00e9v\u00e9nements hebdomadaires comme la <b>Mousse Party<\/b>, la <b>Color Explosion<\/b>, la <b>Candy Night<\/b>.<\/p>\n\n\n\n<p>Le <b>jardin <\/b>du Color Bay Village &#8211; Milano Marittima est un espace \u00e0 vivre avec votre famille. Vous pouvez vous d\u00e9tendre dans l\u2019espace <b>solarium <\/b>tandis que les enfants jouent dans la <b>piscine avec Acqua Splash<\/b>, sur des jeux gonflables et \u00e0 la <b>Color Racing<\/b>, la super piste des petites voitures o\u00f9 ils pourront se d\u00e9fier entre les virages et les acc\u00e9l\u00e9rations. L&#039;h\u00f4tel dispose \u00e9galement de la <b>Color Game<\/b>, une salle de jeux munie des meilleurs jeux vid\u00e9o pour les adolescents.<\/p>\n","protected":false},"excerpt":{"rendered":"<p>Le Color Bay Village &#8211; Milano Marittima, se trouve \u00e0 2 minutes \u00e0 pied de &hellip;<\/p>\n","protected":false},"author":1,"featured_media":0,"parent":8241,"menu_order":0,"comment_status":"closed","ping_status":"closed","template":"page-templates\/scheda_hotel.php","meta":{"_acf_changed":false,"footnotes":""},"class_list":["post-40523","page","type-page","status-publish","hentry"],"acf":[],"yoast_head":"<!-- This site is optimized with the Yoast SEO plugin v27.0 - https:\/\/yoast.com\/product\/yoast-seo-wordpress\/ -->\n<title>Color Bay Village - Milano Marittima - All Inclusive Hotels<\/title>\n<meta name=\"robots\" content=\"index, follow, max-snippet:-1, max-image-preview:large, max-video-preview:-1\" \/>\n<link rel=\"canonical\" href=\"https:\/\/www.allinclusivehotels.it\/fr\/hotels\/color-bay-village-milano-marittima\" \/>\n<meta property=\"og:locale\" content=\"fr_FR\" \/>\n<meta property=\"og:type\" content=\"article\" \/>\n<meta property=\"og:title\" content=\"Color Bay Village - Milano Marittima - All Inclusive Hotels\" \/>\n<meta property=\"og:description\" content=\"Le Color Bay Village &#8211; Milano Marittima, se trouve \u00e0 2 minutes \u00e0 pied de &hellip;\" \/>\n<meta property=\"og:url\" content=\"https:\/\/www.allinclusivehotels.it\/fr\/hotels\/color-bay-village-milano-marittima\" \/>\n<meta property=\"og:site_name\" content=\"All Inclusive Hotels\" \/>\n<meta property=\"article:modified_time\" content=\"2025-03-18T13:33:54+00:00\" \/>\n<meta name=\"twitter:card\" content=\"summary_large_image\" \/>\n<meta name=\"twitter:label1\" content=\"Dur\u00e9e de lecture estim\u00e9e\" \/>\n\t<meta name=\"twitter:data1\" content=\"1 minute\" \/>\n<script type=\"application\/ld+json\" class=\"yoast-schema-graph\">{\"@context\":\"https:\/\/schema.org\",\"@graph\":[{\"@type\":\"WebPage\",\"@id\":\"https:\/\/www.allinclusivehotels.it\/fr\/hotels\/color-bay-village-milano-marittima\",\"url\":\"https:\/\/www.allinclusivehotels.it\/fr\/hotels\/color-bay-village-milano-marittima\",\"name\":\"Color Bay Village - Milano Marittima - All Inclusive Hotels\",\"isPartOf\":{\"@id\":\"https:\/\/www.allinclusivehotels.it\/fr#website\"},\"datePublished\":\"2024-12-18T13:06:48+00:00\",\"dateModified\":\"2025-03-18T13:33:54+00:00\",\"breadcrumb\":{\"@id\":\"https:\/\/www.allinclusivehotels.it\/fr\/hotels\/color-bay-village-milano-marittima#breadcrumb\"},\"inLanguage\":\"fr-FR\",\"potentialAction\":[{\"@type\":\"ReadAction\",\"target\":[\"https:\/\/www.allinclusivehotels.it\/fr\/hotels\/color-bay-village-milano-marittima\"]}]},{\"@type\":\"BreadcrumbList\",\"@id\":\"https:\/\/www.allinclusivehotels.it\/fr\/hotels\/color-bay-village-milano-marittima#breadcrumb\",\"itemListElement\":[{\"@type\":\"ListItem\",\"position\":1,\"name\":\"Home\",\"item\":\"https:\/\/www.allinclusivehotels.it\/fr\"},{\"@type\":\"ListItem\",\"position\":2,\"name\":\"H\u00f4tels\",\"item\":\"https:\/\/www.allinclusivehotels.it\/fr\/hotels\"},{\"@type\":\"ListItem\",\"position\":3,\"name\":\"Color Bay Village &#8211; Milano Marittima\"}]},{\"@type\":\"WebSite\",\"@id\":\"https:\/\/www.allinclusivehotels.it\/fr#website\",\"url\":\"https:\/\/www.allinclusivehotels.it\/fr\",\"name\":\"All Inclusive Hotels\",\"description\":\"\",\"publisher\":{\"@id\":\"https:\/\/www.allinclusivehotels.it\/fr#organization\"},\"potentialAction\":[{\"@type\":\"SearchAction\",\"target\":{\"@type\":\"EntryPoint\",\"urlTemplate\":\"https:\/\/www.allinclusivehotels.it\/fr?s={search_term_string}\"},\"query-input\":{\"@type\":\"PropertyValueSpecification\",\"valueRequired\":true,\"valueName\":\"search_term_string\"}}],\"inLanguage\":\"fr-FR\"},{\"@type\":\"Organization\",\"@id\":\"https:\/\/www.allinclusivehotels.it\/fr#organization\",\"name\":\"All Inclusive Hotels\",\"url\":\"https:\/\/www.allinclusivehotels.it\/fr\",\"logo\":{\"@type\":\"ImageObject\",\"inLanguage\":\"fr-FR\",\"@id\":\"https:\/\/www.allinclusivehotels.it\/fr#\/schema\/logo\/image\/\",\"url\":\"\",\"contentUrl\":\"\",\"caption\":\"All Inclusive Hotels\"},\"image\":{\"@id\":\"https:\/\/www.allinclusivehotels.it\/fr#\/schema\/logo\/image\/\"}}]}<\/script>\n<!-- \/ Yoast SEO plugin. -->","yoast_head_json":{"title":"Color Bay Village - Milano Marittima - All Inclusive Hotels","robots":{"index":"index","follow":"follow","max-snippet":"max-snippet:-1","max-image-preview":"max-image-preview:large","max-video-preview":"max-video-preview:-1"},"canonical":"https:\/\/www.allinclusivehotels.it\/fr\/hotels\/color-bay-village-milano-marittima","og_locale":"fr_FR","og_type":"article","og_title":"Color Bay Village - Milano Marittima - All Inclusive Hotels","og_description":"Le Color Bay Village &#8211; Milano Marittima, se trouve \u00e0 2 minutes \u00e0 pied de &hellip;","og_url":"https:\/\/www.allinclusivehotels.it\/fr\/hotels\/color-bay-village-milano-marittima","og_site_name":"All Inclusive Hotels","article_modified_time":"2025-03-18T13:33:54+00:00","twitter_card":"summary_large_image","twitter_misc":{"Dur\u00e9e de lecture estim\u00e9e":"1 minute"},"schema":{"@context":"https:\/\/schema.org","@graph":[{"@type":"WebPage","@id":"https:\/\/www.allinclusivehotels.it\/fr\/hotels\/color-bay-village-milano-marittima","url":"https:\/\/www.allinclusivehotels.it\/fr\/hotels\/color-bay-village-milano-marittima","name":"Color Bay Village - Milano Marittima - All Inclusive Hotels","isPartOf":{"@id":"https:\/\/www.allinclusivehotels.it\/fr#website"},"datePublished":"2024-12-18T13:06:48+00:00","dateModified":"2025-03-18T13:33:54+00:00","breadcrumb":{"@id":"https:\/\/www.allinclusivehotels.it\/fr\/hotels\/color-bay-village-milano-marittima#breadcrumb"},"inLanguage":"fr-FR","potentialAction":[{"@type":"ReadAction","target":["https:\/\/www.allinclusivehotels.it\/fr\/hotels\/color-bay-village-milano-marittima"]}]},{"@type":"BreadcrumbList","@id":"https:\/\/www.allinclusivehotels.it\/fr\/hotels\/color-bay-village-milano-marittima#breadcrumb","itemListElement":[{"@type":"ListItem","position":1,"name":"Home","item":"https:\/\/www.allinclusivehotels.it\/fr"},{"@type":"ListItem","position":2,"name":"H\u00f4tels","item":"https:\/\/www.allinclusivehotels.it\/fr\/hotels"},{"@type":"ListItem","position":3,"name":"Color Bay Village &#8211; Milano Marittima"}]},{"@type":"WebSite","@id":"https:\/\/www.allinclusivehotels.it\/fr#website","url":"https:\/\/www.allinclusivehotels.it\/fr","name":"All Inclusive Hotels","description":"","publisher":{"@id":"https:\/\/www.allinclusivehotels.it\/fr#organization"},"potentialAction":[{"@type":"SearchAction","target":{"@type":"EntryPoint","urlTemplate":"https:\/\/www.allinclusivehotels.it\/fr?s={search_term_string}"},"query-input":{"@type":"PropertyValueSpecification","valueRequired":true,"valueName":"search_term_string"}}],"inLanguage":"fr-FR"},{"@type":"Organization","@id":"https:\/\/www.allinclusivehotels.it\/fr#organization","name":"All Inclusive Hotels","url":"https:\/\/www.allinclusivehotels.it\/fr","logo":{"@type":"ImageObject","inLanguage":"fr-FR","@id":"https:\/\/www.allinclusivehotels.it\/fr#\/schema\/logo\/image\/","url":"","contentUrl":"","caption":"All Inclusive Hotels"},"image":{"@id":"https:\/\/www.allinclusivehotels.it\/fr#\/schema\/logo\/image\/"}}]}},"_links":{"self":[{"href":"https:\/\/www.allinclusivehotels.it\/fr\/wp-json\/wp\/v2\/pages\/40523","targetHints":{"allow":["GET"]}}],"collection":[{"href":"https:\/\/www.allinclusivehotels.it\/fr\/wp-json\/wp\/v2\/pages"}],"about":[{"href":"https:\/\/www.allinclusivehotels.it\/fr\/wp-json\/wp\/v2\/types\/page"}],"author":[{"embeddable":true,"href":"https:\/\/www.allinclusivehotels.it\/fr\/wp-json\/wp\/v2\/users\/1"}],"replies":[{"embeddable":true,"href":"https:\/\/www.allinclusivehotels.it\/fr\/wp-json\/wp\/v2\/comments?post=40523"}],"version-history":[{"count":2,"href":"https:\/\/www.allinclusivehotels.it\/fr\/wp-json\/wp\/v2\/pages\/40523\/revisions"}],"predecessor-version":[{"id":44152,"href":"https:\/\/www.allinclusivehotels.it\/fr\/wp-json\/wp\/v2\/pages\/40523\/revisions\/44152"}],"up":[{"embeddable":true,"href":"https:\/\/www.allinclusivehotels.it\/fr\/wp-json\/wp\/v2\/pages\/8241"}],"wp:attachment":[{"href":"https:\/\/www.allinclusivehotels.it\/fr\/wp-json\/wp\/v2\/media?parent=40523"}],"curies":[{"name":"wp","href":"https:\/\/api.w.org\/{rel}","templated":true}]}}