{"id":40507,"date":"2024-12-17T14:38:17","date_gmt":"2024-12-17T13:38:17","guid":{"rendered":"https:\/\/www.allinclusivehotels.it\/hotels\/ghe-grand-hotel-excelsior"},"modified":"2025-02-20T17:23:01","modified_gmt":"2025-02-20T16:23:01","slug":"ghe-grand-hotel-excelsior","status":"publish","type":"page","link":"https:\/\/www.allinclusivehotels.it\/fr\/hotels\/ghe-grand-hotel-excelsior","title":{"rendered":"Ghe &#8211; Grand H\u00f4tel Excelsior"},"content":{"rendered":"\n<p>Au<b> Grand H\u00f4tel Excelsior de Senigallia<\/b>, traversez la rue et plongez vos pieds dans le sable doux de la c\u00e9l\u00e8bre plage de velours. Le<b> All Inclusive GHE<\/b> comprend \u00e9galement un <b>parasol et 2 transats<\/b> disponibles dans l&#039;\u00e9tablissement baln\u00e9aire partenaire, mais si vous pr\u00e9f\u00e9rez s\u00e9journer \u00e0 l&#039;h\u00f4tel, vous pourrez profiter de l\u2019<b>espace solarium<\/b> avec ses <b>transats <\/b>et sa grande <b>piscine <\/b>\u00e9quip\u00e9e de jets d\u2019eau pour massage et d\u2019une<b> zone d&#039;eau peu profonde<\/b> d\u00e9di\u00e9e aux plus petits.<\/p>\n\n\n\n<!--more-->\n\n\n\n<p>Le Grand H\u00f4tel Excelsior est un <b>Family Hotel <\/b>avec <b>services pour enfants<\/b>. Outre les animations, organis\u00e9es par une <b>\u00e9quipe d&#039;animateurs <\/b>professionnels, vous y trouverez \u00e9galement une <b>aire de jeux <\/b>color\u00e9e o\u00f9 les enfants pourront jouer en toute s\u00e9curit\u00e9. De juin \u00e0 ao\u00fbt, nombreuses sont les <b>activit\u00e9s organis\u00e9es dans la piscine<\/b>, avec <b>go\u00fbters <\/b>de l\u2019apr\u00e8s-midi et la tr\u00e8s amusante <b>baby dance<\/b> en soir\u00e9e.<\/p>\n\n\n\n<p>P\u00e9riodiquement, l&#039;h\u00f4tel organise \u00e9galement des moments de <b>divertissement pour adultes<\/b>, comme des <b>d\u00e9gustations <\/b>ou des <b>soir\u00e9es <\/b>dansantes sur la terrasse avec vue sur la mer. Le Grand H\u00f4tel Excelsior <b>accepte les animaux de compagnie<\/b>\u00a0: les animaux sont les bienvenus et si vous voyagez avec votre chien, vous trouverez un kit de bienvenue \u00e0 votre arriv\u00e9e.<\/p>\n\n\n\n<p>L&#039;h\u00f4tel propose un service <b>All Inclusive avec eau et vin aux repas<\/b>\u00a0; il garantit la disponibilit\u00e9 de <b>v\u00e9los <\/b>\u00e0 usage gratuit, un <b>espace fitness<\/b> \u00e9co-durable, un <b>bar <\/b>ouvert toute la journ\u00e9e, un <b>garage<\/b> et un <b>parking <\/b>priv\u00e9 (avec places limit\u00e9es), sans oublier le <b>Wi-Fi <\/b>illimit\u00e9.<\/p>\n","protected":false},"excerpt":{"rendered":"<p>Au Grand H\u00f4tel Excelsior de Senigallia, traversez la rue et plongez vos pieds dans le &hellip;<\/p>\n","protected":false},"author":1,"featured_media":0,"parent":8241,"menu_order":0,"comment_status":"closed","ping_status":"closed","template":"page-templates\/scheda_hotel.php","meta":{"_acf_changed":false,"footnotes":""},"class_list":["post-40507","page","type-page","status-publish","hentry"],"acf":[],"yoast_head":"<!-- This site is optimized with the Yoast SEO plugin v27.0 - https:\/\/yoast.com\/product\/yoast-seo-wordpress\/ -->\n<title>Ghe - Grand H\u00f4tel Excelsior - All Inclusive Hotels<\/title>\n<meta name=\"robots\" content=\"index, follow, max-snippet:-1, max-image-preview:large, max-video-preview:-1\" \/>\n<link rel=\"canonical\" href=\"https:\/\/www.allinclusivehotels.it\/fr\/hotels\/ghe-grand-hotel-excelsior\" \/>\n<meta property=\"og:locale\" content=\"fr_FR\" \/>\n<meta property=\"og:type\" content=\"article\" \/>\n<meta property=\"og:title\" content=\"Ghe - Grand H\u00f4tel Excelsior - All Inclusive Hotels\" \/>\n<meta property=\"og:description\" content=\"Au Grand H\u00f4tel Excelsior de Senigallia, traversez la rue et plongez vos pieds dans le &hellip;\" \/>\n<meta property=\"og:url\" content=\"https:\/\/www.allinclusivehotels.it\/fr\/hotels\/ghe-grand-hotel-excelsior\" \/>\n<meta property=\"og:site_name\" content=\"All Inclusive Hotels\" \/>\n<meta property=\"article:modified_time\" content=\"2025-02-20T16:23:01+00:00\" \/>\n<meta name=\"twitter:card\" content=\"summary_large_image\" \/>\n<meta name=\"twitter:label1\" content=\"Dur\u00e9e de lecture estim\u00e9e\" \/>\n\t<meta name=\"twitter:data1\" content=\"1 minute\" \/>\n<script type=\"application\/ld+json\" class=\"yoast-schema-graph\">{\"@context\":\"https:\/\/schema.org\",\"@graph\":[{\"@type\":\"WebPage\",\"@id\":\"https:\/\/www.allinclusivehotels.it\/fr\/hotels\/ghe-grand-hotel-excelsior\",\"url\":\"https:\/\/www.allinclusivehotels.it\/fr\/hotels\/ghe-grand-hotel-excelsior\",\"name\":\"Ghe - Grand H\u00f4tel Excelsior - All Inclusive Hotels\",\"isPartOf\":{\"@id\":\"https:\/\/www.allinclusivehotels.it\/fr#website\"},\"datePublished\":\"2024-12-17T13:38:17+00:00\",\"dateModified\":\"2025-02-20T16:23:01+00:00\",\"breadcrumb\":{\"@id\":\"https:\/\/www.allinclusivehotels.it\/fr\/hotels\/ghe-grand-hotel-excelsior#breadcrumb\"},\"inLanguage\":\"fr-FR\",\"potentialAction\":[{\"@type\":\"ReadAction\",\"target\":[\"https:\/\/www.allinclusivehotels.it\/fr\/hotels\/ghe-grand-hotel-excelsior\"]}]},{\"@type\":\"BreadcrumbList\",\"@id\":\"https:\/\/www.allinclusivehotels.it\/fr\/hotels\/ghe-grand-hotel-excelsior#breadcrumb\",\"itemListElement\":[{\"@type\":\"ListItem\",\"position\":1,\"name\":\"Home\",\"item\":\"https:\/\/www.allinclusivehotels.it\/fr\"},{\"@type\":\"ListItem\",\"position\":2,\"name\":\"H\u00f4tels\",\"item\":\"https:\/\/www.allinclusivehotels.it\/fr\/hotels\"},{\"@type\":\"ListItem\",\"position\":3,\"name\":\"Ghe &#8211; Grand H\u00f4tel Excelsior\"}]},{\"@type\":\"WebSite\",\"@id\":\"https:\/\/www.allinclusivehotels.it\/fr#website\",\"url\":\"https:\/\/www.allinclusivehotels.it\/fr\",\"name\":\"All Inclusive Hotels\",\"description\":\"\",\"publisher\":{\"@id\":\"https:\/\/www.allinclusivehotels.it\/fr#organization\"},\"potentialAction\":[{\"@type\":\"SearchAction\",\"target\":{\"@type\":\"EntryPoint\",\"urlTemplate\":\"https:\/\/www.allinclusivehotels.it\/fr?s={search_term_string}\"},\"query-input\":{\"@type\":\"PropertyValueSpecification\",\"valueRequired\":true,\"valueName\":\"search_term_string\"}}],\"inLanguage\":\"fr-FR\"},{\"@type\":\"Organization\",\"@id\":\"https:\/\/www.allinclusivehotels.it\/fr#organization\",\"name\":\"All Inclusive Hotels\",\"url\":\"https:\/\/www.allinclusivehotels.it\/fr\",\"logo\":{\"@type\":\"ImageObject\",\"inLanguage\":\"fr-FR\",\"@id\":\"https:\/\/www.allinclusivehotels.it\/fr#\/schema\/logo\/image\/\",\"url\":\"\",\"contentUrl\":\"\",\"caption\":\"All Inclusive Hotels\"},\"image\":{\"@id\":\"https:\/\/www.allinclusivehotels.it\/fr#\/schema\/logo\/image\/\"}}]}<\/script>\n<!-- \/ Yoast SEO plugin. -->","yoast_head_json":{"title":"Ghe - Grand H\u00f4tel Excelsior - All Inclusive Hotels","robots":{"index":"index","follow":"follow","max-snippet":"max-snippet:-1","max-image-preview":"max-image-preview:large","max-video-preview":"max-video-preview:-1"},"canonical":"https:\/\/www.allinclusivehotels.it\/fr\/hotels\/ghe-grand-hotel-excelsior","og_locale":"fr_FR","og_type":"article","og_title":"Ghe - Grand H\u00f4tel Excelsior - All Inclusive Hotels","og_description":"Au Grand H\u00f4tel Excelsior de Senigallia, traversez la rue et plongez vos pieds dans le &hellip;","og_url":"https:\/\/www.allinclusivehotels.it\/fr\/hotels\/ghe-grand-hotel-excelsior","og_site_name":"All Inclusive Hotels","article_modified_time":"2025-02-20T16:23:01+00:00","twitter_card":"summary_large_image","twitter_misc":{"Dur\u00e9e de lecture estim\u00e9e":"1 minute"},"schema":{"@context":"https:\/\/schema.org","@graph":[{"@type":"WebPage","@id":"https:\/\/www.allinclusivehotels.it\/fr\/hotels\/ghe-grand-hotel-excelsior","url":"https:\/\/www.allinclusivehotels.it\/fr\/hotels\/ghe-grand-hotel-excelsior","name":"Ghe - Grand H\u00f4tel Excelsior - All Inclusive Hotels","isPartOf":{"@id":"https:\/\/www.allinclusivehotels.it\/fr#website"},"datePublished":"2024-12-17T13:38:17+00:00","dateModified":"2025-02-20T16:23:01+00:00","breadcrumb":{"@id":"https:\/\/www.allinclusivehotels.it\/fr\/hotels\/ghe-grand-hotel-excelsior#breadcrumb"},"inLanguage":"fr-FR","potentialAction":[{"@type":"ReadAction","target":["https:\/\/www.allinclusivehotels.it\/fr\/hotels\/ghe-grand-hotel-excelsior"]}]},{"@type":"BreadcrumbList","@id":"https:\/\/www.allinclusivehotels.it\/fr\/hotels\/ghe-grand-hotel-excelsior#breadcrumb","itemListElement":[{"@type":"ListItem","position":1,"name":"Home","item":"https:\/\/www.allinclusivehotels.it\/fr"},{"@type":"ListItem","position":2,"name":"H\u00f4tels","item":"https:\/\/www.allinclusivehotels.it\/fr\/hotels"},{"@type":"ListItem","position":3,"name":"Ghe &#8211; Grand H\u00f4tel Excelsior"}]},{"@type":"WebSite","@id":"https:\/\/www.allinclusivehotels.it\/fr#website","url":"https:\/\/www.allinclusivehotels.it\/fr","name":"All Inclusive Hotels","description":"","publisher":{"@id":"https:\/\/www.allinclusivehotels.it\/fr#organization"},"potentialAction":[{"@type":"SearchAction","target":{"@type":"EntryPoint","urlTemplate":"https:\/\/www.allinclusivehotels.it\/fr?s={search_term_string}"},"query-input":{"@type":"PropertyValueSpecification","valueRequired":true,"valueName":"search_term_string"}}],"inLanguage":"fr-FR"},{"@type":"Organization","@id":"https:\/\/www.allinclusivehotels.it\/fr#organization","name":"All Inclusive Hotels","url":"https:\/\/www.allinclusivehotels.it\/fr","logo":{"@type":"ImageObject","inLanguage":"fr-FR","@id":"https:\/\/www.allinclusivehotels.it\/fr#\/schema\/logo\/image\/","url":"","contentUrl":"","caption":"All Inclusive Hotels"},"image":{"@id":"https:\/\/www.allinclusivehotels.it\/fr#\/schema\/logo\/image\/"}}]}},"_links":{"self":[{"href":"https:\/\/www.allinclusivehotels.it\/fr\/wp-json\/wp\/v2\/pages\/40507","targetHints":{"allow":["GET"]}}],"collection":[{"href":"https:\/\/www.allinclusivehotels.it\/fr\/wp-json\/wp\/v2\/pages"}],"about":[{"href":"https:\/\/www.allinclusivehotels.it\/fr\/wp-json\/wp\/v2\/types\/page"}],"author":[{"embeddable":true,"href":"https:\/\/www.allinclusivehotels.it\/fr\/wp-json\/wp\/v2\/users\/1"}],"replies":[{"embeddable":true,"href":"https:\/\/www.allinclusivehotels.it\/fr\/wp-json\/wp\/v2\/comments?post=40507"}],"version-history":[{"count":3,"href":"https:\/\/www.allinclusivehotels.it\/fr\/wp-json\/wp\/v2\/pages\/40507\/revisions"}],"predecessor-version":[{"id":43335,"href":"https:\/\/www.allinclusivehotels.it\/fr\/wp-json\/wp\/v2\/pages\/40507\/revisions\/43335"}],"up":[{"embeddable":true,"href":"https:\/\/www.allinclusivehotels.it\/fr\/wp-json\/wp\/v2\/pages\/8241"}],"wp:attachment":[{"href":"https:\/\/www.allinclusivehotels.it\/fr\/wp-json\/wp\/v2\/media?parent=40507"}],"curies":[{"name":"wp","href":"https:\/\/api.w.org\/{rel}","templated":true}]}}