{"id":37883,"date":"2024-07-08T08:41:51","date_gmt":"2024-07-08T06:41:51","guid":{"rendered":"https:\/\/www.allinclusivehotels.it\/hotels\/hotel-baltic"},"modified":"2024-08-07T12:50:29","modified_gmt":"2024-08-07T10:50:29","slug":"hotel-baltic-2","status":"publish","type":"page","link":"https:\/\/www.allinclusivehotels.it\/fr\/hotels\/hotel-baltic-2","title":{"rendered":"Hotel Baltic"},"content":{"rendered":"\n<p>L&#039;<b>Hotel Baltic d\u2019Alba Adriatica<\/b> a une magnifique position <b>face \u00e0 la mer<\/b>. La <b>plage priv\u00e9e<\/b> se trouve \u00e0 seulement 30 m\u00e8tres, ainsi vous pouvez facilement y aller \u00e0 pied quand vous le souhaitez, en faisant une agr\u00e9able promenade \u00e0 travers la pin\u00e8de. En formule All Inclusive un <b>parasol et deux transats sont toujours inclus<\/b>, en outre vous trouverez de l\u2019animation et un espace de jeux pour les enfants.<\/p>\n\n\n\n<!--more-->\n\n\n\n<p>L\u2019h\u00f4tel poss\u00e8de \u00e9galement une <b>piscine <\/b>avec coin jacuzzi et<b> zone b\u00e9b\u00e9 d\u2019eau peu profonde<\/b>, parfaite m\u00eame pour les plus petits.<\/p>\n\n\n\n<p>L\u2019<b>\u00e9quipe d\u2019animation <\/b>de l&#039;Hotel Baltic organise <b>des activit\u00e9s pour les enfants et les adultes <\/b>sur la plage et \u00e0 l&#039;h\u00f4tel, par exemple, des tournois sportifs, jeu-ap\u00e9ritif, Mini-Club, danses de groupe et Baby Dance, yoga, r\u00e9veil musculaire, aquafitness, animation en soir\u00e9e.<\/p>\n\n\n\n<p>Au-del\u00e0 de tous les <b>services pour les enfants <\/b>dans la chambre et la salle de manger- chauffe-biberon, lit avec des bords hauts, barri\u00e8res antichute, veilleuse, rehausseur pour lavabo, baignoires pour b\u00e9b\u00e9, table \u00e0 langer, chaises hautes, couverts et verres en couleur, serviettes, tout le n\u00e9cessaire pour le sevrage &#8211; l&#039;h\u00f4tel dispose du <b>service de baby-sitter<\/b> et de <b>p\u00e9diatre<\/b>, tous les deux sur demande.<\/p>\n\n\n\n<p>\u00c0 l&#039;Hotel Baltic les <b>animaux domestiques sont les bienvenus<\/b>.<\/p>\n","protected":false},"excerpt":{"rendered":"<p>L&#039;Hotel Baltic d\u2019Alba Adriatica a une magnifique position face \u00e0 la mer. La plage priv\u00e9e &hellip;<\/p>\n","protected":false},"author":1,"featured_media":0,"parent":8241,"menu_order":0,"comment_status":"closed","ping_status":"closed","template":"page-templates\/scheda_hotel.php","meta":{"_acf_changed":false,"footnotes":""},"class_list":["post-37883","page","type-page","status-publish","hentry"],"acf":[],"yoast_head":"<!-- This site is optimized with the Yoast SEO plugin v27.0 - https:\/\/yoast.com\/product\/yoast-seo-wordpress\/ -->\n<title>Hotel Baltic - All Inclusive Hotels<\/title>\n<meta name=\"robots\" content=\"index, follow, max-snippet:-1, max-image-preview:large, max-video-preview:-1\" \/>\n<link rel=\"canonical\" href=\"https:\/\/www.allinclusivehotels.it\/fr\/hotels\/hotel-baltic-2\" \/>\n<meta property=\"og:locale\" content=\"fr_FR\" \/>\n<meta property=\"og:type\" content=\"article\" \/>\n<meta property=\"og:title\" content=\"Hotel Baltic - All Inclusive Hotels\" \/>\n<meta property=\"og:description\" content=\"L&#039;Hotel Baltic d\u2019Alba Adriatica a une magnifique position face \u00e0 la mer. La plage priv\u00e9e &hellip;\" \/>\n<meta property=\"og:url\" content=\"https:\/\/www.allinclusivehotels.it\/fr\/hotels\/hotel-baltic-2\" \/>\n<meta property=\"og:site_name\" content=\"All Inclusive Hotels\" \/>\n<meta property=\"article:modified_time\" content=\"2024-08-07T10:50:29+00:00\" \/>\n<meta name=\"twitter:card\" content=\"summary_large_image\" \/>\n<meta name=\"twitter:label1\" content=\"Dur\u00e9e de lecture estim\u00e9e\" \/>\n\t<meta name=\"twitter:data1\" content=\"1 minute\" \/>\n<script type=\"application\/ld+json\" class=\"yoast-schema-graph\">{\"@context\":\"https:\/\/schema.org\",\"@graph\":[{\"@type\":\"WebPage\",\"@id\":\"https:\/\/www.allinclusivehotels.it\/fr\/hotels\/hotel-baltic-2\",\"url\":\"https:\/\/www.allinclusivehotels.it\/fr\/hotels\/hotel-baltic-2\",\"name\":\"Hotel Baltic - All Inclusive Hotels\",\"isPartOf\":{\"@id\":\"https:\/\/www.allinclusivehotels.it\/fr#website\"},\"datePublished\":\"2024-07-08T06:41:51+00:00\",\"dateModified\":\"2024-08-07T10:50:29+00:00\",\"breadcrumb\":{\"@id\":\"https:\/\/www.allinclusivehotels.it\/fr\/hotels\/hotel-baltic-2#breadcrumb\"},\"inLanguage\":\"fr-FR\",\"potentialAction\":[{\"@type\":\"ReadAction\",\"target\":[\"https:\/\/www.allinclusivehotels.it\/fr\/hotels\/hotel-baltic-2\"]}]},{\"@type\":\"BreadcrumbList\",\"@id\":\"https:\/\/www.allinclusivehotels.it\/fr\/hotels\/hotel-baltic-2#breadcrumb\",\"itemListElement\":[{\"@type\":\"ListItem\",\"position\":1,\"name\":\"Home\",\"item\":\"https:\/\/www.allinclusivehotels.it\/fr\"},{\"@type\":\"ListItem\",\"position\":2,\"name\":\"H\u00f4tels\",\"item\":\"https:\/\/www.allinclusivehotels.it\/fr\/hotels\"},{\"@type\":\"ListItem\",\"position\":3,\"name\":\"Hotel Baltic\"}]},{\"@type\":\"WebSite\",\"@id\":\"https:\/\/www.allinclusivehotels.it\/fr#website\",\"url\":\"https:\/\/www.allinclusivehotels.it\/fr\",\"name\":\"All Inclusive Hotels\",\"description\":\"\",\"publisher\":{\"@id\":\"https:\/\/www.allinclusivehotels.it\/fr#organization\"},\"potentialAction\":[{\"@type\":\"SearchAction\",\"target\":{\"@type\":\"EntryPoint\",\"urlTemplate\":\"https:\/\/www.allinclusivehotels.it\/fr?s={search_term_string}\"},\"query-input\":{\"@type\":\"PropertyValueSpecification\",\"valueRequired\":true,\"valueName\":\"search_term_string\"}}],\"inLanguage\":\"fr-FR\"},{\"@type\":\"Organization\",\"@id\":\"https:\/\/www.allinclusivehotels.it\/fr#organization\",\"name\":\"All Inclusive Hotels\",\"url\":\"https:\/\/www.allinclusivehotels.it\/fr\",\"logo\":{\"@type\":\"ImageObject\",\"inLanguage\":\"fr-FR\",\"@id\":\"https:\/\/www.allinclusivehotels.it\/fr#\/schema\/logo\/image\/\",\"url\":\"\",\"contentUrl\":\"\",\"caption\":\"All Inclusive Hotels\"},\"image\":{\"@id\":\"https:\/\/www.allinclusivehotels.it\/fr#\/schema\/logo\/image\/\"}}]}<\/script>\n<!-- \/ Yoast SEO plugin. -->","yoast_head_json":{"title":"Hotel Baltic - All Inclusive Hotels","robots":{"index":"index","follow":"follow","max-snippet":"max-snippet:-1","max-image-preview":"max-image-preview:large","max-video-preview":"max-video-preview:-1"},"canonical":"https:\/\/www.allinclusivehotels.it\/fr\/hotels\/hotel-baltic-2","og_locale":"fr_FR","og_type":"article","og_title":"Hotel Baltic - All Inclusive Hotels","og_description":"L&#039;Hotel Baltic d\u2019Alba Adriatica a une magnifique position face \u00e0 la mer. La plage priv\u00e9e &hellip;","og_url":"https:\/\/www.allinclusivehotels.it\/fr\/hotels\/hotel-baltic-2","og_site_name":"All Inclusive Hotels","article_modified_time":"2024-08-07T10:50:29+00:00","twitter_card":"summary_large_image","twitter_misc":{"Dur\u00e9e de lecture estim\u00e9e":"1 minute"},"schema":{"@context":"https:\/\/schema.org","@graph":[{"@type":"WebPage","@id":"https:\/\/www.allinclusivehotels.it\/fr\/hotels\/hotel-baltic-2","url":"https:\/\/www.allinclusivehotels.it\/fr\/hotels\/hotel-baltic-2","name":"Hotel Baltic - All Inclusive Hotels","isPartOf":{"@id":"https:\/\/www.allinclusivehotels.it\/fr#website"},"datePublished":"2024-07-08T06:41:51+00:00","dateModified":"2024-08-07T10:50:29+00:00","breadcrumb":{"@id":"https:\/\/www.allinclusivehotels.it\/fr\/hotels\/hotel-baltic-2#breadcrumb"},"inLanguage":"fr-FR","potentialAction":[{"@type":"ReadAction","target":["https:\/\/www.allinclusivehotels.it\/fr\/hotels\/hotel-baltic-2"]}]},{"@type":"BreadcrumbList","@id":"https:\/\/www.allinclusivehotels.it\/fr\/hotels\/hotel-baltic-2#breadcrumb","itemListElement":[{"@type":"ListItem","position":1,"name":"Home","item":"https:\/\/www.allinclusivehotels.it\/fr"},{"@type":"ListItem","position":2,"name":"H\u00f4tels","item":"https:\/\/www.allinclusivehotels.it\/fr\/hotels"},{"@type":"ListItem","position":3,"name":"Hotel Baltic"}]},{"@type":"WebSite","@id":"https:\/\/www.allinclusivehotels.it\/fr#website","url":"https:\/\/www.allinclusivehotels.it\/fr","name":"All Inclusive Hotels","description":"","publisher":{"@id":"https:\/\/www.allinclusivehotels.it\/fr#organization"},"potentialAction":[{"@type":"SearchAction","target":{"@type":"EntryPoint","urlTemplate":"https:\/\/www.allinclusivehotels.it\/fr?s={search_term_string}"},"query-input":{"@type":"PropertyValueSpecification","valueRequired":true,"valueName":"search_term_string"}}],"inLanguage":"fr-FR"},{"@type":"Organization","@id":"https:\/\/www.allinclusivehotels.it\/fr#organization","name":"All Inclusive Hotels","url":"https:\/\/www.allinclusivehotels.it\/fr","logo":{"@type":"ImageObject","inLanguage":"fr-FR","@id":"https:\/\/www.allinclusivehotels.it\/fr#\/schema\/logo\/image\/","url":"","contentUrl":"","caption":"All Inclusive Hotels"},"image":{"@id":"https:\/\/www.allinclusivehotels.it\/fr#\/schema\/logo\/image\/"}}]}},"_links":{"self":[{"href":"https:\/\/www.allinclusivehotels.it\/fr\/wp-json\/wp\/v2\/pages\/37883","targetHints":{"allow":["GET"]}}],"collection":[{"href":"https:\/\/www.allinclusivehotels.it\/fr\/wp-json\/wp\/v2\/pages"}],"about":[{"href":"https:\/\/www.allinclusivehotels.it\/fr\/wp-json\/wp\/v2\/types\/page"}],"author":[{"embeddable":true,"href":"https:\/\/www.allinclusivehotels.it\/fr\/wp-json\/wp\/v2\/users\/1"}],"replies":[{"embeddable":true,"href":"https:\/\/www.allinclusivehotels.it\/fr\/wp-json\/wp\/v2\/comments?post=37883"}],"version-history":[{"count":2,"href":"https:\/\/www.allinclusivehotels.it\/fr\/wp-json\/wp\/v2\/pages\/37883\/revisions"}],"predecessor-version":[{"id":39203,"href":"https:\/\/www.allinclusivehotels.it\/fr\/wp-json\/wp\/v2\/pages\/37883\/revisions\/39203"}],"up":[{"embeddable":true,"href":"https:\/\/www.allinclusivehotels.it\/fr\/wp-json\/wp\/v2\/pages\/8241"}],"wp:attachment":[{"href":"https:\/\/www.allinclusivehotels.it\/fr\/wp-json\/wp\/v2\/media?parent=37883"}],"curies":[{"name":"wp","href":"https:\/\/api.w.org\/{rel}","templated":true}]}}