{"id":37060,"date":"2024-04-30T11:15:11","date_gmt":"2024-04-30T09:15:11","guid":{"rendered":"https:\/\/www.allinclusivehotels.it\/villages\/lido-del-mare"},"modified":"2026-01-20T14:27:25","modified_gmt":"2026-01-20T13:27:25","slug":"lido-del-mare","status":"publish","type":"page","link":"https:\/\/www.allinclusivehotels.it\/fr\/villages\/lido-del-mare","title":{"rendered":"Lido del Mare"},"content":{"rendered":"\n<p><b>Lido del Mare<\/b> est un <b>village<\/b> touriste situ\u00e9 entre <b>Lido del Sole<\/b> et <b>Rodi Garganico<\/b>. Il b\u00e9n\u00e9ficie d&#8217;un emplacement splendide en bord de mer, juste en face d\u2019une <b>plage priv\u00e9e<\/b>, avec <b>1 parasol et 2 transats toujours inclus<\/b>.<\/p>\n\n\n\n<!--more-->\n\n\n\n<p>\u00c0 Lido del Mare, des journ\u00e9es de soleil, de mer, de d\u00e9tente et de divertissement vous attendent gr\u00e2ce \u00e0 notre <b>piscine<\/b> ensoleill\u00e9e, aux <b>animations<\/b> pour adultes et enfants, aux<b> excursions aux \u00eeles Tremiti<\/b> que le village organise pour ses h\u00f4tes, mais \u00e9galement au <b>terrain de p\u00e9tanque<\/b>, aux s\u00e9ances de tir \u00e0 l&#8217;arc, au terrain polyvalent pour jouer <b>football <\/b>et au <b>tennis<\/b>.<\/p>\n\n\n\n<p>Le village, bien organis\u00e9 et pas trop grand, est id\u00e9al pour des <b>vacances avec des enfants<\/b> pour lesquels, outre le <b>divertissement<\/b>, vous trouverez \u00e9galement une <b>grande aire de jeux<\/b>.<\/p>\n\n\n\n<p>\u00c0 Lido del Mare, les <b>animaux sont les bienvenus<\/b>. De plus, les clients ont acc\u00e8s \u00e0 un <b>parking gratuit<\/b> interne.<\/p>\n","protected":false},"excerpt":{"rendered":"<p>Lido del Mare est un village touriste situ\u00e9 entre Lido del Sole et Rodi Garganico. &hellip;<\/p>\n","protected":false},"author":1,"featured_media":0,"parent":8229,"menu_order":0,"comment_status":"closed","ping_status":"closed","template":"page-templates\/scheda_hotel.php","meta":{"_acf_changed":false,"footnotes":""},"class_list":["post-37060","page","type-page","status-publish","hentry"],"acf":[],"yoast_head":"<!-- This site is optimized with the Yoast SEO plugin v27.0 - https:\/\/yoast.com\/product\/yoast-seo-wordpress\/ -->\n<title>Offres All Inclusive Lido del Mare de Rodi Garganico<\/title>\n<meta name=\"description\" content=\"Envie de vacances\u00a0? D\u00e9couvrez les offres All Inclusive et forfaits tout compris du Village Lido del Mare de Rodi Garganico\u00a0!\" \/>\n<meta name=\"robots\" content=\"index, follow, max-snippet:-1, max-image-preview:large, max-video-preview:-1\" \/>\n<link rel=\"canonical\" href=\"https:\/\/www.allinclusivehotels.it\/fr\/villages\/lido-del-mare\" \/>\n<meta property=\"og:locale\" content=\"fr_FR\" \/>\n<meta property=\"og:type\" content=\"article\" \/>\n<meta property=\"og:title\" content=\"Offres All Inclusive Lido del Mare de Rodi Garganico\" \/>\n<meta property=\"og:description\" content=\"Envie de vacances\u00a0? D\u00e9couvrez les offres All Inclusive et forfaits tout compris du Village Lido del Mare de Rodi Garganico\u00a0!\" \/>\n<meta property=\"og:url\" content=\"https:\/\/www.allinclusivehotels.it\/fr\/villages\/lido-del-mare\" \/>\n<meta property=\"og:site_name\" content=\"All Inclusive Hotels\" \/>\n<meta property=\"article:modified_time\" content=\"2026-01-20T13:27:25+00:00\" \/>\n<meta name=\"twitter:card\" content=\"summary_large_image\" \/>\n<meta name=\"twitter:label1\" content=\"Dur\u00e9e de lecture estim\u00e9e\" \/>\n\t<meta name=\"twitter:data1\" content=\"1 minute\" \/>\n<script type=\"application\/ld+json\" class=\"yoast-schema-graph\">{\"@context\":\"https:\/\/schema.org\",\"@graph\":[{\"@type\":\"WebPage\",\"@id\":\"https:\/\/www.allinclusivehotels.it\/fr\/villages\/lido-del-mare\",\"url\":\"https:\/\/www.allinclusivehotels.it\/fr\/villages\/lido-del-mare\",\"name\":\"Offres All Inclusive Lido del Mare de Rodi Garganico\",\"isPartOf\":{\"@id\":\"https:\/\/www.allinclusivehotels.it\/fr#website\"},\"datePublished\":\"2024-04-30T09:15:11+00:00\",\"dateModified\":\"2026-01-20T13:27:25+00:00\",\"description\":\"Envie de vacances\u00a0? D\u00e9couvrez les offres All Inclusive et forfaits tout compris du Village Lido del Mare de Rodi Garganico\u00a0!\",\"breadcrumb\":{\"@id\":\"https:\/\/www.allinclusivehotels.it\/fr\/villages\/lido-del-mare#breadcrumb\"},\"inLanguage\":\"fr-FR\",\"potentialAction\":[{\"@type\":\"ReadAction\",\"target\":[\"https:\/\/www.allinclusivehotels.it\/fr\/villages\/lido-del-mare\"]}]},{\"@type\":\"BreadcrumbList\",\"@id\":\"https:\/\/www.allinclusivehotels.it\/fr\/villages\/lido-del-mare#breadcrumb\",\"itemListElement\":[{\"@type\":\"ListItem\",\"position\":1,\"name\":\"Home\",\"item\":\"https:\/\/www.allinclusivehotels.it\/fr\"},{\"@type\":\"ListItem\",\"position\":2,\"name\":\"Villages\",\"item\":\"https:\/\/www.allinclusivehotels.it\/fr\/villages\"},{\"@type\":\"ListItem\",\"position\":3,\"name\":\"Lido del Mare\"}]},{\"@type\":\"WebSite\",\"@id\":\"https:\/\/www.allinclusivehotels.it\/fr#website\",\"url\":\"https:\/\/www.allinclusivehotels.it\/fr\",\"name\":\"All Inclusive Hotels\",\"description\":\"\",\"publisher\":{\"@id\":\"https:\/\/www.allinclusivehotels.it\/fr#organization\"},\"potentialAction\":[{\"@type\":\"SearchAction\",\"target\":{\"@type\":\"EntryPoint\",\"urlTemplate\":\"https:\/\/www.allinclusivehotels.it\/fr?s={search_term_string}\"},\"query-input\":{\"@type\":\"PropertyValueSpecification\",\"valueRequired\":true,\"valueName\":\"search_term_string\"}}],\"inLanguage\":\"fr-FR\"},{\"@type\":\"Organization\",\"@id\":\"https:\/\/www.allinclusivehotels.it\/fr#organization\",\"name\":\"All Inclusive Hotels\",\"url\":\"https:\/\/www.allinclusivehotels.it\/fr\",\"logo\":{\"@type\":\"ImageObject\",\"inLanguage\":\"fr-FR\",\"@id\":\"https:\/\/www.allinclusivehotels.it\/fr#\/schema\/logo\/image\/\",\"url\":\"\",\"contentUrl\":\"\",\"caption\":\"All Inclusive Hotels\"},\"image\":{\"@id\":\"https:\/\/www.allinclusivehotels.it\/fr#\/schema\/logo\/image\/\"}}]}<\/script>\n<!-- \/ Yoast SEO plugin. -->","yoast_head_json":{"title":"Offres All Inclusive Lido del Mare de Rodi Garganico","description":"Envie de vacances\u00a0? D\u00e9couvrez les offres All Inclusive et forfaits tout compris du Village Lido del Mare de Rodi Garganico\u00a0!","robots":{"index":"index","follow":"follow","max-snippet":"max-snippet:-1","max-image-preview":"max-image-preview:large","max-video-preview":"max-video-preview:-1"},"canonical":"https:\/\/www.allinclusivehotels.it\/fr\/villages\/lido-del-mare","og_locale":"fr_FR","og_type":"article","og_title":"Offres All Inclusive Lido del Mare de Rodi Garganico","og_description":"Envie de vacances\u00a0? D\u00e9couvrez les offres All Inclusive et forfaits tout compris du Village Lido del Mare de Rodi Garganico\u00a0!","og_url":"https:\/\/www.allinclusivehotels.it\/fr\/villages\/lido-del-mare","og_site_name":"All Inclusive Hotels","article_modified_time":"2026-01-20T13:27:25+00:00","twitter_card":"summary_large_image","twitter_misc":{"Dur\u00e9e de lecture estim\u00e9e":"1 minute"},"schema":{"@context":"https:\/\/schema.org","@graph":[{"@type":"WebPage","@id":"https:\/\/www.allinclusivehotels.it\/fr\/villages\/lido-del-mare","url":"https:\/\/www.allinclusivehotels.it\/fr\/villages\/lido-del-mare","name":"Offres All Inclusive Lido del Mare de Rodi Garganico","isPartOf":{"@id":"https:\/\/www.allinclusivehotels.it\/fr#website"},"datePublished":"2024-04-30T09:15:11+00:00","dateModified":"2026-01-20T13:27:25+00:00","description":"Envie de vacances\u00a0? D\u00e9couvrez les offres All Inclusive et forfaits tout compris du Village Lido del Mare de Rodi Garganico\u00a0!","breadcrumb":{"@id":"https:\/\/www.allinclusivehotels.it\/fr\/villages\/lido-del-mare#breadcrumb"},"inLanguage":"fr-FR","potentialAction":[{"@type":"ReadAction","target":["https:\/\/www.allinclusivehotels.it\/fr\/villages\/lido-del-mare"]}]},{"@type":"BreadcrumbList","@id":"https:\/\/www.allinclusivehotels.it\/fr\/villages\/lido-del-mare#breadcrumb","itemListElement":[{"@type":"ListItem","position":1,"name":"Home","item":"https:\/\/www.allinclusivehotels.it\/fr"},{"@type":"ListItem","position":2,"name":"Villages","item":"https:\/\/www.allinclusivehotels.it\/fr\/villages"},{"@type":"ListItem","position":3,"name":"Lido del Mare"}]},{"@type":"WebSite","@id":"https:\/\/www.allinclusivehotels.it\/fr#website","url":"https:\/\/www.allinclusivehotels.it\/fr","name":"All Inclusive Hotels","description":"","publisher":{"@id":"https:\/\/www.allinclusivehotels.it\/fr#organization"},"potentialAction":[{"@type":"SearchAction","target":{"@type":"EntryPoint","urlTemplate":"https:\/\/www.allinclusivehotels.it\/fr?s={search_term_string}"},"query-input":{"@type":"PropertyValueSpecification","valueRequired":true,"valueName":"search_term_string"}}],"inLanguage":"fr-FR"},{"@type":"Organization","@id":"https:\/\/www.allinclusivehotels.it\/fr#organization","name":"All Inclusive Hotels","url":"https:\/\/www.allinclusivehotels.it\/fr","logo":{"@type":"ImageObject","inLanguage":"fr-FR","@id":"https:\/\/www.allinclusivehotels.it\/fr#\/schema\/logo\/image\/","url":"","contentUrl":"","caption":"All Inclusive Hotels"},"image":{"@id":"https:\/\/www.allinclusivehotels.it\/fr#\/schema\/logo\/image\/"}}]}},"_links":{"self":[{"href":"https:\/\/www.allinclusivehotels.it\/fr\/wp-json\/wp\/v2\/pages\/37060","targetHints":{"allow":["GET"]}}],"collection":[{"href":"https:\/\/www.allinclusivehotels.it\/fr\/wp-json\/wp\/v2\/pages"}],"about":[{"href":"https:\/\/www.allinclusivehotels.it\/fr\/wp-json\/wp\/v2\/types\/page"}],"author":[{"embeddable":true,"href":"https:\/\/www.allinclusivehotels.it\/fr\/wp-json\/wp\/v2\/users\/1"}],"replies":[{"embeddable":true,"href":"https:\/\/www.allinclusivehotels.it\/fr\/wp-json\/wp\/v2\/comments?post=37060"}],"version-history":[{"count":3,"href":"https:\/\/www.allinclusivehotels.it\/fr\/wp-json\/wp\/v2\/pages\/37060\/revisions"}],"predecessor-version":[{"id":50389,"href":"https:\/\/www.allinclusivehotels.it\/fr\/wp-json\/wp\/v2\/pages\/37060\/revisions\/50389"}],"up":[{"embeddable":true,"href":"https:\/\/www.allinclusivehotels.it\/fr\/wp-json\/wp\/v2\/pages\/8229"}],"wp:attachment":[{"href":"https:\/\/www.allinclusivehotels.it\/fr\/wp-json\/wp\/v2\/media?parent=37060"}],"curies":[{"name":"wp","href":"https:\/\/api.w.org\/{rel}","templated":true}]}}