{"id":36488,"date":"2024-04-03T10:53:38","date_gmt":"2024-04-03T08:53:38","guid":{"rendered":"https:\/\/www.allinclusivehotels.it\/hotels\/color-alexandra-plaza-family-hotel"},"modified":"2026-02-17T16:01:16","modified_gmt":"2026-02-17T15:01:16","slug":"color-alexandra-plaza-family-hotel","status":"publish","type":"page","link":"https:\/\/www.allinclusivehotels.it\/fr\/hotels\/color-alexandra-plaza-family-hotel","title":{"rendered":"Color Alexandra Plaza Family Hotel"},"content":{"rendered":"\n<p>Le <b>Color Alexandra Plaza Family Hotel de Riccione<\/b> est un h\u00f4tel <b>4 \u00e9toiles face \u00e0 la mer<\/b> immerg\u00e9 dans un <b>jardin <\/b>priv\u00e9 avec <b>2 piscines<\/b> &#8211; une pour adultes et une pour enfants &#8211; avec <b>acc\u00e8s direct \u00e0 la plage<\/b>. \u00c0 la plage, vous trouverez 1 parasol et 2 transats, des animations et des services modernes pour la famille.<\/p>\n\n\n\n<!--more-->\n\n\n\n<p>La formule sp\u00e9ciale <b>Premium All Inclusive<\/b>, appr\u00e9ci\u00e9e des familles italiennes, garantit <b>24 heures de services inclus<\/b>: <strong>Boissons gratuites<\/strong> toute la journ\u00e9e, y compris Amaro di Romagna, Limoncello et Grappa di Romagna, ainsi que <strong>cocktails gratuits<\/strong> de 20h00 \u00e0 minuit ; l\u2019inoubliable <strong>Color Food Experience<\/strong> ; d\u00e9jeuner avec l\u2019\u00e9quipe d\u2019animation pour les enfants\u00a0; acc\u00e8s illimit\u00e9 aux aires de jeux <b>Mini Cocoland<\/b> et <b>Junior Cocoland<\/b>, ainsi que toutes les activit\u00e9s organis\u00e9es par le personnel d\u2019<b>animation 7j\/7<\/b>, aussi bien pour les enfants que pour les adolescents de 4 \u00e0 18 ans que pour les mamans et papas.<\/p>\n\n\n\n<p>Le matin, le <b>divertissement<\/b> vous attend sur la plage, l&#8217;apr\u00e8s-midi \u00e0 la piscine, et le soir&#8230; Divertissez-vous avec une s\u00e9ance de baby dance, des spectacles et autres cabarets. La formule All Inclusive comprend \u00e9galement les <b>\u00e9v\u00e8nements exclusifs sign\u00e9s Color <\/b>tels que la Foam Party, la Color Explosion et la d\u00e9licieuse Candy Night.<\/p>\n\n\n\n<p>Le Color Alexandra Plaza met \u00e0 disposition des h\u00f4tes des <strong>\u00e9quipements b\u00e9b\u00e9<\/strong> en chambre et au restaurant, <strong>des poussettes, des chauffe-biberons ainsi qu\u2019une cuisine d\u00e9di\u00e9e \u00e0 la pr\u00e9paration des repas pour b\u00e9b\u00e9s<\/strong>, ouverte 24h\/24, o\u00f9 vous trouverez des bouillons de l\u00e9gumes et pourrez pr\u00e9parer les plats pour vos enfants. L\u2019utilisation des <strong>v\u00e9los <\/strong>pour adultes est gratuite.<\/p>\n","protected":false},"excerpt":{"rendered":"<p>Le Color Alexandra Plaza Family Hotel de Riccione est un h\u00f4tel 4 \u00e9toiles face \u00e0 &hellip;<\/p>\n","protected":false},"author":1,"featured_media":0,"parent":8241,"menu_order":0,"comment_status":"closed","ping_status":"closed","template":"page-templates\/scheda_hotel.php","meta":{"_acf_changed":false,"footnotes":""},"class_list":["post-36488","page","type-page","status-publish","hentry"],"acf":[],"yoast_head":"<!-- This site is optimized with the Yoast SEO plugin v27.0 - https:\/\/yoast.com\/product\/yoast-seo-wordpress\/ -->\n<title>Offres All Inclusive Color Alexandra Plaza Family Hotel de Riccione<\/title>\n<meta name=\"description\" content=\"Envie de vacances\u00a0? D\u00e9couvrez les offres All Inclusive et les forfaits tout compris du Color Alexandra Plaza Family Hotel de Riccione\u00a0!\" \/>\n<meta name=\"robots\" content=\"index, follow, max-snippet:-1, max-image-preview:large, max-video-preview:-1\" \/>\n<link rel=\"canonical\" href=\"https:\/\/www.allinclusivehotels.it\/fr\/hotels\/color-alexandra-plaza-family-hotel\" \/>\n<meta property=\"og:locale\" content=\"fr_FR\" \/>\n<meta property=\"og:type\" content=\"article\" \/>\n<meta property=\"og:title\" content=\"Offres All Inclusive Color Alexandra Plaza Family Hotel de Riccione\" \/>\n<meta property=\"og:description\" content=\"Envie de vacances\u00a0? D\u00e9couvrez les offres All Inclusive et les forfaits tout compris du Color Alexandra Plaza Family Hotel de Riccione\u00a0!\" \/>\n<meta property=\"og:url\" content=\"https:\/\/www.allinclusivehotels.it\/fr\/hotels\/color-alexandra-plaza-family-hotel\" \/>\n<meta property=\"og:site_name\" content=\"All Inclusive Hotels\" \/>\n<meta property=\"article:modified_time\" content=\"2026-02-17T15:01:16+00:00\" \/>\n<meta name=\"twitter:card\" content=\"summary_large_image\" \/>\n<meta name=\"twitter:label1\" content=\"Dur\u00e9e de lecture estim\u00e9e\" \/>\n\t<meta name=\"twitter:data1\" content=\"2 minutes\" \/>\n<script type=\"application\/ld+json\" class=\"yoast-schema-graph\">{\"@context\":\"https:\/\/schema.org\",\"@graph\":[{\"@type\":\"WebPage\",\"@id\":\"https:\/\/www.allinclusivehotels.it\/fr\/hotels\/color-alexandra-plaza-family-hotel\",\"url\":\"https:\/\/www.allinclusivehotels.it\/fr\/hotels\/color-alexandra-plaza-family-hotel\",\"name\":\"Offres All Inclusive Color Alexandra Plaza Family Hotel de Riccione\",\"isPartOf\":{\"@id\":\"https:\/\/www.allinclusivehotels.it\/fr#website\"},\"datePublished\":\"2024-04-03T08:53:38+00:00\",\"dateModified\":\"2026-02-17T15:01:16+00:00\",\"description\":\"Envie de vacances\u00a0? D\u00e9couvrez les offres All Inclusive et les forfaits tout compris du Color Alexandra Plaza Family Hotel de Riccione\u00a0!\",\"breadcrumb\":{\"@id\":\"https:\/\/www.allinclusivehotels.it\/fr\/hotels\/color-alexandra-plaza-family-hotel#breadcrumb\"},\"inLanguage\":\"fr-FR\",\"potentialAction\":[{\"@type\":\"ReadAction\",\"target\":[\"https:\/\/www.allinclusivehotels.it\/fr\/hotels\/color-alexandra-plaza-family-hotel\"]}]},{\"@type\":\"BreadcrumbList\",\"@id\":\"https:\/\/www.allinclusivehotels.it\/fr\/hotels\/color-alexandra-plaza-family-hotel#breadcrumb\",\"itemListElement\":[{\"@type\":\"ListItem\",\"position\":1,\"name\":\"Home\",\"item\":\"https:\/\/www.allinclusivehotels.it\/fr\"},{\"@type\":\"ListItem\",\"position\":2,\"name\":\"H\u00f4tels\",\"item\":\"https:\/\/www.allinclusivehotels.it\/fr\/hotels\"},{\"@type\":\"ListItem\",\"position\":3,\"name\":\"Color Alexandra Plaza Family Hotel\"}]},{\"@type\":\"WebSite\",\"@id\":\"https:\/\/www.allinclusivehotels.it\/fr#website\",\"url\":\"https:\/\/www.allinclusivehotels.it\/fr\",\"name\":\"All Inclusive Hotels\",\"description\":\"\",\"publisher\":{\"@id\":\"https:\/\/www.allinclusivehotels.it\/fr#organization\"},\"potentialAction\":[{\"@type\":\"SearchAction\",\"target\":{\"@type\":\"EntryPoint\",\"urlTemplate\":\"https:\/\/www.allinclusivehotels.it\/fr?s={search_term_string}\"},\"query-input\":{\"@type\":\"PropertyValueSpecification\",\"valueRequired\":true,\"valueName\":\"search_term_string\"}}],\"inLanguage\":\"fr-FR\"},{\"@type\":\"Organization\",\"@id\":\"https:\/\/www.allinclusivehotels.it\/fr#organization\",\"name\":\"All Inclusive Hotels\",\"url\":\"https:\/\/www.allinclusivehotels.it\/fr\",\"logo\":{\"@type\":\"ImageObject\",\"inLanguage\":\"fr-FR\",\"@id\":\"https:\/\/www.allinclusivehotels.it\/fr#\/schema\/logo\/image\/\",\"url\":\"\",\"contentUrl\":\"\",\"caption\":\"All Inclusive Hotels\"},\"image\":{\"@id\":\"https:\/\/www.allinclusivehotels.it\/fr#\/schema\/logo\/image\/\"}}]}<\/script>\n<!-- \/ Yoast SEO plugin. -->","yoast_head_json":{"title":"Offres All Inclusive Color Alexandra Plaza Family Hotel de Riccione","description":"Envie de vacances\u00a0? D\u00e9couvrez les offres All Inclusive et les forfaits tout compris du Color Alexandra Plaza Family Hotel de Riccione\u00a0!","robots":{"index":"index","follow":"follow","max-snippet":"max-snippet:-1","max-image-preview":"max-image-preview:large","max-video-preview":"max-video-preview:-1"},"canonical":"https:\/\/www.allinclusivehotels.it\/fr\/hotels\/color-alexandra-plaza-family-hotel","og_locale":"fr_FR","og_type":"article","og_title":"Offres All Inclusive Color Alexandra Plaza Family Hotel de Riccione","og_description":"Envie de vacances\u00a0? D\u00e9couvrez les offres All Inclusive et les forfaits tout compris du Color Alexandra Plaza Family Hotel de Riccione\u00a0!","og_url":"https:\/\/www.allinclusivehotels.it\/fr\/hotels\/color-alexandra-plaza-family-hotel","og_site_name":"All Inclusive Hotels","article_modified_time":"2026-02-17T15:01:16+00:00","twitter_card":"summary_large_image","twitter_misc":{"Dur\u00e9e de lecture estim\u00e9e":"2 minutes"},"schema":{"@context":"https:\/\/schema.org","@graph":[{"@type":"WebPage","@id":"https:\/\/www.allinclusivehotels.it\/fr\/hotels\/color-alexandra-plaza-family-hotel","url":"https:\/\/www.allinclusivehotels.it\/fr\/hotels\/color-alexandra-plaza-family-hotel","name":"Offres All Inclusive Color Alexandra Plaza Family Hotel de Riccione","isPartOf":{"@id":"https:\/\/www.allinclusivehotels.it\/fr#website"},"datePublished":"2024-04-03T08:53:38+00:00","dateModified":"2026-02-17T15:01:16+00:00","description":"Envie de vacances\u00a0? D\u00e9couvrez les offres All Inclusive et les forfaits tout compris du Color Alexandra Plaza Family Hotel de Riccione\u00a0!","breadcrumb":{"@id":"https:\/\/www.allinclusivehotels.it\/fr\/hotels\/color-alexandra-plaza-family-hotel#breadcrumb"},"inLanguage":"fr-FR","potentialAction":[{"@type":"ReadAction","target":["https:\/\/www.allinclusivehotels.it\/fr\/hotels\/color-alexandra-plaza-family-hotel"]}]},{"@type":"BreadcrumbList","@id":"https:\/\/www.allinclusivehotels.it\/fr\/hotels\/color-alexandra-plaza-family-hotel#breadcrumb","itemListElement":[{"@type":"ListItem","position":1,"name":"Home","item":"https:\/\/www.allinclusivehotels.it\/fr"},{"@type":"ListItem","position":2,"name":"H\u00f4tels","item":"https:\/\/www.allinclusivehotels.it\/fr\/hotels"},{"@type":"ListItem","position":3,"name":"Color Alexandra Plaza Family Hotel"}]},{"@type":"WebSite","@id":"https:\/\/www.allinclusivehotels.it\/fr#website","url":"https:\/\/www.allinclusivehotels.it\/fr","name":"All Inclusive Hotels","description":"","publisher":{"@id":"https:\/\/www.allinclusivehotels.it\/fr#organization"},"potentialAction":[{"@type":"SearchAction","target":{"@type":"EntryPoint","urlTemplate":"https:\/\/www.allinclusivehotels.it\/fr?s={search_term_string}"},"query-input":{"@type":"PropertyValueSpecification","valueRequired":true,"valueName":"search_term_string"}}],"inLanguage":"fr-FR"},{"@type":"Organization","@id":"https:\/\/www.allinclusivehotels.it\/fr#organization","name":"All Inclusive Hotels","url":"https:\/\/www.allinclusivehotels.it\/fr","logo":{"@type":"ImageObject","inLanguage":"fr-FR","@id":"https:\/\/www.allinclusivehotels.it\/fr#\/schema\/logo\/image\/","url":"","contentUrl":"","caption":"All Inclusive Hotels"},"image":{"@id":"https:\/\/www.allinclusivehotels.it\/fr#\/schema\/logo\/image\/"}}]}},"_links":{"self":[{"href":"https:\/\/www.allinclusivehotels.it\/fr\/wp-json\/wp\/v2\/pages\/36488","targetHints":{"allow":["GET"]}}],"collection":[{"href":"https:\/\/www.allinclusivehotels.it\/fr\/wp-json\/wp\/v2\/pages"}],"about":[{"href":"https:\/\/www.allinclusivehotels.it\/fr\/wp-json\/wp\/v2\/types\/page"}],"author":[{"embeddable":true,"href":"https:\/\/www.allinclusivehotels.it\/fr\/wp-json\/wp\/v2\/users\/1"}],"replies":[{"embeddable":true,"href":"https:\/\/www.allinclusivehotels.it\/fr\/wp-json\/wp\/v2\/comments?post=36488"}],"version-history":[{"count":5,"href":"https:\/\/www.allinclusivehotels.it\/fr\/wp-json\/wp\/v2\/pages\/36488\/revisions"}],"predecessor-version":[{"id":50822,"href":"https:\/\/www.allinclusivehotels.it\/fr\/wp-json\/wp\/v2\/pages\/36488\/revisions\/50822"}],"up":[{"embeddable":true,"href":"https:\/\/www.allinclusivehotels.it\/fr\/wp-json\/wp\/v2\/pages\/8241"}],"wp:attachment":[{"href":"https:\/\/www.allinclusivehotels.it\/fr\/wp-json\/wp\/v2\/media?parent=36488"}],"curies":[{"name":"wp","href":"https:\/\/api.w.org\/{rel}","templated":true}]}}