{"id":35853,"date":"2024-03-13T18:40:49","date_gmt":"2024-03-13T17:40:49","guid":{"rendered":"https:\/\/www.allinclusivehotels.it\/villages\/frontemare-hotel-village"},"modified":"2024-04-23T09:52:24","modified_gmt":"2024-04-23T07:52:24","slug":"frontemare-hotel-village","status":"publish","type":"page","link":"https:\/\/www.allinclusivehotels.it\/fr\/villages\/frontemare-hotel-village","title":{"rendered":"Frontemare Hotel Village"},"content":{"rendered":"\n<p><b>Frontemare Hotel Village <\/b>est un complexe 3 \u00e9toiles <b>entour\u00e9 de verdure<\/b> avec vue sur la mer situ\u00e9 \u00e0 <b>Rodi Garganico<\/b>, tr\u00e8s proche de la mer (4 minutes) et du centre ville (5 minutes). Sa position l\u00e9g\u00e8rement sur\u00e9lev\u00e9e vous permet de profiter d&#039;une vue v\u00e9ritablement unique et incontournable sur la mer de Rodi Garganico, en particulier <b>\u00e0 l&#039;aube et au cr\u00e9puscule avec des couleurs \u00e0 couper le souffle<\/b>.<\/p>\n\n\n\n<!--more-->\n\n\n\n<p>Pour rejoindre la mer et la plage de l\u2019<b>\u00e9tablissement baln\u00e9aire Lido Ponente<\/b>, vous pourrez utiliser la navette (2 minutes) ou vous y rendre directement \u00e0 pied (4 minutes) via un sentier <b>immerg\u00e9 dans la nature<\/b>, charmant et adapt\u00e9 \u00e0 tout le monde.<\/p>\n\n\n\n<p>Pour les familles avec enfants, l&#039;h\u00f4tel dispose d\u2019un <b>grand jardin avec des jeux pour enfants<\/b> et un service d\u2019<b>animation \u00e0 la fois \u00e0 l&#039;h\u00f4tel et sur la plage<\/b>.<\/p>\n\n\n\n<p>Les <b>chambres <\/b>sont <b>grandes et spacieuses<\/b>, et \u00e9quip\u00e9es de tout le confort, entour\u00e9es de verdure. Vous pouvez choisir entre celles avec vue sur la mer ou celles avec vue sur le jardin. Ne manquez pas le <b>spa <\/b>avec la possibilit\u00e9 de vous d\u00e9tendre \u00e0 l&#039;ext\u00e9rieur dans le <b>jacuzzi<\/b> face \u00e0 la mer.<\/p>\n\n\n\n<p>La <b>formule ALL INCLUSIVE<\/b> comprend le <b>service de plage<\/b>, le petit-d\u00e9jeuner, la pension compl\u00e8te ou demi-pension avec <b>eau et vin aux repas<\/b> et le <b>parking<\/b> \u00e0 l&#039;int\u00e9rieur de l&#039;h\u00f4tel.<\/p>\n","protected":false},"excerpt":{"rendered":"<p>Frontemare Hotel Village est un complexe 3 \u00e9toiles entour\u00e9 de verdure avec vue sur la &hellip;<\/p>\n","protected":false},"author":1,"featured_media":0,"parent":8229,"menu_order":0,"comment_status":"closed","ping_status":"closed","template":"page-templates\/scheda_hotel.php","meta":{"_acf_changed":false,"footnotes":""},"class_list":["post-35853","page","type-page","status-publish","hentry"],"acf":[],"yoast_head":"<!-- This site is optimized with the Yoast SEO plugin v27.0 - https:\/\/yoast.com\/product\/yoast-seo-wordpress\/ -->\n<title>Frontemare Hotel Village - All Inclusive \u00e0 Rodi Garganico<\/title>\n<meta name=\"description\" content=\"D\u00e9couvrez les forfaits All Inclusive du Frontemare Hotel Village. Service de plage, parking et eau et vin aux repas tout compris.\" \/>\n<meta name=\"robots\" content=\"index, follow, max-snippet:-1, max-image-preview:large, max-video-preview:-1\" \/>\n<link rel=\"canonical\" href=\"https:\/\/www.allinclusivehotels.it\/fr\/villages\/frontemare-hotel-village\" \/>\n<meta property=\"og:locale\" content=\"fr_FR\" \/>\n<meta property=\"og:type\" content=\"article\" \/>\n<meta property=\"og:title\" content=\"Frontemare Hotel Village - All Inclusive \u00e0 Rodi Garganico\" \/>\n<meta property=\"og:description\" content=\"D\u00e9couvrez les forfaits All Inclusive du Frontemare Hotel Village. Service de plage, parking et eau et vin aux repas tout compris.\" \/>\n<meta property=\"og:url\" content=\"https:\/\/www.allinclusivehotels.it\/fr\/villages\/frontemare-hotel-village\" \/>\n<meta property=\"og:site_name\" content=\"All Inclusive Hotels\" \/>\n<meta property=\"article:modified_time\" content=\"2024-04-23T07:52:24+00:00\" \/>\n<meta name=\"twitter:card\" content=\"summary_large_image\" \/>\n<meta name=\"twitter:label1\" content=\"Dur\u00e9e de lecture estim\u00e9e\" \/>\n\t<meta name=\"twitter:data1\" content=\"1 minute\" \/>\n<script type=\"application\/ld+json\" class=\"yoast-schema-graph\">{\"@context\":\"https:\/\/schema.org\",\"@graph\":[{\"@type\":\"WebPage\",\"@id\":\"https:\/\/www.allinclusivehotels.it\/fr\/villages\/frontemare-hotel-village\",\"url\":\"https:\/\/www.allinclusivehotels.it\/fr\/villages\/frontemare-hotel-village\",\"name\":\"Frontemare Hotel Village - All Inclusive \u00e0 Rodi Garganico\",\"isPartOf\":{\"@id\":\"https:\/\/www.allinclusivehotels.it\/fr#website\"},\"datePublished\":\"2024-03-13T17:40:49+00:00\",\"dateModified\":\"2024-04-23T07:52:24+00:00\",\"description\":\"D\u00e9couvrez les forfaits All Inclusive du Frontemare Hotel Village. Service de plage, parking et eau et vin aux repas tout compris.\",\"breadcrumb\":{\"@id\":\"https:\/\/www.allinclusivehotels.it\/fr\/villages\/frontemare-hotel-village#breadcrumb\"},\"inLanguage\":\"fr-FR\",\"potentialAction\":[{\"@type\":\"ReadAction\",\"target\":[\"https:\/\/www.allinclusivehotels.it\/fr\/villages\/frontemare-hotel-village\"]}]},{\"@type\":\"BreadcrumbList\",\"@id\":\"https:\/\/www.allinclusivehotels.it\/fr\/villages\/frontemare-hotel-village#breadcrumb\",\"itemListElement\":[{\"@type\":\"ListItem\",\"position\":1,\"name\":\"Home\",\"item\":\"https:\/\/www.allinclusivehotels.it\/fr\"},{\"@type\":\"ListItem\",\"position\":2,\"name\":\"Villages\",\"item\":\"https:\/\/www.allinclusivehotels.it\/fr\/villages\"},{\"@type\":\"ListItem\",\"position\":3,\"name\":\"Frontemare Hotel Village\"}]},{\"@type\":\"WebSite\",\"@id\":\"https:\/\/www.allinclusivehotels.it\/fr#website\",\"url\":\"https:\/\/www.allinclusivehotels.it\/fr\",\"name\":\"All Inclusive Hotels\",\"description\":\"\",\"publisher\":{\"@id\":\"https:\/\/www.allinclusivehotels.it\/fr#organization\"},\"potentialAction\":[{\"@type\":\"SearchAction\",\"target\":{\"@type\":\"EntryPoint\",\"urlTemplate\":\"https:\/\/www.allinclusivehotels.it\/fr?s={search_term_string}\"},\"query-input\":{\"@type\":\"PropertyValueSpecification\",\"valueRequired\":true,\"valueName\":\"search_term_string\"}}],\"inLanguage\":\"fr-FR\"},{\"@type\":\"Organization\",\"@id\":\"https:\/\/www.allinclusivehotels.it\/fr#organization\",\"name\":\"All Inclusive Hotels\",\"url\":\"https:\/\/www.allinclusivehotels.it\/fr\",\"logo\":{\"@type\":\"ImageObject\",\"inLanguage\":\"fr-FR\",\"@id\":\"https:\/\/www.allinclusivehotels.it\/fr#\/schema\/logo\/image\/\",\"url\":\"\",\"contentUrl\":\"\",\"caption\":\"All Inclusive Hotels\"},\"image\":{\"@id\":\"https:\/\/www.allinclusivehotels.it\/fr#\/schema\/logo\/image\/\"}}]}<\/script>\n<!-- \/ Yoast SEO plugin. -->","yoast_head_json":{"title":"Frontemare Hotel Village - All Inclusive \u00e0 Rodi Garganico","description":"D\u00e9couvrez les forfaits All Inclusive du Frontemare Hotel Village. Service de plage, parking et eau et vin aux repas tout compris.","robots":{"index":"index","follow":"follow","max-snippet":"max-snippet:-1","max-image-preview":"max-image-preview:large","max-video-preview":"max-video-preview:-1"},"canonical":"https:\/\/www.allinclusivehotels.it\/fr\/villages\/frontemare-hotel-village","og_locale":"fr_FR","og_type":"article","og_title":"Frontemare Hotel Village - All Inclusive \u00e0 Rodi Garganico","og_description":"D\u00e9couvrez les forfaits All Inclusive du Frontemare Hotel Village. Service de plage, parking et eau et vin aux repas tout compris.","og_url":"https:\/\/www.allinclusivehotels.it\/fr\/villages\/frontemare-hotel-village","og_site_name":"All Inclusive Hotels","article_modified_time":"2024-04-23T07:52:24+00:00","twitter_card":"summary_large_image","twitter_misc":{"Dur\u00e9e de lecture estim\u00e9e":"1 minute"},"schema":{"@context":"https:\/\/schema.org","@graph":[{"@type":"WebPage","@id":"https:\/\/www.allinclusivehotels.it\/fr\/villages\/frontemare-hotel-village","url":"https:\/\/www.allinclusivehotels.it\/fr\/villages\/frontemare-hotel-village","name":"Frontemare Hotel Village - All Inclusive \u00e0 Rodi Garganico","isPartOf":{"@id":"https:\/\/www.allinclusivehotels.it\/fr#website"},"datePublished":"2024-03-13T17:40:49+00:00","dateModified":"2024-04-23T07:52:24+00:00","description":"D\u00e9couvrez les forfaits All Inclusive du Frontemare Hotel Village. Service de plage, parking et eau et vin aux repas tout compris.","breadcrumb":{"@id":"https:\/\/www.allinclusivehotels.it\/fr\/villages\/frontemare-hotel-village#breadcrumb"},"inLanguage":"fr-FR","potentialAction":[{"@type":"ReadAction","target":["https:\/\/www.allinclusivehotels.it\/fr\/villages\/frontemare-hotel-village"]}]},{"@type":"BreadcrumbList","@id":"https:\/\/www.allinclusivehotels.it\/fr\/villages\/frontemare-hotel-village#breadcrumb","itemListElement":[{"@type":"ListItem","position":1,"name":"Home","item":"https:\/\/www.allinclusivehotels.it\/fr"},{"@type":"ListItem","position":2,"name":"Villages","item":"https:\/\/www.allinclusivehotels.it\/fr\/villages"},{"@type":"ListItem","position":3,"name":"Frontemare Hotel Village"}]},{"@type":"WebSite","@id":"https:\/\/www.allinclusivehotels.it\/fr#website","url":"https:\/\/www.allinclusivehotels.it\/fr","name":"All Inclusive Hotels","description":"","publisher":{"@id":"https:\/\/www.allinclusivehotels.it\/fr#organization"},"potentialAction":[{"@type":"SearchAction","target":{"@type":"EntryPoint","urlTemplate":"https:\/\/www.allinclusivehotels.it\/fr?s={search_term_string}"},"query-input":{"@type":"PropertyValueSpecification","valueRequired":true,"valueName":"search_term_string"}}],"inLanguage":"fr-FR"},{"@type":"Organization","@id":"https:\/\/www.allinclusivehotels.it\/fr#organization","name":"All Inclusive Hotels","url":"https:\/\/www.allinclusivehotels.it\/fr","logo":{"@type":"ImageObject","inLanguage":"fr-FR","@id":"https:\/\/www.allinclusivehotels.it\/fr#\/schema\/logo\/image\/","url":"","contentUrl":"","caption":"All Inclusive Hotels"},"image":{"@id":"https:\/\/www.allinclusivehotels.it\/fr#\/schema\/logo\/image\/"}}]}},"_links":{"self":[{"href":"https:\/\/www.allinclusivehotels.it\/fr\/wp-json\/wp\/v2\/pages\/35853","targetHints":{"allow":["GET"]}}],"collection":[{"href":"https:\/\/www.allinclusivehotels.it\/fr\/wp-json\/wp\/v2\/pages"}],"about":[{"href":"https:\/\/www.allinclusivehotels.it\/fr\/wp-json\/wp\/v2\/types\/page"}],"author":[{"embeddable":true,"href":"https:\/\/www.allinclusivehotels.it\/fr\/wp-json\/wp\/v2\/users\/1"}],"replies":[{"embeddable":true,"href":"https:\/\/www.allinclusivehotels.it\/fr\/wp-json\/wp\/v2\/comments?post=35853"}],"version-history":[{"count":2,"href":"https:\/\/www.allinclusivehotels.it\/fr\/wp-json\/wp\/v2\/pages\/35853\/revisions"}],"predecessor-version":[{"id":37018,"href":"https:\/\/www.allinclusivehotels.it\/fr\/wp-json\/wp\/v2\/pages\/35853\/revisions\/37018"}],"up":[{"embeddable":true,"href":"https:\/\/www.allinclusivehotels.it\/fr\/wp-json\/wp\/v2\/pages\/8229"}],"wp:attachment":[{"href":"https:\/\/www.allinclusivehotels.it\/fr\/wp-json\/wp\/v2\/media?parent=35853"}],"curies":[{"name":"wp","href":"https:\/\/api.w.org\/{rel}","templated":true}]}}