{"id":35818,"date":"2024-03-13T10:11:38","date_gmt":"2024-03-13T09:11:38","guid":{"rendered":"https:\/\/www.allinclusivehotels.it\/chianciano-terme"},"modified":"2024-03-13T10:11:43","modified_gmt":"2024-03-13T09:11:43","slug":"chianciano-terme","status":"publish","type":"page","link":"https:\/\/www.allinclusivehotels.it\/fr\/chianciano-terme","title":{"rendered":"Chianciano Terme"},"content":{"rendered":"\n<p>Les <b>vacances All Inclusive \u00e0 Chianciano Terme<\/b> combinent la d\u00e9tente des <b>h\u00f4tels All Inclusive<\/b> et le bien-\u00eatre de l\u2019une des plus importantes <b>destinations thermales d\u2019Italie<\/b>.<\/p>\n\n\n\n<!--more-->\n\n\n\n<p>Les <b>eaux thermales de Chianciano<\/b> sont r\u00e9put\u00e9es pour leurs propri\u00e9t\u00e9s curatives, id\u00e9ales pour r\u00e9g\u00e9n\u00e9rer le corps et l\u2019esprit\u00a0: Les Thermes de Sant&#039;Elena, les Piscines Termales de Theia, les Thermes Sensoriels et le Parc Acquasanta, vieux de plusieurs si\u00e8cles, vous attendent pour des programmes de bien-\u00eatre adapt\u00e9s \u00e0 tous les besoins.<\/p>\n\n\n\n<p>Mais Chianciano Terme, c\u2019est aussi la culture. En effet, vous y trouverez le <b>Mus\u00e9e arch\u00e9ologique<\/b> des eaux de Chianciano Terme et le <b>Mus\u00e9e de la Coll\u00e9giale<\/b>.<\/p>\n\n\n\n<p>Pendant vos <b>vacances dans un h\u00f4tel All Inclusive de Chianciano Terme<\/b>, vous pourrez profiter de l\u2019occasion pour explorer le c\u00e9l\u00e8bre <b>Val d\u2019Orcia<\/b>, class\u00e9 au <b>patrimoine mondial de l\u2019UNESCO<\/b>. Des paysages dignes d\u2019une carte postale, des villages m\u00e9di\u00e9vaux comme San Quirico d\u2019Orcia, Montalcino, Pienza, Bagno Vignoni et Montepulciano vous attendent pour vous enchanter de leur beaut\u00e9 et de leur gastronomie et vins de renomm\u00e9e mondiale, comme le Brunello di Montalcino et le Vino Nobile di Montepulciano.<\/p>\n","protected":false},"excerpt":{"rendered":"<p>Les vacances All Inclusive \u00e0 Chianciano Terme combinent la d\u00e9tente des h\u00f4tels All Inclusive et &hellip;<\/p>\n","protected":false},"author":1,"featured_media":0,"parent":0,"menu_order":0,"comment_status":"closed","ping_status":"closed","template":"page-templates\/destinazione.php","meta":{"_acf_changed":false,"footnotes":""},"class_list":["post-35818","page","type-page","status-publish","hentry"],"acf":[],"yoast_head":"<!-- This site is optimized with the Yoast SEO plugin v27.6 - https:\/\/yoast.com\/product\/yoast-seo-wordpress\/ -->\n<title>H\u00f4tel All Inclusive Chianciano Terme\u00a0: Offres H\u00f4tels<\/title>\n<meta name=\"description\" content=\"Vous cherchez un h\u00f4tel All Inclusive \u00e0 Chianciano Terme\u00a0? D\u00e9couvrez la plus grande s\u00e9lection d\u2019h\u00f4tels All Inclusive en Italie. Voir les offres\u00a0!\" \/>\n<meta name=\"robots\" content=\"index, follow, max-snippet:-1, max-image-preview:large, max-video-preview:-1\" \/>\n<link rel=\"canonical\" href=\"https:\/\/www.allinclusivehotels.it\/fr\/chianciano-terme\" \/>\n<meta property=\"og:locale\" content=\"fr_FR\" \/>\n<meta property=\"og:type\" content=\"article\" \/>\n<meta property=\"og:title\" content=\"H\u00f4tel All Inclusive Chianciano Terme\u00a0: Offres H\u00f4tels\" \/>\n<meta property=\"og:description\" content=\"Vous cherchez un h\u00f4tel All Inclusive \u00e0 Chianciano Terme\u00a0? D\u00e9couvrez la plus grande s\u00e9lection d\u2019h\u00f4tels All Inclusive en Italie. Voir les offres\u00a0!\" \/>\n<meta property=\"og:url\" content=\"https:\/\/www.allinclusivehotels.it\/fr\/chianciano-terme\" \/>\n<meta property=\"og:site_name\" content=\"All Inclusive Hotels\" \/>\n<meta property=\"article:modified_time\" content=\"2024-03-13T09:11:43+00:00\" \/>\n<meta name=\"twitter:card\" content=\"summary_large_image\" \/>\n<meta name=\"twitter:label1\" content=\"Dur\u00e9e de lecture estim\u00e9e\" \/>\n\t<meta name=\"twitter:data1\" content=\"1 minute\" \/>\n<script type=\"application\/ld+json\" class=\"yoast-schema-graph\">{\"@context\":\"https:\\\/\\\/schema.org\",\"@graph\":[{\"@type\":\"WebPage\",\"@id\":\"https:\\\/\\\/www.allinclusivehotels.it\\\/fr\\\/chianciano-terme\",\"url\":\"https:\\\/\\\/www.allinclusivehotels.it\\\/fr\\\/chianciano-terme\",\"name\":\"H\u00f4tel All Inclusive Chianciano Terme\u00a0: Offres H\u00f4tels\",\"isPartOf\":{\"@id\":\"https:\\\/\\\/www.allinclusivehotels.it\\\/fr#website\"},\"datePublished\":\"2024-03-13T09:11:38+00:00\",\"dateModified\":\"2024-03-13T09:11:43+00:00\",\"description\":\"Vous cherchez un h\u00f4tel All Inclusive \u00e0 Chianciano Terme\u00a0? D\u00e9couvrez la plus grande s\u00e9lection d\u2019h\u00f4tels All Inclusive en Italie. Voir les offres\u00a0!\",\"breadcrumb\":{\"@id\":\"https:\\\/\\\/www.allinclusivehotels.it\\\/fr\\\/chianciano-terme#breadcrumb\"},\"inLanguage\":\"fr-FR\",\"potentialAction\":[{\"@type\":\"ReadAction\",\"target\":[\"https:\\\/\\\/www.allinclusivehotels.it\\\/fr\\\/chianciano-terme\"]}]},{\"@type\":\"BreadcrumbList\",\"@id\":\"https:\\\/\\\/www.allinclusivehotels.it\\\/fr\\\/chianciano-terme#breadcrumb\",\"itemListElement\":[{\"@type\":\"ListItem\",\"position\":1,\"name\":\"Home\",\"item\":\"https:\\\/\\\/www.allinclusivehotels.it\\\/fr\"},{\"@type\":\"ListItem\",\"position\":2,\"name\":\"Chianciano Terme\"}]},{\"@type\":\"WebSite\",\"@id\":\"https:\\\/\\\/www.allinclusivehotels.it\\\/fr#website\",\"url\":\"https:\\\/\\\/www.allinclusivehotels.it\\\/fr\",\"name\":\"All Inclusive Hotels\",\"description\":\"\",\"publisher\":{\"@id\":\"https:\\\/\\\/www.allinclusivehotels.it\\\/fr#organization\"},\"potentialAction\":[{\"@type\":\"SearchAction\",\"target\":{\"@type\":\"EntryPoint\",\"urlTemplate\":\"https:\\\/\\\/www.allinclusivehotels.it\\\/fr?s={search_term_string}\"},\"query-input\":{\"@type\":\"PropertyValueSpecification\",\"valueRequired\":true,\"valueName\":\"search_term_string\"}}],\"inLanguage\":\"fr-FR\"},{\"@type\":\"Organization\",\"@id\":\"https:\\\/\\\/www.allinclusivehotels.it\\\/fr#organization\",\"name\":\"All Inclusive Hotels\",\"url\":\"https:\\\/\\\/www.allinclusivehotels.it\\\/fr\",\"logo\":{\"@type\":\"ImageObject\",\"inLanguage\":\"fr-FR\",\"@id\":\"https:\\\/\\\/www.allinclusivehotels.it\\\/fr#\\\/schema\\\/logo\\\/image\\\/\",\"url\":\"\",\"contentUrl\":\"\",\"caption\":\"All Inclusive Hotels\"},\"image\":{\"@id\":\"https:\\\/\\\/www.allinclusivehotels.it\\\/fr#\\\/schema\\\/logo\\\/image\\\/\"}}]}<\/script>\n<!-- \/ Yoast SEO plugin. -->","yoast_head_json":{"title":"H\u00f4tel All Inclusive Chianciano Terme\u00a0: Offres H\u00f4tels","description":"Vous cherchez un h\u00f4tel All Inclusive \u00e0 Chianciano Terme\u00a0? D\u00e9couvrez la plus grande s\u00e9lection d\u2019h\u00f4tels All Inclusive en Italie. Voir les offres\u00a0!","robots":{"index":"index","follow":"follow","max-snippet":"max-snippet:-1","max-image-preview":"max-image-preview:large","max-video-preview":"max-video-preview:-1"},"canonical":"https:\/\/www.allinclusivehotels.it\/fr\/chianciano-terme","og_locale":"fr_FR","og_type":"article","og_title":"H\u00f4tel All Inclusive Chianciano Terme\u00a0: Offres H\u00f4tels","og_description":"Vous cherchez un h\u00f4tel All Inclusive \u00e0 Chianciano Terme\u00a0? D\u00e9couvrez la plus grande s\u00e9lection d\u2019h\u00f4tels All Inclusive en Italie. Voir les offres\u00a0!","og_url":"https:\/\/www.allinclusivehotels.it\/fr\/chianciano-terme","og_site_name":"All Inclusive Hotels","article_modified_time":"2024-03-13T09:11:43+00:00","twitter_card":"summary_large_image","twitter_misc":{"Dur\u00e9e de lecture estim\u00e9e":"1 minute"},"schema":{"@context":"https:\/\/schema.org","@graph":[{"@type":"WebPage","@id":"https:\/\/www.allinclusivehotels.it\/fr\/chianciano-terme","url":"https:\/\/www.allinclusivehotels.it\/fr\/chianciano-terme","name":"H\u00f4tel All Inclusive Chianciano Terme\u00a0: Offres H\u00f4tels","isPartOf":{"@id":"https:\/\/www.allinclusivehotels.it\/fr#website"},"datePublished":"2024-03-13T09:11:38+00:00","dateModified":"2024-03-13T09:11:43+00:00","description":"Vous cherchez un h\u00f4tel All Inclusive \u00e0 Chianciano Terme\u00a0? D\u00e9couvrez la plus grande s\u00e9lection d\u2019h\u00f4tels All Inclusive en Italie. Voir les offres\u00a0!","breadcrumb":{"@id":"https:\/\/www.allinclusivehotels.it\/fr\/chianciano-terme#breadcrumb"},"inLanguage":"fr-FR","potentialAction":[{"@type":"ReadAction","target":["https:\/\/www.allinclusivehotels.it\/fr\/chianciano-terme"]}]},{"@type":"BreadcrumbList","@id":"https:\/\/www.allinclusivehotels.it\/fr\/chianciano-terme#breadcrumb","itemListElement":[{"@type":"ListItem","position":1,"name":"Home","item":"https:\/\/www.allinclusivehotels.it\/fr"},{"@type":"ListItem","position":2,"name":"Chianciano Terme"}]},{"@type":"WebSite","@id":"https:\/\/www.allinclusivehotels.it\/fr#website","url":"https:\/\/www.allinclusivehotels.it\/fr","name":"All Inclusive Hotels","description":"","publisher":{"@id":"https:\/\/www.allinclusivehotels.it\/fr#organization"},"potentialAction":[{"@type":"SearchAction","target":{"@type":"EntryPoint","urlTemplate":"https:\/\/www.allinclusivehotels.it\/fr?s={search_term_string}"},"query-input":{"@type":"PropertyValueSpecification","valueRequired":true,"valueName":"search_term_string"}}],"inLanguage":"fr-FR"},{"@type":"Organization","@id":"https:\/\/www.allinclusivehotels.it\/fr#organization","name":"All Inclusive Hotels","url":"https:\/\/www.allinclusivehotels.it\/fr","logo":{"@type":"ImageObject","inLanguage":"fr-FR","@id":"https:\/\/www.allinclusivehotels.it\/fr#\/schema\/logo\/image\/","url":"","contentUrl":"","caption":"All Inclusive Hotels"},"image":{"@id":"https:\/\/www.allinclusivehotels.it\/fr#\/schema\/logo\/image\/"}}]}},"_links":{"self":[{"href":"https:\/\/www.allinclusivehotels.it\/fr\/wp-json\/wp\/v2\/pages\/35818","targetHints":{"allow":["GET"]}}],"collection":[{"href":"https:\/\/www.allinclusivehotels.it\/fr\/wp-json\/wp\/v2\/pages"}],"about":[{"href":"https:\/\/www.allinclusivehotels.it\/fr\/wp-json\/wp\/v2\/types\/page"}],"author":[{"embeddable":true,"href":"https:\/\/www.allinclusivehotels.it\/fr\/wp-json\/wp\/v2\/users\/1"}],"replies":[{"embeddable":true,"href":"https:\/\/www.allinclusivehotels.it\/fr\/wp-json\/wp\/v2\/comments?post=35818"}],"version-history":[{"count":1,"href":"https:\/\/www.allinclusivehotels.it\/fr\/wp-json\/wp\/v2\/pages\/35818\/revisions"}],"predecessor-version":[{"id":35819,"href":"https:\/\/www.allinclusivehotels.it\/fr\/wp-json\/wp\/v2\/pages\/35818\/revisions\/35819"}],"wp:attachment":[{"href":"https:\/\/www.allinclusivehotels.it\/fr\/wp-json\/wp\/v2\/media?parent=35818"}],"curies":[{"name":"wp","href":"https:\/\/api.w.org\/{rel}","templated":true}]}}