{"id":35215,"date":"2024-02-20T10:47:25","date_gmt":"2024-02-20T09:47:25","guid":{"rendered":"https:\/\/www.allinclusivehotels.it\/hotels\/hotel-aqua"},"modified":"2024-08-26T10:00:14","modified_gmt":"2024-08-26T08:00:14","slug":"hotel-aqua-2","status":"publish","type":"page","link":"https:\/\/www.allinclusivehotels.it\/fr\/hotels\/hotel-aqua-2","title":{"rendered":"H\u00f4tel Aqua"},"content":{"rendered":"\n<p>L&#8217;<b>H\u00f4tel Aqua<\/b> est un h\u00f4tel 4 \u00e9toiles de 96 chambres situ\u00e9 \u00e0 <b>Rimini Marina Centro<\/b>, dans un quartier tr\u00e8s central et renomm\u00e9. \u00c0 proximit\u00e9 de la gare, \u00e9galement accessible \u00e0 pied (500 m), et de la plage (200 m).<\/p>\n\n\n\n<!--more-->\n\n\n\n<p>Il s\u2019agit d\u2019une structure <b>design moderne et spacieuse<\/b>, avec des espaces et des chambres alliant des solutions de confort, de d\u00e9tente et de style. <b>Tout est grand<\/b> \u00e0 l&#8217;H\u00f4tel Aqua. \u00c0 commencer par la <b>piscine<\/b> avec sa <b>cascade d&#8217;eau<\/b> et ses structures gonflables g\u00e9antes, o\u00f9 vous pourrez vous amuser en couple ou avec vos enfants. La s\u00e9curit\u00e9 est garantie en permanence <b>par un sauveteur<\/b>. Vous pourrez profiter d&#8217;un peu de d\u00e9tente dans les <b>2 jacuzzis<\/b> ou sous les parasols en bordure de piscine. Et cela continue avec les <b>chambres<\/b>, <b>parmi les plus spacieuses<\/b> que vous pouvez trouver \u00e0 Rimini, toutes \u00e9quip\u00e9es d\u2019un <b>grand balcon<\/b> avec <b>vue panoramique<\/b>. Et nous concluons avec un <b>petit-d\u00e9jeuner tr\u00e8s copieux<\/b>, avec une <b>cuisine <\/b>et de d\u00e9licieux plats qui sont le fleuron de l&#8217;h\u00f4tel.<\/p>\n\n\n\n<p>Si vous arrivez en voiture, ne vous inqui\u00e9tez pas pour le parking&nbsp;: vous pouvez choisir entre le <b>parking int\u00e9rieur<\/b> et le <b>garage ouvert<\/b>, tous deux vous permettront de toujours vous d\u00e9placer en toute autonomie sans avoir \u00e0 laisser les cl\u00e9s \u00e0 la r\u00e9ception.<\/p>\n\n\n\n<p>Avec la formule <b>ALL INCLUSIVE<\/b>, vous pouvez choisir entre la demi-pension avec <b>d\u00eener de 4 plats \u00e0 la carte<\/b>, <b>boissons aux repas<\/b>, service de <b>plage<\/b> avec <b>parasol et 2 transats<\/b>, et la pension compl\u00e8te, laquelle comprend \u00e9galement le d\u00e9jeuner.<\/p>\n","protected":false},"excerpt":{"rendered":"<p>L&#8217;H\u00f4tel Aqua est un h\u00f4tel 4 \u00e9toiles de 96 chambres situ\u00e9 \u00e0 Rimini Marina Centro, &hellip;<\/p>\n","protected":false},"author":1,"featured_media":0,"parent":8241,"menu_order":0,"comment_status":"closed","ping_status":"closed","template":"page-templates\/scheda_hotel.php","meta":{"_acf_changed":false,"footnotes":""},"class_list":["post-35215","page","type-page","status-publish","hentry"],"acf":[],"yoast_head":"<!-- This site is optimized with the Yoast SEO plugin v27.0 - https:\/\/yoast.com\/product\/yoast-seo-wordpress\/ -->\n<title>H\u00f4tel Aqua Rimini - Vacances All Inclusive<\/title>\n<meta name=\"description\" content=\"Offres All Inclusive \u00e0 l&#039;H\u00f4tel Aqua de Rimini, avec plage, piscine, jacuzzis, d\u00eener \u00e0 4 plats et boissons aux repas.\" \/>\n<meta name=\"robots\" content=\"index, follow, max-snippet:-1, max-image-preview:large, max-video-preview:-1\" \/>\n<link rel=\"canonical\" href=\"https:\/\/www.allinclusivehotels.it\/fr\/hotels\/hotel-aqua-2\" \/>\n<meta property=\"og:locale\" content=\"fr_FR\" \/>\n<meta property=\"og:type\" content=\"article\" \/>\n<meta property=\"og:title\" content=\"H\u00f4tel Aqua Rimini - Vacances All Inclusive\" \/>\n<meta property=\"og:description\" content=\"Offres All Inclusive \u00e0 l&#039;H\u00f4tel Aqua de Rimini, avec plage, piscine, jacuzzis, d\u00eener \u00e0 4 plats et boissons aux repas.\" \/>\n<meta property=\"og:url\" content=\"https:\/\/www.allinclusivehotels.it\/fr\/hotels\/hotel-aqua-2\" \/>\n<meta property=\"og:site_name\" content=\"All Inclusive Hotels\" \/>\n<meta property=\"article:modified_time\" content=\"2024-08-26T08:00:14+00:00\" \/>\n<meta name=\"twitter:card\" content=\"summary_large_image\" \/>\n<meta name=\"twitter:label1\" content=\"Dur\u00e9e de lecture estim\u00e9e\" \/>\n\t<meta name=\"twitter:data1\" content=\"2 minutes\" \/>\n<script type=\"application\/ld+json\" class=\"yoast-schema-graph\">{\"@context\":\"https:\/\/schema.org\",\"@graph\":[{\"@type\":\"WebPage\",\"@id\":\"https:\/\/www.allinclusivehotels.it\/fr\/hotels\/hotel-aqua-2\",\"url\":\"https:\/\/www.allinclusivehotels.it\/fr\/hotels\/hotel-aqua-2\",\"name\":\"H\u00f4tel Aqua Rimini - Vacances All Inclusive\",\"isPartOf\":{\"@id\":\"https:\/\/www.allinclusivehotels.it\/fr#website\"},\"datePublished\":\"2024-02-20T09:47:25+00:00\",\"dateModified\":\"2024-08-26T08:00:14+00:00\",\"description\":\"Offres All Inclusive \u00e0 l'H\u00f4tel Aqua de Rimini, avec plage, piscine, jacuzzis, d\u00eener \u00e0 4 plats et boissons aux repas.\",\"breadcrumb\":{\"@id\":\"https:\/\/www.allinclusivehotels.it\/fr\/hotels\/hotel-aqua-2#breadcrumb\"},\"inLanguage\":\"fr-FR\",\"potentialAction\":[{\"@type\":\"ReadAction\",\"target\":[\"https:\/\/www.allinclusivehotels.it\/fr\/hotels\/hotel-aqua-2\"]}]},{\"@type\":\"BreadcrumbList\",\"@id\":\"https:\/\/www.allinclusivehotels.it\/fr\/hotels\/hotel-aqua-2#breadcrumb\",\"itemListElement\":[{\"@type\":\"ListItem\",\"position\":1,\"name\":\"Home\",\"item\":\"https:\/\/www.allinclusivehotels.it\/fr\"},{\"@type\":\"ListItem\",\"position\":2,\"name\":\"H\u00f4tels\",\"item\":\"https:\/\/www.allinclusivehotels.it\/fr\/hotels\"},{\"@type\":\"ListItem\",\"position\":3,\"name\":\"H\u00f4tel Aqua\"}]},{\"@type\":\"WebSite\",\"@id\":\"https:\/\/www.allinclusivehotels.it\/fr#website\",\"url\":\"https:\/\/www.allinclusivehotels.it\/fr\",\"name\":\"All Inclusive Hotels\",\"description\":\"\",\"publisher\":{\"@id\":\"https:\/\/www.allinclusivehotels.it\/fr#organization\"},\"potentialAction\":[{\"@type\":\"SearchAction\",\"target\":{\"@type\":\"EntryPoint\",\"urlTemplate\":\"https:\/\/www.allinclusivehotels.it\/fr?s={search_term_string}\"},\"query-input\":{\"@type\":\"PropertyValueSpecification\",\"valueRequired\":true,\"valueName\":\"search_term_string\"}}],\"inLanguage\":\"fr-FR\"},{\"@type\":\"Organization\",\"@id\":\"https:\/\/www.allinclusivehotels.it\/fr#organization\",\"name\":\"All Inclusive Hotels\",\"url\":\"https:\/\/www.allinclusivehotels.it\/fr\",\"logo\":{\"@type\":\"ImageObject\",\"inLanguage\":\"fr-FR\",\"@id\":\"https:\/\/www.allinclusivehotels.it\/fr#\/schema\/logo\/image\/\",\"url\":\"\",\"contentUrl\":\"\",\"caption\":\"All Inclusive Hotels\"},\"image\":{\"@id\":\"https:\/\/www.allinclusivehotels.it\/fr#\/schema\/logo\/image\/\"}}]}<\/script>\n<!-- \/ Yoast SEO plugin. -->","yoast_head_json":{"title":"H\u00f4tel Aqua Rimini - Vacances All Inclusive","description":"Offres All Inclusive \u00e0 l'H\u00f4tel Aqua de Rimini, avec plage, piscine, jacuzzis, d\u00eener \u00e0 4 plats et boissons aux repas.","robots":{"index":"index","follow":"follow","max-snippet":"max-snippet:-1","max-image-preview":"max-image-preview:large","max-video-preview":"max-video-preview:-1"},"canonical":"https:\/\/www.allinclusivehotels.it\/fr\/hotels\/hotel-aqua-2","og_locale":"fr_FR","og_type":"article","og_title":"H\u00f4tel Aqua Rimini - Vacances All Inclusive","og_description":"Offres All Inclusive \u00e0 l'H\u00f4tel Aqua de Rimini, avec plage, piscine, jacuzzis, d\u00eener \u00e0 4 plats et boissons aux repas.","og_url":"https:\/\/www.allinclusivehotels.it\/fr\/hotels\/hotel-aqua-2","og_site_name":"All Inclusive Hotels","article_modified_time":"2024-08-26T08:00:14+00:00","twitter_card":"summary_large_image","twitter_misc":{"Dur\u00e9e de lecture estim\u00e9e":"2 minutes"},"schema":{"@context":"https:\/\/schema.org","@graph":[{"@type":"WebPage","@id":"https:\/\/www.allinclusivehotels.it\/fr\/hotels\/hotel-aqua-2","url":"https:\/\/www.allinclusivehotels.it\/fr\/hotels\/hotel-aqua-2","name":"H\u00f4tel Aqua Rimini - Vacances All Inclusive","isPartOf":{"@id":"https:\/\/www.allinclusivehotels.it\/fr#website"},"datePublished":"2024-02-20T09:47:25+00:00","dateModified":"2024-08-26T08:00:14+00:00","description":"Offres All Inclusive \u00e0 l'H\u00f4tel Aqua de Rimini, avec plage, piscine, jacuzzis, d\u00eener \u00e0 4 plats et boissons aux repas.","breadcrumb":{"@id":"https:\/\/www.allinclusivehotels.it\/fr\/hotels\/hotel-aqua-2#breadcrumb"},"inLanguage":"fr-FR","potentialAction":[{"@type":"ReadAction","target":["https:\/\/www.allinclusivehotels.it\/fr\/hotels\/hotel-aqua-2"]}]},{"@type":"BreadcrumbList","@id":"https:\/\/www.allinclusivehotels.it\/fr\/hotels\/hotel-aqua-2#breadcrumb","itemListElement":[{"@type":"ListItem","position":1,"name":"Home","item":"https:\/\/www.allinclusivehotels.it\/fr"},{"@type":"ListItem","position":2,"name":"H\u00f4tels","item":"https:\/\/www.allinclusivehotels.it\/fr\/hotels"},{"@type":"ListItem","position":3,"name":"H\u00f4tel Aqua"}]},{"@type":"WebSite","@id":"https:\/\/www.allinclusivehotels.it\/fr#website","url":"https:\/\/www.allinclusivehotels.it\/fr","name":"All Inclusive Hotels","description":"","publisher":{"@id":"https:\/\/www.allinclusivehotels.it\/fr#organization"},"potentialAction":[{"@type":"SearchAction","target":{"@type":"EntryPoint","urlTemplate":"https:\/\/www.allinclusivehotels.it\/fr?s={search_term_string}"},"query-input":{"@type":"PropertyValueSpecification","valueRequired":true,"valueName":"search_term_string"}}],"inLanguage":"fr-FR"},{"@type":"Organization","@id":"https:\/\/www.allinclusivehotels.it\/fr#organization","name":"All Inclusive Hotels","url":"https:\/\/www.allinclusivehotels.it\/fr","logo":{"@type":"ImageObject","inLanguage":"fr-FR","@id":"https:\/\/www.allinclusivehotels.it\/fr#\/schema\/logo\/image\/","url":"","contentUrl":"","caption":"All Inclusive Hotels"},"image":{"@id":"https:\/\/www.allinclusivehotels.it\/fr#\/schema\/logo\/image\/"}}]}},"_links":{"self":[{"href":"https:\/\/www.allinclusivehotels.it\/fr\/wp-json\/wp\/v2\/pages\/35215","targetHints":{"allow":["GET"]}}],"collection":[{"href":"https:\/\/www.allinclusivehotels.it\/fr\/wp-json\/wp\/v2\/pages"}],"about":[{"href":"https:\/\/www.allinclusivehotels.it\/fr\/wp-json\/wp\/v2\/types\/page"}],"author":[{"embeddable":true,"href":"https:\/\/www.allinclusivehotels.it\/fr\/wp-json\/wp\/v2\/users\/1"}],"replies":[{"embeddable":true,"href":"https:\/\/www.allinclusivehotels.it\/fr\/wp-json\/wp\/v2\/comments?post=35215"}],"version-history":[{"count":4,"href":"https:\/\/www.allinclusivehotels.it\/fr\/wp-json\/wp\/v2\/pages\/35215\/revisions"}],"predecessor-version":[{"id":39213,"href":"https:\/\/www.allinclusivehotels.it\/fr\/wp-json\/wp\/v2\/pages\/35215\/revisions\/39213"}],"up":[{"embeddable":true,"href":"https:\/\/www.allinclusivehotels.it\/fr\/wp-json\/wp\/v2\/pages\/8241"}],"wp:attachment":[{"href":"https:\/\/www.allinclusivehotels.it\/fr\/wp-json\/wp\/v2\/media?parent=35215"}],"curies":[{"name":"wp","href":"https:\/\/api.w.org\/{rel}","templated":true}]}}