{"id":34822,"date":"2024-02-07T17:07:30","date_gmt":"2024-02-07T16:07:30","guid":{"rendered":"https:\/\/www.allinclusivehotels.it\/hotels\/hotel-veliero"},"modified":"2024-03-13T16:15:44","modified_gmt":"2024-03-13T15:15:44","slug":"hotel-veliero","status":"publish","type":"page","link":"https:\/\/www.allinclusivehotels.it\/fr\/hotels\/hotel-veliero","title":{"rendered":"H\u00f4tel Veliero"},"content":{"rendered":"\n<p>L\u2019<b>H\u00f4tel Veliero<\/b> est situ\u00e9 \u00e0 <b>Rivazzurra di Rimini<\/b>, \u00e0 seulement <b>150 m\u00e8tres de la mer<\/b> et de la plage avec des tarifs sp\u00e9ciaux, o\u00f9 vous aurez \u00e0 votre disposition <b>1 parasol, 2 chaises longues<\/b> et un service d\u2019animation. Gr\u00e2ce \u00e0 son excellente situation, vous pourrez faire d\u2019agr\u00e9ables promenades dans la zone pi\u00e9tonne avec ses boutiques et, si vous \u00eates en vacances avec vos enfants, rejoindre en quelques minutes le <b>parc d\u2019attractions Fiabilandia, situ\u00e9 \u00e0 proximit\u00e9.<\/b><\/p>\n\n\n\n<!--more-->\n\n\n\n<p>Chaque semaine, l\u2019h\u00f4tel organise des<b> soir\u00e9es \u00e0 th\u00e8me<\/b> et des moments de <b>divertissement<\/b> avec un personnel jeune et dynamique, toujours pr\u00eat \u00e0 vous faire discr\u00e8tement participer, vous et vos enfants.<\/p>\n\n\n\n<p>L\u2019h\u00f4tel dispose de<b> places de parking selon disponibilit\u00e9<\/b>, d\u2019un bar \u00e0 cocktails, du Wi-Fi et d\u2019un service de r\u00e9servation d\u2019excursions. Les <b>animaux<\/b> domestiques sont les <b>bienvenus<\/b>.<\/p>\n","protected":false},"excerpt":{"rendered":"<p>L\u2019H\u00f4tel Veliero est situ\u00e9 \u00e0 Rivazzurra di Rimini, \u00e0 seulement 150 m\u00e8tres de la mer &hellip;<\/p>\n","protected":false},"author":1,"featured_media":0,"parent":8241,"menu_order":0,"comment_status":"closed","ping_status":"closed","template":"page-templates\/scheda_hotel.php","meta":{"_acf_changed":false,"footnotes":""},"class_list":["post-34822","page","type-page","status-publish","hentry"],"acf":[],"yoast_head":"<!-- This site is optimized with the Yoast SEO plugin v27.6 - https:\/\/yoast.com\/product\/yoast-seo-wordpress\/ -->\n<title>H\u00f4tel Veliero - All Inclusive Hotels<\/title>\n<meta name=\"robots\" content=\"index, follow, max-snippet:-1, max-image-preview:large, max-video-preview:-1\" \/>\n<link rel=\"canonical\" href=\"https:\/\/www.allinclusivehotels.it\/fr\/hotels\/hotel-veliero\" \/>\n<meta property=\"og:locale\" content=\"fr_FR\" \/>\n<meta property=\"og:type\" content=\"article\" \/>\n<meta property=\"og:title\" content=\"H\u00f4tel Veliero - All Inclusive Hotels\" \/>\n<meta property=\"og:description\" content=\"L\u2019H\u00f4tel Veliero est situ\u00e9 \u00e0 Rivazzurra di Rimini, \u00e0 seulement 150 m\u00e8tres de la mer &hellip;\" \/>\n<meta property=\"og:url\" content=\"https:\/\/www.allinclusivehotels.it\/fr\/hotels\/hotel-veliero\" \/>\n<meta property=\"og:site_name\" content=\"All Inclusive Hotels\" \/>\n<meta property=\"article:modified_time\" content=\"2024-03-13T15:15:44+00:00\" \/>\n<meta name=\"twitter:card\" content=\"summary_large_image\" \/>\n<meta name=\"twitter:label1\" content=\"Dur\u00e9e de lecture estim\u00e9e\" \/>\n\t<meta name=\"twitter:data1\" content=\"1 minute\" \/>\n<script type=\"application\/ld+json\" class=\"yoast-schema-graph\">{\"@context\":\"https:\\\/\\\/schema.org\",\"@graph\":[{\"@type\":\"WebPage\",\"@id\":\"https:\\\/\\\/www.allinclusivehotels.it\\\/fr\\\/hotels\\\/hotel-veliero\",\"url\":\"https:\\\/\\\/www.allinclusivehotels.it\\\/fr\\\/hotels\\\/hotel-veliero\",\"name\":\"H\u00f4tel Veliero - All Inclusive Hotels\",\"isPartOf\":{\"@id\":\"https:\\\/\\\/www.allinclusivehotels.it\\\/fr#website\"},\"datePublished\":\"2024-02-07T16:07:30+00:00\",\"dateModified\":\"2024-03-13T15:15:44+00:00\",\"breadcrumb\":{\"@id\":\"https:\\\/\\\/www.allinclusivehotels.it\\\/fr\\\/hotels\\\/hotel-veliero#breadcrumb\"},\"inLanguage\":\"fr-FR\",\"potentialAction\":[{\"@type\":\"ReadAction\",\"target\":[\"https:\\\/\\\/www.allinclusivehotels.it\\\/fr\\\/hotels\\\/hotel-veliero\"]}]},{\"@type\":\"BreadcrumbList\",\"@id\":\"https:\\\/\\\/www.allinclusivehotels.it\\\/fr\\\/hotels\\\/hotel-veliero#breadcrumb\",\"itemListElement\":[{\"@type\":\"ListItem\",\"position\":1,\"name\":\"Home\",\"item\":\"https:\\\/\\\/www.allinclusivehotels.it\\\/fr\"},{\"@type\":\"ListItem\",\"position\":2,\"name\":\"H\u00f4tels\",\"item\":\"https:\\\/\\\/www.allinclusivehotels.it\\\/fr\\\/hotels\"},{\"@type\":\"ListItem\",\"position\":3,\"name\":\"H\u00f4tel Veliero\"}]},{\"@type\":\"WebSite\",\"@id\":\"https:\\\/\\\/www.allinclusivehotels.it\\\/fr#website\",\"url\":\"https:\\\/\\\/www.allinclusivehotels.it\\\/fr\",\"name\":\"All Inclusive Hotels\",\"description\":\"\",\"publisher\":{\"@id\":\"https:\\\/\\\/www.allinclusivehotels.it\\\/fr#organization\"},\"potentialAction\":[{\"@type\":\"SearchAction\",\"target\":{\"@type\":\"EntryPoint\",\"urlTemplate\":\"https:\\\/\\\/www.allinclusivehotels.it\\\/fr?s={search_term_string}\"},\"query-input\":{\"@type\":\"PropertyValueSpecification\",\"valueRequired\":true,\"valueName\":\"search_term_string\"}}],\"inLanguage\":\"fr-FR\"},{\"@type\":\"Organization\",\"@id\":\"https:\\\/\\\/www.allinclusivehotels.it\\\/fr#organization\",\"name\":\"All Inclusive Hotels\",\"url\":\"https:\\\/\\\/www.allinclusivehotels.it\\\/fr\",\"logo\":{\"@type\":\"ImageObject\",\"inLanguage\":\"fr-FR\",\"@id\":\"https:\\\/\\\/www.allinclusivehotels.it\\\/fr#\\\/schema\\\/logo\\\/image\\\/\",\"url\":\"\",\"contentUrl\":\"\",\"caption\":\"All Inclusive Hotels\"},\"image\":{\"@id\":\"https:\\\/\\\/www.allinclusivehotels.it\\\/fr#\\\/schema\\\/logo\\\/image\\\/\"}}]}<\/script>\n<!-- \/ Yoast SEO plugin. -->","yoast_head_json":{"title":"H\u00f4tel Veliero - All Inclusive Hotels","robots":{"index":"index","follow":"follow","max-snippet":"max-snippet:-1","max-image-preview":"max-image-preview:large","max-video-preview":"max-video-preview:-1"},"canonical":"https:\/\/www.allinclusivehotels.it\/fr\/hotels\/hotel-veliero","og_locale":"fr_FR","og_type":"article","og_title":"H\u00f4tel Veliero - All Inclusive Hotels","og_description":"L\u2019H\u00f4tel Veliero est situ\u00e9 \u00e0 Rivazzurra di Rimini, \u00e0 seulement 150 m\u00e8tres de la mer &hellip;","og_url":"https:\/\/www.allinclusivehotels.it\/fr\/hotels\/hotel-veliero","og_site_name":"All Inclusive Hotels","article_modified_time":"2024-03-13T15:15:44+00:00","twitter_card":"summary_large_image","twitter_misc":{"Dur\u00e9e de lecture estim\u00e9e":"1 minute"},"schema":{"@context":"https:\/\/schema.org","@graph":[{"@type":"WebPage","@id":"https:\/\/www.allinclusivehotels.it\/fr\/hotels\/hotel-veliero","url":"https:\/\/www.allinclusivehotels.it\/fr\/hotels\/hotel-veliero","name":"H\u00f4tel Veliero - All Inclusive Hotels","isPartOf":{"@id":"https:\/\/www.allinclusivehotels.it\/fr#website"},"datePublished":"2024-02-07T16:07:30+00:00","dateModified":"2024-03-13T15:15:44+00:00","breadcrumb":{"@id":"https:\/\/www.allinclusivehotels.it\/fr\/hotels\/hotel-veliero#breadcrumb"},"inLanguage":"fr-FR","potentialAction":[{"@type":"ReadAction","target":["https:\/\/www.allinclusivehotels.it\/fr\/hotels\/hotel-veliero"]}]},{"@type":"BreadcrumbList","@id":"https:\/\/www.allinclusivehotels.it\/fr\/hotels\/hotel-veliero#breadcrumb","itemListElement":[{"@type":"ListItem","position":1,"name":"Home","item":"https:\/\/www.allinclusivehotels.it\/fr"},{"@type":"ListItem","position":2,"name":"H\u00f4tels","item":"https:\/\/www.allinclusivehotels.it\/fr\/hotels"},{"@type":"ListItem","position":3,"name":"H\u00f4tel Veliero"}]},{"@type":"WebSite","@id":"https:\/\/www.allinclusivehotels.it\/fr#website","url":"https:\/\/www.allinclusivehotels.it\/fr","name":"All Inclusive Hotels","description":"","publisher":{"@id":"https:\/\/www.allinclusivehotels.it\/fr#organization"},"potentialAction":[{"@type":"SearchAction","target":{"@type":"EntryPoint","urlTemplate":"https:\/\/www.allinclusivehotels.it\/fr?s={search_term_string}"},"query-input":{"@type":"PropertyValueSpecification","valueRequired":true,"valueName":"search_term_string"}}],"inLanguage":"fr-FR"},{"@type":"Organization","@id":"https:\/\/www.allinclusivehotels.it\/fr#organization","name":"All Inclusive Hotels","url":"https:\/\/www.allinclusivehotels.it\/fr","logo":{"@type":"ImageObject","inLanguage":"fr-FR","@id":"https:\/\/www.allinclusivehotels.it\/fr#\/schema\/logo\/image\/","url":"","contentUrl":"","caption":"All Inclusive Hotels"},"image":{"@id":"https:\/\/www.allinclusivehotels.it\/fr#\/schema\/logo\/image\/"}}]}},"_links":{"self":[{"href":"https:\/\/www.allinclusivehotels.it\/fr\/wp-json\/wp\/v2\/pages\/34822","targetHints":{"allow":["GET"]}}],"collection":[{"href":"https:\/\/www.allinclusivehotels.it\/fr\/wp-json\/wp\/v2\/pages"}],"about":[{"href":"https:\/\/www.allinclusivehotels.it\/fr\/wp-json\/wp\/v2\/types\/page"}],"author":[{"embeddable":true,"href":"https:\/\/www.allinclusivehotels.it\/fr\/wp-json\/wp\/v2\/users\/1"}],"replies":[{"embeddable":true,"href":"https:\/\/www.allinclusivehotels.it\/fr\/wp-json\/wp\/v2\/comments?post=34822"}],"version-history":[{"count":3,"href":"https:\/\/www.allinclusivehotels.it\/fr\/wp-json\/wp\/v2\/pages\/34822\/revisions"}],"predecessor-version":[{"id":35836,"href":"https:\/\/www.allinclusivehotels.it\/fr\/wp-json\/wp\/v2\/pages\/34822\/revisions\/35836"}],"up":[{"embeddable":true,"href":"https:\/\/www.allinclusivehotels.it\/fr\/wp-json\/wp\/v2\/pages\/8241"}],"wp:attachment":[{"href":"https:\/\/www.allinclusivehotels.it\/fr\/wp-json\/wp\/v2\/media?parent=34822"}],"curies":[{"name":"wp","href":"https:\/\/api.w.org\/{rel}","templated":true}]}}