{"id":34726,"date":"2024-01-31T18:00:53","date_gmt":"2024-01-31T17:00:53","guid":{"rendered":"https:\/\/www.allinclusivehotels.it\/hotels\/hotel-miralaghi"},"modified":"2024-03-13T16:15:38","modified_gmt":"2024-03-13T15:15:38","slug":"hotel-miralaghi","status":"publish","type":"page","link":"https:\/\/www.allinclusivehotels.it\/fr\/hotels\/hotel-miralaghi","title":{"rendered":"H\u00f4tel Miralaghi"},"content":{"rendered":"\n<p>L\u2019<b>H\u00f4tel Miralaghi de Chianciano Terme<\/b>, b\u00e9n\u00e9ficie d\u2019un emplacement magnifique sur l\u2019avenue principale, \u00e0 proximit\u00e9 du centre historique. \u00c0 <b>pied<\/b>, vous pouvez facilement rejoindre le <b>Parc Acqua Santa<\/b>, avec sa c\u00e9l\u00e8bre source thermale, les <b>Thermes Sensoriels<\/b>, les <b>piscines thermales de Theia<\/b> et les <b>Thermes de Chianciano<\/b>. Juste en face de l\u2019h\u00f4tel se trouve un grand parc avec un centre sportif, des <b>piscines<\/b> et une aire de jeux pour les enfants, auxquels les clients peuvent acc\u00e9der <b>gratuitement<\/b>.<\/p>\n\n\n\n<!--more-->\n\n\n\n<p>Le Miralaghi est aussi un <b>Family Hotel avec des animations<\/b> pour les enfants de 3 \u00e0 12 ans, avec des activit\u00e9s tous les jours de <b>9\u00a0h\u00a030 \u00e0 22\u00a0h<\/b>, une salle de jeux couverte de 50\u00a0m<sup>2<\/sup>, des <b>excursions organis\u00e9es<\/b> dans des fermes, des huileries et des exploitations agricoles, au parc d\u2019aventure Indiana Park et au Mus\u00e9e \u00e9trusque de Chianciano Terme.<\/p>\n\n\n\n<p>L\u2019h\u00f4tel propose de nombreux <b>services aux sportifs<\/b>, en particulier \u00e0 ceux qui souhaitent faire de la <b>randonn\u00e9e<\/b>, du cyclotourisme ou du <b>trekking \u00e0 cheval<\/b>, comme la location gratuite de mat\u00e9riel, des repas copieux, une blanchisserie pour les sportifs, des guides experts, un local \u00e0 v\u00e9los et la possibilit\u00e9 de pr\u00e9parer des paniers-repas.<\/p>\n\n\n\n<p>L\u2019\u00e9tablissement dispose \u00e9galement d\u2019un <b>parking<\/b> pour ses clients.<\/p>\n","protected":false},"excerpt":{"rendered":"<p>L\u2019H\u00f4tel Miralaghi de Chianciano Terme, b\u00e9n\u00e9ficie d\u2019un emplacement magnifique sur l\u2019avenue principale, \u00e0 proximit\u00e9 du &hellip;<\/p>\n","protected":false},"author":1,"featured_media":0,"parent":8241,"menu_order":0,"comment_status":"closed","ping_status":"closed","template":"page-templates\/scheda_hotel.php","meta":{"_acf_changed":false,"footnotes":""},"class_list":["post-34726","page","type-page","status-publish","hentry"],"acf":[],"yoast_head":"<!-- This site is optimized with the Yoast SEO plugin v27.0 - https:\/\/yoast.com\/product\/yoast-seo-wordpress\/ -->\n<title>H\u00f4tel Miralaghi - All Inclusive Hotels<\/title>\n<meta name=\"robots\" content=\"index, follow, max-snippet:-1, max-image-preview:large, max-video-preview:-1\" \/>\n<link rel=\"canonical\" href=\"https:\/\/www.allinclusivehotels.it\/fr\/hotels\/hotel-miralaghi\" \/>\n<meta property=\"og:locale\" content=\"fr_FR\" \/>\n<meta property=\"og:type\" content=\"article\" \/>\n<meta property=\"og:title\" content=\"H\u00f4tel Miralaghi - All Inclusive Hotels\" \/>\n<meta property=\"og:description\" content=\"L\u2019H\u00f4tel Miralaghi de Chianciano Terme, b\u00e9n\u00e9ficie d\u2019un emplacement magnifique sur l\u2019avenue principale, \u00e0 proximit\u00e9 du &hellip;\" \/>\n<meta property=\"og:url\" content=\"https:\/\/www.allinclusivehotels.it\/fr\/hotels\/hotel-miralaghi\" \/>\n<meta property=\"og:site_name\" content=\"All Inclusive Hotels\" \/>\n<meta property=\"article:modified_time\" content=\"2024-03-13T15:15:38+00:00\" \/>\n<meta name=\"twitter:card\" content=\"summary_large_image\" \/>\n<meta name=\"twitter:label1\" content=\"Dur\u00e9e de lecture estim\u00e9e\" \/>\n\t<meta name=\"twitter:data1\" content=\"1 minute\" \/>\n<script type=\"application\/ld+json\" class=\"yoast-schema-graph\">{\"@context\":\"https:\/\/schema.org\",\"@graph\":[{\"@type\":\"WebPage\",\"@id\":\"https:\/\/www.allinclusivehotels.it\/fr\/hotels\/hotel-miralaghi\",\"url\":\"https:\/\/www.allinclusivehotels.it\/fr\/hotels\/hotel-miralaghi\",\"name\":\"H\u00f4tel Miralaghi - All Inclusive Hotels\",\"isPartOf\":{\"@id\":\"https:\/\/www.allinclusivehotels.it\/fr#website\"},\"datePublished\":\"2024-01-31T17:00:53+00:00\",\"dateModified\":\"2024-03-13T15:15:38+00:00\",\"breadcrumb\":{\"@id\":\"https:\/\/www.allinclusivehotels.it\/fr\/hotels\/hotel-miralaghi#breadcrumb\"},\"inLanguage\":\"fr-FR\",\"potentialAction\":[{\"@type\":\"ReadAction\",\"target\":[\"https:\/\/www.allinclusivehotels.it\/fr\/hotels\/hotel-miralaghi\"]}]},{\"@type\":\"BreadcrumbList\",\"@id\":\"https:\/\/www.allinclusivehotels.it\/fr\/hotels\/hotel-miralaghi#breadcrumb\",\"itemListElement\":[{\"@type\":\"ListItem\",\"position\":1,\"name\":\"Home\",\"item\":\"https:\/\/www.allinclusivehotels.it\/fr\"},{\"@type\":\"ListItem\",\"position\":2,\"name\":\"H\u00f4tels\",\"item\":\"https:\/\/www.allinclusivehotels.it\/fr\/hotels\"},{\"@type\":\"ListItem\",\"position\":3,\"name\":\"H\u00f4tel Miralaghi\"}]},{\"@type\":\"WebSite\",\"@id\":\"https:\/\/www.allinclusivehotels.it\/fr#website\",\"url\":\"https:\/\/www.allinclusivehotels.it\/fr\",\"name\":\"All Inclusive Hotels\",\"description\":\"\",\"publisher\":{\"@id\":\"https:\/\/www.allinclusivehotels.it\/fr#organization\"},\"potentialAction\":[{\"@type\":\"SearchAction\",\"target\":{\"@type\":\"EntryPoint\",\"urlTemplate\":\"https:\/\/www.allinclusivehotels.it\/fr?s={search_term_string}\"},\"query-input\":{\"@type\":\"PropertyValueSpecification\",\"valueRequired\":true,\"valueName\":\"search_term_string\"}}],\"inLanguage\":\"fr-FR\"},{\"@type\":\"Organization\",\"@id\":\"https:\/\/www.allinclusivehotels.it\/fr#organization\",\"name\":\"All Inclusive Hotels\",\"url\":\"https:\/\/www.allinclusivehotels.it\/fr\",\"logo\":{\"@type\":\"ImageObject\",\"inLanguage\":\"fr-FR\",\"@id\":\"https:\/\/www.allinclusivehotels.it\/fr#\/schema\/logo\/image\/\",\"url\":\"\",\"contentUrl\":\"\",\"caption\":\"All Inclusive Hotels\"},\"image\":{\"@id\":\"https:\/\/www.allinclusivehotels.it\/fr#\/schema\/logo\/image\/\"}}]}<\/script>\n<!-- \/ Yoast SEO plugin. -->","yoast_head_json":{"title":"H\u00f4tel Miralaghi - All Inclusive Hotels","robots":{"index":"index","follow":"follow","max-snippet":"max-snippet:-1","max-image-preview":"max-image-preview:large","max-video-preview":"max-video-preview:-1"},"canonical":"https:\/\/www.allinclusivehotels.it\/fr\/hotels\/hotel-miralaghi","og_locale":"fr_FR","og_type":"article","og_title":"H\u00f4tel Miralaghi - All Inclusive Hotels","og_description":"L\u2019H\u00f4tel Miralaghi de Chianciano Terme, b\u00e9n\u00e9ficie d\u2019un emplacement magnifique sur l\u2019avenue principale, \u00e0 proximit\u00e9 du &hellip;","og_url":"https:\/\/www.allinclusivehotels.it\/fr\/hotels\/hotel-miralaghi","og_site_name":"All Inclusive Hotels","article_modified_time":"2024-03-13T15:15:38+00:00","twitter_card":"summary_large_image","twitter_misc":{"Dur\u00e9e de lecture estim\u00e9e":"1 minute"},"schema":{"@context":"https:\/\/schema.org","@graph":[{"@type":"WebPage","@id":"https:\/\/www.allinclusivehotels.it\/fr\/hotels\/hotel-miralaghi","url":"https:\/\/www.allinclusivehotels.it\/fr\/hotels\/hotel-miralaghi","name":"H\u00f4tel Miralaghi - All Inclusive Hotels","isPartOf":{"@id":"https:\/\/www.allinclusivehotels.it\/fr#website"},"datePublished":"2024-01-31T17:00:53+00:00","dateModified":"2024-03-13T15:15:38+00:00","breadcrumb":{"@id":"https:\/\/www.allinclusivehotels.it\/fr\/hotels\/hotel-miralaghi#breadcrumb"},"inLanguage":"fr-FR","potentialAction":[{"@type":"ReadAction","target":["https:\/\/www.allinclusivehotels.it\/fr\/hotels\/hotel-miralaghi"]}]},{"@type":"BreadcrumbList","@id":"https:\/\/www.allinclusivehotels.it\/fr\/hotels\/hotel-miralaghi#breadcrumb","itemListElement":[{"@type":"ListItem","position":1,"name":"Home","item":"https:\/\/www.allinclusivehotels.it\/fr"},{"@type":"ListItem","position":2,"name":"H\u00f4tels","item":"https:\/\/www.allinclusivehotels.it\/fr\/hotels"},{"@type":"ListItem","position":3,"name":"H\u00f4tel Miralaghi"}]},{"@type":"WebSite","@id":"https:\/\/www.allinclusivehotels.it\/fr#website","url":"https:\/\/www.allinclusivehotels.it\/fr","name":"All Inclusive Hotels","description":"","publisher":{"@id":"https:\/\/www.allinclusivehotels.it\/fr#organization"},"potentialAction":[{"@type":"SearchAction","target":{"@type":"EntryPoint","urlTemplate":"https:\/\/www.allinclusivehotels.it\/fr?s={search_term_string}"},"query-input":{"@type":"PropertyValueSpecification","valueRequired":true,"valueName":"search_term_string"}}],"inLanguage":"fr-FR"},{"@type":"Organization","@id":"https:\/\/www.allinclusivehotels.it\/fr#organization","name":"All Inclusive Hotels","url":"https:\/\/www.allinclusivehotels.it\/fr","logo":{"@type":"ImageObject","inLanguage":"fr-FR","@id":"https:\/\/www.allinclusivehotels.it\/fr#\/schema\/logo\/image\/","url":"","contentUrl":"","caption":"All Inclusive Hotels"},"image":{"@id":"https:\/\/www.allinclusivehotels.it\/fr#\/schema\/logo\/image\/"}}]}},"_links":{"self":[{"href":"https:\/\/www.allinclusivehotels.it\/fr\/wp-json\/wp\/v2\/pages\/34726","targetHints":{"allow":["GET"]}}],"collection":[{"href":"https:\/\/www.allinclusivehotels.it\/fr\/wp-json\/wp\/v2\/pages"}],"about":[{"href":"https:\/\/www.allinclusivehotels.it\/fr\/wp-json\/wp\/v2\/types\/page"}],"author":[{"embeddable":true,"href":"https:\/\/www.allinclusivehotels.it\/fr\/wp-json\/wp\/v2\/users\/1"}],"replies":[{"embeddable":true,"href":"https:\/\/www.allinclusivehotels.it\/fr\/wp-json\/wp\/v2\/comments?post=34726"}],"version-history":[{"count":3,"href":"https:\/\/www.allinclusivehotels.it\/fr\/wp-json\/wp\/v2\/pages\/34726\/revisions"}],"predecessor-version":[{"id":35834,"href":"https:\/\/www.allinclusivehotels.it\/fr\/wp-json\/wp\/v2\/pages\/34726\/revisions\/35834"}],"up":[{"embeddable":true,"href":"https:\/\/www.allinclusivehotels.it\/fr\/wp-json\/wp\/v2\/pages\/8241"}],"wp:attachment":[{"href":"https:\/\/www.allinclusivehotels.it\/fr\/wp-json\/wp\/v2\/media?parent=34726"}],"curies":[{"name":"wp","href":"https:\/\/api.w.org\/{rel}","templated":true}]}}