{"id":34241,"date":"2024-01-10T10:12:59","date_gmt":"2024-01-10T09:12:59","guid":{"rendered":"https:\/\/www.allinclusivehotels.it\/villages\/lino-delle-fate-eco-village-resort"},"modified":"2024-02-12T13:20:38","modified_gmt":"2024-02-12T12:20:38","slug":"lino-delle-fate-eco-village-resort","status":"publish","type":"page","link":"https:\/\/www.allinclusivehotels.it\/fr\/villages\/lino-delle-fate-eco-village-resort","title":{"rendered":"Lino delle Fate Eco Village Resort"},"content":{"rendered":"\n<p>Le <b>Lino delle Fate Eco Village Resort \u00e0 Bibione<\/b> s\u2019\u00e9tend sur une surface de <b>250 000 m\u00b2 de magnifique maquis m\u00e9diterran\u00e9en.<\/b> Un endroit relaxant et paisible, parfait pour qui souhaite s&#039;immerger dans la nature et rester \u00e0 l&#039;\u00e9cart du bruit de la ville. En effet, l&#039;utilisation de voitures est interdite \u00e0 l&#039;int\u00e9rieur du resort, \u00e0 l&#039;exception des voitures \u00e9lectriques pour le transport des bagages.<\/p>\n\n\n\n<!--more-->\n\n\n\n<p>Accessible \u00e0 pied ou \u00e0 v\u00e9lo, vous trouverez la <b>plage priv\u00e9e,<\/b> situ\u00e9e \u00e0 seulement 400 m et reli\u00e9e par un pratique sentier appel\u00e9\u00a0<b>\u00ab\u00a0Le chemin de la mer\u00a0\u00bb,<\/b>\u00a0qui traverse la pin\u00e8de. Les clients trouveront toujours \u00e0 leur disposition <b>un parasol et deux transats.<\/b><\/p>\n\n\n\n<p>Pour qui souhaite quitter sa chambre et plonger directement dans l&#039;eau, le Lino delle Fate Eco Village Resort propose une <b>piscine centrale<\/b> pour adultes, divis\u00e9e en trois zones distinctes pour une superficie totale de\u00a0<b>1\u00a0000 m2 d&#039;eau<\/b>, une\u00a0<b>piscine jacuzzi<\/b> entour\u00e9e de tr\u00e8s confortables transats, ainsi qu\u2019une <b>piscine pour enfants<\/b>\u00a0(30 cm de profondeur) avec <b>jeux d&#039;eau<\/b>.<\/p>\n\n\n\n<p>Les enfants trouveront \u00e9galement un mini-club v\u00e9ritablement innovant, sachant que l&#039;objectif final n&#039;est pas seulement de divertir les enfants mais de les rapprocher de la nature et des animaux, avec respect et s\u00e9r\u00e9nit\u00e9. Il n&#039;existe pas de meilleurs endroits que\u00a0le <b>Parc m\u00e9diterran\u00e9en de la Biodiversit\u00e9<\/b>\u00a0du Lino delle Fate Eco Village Resort. Il s\u2019agit d\u2019un espace vert de\u00a0<b>16 hectares<\/b>, un lieu \u00e0 admirer tant au niveau naturel que paysager, ainsi qu\u2019<b>un espace \u00e9motionnel et dynamique,<\/b> qui fait na\u00eetre chez les moins curieux le d\u00e9sir continu de l&#039;explorer, de le conna\u00eetre et de l&#039;exp\u00e9rimenter.<\/p>\n\n\n\n<p>Le resort <b>accepte les animaux<\/b>, et les amis des animaux sont h\u00e9berg\u00e9s exclusivement dans les bungalows. Et quant est-il de la plage \u00e0 Bibione\u00a0? Vous trouverez la <b>plage de Pluto<\/b>, o\u00f9 vous pourrez profiter de la compagnie de vos amis \u00e0 4 pattes.<\/p>\n","protected":false},"excerpt":{"rendered":"<p>Le Lino delle Fate Eco Village Resort \u00e0 Bibione s\u2019\u00e9tend sur une surface de 250 &hellip;<\/p>\n","protected":false},"author":1,"featured_media":0,"parent":8229,"menu_order":0,"comment_status":"closed","ping_status":"closed","template":"page-templates\/scheda_hotel.php","meta":{"_acf_changed":false,"footnotes":""},"class_list":["post-34241","page","type-page","status-publish","hentry"],"acf":[],"yoast_head":"<!-- This site is optimized with the Yoast SEO plugin v27.0 - https:\/\/yoast.com\/product\/yoast-seo-wordpress\/ -->\n<title>Offres All Inclusive Lino delle Fate Eco Village Resort - Bibione<\/title>\n<meta name=\"description\" content=\"Envie de vacances\u00a0? D\u00e9couvrez les offres All Inclusive et les forfaits tout compris du Lino delle Fate Eco Village Resort - Bibione\" \/>\n<meta name=\"robots\" content=\"index, follow, max-snippet:-1, max-image-preview:large, max-video-preview:-1\" \/>\n<link rel=\"canonical\" href=\"https:\/\/www.allinclusivehotels.it\/fr\/villages\/lino-delle-fate-eco-village-resort\" \/>\n<meta property=\"og:locale\" content=\"fr_FR\" \/>\n<meta property=\"og:type\" content=\"article\" \/>\n<meta property=\"og:title\" content=\"Offres All Inclusive Lino delle Fate Eco Village Resort - Bibione\" \/>\n<meta property=\"og:description\" content=\"Envie de vacances\u00a0? D\u00e9couvrez les offres All Inclusive et les forfaits tout compris du Lino delle Fate Eco Village Resort - Bibione\" \/>\n<meta property=\"og:url\" content=\"https:\/\/www.allinclusivehotels.it\/fr\/villages\/lino-delle-fate-eco-village-resort\" \/>\n<meta property=\"og:site_name\" content=\"All Inclusive Hotels\" \/>\n<meta property=\"article:modified_time\" content=\"2024-02-12T12:20:38+00:00\" \/>\n<meta name=\"twitter:card\" content=\"summary_large_image\" \/>\n<meta name=\"twitter:label1\" content=\"Dur\u00e9e de lecture estim\u00e9e\" \/>\n\t<meta name=\"twitter:data1\" content=\"2 minutes\" \/>\n<script type=\"application\/ld+json\" class=\"yoast-schema-graph\">{\"@context\":\"https:\/\/schema.org\",\"@graph\":[{\"@type\":\"WebPage\",\"@id\":\"https:\/\/www.allinclusivehotels.it\/fr\/villages\/lino-delle-fate-eco-village-resort\",\"url\":\"https:\/\/www.allinclusivehotels.it\/fr\/villages\/lino-delle-fate-eco-village-resort\",\"name\":\"Offres All Inclusive Lino delle Fate Eco Village Resort - Bibione\",\"isPartOf\":{\"@id\":\"https:\/\/www.allinclusivehotels.it\/fr#website\"},\"datePublished\":\"2024-01-10T09:12:59+00:00\",\"dateModified\":\"2024-02-12T12:20:38+00:00\",\"description\":\"Envie de vacances\u00a0? D\u00e9couvrez les offres All Inclusive et les forfaits tout compris du Lino delle Fate Eco Village Resort - Bibione\",\"breadcrumb\":{\"@id\":\"https:\/\/www.allinclusivehotels.it\/fr\/villages\/lino-delle-fate-eco-village-resort#breadcrumb\"},\"inLanguage\":\"fr-FR\",\"potentialAction\":[{\"@type\":\"ReadAction\",\"target\":[\"https:\/\/www.allinclusivehotels.it\/fr\/villages\/lino-delle-fate-eco-village-resort\"]}]},{\"@type\":\"BreadcrumbList\",\"@id\":\"https:\/\/www.allinclusivehotels.it\/fr\/villages\/lino-delle-fate-eco-village-resort#breadcrumb\",\"itemListElement\":[{\"@type\":\"ListItem\",\"position\":1,\"name\":\"Home\",\"item\":\"https:\/\/www.allinclusivehotels.it\/fr\"},{\"@type\":\"ListItem\",\"position\":2,\"name\":\"Villages\",\"item\":\"https:\/\/www.allinclusivehotels.it\/fr\/villages\"},{\"@type\":\"ListItem\",\"position\":3,\"name\":\"Lino delle Fate Eco Village Resort\"}]},{\"@type\":\"WebSite\",\"@id\":\"https:\/\/www.allinclusivehotels.it\/fr#website\",\"url\":\"https:\/\/www.allinclusivehotels.it\/fr\",\"name\":\"All Inclusive Hotels\",\"description\":\"\",\"publisher\":{\"@id\":\"https:\/\/www.allinclusivehotels.it\/fr#organization\"},\"potentialAction\":[{\"@type\":\"SearchAction\",\"target\":{\"@type\":\"EntryPoint\",\"urlTemplate\":\"https:\/\/www.allinclusivehotels.it\/fr?s={search_term_string}\"},\"query-input\":{\"@type\":\"PropertyValueSpecification\",\"valueRequired\":true,\"valueName\":\"search_term_string\"}}],\"inLanguage\":\"fr-FR\"},{\"@type\":\"Organization\",\"@id\":\"https:\/\/www.allinclusivehotels.it\/fr#organization\",\"name\":\"All Inclusive Hotels\",\"url\":\"https:\/\/www.allinclusivehotels.it\/fr\",\"logo\":{\"@type\":\"ImageObject\",\"inLanguage\":\"fr-FR\",\"@id\":\"https:\/\/www.allinclusivehotels.it\/fr#\/schema\/logo\/image\/\",\"url\":\"\",\"contentUrl\":\"\",\"caption\":\"All Inclusive Hotels\"},\"image\":{\"@id\":\"https:\/\/www.allinclusivehotels.it\/fr#\/schema\/logo\/image\/\"}}]}<\/script>\n<!-- \/ Yoast SEO plugin. -->","yoast_head_json":{"title":"Offres All Inclusive Lino delle Fate Eco Village Resort - Bibione","description":"Envie de vacances\u00a0? D\u00e9couvrez les offres All Inclusive et les forfaits tout compris du Lino delle Fate Eco Village Resort - Bibione","robots":{"index":"index","follow":"follow","max-snippet":"max-snippet:-1","max-image-preview":"max-image-preview:large","max-video-preview":"max-video-preview:-1"},"canonical":"https:\/\/www.allinclusivehotels.it\/fr\/villages\/lino-delle-fate-eco-village-resort","og_locale":"fr_FR","og_type":"article","og_title":"Offres All Inclusive Lino delle Fate Eco Village Resort - Bibione","og_description":"Envie de vacances\u00a0? D\u00e9couvrez les offres All Inclusive et les forfaits tout compris du Lino delle Fate Eco Village Resort - Bibione","og_url":"https:\/\/www.allinclusivehotels.it\/fr\/villages\/lino-delle-fate-eco-village-resort","og_site_name":"All Inclusive Hotels","article_modified_time":"2024-02-12T12:20:38+00:00","twitter_card":"summary_large_image","twitter_misc":{"Dur\u00e9e de lecture estim\u00e9e":"2 minutes"},"schema":{"@context":"https:\/\/schema.org","@graph":[{"@type":"WebPage","@id":"https:\/\/www.allinclusivehotels.it\/fr\/villages\/lino-delle-fate-eco-village-resort","url":"https:\/\/www.allinclusivehotels.it\/fr\/villages\/lino-delle-fate-eco-village-resort","name":"Offres All Inclusive Lino delle Fate Eco Village Resort - Bibione","isPartOf":{"@id":"https:\/\/www.allinclusivehotels.it\/fr#website"},"datePublished":"2024-01-10T09:12:59+00:00","dateModified":"2024-02-12T12:20:38+00:00","description":"Envie de vacances\u00a0? D\u00e9couvrez les offres All Inclusive et les forfaits tout compris du Lino delle Fate Eco Village Resort - Bibione","breadcrumb":{"@id":"https:\/\/www.allinclusivehotels.it\/fr\/villages\/lino-delle-fate-eco-village-resort#breadcrumb"},"inLanguage":"fr-FR","potentialAction":[{"@type":"ReadAction","target":["https:\/\/www.allinclusivehotels.it\/fr\/villages\/lino-delle-fate-eco-village-resort"]}]},{"@type":"BreadcrumbList","@id":"https:\/\/www.allinclusivehotels.it\/fr\/villages\/lino-delle-fate-eco-village-resort#breadcrumb","itemListElement":[{"@type":"ListItem","position":1,"name":"Home","item":"https:\/\/www.allinclusivehotels.it\/fr"},{"@type":"ListItem","position":2,"name":"Villages","item":"https:\/\/www.allinclusivehotels.it\/fr\/villages"},{"@type":"ListItem","position":3,"name":"Lino delle Fate Eco Village Resort"}]},{"@type":"WebSite","@id":"https:\/\/www.allinclusivehotels.it\/fr#website","url":"https:\/\/www.allinclusivehotels.it\/fr","name":"All Inclusive Hotels","description":"","publisher":{"@id":"https:\/\/www.allinclusivehotels.it\/fr#organization"},"potentialAction":[{"@type":"SearchAction","target":{"@type":"EntryPoint","urlTemplate":"https:\/\/www.allinclusivehotels.it\/fr?s={search_term_string}"},"query-input":{"@type":"PropertyValueSpecification","valueRequired":true,"valueName":"search_term_string"}}],"inLanguage":"fr-FR"},{"@type":"Organization","@id":"https:\/\/www.allinclusivehotels.it\/fr#organization","name":"All Inclusive Hotels","url":"https:\/\/www.allinclusivehotels.it\/fr","logo":{"@type":"ImageObject","inLanguage":"fr-FR","@id":"https:\/\/www.allinclusivehotels.it\/fr#\/schema\/logo\/image\/","url":"","contentUrl":"","caption":"All Inclusive Hotels"},"image":{"@id":"https:\/\/www.allinclusivehotels.it\/fr#\/schema\/logo\/image\/"}}]}},"_links":{"self":[{"href":"https:\/\/www.allinclusivehotels.it\/fr\/wp-json\/wp\/v2\/pages\/34241","targetHints":{"allow":["GET"]}}],"collection":[{"href":"https:\/\/www.allinclusivehotels.it\/fr\/wp-json\/wp\/v2\/pages"}],"about":[{"href":"https:\/\/www.allinclusivehotels.it\/fr\/wp-json\/wp\/v2\/types\/page"}],"author":[{"embeddable":true,"href":"https:\/\/www.allinclusivehotels.it\/fr\/wp-json\/wp\/v2\/users\/1"}],"replies":[{"embeddable":true,"href":"https:\/\/www.allinclusivehotels.it\/fr\/wp-json\/wp\/v2\/comments?post=34241"}],"version-history":[{"count":2,"href":"https:\/\/www.allinclusivehotels.it\/fr\/wp-json\/wp\/v2\/pages\/34241\/revisions"}],"predecessor-version":[{"id":35157,"href":"https:\/\/www.allinclusivehotels.it\/fr\/wp-json\/wp\/v2\/pages\/34241\/revisions\/35157"}],"up":[{"embeddable":true,"href":"https:\/\/www.allinclusivehotels.it\/fr\/wp-json\/wp\/v2\/pages\/8229"}],"wp:attachment":[{"href":"https:\/\/www.allinclusivehotels.it\/fr\/wp-json\/wp\/v2\/media?parent=34241"}],"curies":[{"name":"wp","href":"https:\/\/api.w.org\/{rel}","templated":true}]}}