{"id":34223,"date":"2024-01-10T08:57:30","date_gmt":"2024-01-10T07:57:30","guid":{"rendered":"https:\/\/www.allinclusivehotels.it\/villages\/green-village-resort"},"modified":"2024-02-12T13:20:35","modified_gmt":"2024-02-12T12:20:35","slug":"green-village-resort","status":"publish","type":"page","link":"https:\/\/www.allinclusivehotels.it\/fr\/villages\/green-village-resort","title":{"rendered":"Green Village Eco Resort"},"content":{"rendered":"\n<p>Le <b>Green Village Eco Resort<\/b> de <b>Lignano Sabbiadoro<\/b> dispose d\u2019<b>un espace vert de plus de 12 000 m\u00b2<\/b> dot\u00e9 de nombreux jeux pour enfants et d&#039;un chemin \u00ab\u00a0vitae\u00a0\u00bb devenu\u00a0<b>le premier parc \u00e0 th\u00e8me<\/b>\u00a0<b>naturaliste<\/b>\u00a0de Lignano,\u00a0<b>d\u00e9di\u00e9 \u00e0 l&#039;avifaune<\/b>.<\/p>\n\n\n\n<!--more-->\n\n\n\n<p>Vous pouvez choisir entre les <b>villas avec jardin clos<\/b>, les\u00a0<b>appartements\u00a0<\/b>\u00e9quip\u00e9s, ou les <b>chambres<\/b> du resort. Le village offre un service de plage inclus (au bureau de plage n\u00b0\u00a04 de Lignano Riviera), facilement accessible \u00e0 pied, en v\u00e9lo ou avec la <b>navette gratuite<\/b> pour la plage, o\u00f9 1 parasol et 2 transats vous attendent toujours.<\/p>\n\n\n\n<p>Le Green Village Eco Resort dispose d&#039;un merveilleux <b>parc de piscines<\/b> avec une pour adultes, une adapt\u00e9e aux enfants, un <b>espace bien-\u00eatre <\/b>s\u00e9par\u00e9 par un <b>jacuzzi<\/b>, 6 transats, des appareils de massage cervical, <b>2 saunas et 1 bain turc<\/b>. Le parc aquatique est compl\u00e9t\u00e9 par un grand plan d&#039;eau peu profond, appel\u00e9\u00a0<b>lagune<\/b>, parfait pour les plus petits. Le tout est entour\u00e9 d&#039;un\u00a0<b>solarium \u00e9quip\u00e9<\/b>\u00a0avec parasols et transats.<\/p>\n\n\n\n<p>Des<b>\u00a0activit\u00e9s d&#039;animation pour les enfants (3-10 ans)<\/b> sont organis\u00e9es du dimanche au vendredi, aussi bien en ext\u00e9rieur que dans la grande salle de jeux int\u00e9rieure, de 10h \u00e0 12h et de 16h \u00e0 18h.<\/p>\n\n\n\n<p>La structure <b>accepte les animaux<\/b> mais les amis \u00e0 quatre pattes ne sont autoris\u00e9s que dans les appartements avec jardin. \u00c0 Lignano Sabbiadoro, vous trouverez la <b>Plage de Duke<\/b> \u00e9quip\u00e9e pour les animaux.<\/p>\n\n\n\n<p>De plus, le Green Village Eco Resort s&#039;efforce d&#039;offrir des <b>vacances \u00e9co-durables<\/b>, tant du point de vue environnemental &#8211; il a \u00e9t\u00e9 construit en parfaite harmonie avec la nature, en utilisant\u00a0<b>mat\u00e9riaux \u00e9cologiques<\/b>\u00a0et avec un faible impact environnemental &#8211; que d&#039;un point de vue \u00e9conomique, en s\u00e9lectionnant des fournisseurs locaux.<\/p>\n","protected":false},"excerpt":{"rendered":"<p>Le Green Village Eco Resort de Lignano Sabbiadoro dispose d\u2019un espace vert de plus de &hellip;<\/p>\n","protected":false},"author":1,"featured_media":0,"parent":8229,"menu_order":0,"comment_status":"closed","ping_status":"closed","template":"page-templates\/scheda_hotel.php","meta":{"_acf_changed":false,"footnotes":""},"class_list":["post-34223","page","type-page","status-publish","hentry"],"acf":[],"yoast_head":"<!-- This site is optimized with the Yoast SEO plugin v27.0 - https:\/\/yoast.com\/product\/yoast-seo-wordpress\/ -->\n<title>Offres All Inclusive du Green Village Eco Resort<\/title>\n<meta name=\"description\" content=\"Envie de vacances\u00a0? D\u00e9couvrez les offres All Inclusive et les forfaits tout compris du Green Village Eco resort de Lignano Sabbiadoro\u00a0!\" \/>\n<meta name=\"robots\" content=\"index, follow, max-snippet:-1, max-image-preview:large, max-video-preview:-1\" \/>\n<link rel=\"canonical\" href=\"https:\/\/www.allinclusivehotels.it\/fr\/villages\/green-village-resort\" \/>\n<meta property=\"og:locale\" content=\"fr_FR\" \/>\n<meta property=\"og:type\" content=\"article\" \/>\n<meta property=\"og:title\" content=\"Offres All Inclusive du Green Village Eco Resort\" \/>\n<meta property=\"og:description\" content=\"Envie de vacances\u00a0? D\u00e9couvrez les offres All Inclusive et les forfaits tout compris du Green Village Eco resort de Lignano Sabbiadoro\u00a0!\" \/>\n<meta property=\"og:url\" content=\"https:\/\/www.allinclusivehotels.it\/fr\/villages\/green-village-resort\" \/>\n<meta property=\"og:site_name\" content=\"All Inclusive Hotels\" \/>\n<meta property=\"article:modified_time\" content=\"2024-02-12T12:20:35+00:00\" \/>\n<meta name=\"twitter:card\" content=\"summary_large_image\" \/>\n<script type=\"application\/ld+json\" class=\"yoast-schema-graph\">{\"@context\":\"https:\/\/schema.org\",\"@graph\":[{\"@type\":\"WebPage\",\"@id\":\"https:\/\/www.allinclusivehotels.it\/fr\/villages\/green-village-resort\",\"url\":\"https:\/\/www.allinclusivehotels.it\/fr\/villages\/green-village-resort\",\"name\":\"Offres All Inclusive du Green Village Eco Resort\",\"isPartOf\":{\"@id\":\"https:\/\/www.allinclusivehotels.it\/fr#website\"},\"datePublished\":\"2024-01-10T07:57:30+00:00\",\"dateModified\":\"2024-02-12T12:20:35+00:00\",\"description\":\"Envie de vacances\u00a0? D\u00e9couvrez les offres All Inclusive et les forfaits tout compris du Green Village Eco resort de Lignano Sabbiadoro\u00a0!\",\"breadcrumb\":{\"@id\":\"https:\/\/www.allinclusivehotels.it\/fr\/villages\/green-village-resort#breadcrumb\"},\"inLanguage\":\"fr-FR\",\"potentialAction\":[{\"@type\":\"ReadAction\",\"target\":[\"https:\/\/www.allinclusivehotels.it\/fr\/villages\/green-village-resort\"]}]},{\"@type\":\"BreadcrumbList\",\"@id\":\"https:\/\/www.allinclusivehotels.it\/fr\/villages\/green-village-resort#breadcrumb\",\"itemListElement\":[{\"@type\":\"ListItem\",\"position\":1,\"name\":\"Home\",\"item\":\"https:\/\/www.allinclusivehotels.it\/fr\"},{\"@type\":\"ListItem\",\"position\":2,\"name\":\"Villages\",\"item\":\"https:\/\/www.allinclusivehotels.it\/fr\/villages\"},{\"@type\":\"ListItem\",\"position\":3,\"name\":\"Green Village Eco Resort\"}]},{\"@type\":\"WebSite\",\"@id\":\"https:\/\/www.allinclusivehotels.it\/fr#website\",\"url\":\"https:\/\/www.allinclusivehotels.it\/fr\",\"name\":\"All Inclusive Hotels\",\"description\":\"\",\"publisher\":{\"@id\":\"https:\/\/www.allinclusivehotels.it\/fr#organization\"},\"potentialAction\":[{\"@type\":\"SearchAction\",\"target\":{\"@type\":\"EntryPoint\",\"urlTemplate\":\"https:\/\/www.allinclusivehotels.it\/fr?s={search_term_string}\"},\"query-input\":{\"@type\":\"PropertyValueSpecification\",\"valueRequired\":true,\"valueName\":\"search_term_string\"}}],\"inLanguage\":\"fr-FR\"},{\"@type\":\"Organization\",\"@id\":\"https:\/\/www.allinclusivehotels.it\/fr#organization\",\"name\":\"All Inclusive Hotels\",\"url\":\"https:\/\/www.allinclusivehotels.it\/fr\",\"logo\":{\"@type\":\"ImageObject\",\"inLanguage\":\"fr-FR\",\"@id\":\"https:\/\/www.allinclusivehotels.it\/fr#\/schema\/logo\/image\/\",\"url\":\"\",\"contentUrl\":\"\",\"caption\":\"All Inclusive Hotels\"},\"image\":{\"@id\":\"https:\/\/www.allinclusivehotels.it\/fr#\/schema\/logo\/image\/\"}}]}<\/script>\n<!-- \/ Yoast SEO plugin. -->","yoast_head_json":{"title":"Offres All Inclusive du Green Village Eco Resort","description":"Envie de vacances\u00a0? D\u00e9couvrez les offres All Inclusive et les forfaits tout compris du Green Village Eco resort de Lignano Sabbiadoro\u00a0!","robots":{"index":"index","follow":"follow","max-snippet":"max-snippet:-1","max-image-preview":"max-image-preview:large","max-video-preview":"max-video-preview:-1"},"canonical":"https:\/\/www.allinclusivehotels.it\/fr\/villages\/green-village-resort","og_locale":"fr_FR","og_type":"article","og_title":"Offres All Inclusive du Green Village Eco Resort","og_description":"Envie de vacances\u00a0? D\u00e9couvrez les offres All Inclusive et les forfaits tout compris du Green Village Eco resort de Lignano Sabbiadoro\u00a0!","og_url":"https:\/\/www.allinclusivehotels.it\/fr\/villages\/green-village-resort","og_site_name":"All Inclusive Hotels","article_modified_time":"2024-02-12T12:20:35+00:00","twitter_card":"summary_large_image","schema":{"@context":"https:\/\/schema.org","@graph":[{"@type":"WebPage","@id":"https:\/\/www.allinclusivehotels.it\/fr\/villages\/green-village-resort","url":"https:\/\/www.allinclusivehotels.it\/fr\/villages\/green-village-resort","name":"Offres All Inclusive du Green Village Eco Resort","isPartOf":{"@id":"https:\/\/www.allinclusivehotels.it\/fr#website"},"datePublished":"2024-01-10T07:57:30+00:00","dateModified":"2024-02-12T12:20:35+00:00","description":"Envie de vacances\u00a0? D\u00e9couvrez les offres All Inclusive et les forfaits tout compris du Green Village Eco resort de Lignano Sabbiadoro\u00a0!","breadcrumb":{"@id":"https:\/\/www.allinclusivehotels.it\/fr\/villages\/green-village-resort#breadcrumb"},"inLanguage":"fr-FR","potentialAction":[{"@type":"ReadAction","target":["https:\/\/www.allinclusivehotels.it\/fr\/villages\/green-village-resort"]}]},{"@type":"BreadcrumbList","@id":"https:\/\/www.allinclusivehotels.it\/fr\/villages\/green-village-resort#breadcrumb","itemListElement":[{"@type":"ListItem","position":1,"name":"Home","item":"https:\/\/www.allinclusivehotels.it\/fr"},{"@type":"ListItem","position":2,"name":"Villages","item":"https:\/\/www.allinclusivehotels.it\/fr\/villages"},{"@type":"ListItem","position":3,"name":"Green Village Eco Resort"}]},{"@type":"WebSite","@id":"https:\/\/www.allinclusivehotels.it\/fr#website","url":"https:\/\/www.allinclusivehotels.it\/fr","name":"All Inclusive Hotels","description":"","publisher":{"@id":"https:\/\/www.allinclusivehotels.it\/fr#organization"},"potentialAction":[{"@type":"SearchAction","target":{"@type":"EntryPoint","urlTemplate":"https:\/\/www.allinclusivehotels.it\/fr?s={search_term_string}"},"query-input":{"@type":"PropertyValueSpecification","valueRequired":true,"valueName":"search_term_string"}}],"inLanguage":"fr-FR"},{"@type":"Organization","@id":"https:\/\/www.allinclusivehotels.it\/fr#organization","name":"All Inclusive Hotels","url":"https:\/\/www.allinclusivehotels.it\/fr","logo":{"@type":"ImageObject","inLanguage":"fr-FR","@id":"https:\/\/www.allinclusivehotels.it\/fr#\/schema\/logo\/image\/","url":"","contentUrl":"","caption":"All Inclusive Hotels"},"image":{"@id":"https:\/\/www.allinclusivehotels.it\/fr#\/schema\/logo\/image\/"}}]}},"_links":{"self":[{"href":"https:\/\/www.allinclusivehotels.it\/fr\/wp-json\/wp\/v2\/pages\/34223","targetHints":{"allow":["GET"]}}],"collection":[{"href":"https:\/\/www.allinclusivehotels.it\/fr\/wp-json\/wp\/v2\/pages"}],"about":[{"href":"https:\/\/www.allinclusivehotels.it\/fr\/wp-json\/wp\/v2\/types\/page"}],"author":[{"embeddable":true,"href":"https:\/\/www.allinclusivehotels.it\/fr\/wp-json\/wp\/v2\/users\/1"}],"replies":[{"embeddable":true,"href":"https:\/\/www.allinclusivehotels.it\/fr\/wp-json\/wp\/v2\/comments?post=34223"}],"version-history":[{"count":3,"href":"https:\/\/www.allinclusivehotels.it\/fr\/wp-json\/wp\/v2\/pages\/34223\/revisions"}],"predecessor-version":[{"id":35155,"href":"https:\/\/www.allinclusivehotels.it\/fr\/wp-json\/wp\/v2\/pages\/34223\/revisions\/35155"}],"up":[{"embeddable":true,"href":"https:\/\/www.allinclusivehotels.it\/fr\/wp-json\/wp\/v2\/pages\/8229"}],"wp:attachment":[{"href":"https:\/\/www.allinclusivehotels.it\/fr\/wp-json\/wp\/v2\/media?parent=34223"}],"curies":[{"name":"wp","href":"https:\/\/api.w.org\/{rel}","templated":true}]}}