{"id":34185,"date":"2023-12-19T15:36:18","date_gmt":"2023-12-19T14:36:18","guid":{"rendered":"https:\/\/www.allinclusivehotels.it\/destinations\/cavalese"},"modified":"2023-12-19T15:36:19","modified_gmt":"2023-12-19T14:36:19","slug":"cavalese","status":"publish","type":"page","link":"https:\/\/www.allinclusivehotels.it\/fr\/destinations\/cavalese","title":{"rendered":"Cavalese"},"content":{"rendered":"\n<p>Vos vacances dans les <b>h\u00f4tels All Inclusive Hotels de Cavalese<\/b>, dans le <b>Val di Fiemme<\/b>, vous offre le meilleur des services toujours inclus, dans un contexte naturaliste authentique tel que celui des <b>Dolomites<\/b>. Apr\u00e8s une journ\u00e9e sur les pistes de <b>Domaine skiable de l&#039;Alpe Cermis<\/b> ou du <b>Ski Center Latemar<\/b>, vous pourrez vous d\u00e9tendre dans le centre de bien-\u00eatre et dans la piscine chauff\u00e9e, peut-\u00eatre apr\u00e8s avoir pris un copieux go\u00fbter. Puis laissez-vous tenter par des d\u00eeners romantiques \u00e0 base de produits et de vins du Trentin.<\/p>\n\n\n\n<!--more-->\n\n\n\n<p>Si pour votre <b>s\u00e9jour All Inclusive<\/b> \u00e0 <b>Cavalese<\/b>, vous choisissez un <b>Family Hotel<\/b>, soyez certains de voir vos enfants s&#039;amuser avec l&#039;\u00e9quipe d&#039;animation et, peut-\u00eatre, vivre avec eux des exp\u00e9riences sp\u00e9ciales dans la nature, comme des excursions en famille, des visites p\u00e9dagogiques au refuge de montagne, des promenades dans les bois, ou encore des journ\u00e9es sur la neige \u00e0 Cermislandia.<\/p>\n\n\n\n<p>Dans le<b> Val di Fiemme<\/b>, les occasions ne manquent pas de faire des <b>activit\u00e9s de plein air en toute saison<\/b>. Outre le ski, en \u00e9t\u00e9, vous pourrez \u00e9galement vous rendre au <b>Col de Lavaz\u00e8<\/b>, une zone tr\u00e8s appr\u00e9ci\u00e9e des randonneurs et d\u00e9finie par tous comme \u00e9tant \u00ab un spectacle de la nature \u00bb. Randonn\u00e9e, cyclisme, p\u00eache sportive, un Running Park avec 9 parcours classiques, 4 sp\u00e9ciaux et 3 variantes, ne sont que quelques-unes des exp\u00e9riences en plein air qui vous attendent.<\/p>\n\n\n\n<p><b>Cavalese<\/b> compte \u00e9galement une jolie <b>vieille ville<\/b>, dans laquelle vous trouverez boutiques, magasins, pubs et restaurants. Pour les plus curieux, il est \u00e9galement possible de visiter le Palais de la Magnifique Communaut\u00e9 de Fiemme, avec la Galerie d&#039;art, les prisons des sorci\u00e8res et le Centre d&#039;art contemporain.<\/p>\n","protected":false},"excerpt":{"rendered":"<p>Vos vacances dans les h\u00f4tels All Inclusive Hotels de Cavalese, dans le Val di Fiemme, &hellip;<\/p>\n","protected":false},"author":1,"featured_media":0,"parent":8167,"menu_order":0,"comment_status":"closed","ping_status":"closed","template":"page-templates\/destinazione.php","meta":{"_acf_changed":false,"footnotes":""},"class_list":["post-34185","page","type-page","status-publish","hentry"],"acf":[],"yoast_head":"<!-- This site is optimized with the Yoast SEO plugin v27.0 - https:\/\/yoast.com\/product\/yoast-seo-wordpress\/ -->\n<title>H\u00f4tels All Inclusive Cavalese\u00a0: Offres H\u00f4tels 4 \u00e9toiles pour familles<\/title>\n<meta name=\"description\" content=\"Vous cherchez d&#039;un h\u00f4tel All Inclusive \u00e0 Cavalese\u00a0? D\u00e9couvrez la plus grande s\u00e9lection d\u2019h\u00f4tels All Inclusive en Italie. Voir les offres\u00a0!\" \/>\n<meta name=\"robots\" content=\"index, follow, max-snippet:-1, max-image-preview:large, max-video-preview:-1\" \/>\n<link rel=\"canonical\" href=\"https:\/\/www.allinclusivehotels.it\/fr\/destinations\/cavalese\" \/>\n<meta property=\"og:locale\" content=\"fr_FR\" \/>\n<meta property=\"og:type\" content=\"article\" \/>\n<meta property=\"og:title\" content=\"H\u00f4tels All Inclusive Cavalese\u00a0: Offres H\u00f4tels 4 \u00e9toiles pour familles\" \/>\n<meta property=\"og:description\" content=\"Vous cherchez d&#039;un h\u00f4tel All Inclusive \u00e0 Cavalese\u00a0? D\u00e9couvrez la plus grande s\u00e9lection d\u2019h\u00f4tels All Inclusive en Italie. Voir les offres\u00a0!\" \/>\n<meta property=\"og:url\" content=\"https:\/\/www.allinclusivehotels.it\/fr\/destinations\/cavalese\" \/>\n<meta property=\"og:site_name\" content=\"All Inclusive Hotels\" \/>\n<meta property=\"article:modified_time\" content=\"2023-12-19T14:36:19+00:00\" \/>\n<meta name=\"twitter:card\" content=\"summary_large_image\" \/>\n<meta name=\"twitter:label1\" content=\"Dur\u00e9e de lecture estim\u00e9e\" \/>\n\t<meta name=\"twitter:data1\" content=\"1 minute\" \/>\n<script type=\"application\/ld+json\" class=\"yoast-schema-graph\">{\"@context\":\"https:\/\/schema.org\",\"@graph\":[{\"@type\":\"WebPage\",\"@id\":\"https:\/\/www.allinclusivehotels.it\/fr\/destinations\/cavalese\",\"url\":\"https:\/\/www.allinclusivehotels.it\/fr\/destinations\/cavalese\",\"name\":\"H\u00f4tels All Inclusive Cavalese\u00a0: Offres H\u00f4tels 4 \u00e9toiles pour familles\",\"isPartOf\":{\"@id\":\"https:\/\/www.allinclusivehotels.it\/fr#website\"},\"datePublished\":\"2023-12-19T14:36:18+00:00\",\"dateModified\":\"2023-12-19T14:36:19+00:00\",\"description\":\"Vous cherchez d'un h\u00f4tel All Inclusive \u00e0 Cavalese\u00a0? D\u00e9couvrez la plus grande s\u00e9lection d\u2019h\u00f4tels All Inclusive en Italie. Voir les offres\u00a0!\",\"breadcrumb\":{\"@id\":\"https:\/\/www.allinclusivehotels.it\/fr\/destinations\/cavalese#breadcrumb\"},\"inLanguage\":\"fr-FR\",\"potentialAction\":[{\"@type\":\"ReadAction\",\"target\":[\"https:\/\/www.allinclusivehotels.it\/fr\/destinations\/cavalese\"]}]},{\"@type\":\"BreadcrumbList\",\"@id\":\"https:\/\/www.allinclusivehotels.it\/fr\/destinations\/cavalese#breadcrumb\",\"itemListElement\":[{\"@type\":\"ListItem\",\"position\":1,\"name\":\"Home\",\"item\":\"https:\/\/www.allinclusivehotels.it\/fr\"},{\"@type\":\"ListItem\",\"position\":2,\"name\":\"Destinations\",\"item\":\"https:\/\/www.allinclusivehotels.it\/fr\/destinations\"},{\"@type\":\"ListItem\",\"position\":3,\"name\":\"Cavalese\"}]},{\"@type\":\"WebSite\",\"@id\":\"https:\/\/www.allinclusivehotels.it\/fr#website\",\"url\":\"https:\/\/www.allinclusivehotels.it\/fr\",\"name\":\"All Inclusive Hotels\",\"description\":\"\",\"publisher\":{\"@id\":\"https:\/\/www.allinclusivehotels.it\/fr#organization\"},\"potentialAction\":[{\"@type\":\"SearchAction\",\"target\":{\"@type\":\"EntryPoint\",\"urlTemplate\":\"https:\/\/www.allinclusivehotels.it\/fr?s={search_term_string}\"},\"query-input\":{\"@type\":\"PropertyValueSpecification\",\"valueRequired\":true,\"valueName\":\"search_term_string\"}}],\"inLanguage\":\"fr-FR\"},{\"@type\":\"Organization\",\"@id\":\"https:\/\/www.allinclusivehotels.it\/fr#organization\",\"name\":\"All Inclusive Hotels\",\"url\":\"https:\/\/www.allinclusivehotels.it\/fr\",\"logo\":{\"@type\":\"ImageObject\",\"inLanguage\":\"fr-FR\",\"@id\":\"https:\/\/www.allinclusivehotels.it\/fr#\/schema\/logo\/image\/\",\"url\":\"\",\"contentUrl\":\"\",\"caption\":\"All Inclusive Hotels\"},\"image\":{\"@id\":\"https:\/\/www.allinclusivehotels.it\/fr#\/schema\/logo\/image\/\"}}]}<\/script>\n<!-- \/ Yoast SEO plugin. -->","yoast_head_json":{"title":"H\u00f4tels All Inclusive Cavalese\u00a0: Offres H\u00f4tels 4 \u00e9toiles pour familles","description":"Vous cherchez d'un h\u00f4tel All Inclusive \u00e0 Cavalese\u00a0? D\u00e9couvrez la plus grande s\u00e9lection d\u2019h\u00f4tels All Inclusive en Italie. Voir les offres\u00a0!","robots":{"index":"index","follow":"follow","max-snippet":"max-snippet:-1","max-image-preview":"max-image-preview:large","max-video-preview":"max-video-preview:-1"},"canonical":"https:\/\/www.allinclusivehotels.it\/fr\/destinations\/cavalese","og_locale":"fr_FR","og_type":"article","og_title":"H\u00f4tels All Inclusive Cavalese\u00a0: Offres H\u00f4tels 4 \u00e9toiles pour familles","og_description":"Vous cherchez d'un h\u00f4tel All Inclusive \u00e0 Cavalese\u00a0? D\u00e9couvrez la plus grande s\u00e9lection d\u2019h\u00f4tels All Inclusive en Italie. Voir les offres\u00a0!","og_url":"https:\/\/www.allinclusivehotels.it\/fr\/destinations\/cavalese","og_site_name":"All Inclusive Hotels","article_modified_time":"2023-12-19T14:36:19+00:00","twitter_card":"summary_large_image","twitter_misc":{"Dur\u00e9e de lecture estim\u00e9e":"1 minute"},"schema":{"@context":"https:\/\/schema.org","@graph":[{"@type":"WebPage","@id":"https:\/\/www.allinclusivehotels.it\/fr\/destinations\/cavalese","url":"https:\/\/www.allinclusivehotels.it\/fr\/destinations\/cavalese","name":"H\u00f4tels All Inclusive Cavalese\u00a0: Offres H\u00f4tels 4 \u00e9toiles pour familles","isPartOf":{"@id":"https:\/\/www.allinclusivehotels.it\/fr#website"},"datePublished":"2023-12-19T14:36:18+00:00","dateModified":"2023-12-19T14:36:19+00:00","description":"Vous cherchez d'un h\u00f4tel All Inclusive \u00e0 Cavalese\u00a0? D\u00e9couvrez la plus grande s\u00e9lection d\u2019h\u00f4tels All Inclusive en Italie. Voir les offres\u00a0!","breadcrumb":{"@id":"https:\/\/www.allinclusivehotels.it\/fr\/destinations\/cavalese#breadcrumb"},"inLanguage":"fr-FR","potentialAction":[{"@type":"ReadAction","target":["https:\/\/www.allinclusivehotels.it\/fr\/destinations\/cavalese"]}]},{"@type":"BreadcrumbList","@id":"https:\/\/www.allinclusivehotels.it\/fr\/destinations\/cavalese#breadcrumb","itemListElement":[{"@type":"ListItem","position":1,"name":"Home","item":"https:\/\/www.allinclusivehotels.it\/fr"},{"@type":"ListItem","position":2,"name":"Destinations","item":"https:\/\/www.allinclusivehotels.it\/fr\/destinations"},{"@type":"ListItem","position":3,"name":"Cavalese"}]},{"@type":"WebSite","@id":"https:\/\/www.allinclusivehotels.it\/fr#website","url":"https:\/\/www.allinclusivehotels.it\/fr","name":"All Inclusive Hotels","description":"","publisher":{"@id":"https:\/\/www.allinclusivehotels.it\/fr#organization"},"potentialAction":[{"@type":"SearchAction","target":{"@type":"EntryPoint","urlTemplate":"https:\/\/www.allinclusivehotels.it\/fr?s={search_term_string}"},"query-input":{"@type":"PropertyValueSpecification","valueRequired":true,"valueName":"search_term_string"}}],"inLanguage":"fr-FR"},{"@type":"Organization","@id":"https:\/\/www.allinclusivehotels.it\/fr#organization","name":"All Inclusive Hotels","url":"https:\/\/www.allinclusivehotels.it\/fr","logo":{"@type":"ImageObject","inLanguage":"fr-FR","@id":"https:\/\/www.allinclusivehotels.it\/fr#\/schema\/logo\/image\/","url":"","contentUrl":"","caption":"All Inclusive Hotels"},"image":{"@id":"https:\/\/www.allinclusivehotels.it\/fr#\/schema\/logo\/image\/"}}]}},"_links":{"self":[{"href":"https:\/\/www.allinclusivehotels.it\/fr\/wp-json\/wp\/v2\/pages\/34185","targetHints":{"allow":["GET"]}}],"collection":[{"href":"https:\/\/www.allinclusivehotels.it\/fr\/wp-json\/wp\/v2\/pages"}],"about":[{"href":"https:\/\/www.allinclusivehotels.it\/fr\/wp-json\/wp\/v2\/types\/page"}],"author":[{"embeddable":true,"href":"https:\/\/www.allinclusivehotels.it\/fr\/wp-json\/wp\/v2\/users\/1"}],"replies":[{"embeddable":true,"href":"https:\/\/www.allinclusivehotels.it\/fr\/wp-json\/wp\/v2\/comments?post=34185"}],"version-history":[{"count":1,"href":"https:\/\/www.allinclusivehotels.it\/fr\/wp-json\/wp\/v2\/pages\/34185\/revisions"}],"predecessor-version":[{"id":34186,"href":"https:\/\/www.allinclusivehotels.it\/fr\/wp-json\/wp\/v2\/pages\/34185\/revisions\/34186"}],"up":[{"embeddable":true,"href":"https:\/\/www.allinclusivehotels.it\/fr\/wp-json\/wp\/v2\/pages\/8167"}],"wp:attachment":[{"href":"https:\/\/www.allinclusivehotels.it\/fr\/wp-json\/wp\/v2\/media?parent=34185"}],"curies":[{"name":"wp","href":"https:\/\/api.w.org\/{rel}","templated":true}]}}