{"id":34174,"date":"2023-12-19T15:05:35","date_gmt":"2023-12-19T14:05:35","guid":{"rendered":"https:\/\/www.allinclusivehotels.it\/destinations\/primiero-san-martino-di-castrozza"},"modified":"2023-12-19T15:07:59","modified_gmt":"2023-12-19T14:07:59","slug":"primiero-san-martino-di-castrozza","status":"publish","type":"page","link":"https:\/\/www.allinclusivehotels.it\/fr\/destinations\/primiero-san-martino-di-castrozza","title":{"rendered":"Primiero San Martino di Castrozza"},"content":{"rendered":"\n<p>Les <b>h\u00f4tels All Inclusive Hotels<\/b> <b>de Primiero San Martino di Castrozza<\/b> vous attendent pour des <b>vacances tout compris \u00e0 la montagne<\/b>, sur les <b>Dolomites<\/b> du Trentin. Ce magnifique endroit fait partie du <b>parc naturel Paneveggio &#8211; Pale de San Martino<\/b>. Un espace qui semble sp\u00e9cialement con\u00e7u pour accueillir des touristes passionn\u00e9s d&#039;activit\u00e9s de plein air hivernales et estivales, de bons plats, de bien-\u00eatre et de d\u00e9tente.<\/p>\n\n\n\n<!--more-->\n\n\n\n<p>\u00c0 <b>Primiero San Martino di Castrozza<\/b>, vous pouvez vous d\u00e9tendre avec des <b>vacances All Inclusive <\/b>sans soucis et vous laissez aller \u00e0 l\u2019importante offre touristique. Parmi les <b>choses \u00e0 faire \u00e0 San Martino di Castrozza<\/b>, vous trouverez des excursions sur le haut plateau des Pale, des promenades parmi les plus belles vall\u00e9es comme, par exemple, le Val Venegia et le Val Canali, le sauvage Val del Vanoi ou le Val del Mis. Les amateurs de randonn\u00e9es en montagne ne pourront pas manquer le Sentiero del Cristo Pensante, qui permet d&#039;admirer le Cimon della Pala et la cha\u00eene du Lagorai.<\/p>\n\n\n\n<p>Parmi les diff\u00e9rents <b>sports \u00e0 pratiquer \u00e0 Primiero San Martino di Castrozza<\/b>, il y a \u00e9galement le <b>canyoning<\/b> et le v\u00e9lo.\u00a0La <b>San Martino Bike Arena<\/b> est une piste de descente avec passerelles, courbes paraboliques, tremplins, qui passionne les motards pros et amateurs.<\/p>\n\n\n\n<p><b>Primiero San Martino di Castrozza en hiver <\/b>est un tr\u00e9sor de possibilit\u00e9s pour les amateurs de ski. La <b>station San Martino di Castrozza &#8211; Passo Rolle<\/b>, comprend 21 remont\u00e9es m\u00e9caniques et plus de 60 km de pistes, allant de 1 400 \u00e0 2 400 m\u00e8tres d&#039;altitude. Outre le ski, vous pouvez \u00e9galement faire du <b>snowboard <\/b>et des <b>raquettes<\/b>, notamment dans le cadre d\u2019exp\u00e9riences nocturnes passionnantes. Durant la <b>semaine blanche avec les enfants<\/b>, Dolomiti Family Fun propose des camps scolaires et des activit\u00e9s naturalistes hivernales, auxquelles vous pouvez participer avec toute la famille.<\/p>\n\n\n\n<p>Au retour d&#039;une journ\u00e9e d&#039;exploration aventureuse ou de moments forts sur les pistes, les <b>h\u00f4tels All Inclusive Hotels \u00e0 San Martino di Castrozza, <\/b>avec les meilleurs services toujours inclus, tels que les spas panoramiques, la cuisine avec produits du Trentin Adige et \u00e0 0 km, sans oublier les animations pour adultes et enfants, repr\u00e9sentent une valeur ajout\u00e9e inestimable pour vos <b>vacances \u00e0 la montagne<\/b>\u00a0!<\/p>\n","protected":false},"excerpt":{"rendered":"<p>Les h\u00f4tels All Inclusive Hotels de Primiero San Martino di Castrozza vous attendent pour des &hellip;<\/p>\n","protected":false},"author":1,"featured_media":0,"parent":8167,"menu_order":0,"comment_status":"closed","ping_status":"closed","template":"page-templates\/destinazione.php","meta":{"_acf_changed":false,"footnotes":""},"class_list":["post-34174","page","type-page","status-publish","hentry"],"acf":[],"yoast_head":"<!-- This site is optimized with the Yoast SEO plugin v27.0 - https:\/\/yoast.com\/product\/yoast-seo-wordpress\/ -->\n<title>H\u00f4tel All Inclusive San Martino di Castrozza\u00a0: Offres H\u00f4tels<\/title>\n<meta name=\"description\" content=\"Vous cherchez un h\u00f4tel All Inclusive \u00e0 San Martino di Castrozza dans les Dolomites\u00a0? D\u00e9couvrez All Inclusive Hotels \u00e0 la montagne.\" \/>\n<meta name=\"robots\" content=\"index, follow, max-snippet:-1, max-image-preview:large, max-video-preview:-1\" \/>\n<link rel=\"canonical\" href=\"https:\/\/www.allinclusivehotels.it\/fr\/destinations\/primiero-san-martino-di-castrozza\" \/>\n<meta property=\"og:locale\" content=\"fr_FR\" \/>\n<meta property=\"og:type\" content=\"article\" \/>\n<meta property=\"og:title\" content=\"H\u00f4tel All Inclusive San Martino di Castrozza\u00a0: Offres H\u00f4tels\" \/>\n<meta property=\"og:description\" content=\"Vous cherchez un h\u00f4tel All Inclusive \u00e0 San Martino di Castrozza dans les Dolomites\u00a0? D\u00e9couvrez All Inclusive Hotels \u00e0 la montagne.\" \/>\n<meta property=\"og:url\" content=\"https:\/\/www.allinclusivehotels.it\/fr\/destinations\/primiero-san-martino-di-castrozza\" \/>\n<meta property=\"og:site_name\" content=\"All Inclusive Hotels\" \/>\n<meta property=\"article:modified_time\" content=\"2023-12-19T14:07:59+00:00\" \/>\n<meta name=\"twitter:card\" content=\"summary_large_image\" \/>\n<meta name=\"twitter:label1\" content=\"Dur\u00e9e de lecture estim\u00e9e\" \/>\n\t<meta name=\"twitter:data1\" content=\"2 minutes\" \/>\n<script type=\"application\/ld+json\" class=\"yoast-schema-graph\">{\"@context\":\"https:\/\/schema.org\",\"@graph\":[{\"@type\":\"WebPage\",\"@id\":\"https:\/\/www.allinclusivehotels.it\/fr\/destinations\/primiero-san-martino-di-castrozza\",\"url\":\"https:\/\/www.allinclusivehotels.it\/fr\/destinations\/primiero-san-martino-di-castrozza\",\"name\":\"H\u00f4tel All Inclusive San Martino di Castrozza\u00a0: Offres H\u00f4tels\",\"isPartOf\":{\"@id\":\"https:\/\/www.allinclusivehotels.it\/fr#website\"},\"datePublished\":\"2023-12-19T14:05:35+00:00\",\"dateModified\":\"2023-12-19T14:07:59+00:00\",\"description\":\"Vous cherchez un h\u00f4tel All Inclusive \u00e0 San Martino di Castrozza dans les Dolomites\u00a0? D\u00e9couvrez All Inclusive Hotels \u00e0 la montagne.\",\"breadcrumb\":{\"@id\":\"https:\/\/www.allinclusivehotels.it\/fr\/destinations\/primiero-san-martino-di-castrozza#breadcrumb\"},\"inLanguage\":\"fr-FR\",\"potentialAction\":[{\"@type\":\"ReadAction\",\"target\":[\"https:\/\/www.allinclusivehotels.it\/fr\/destinations\/primiero-san-martino-di-castrozza\"]}]},{\"@type\":\"BreadcrumbList\",\"@id\":\"https:\/\/www.allinclusivehotels.it\/fr\/destinations\/primiero-san-martino-di-castrozza#breadcrumb\",\"itemListElement\":[{\"@type\":\"ListItem\",\"position\":1,\"name\":\"Home\",\"item\":\"https:\/\/www.allinclusivehotels.it\/fr\"},{\"@type\":\"ListItem\",\"position\":2,\"name\":\"Destinations\",\"item\":\"https:\/\/www.allinclusivehotels.it\/fr\/destinations\"},{\"@type\":\"ListItem\",\"position\":3,\"name\":\"Primiero San Martino di Castrozza\"}]},{\"@type\":\"WebSite\",\"@id\":\"https:\/\/www.allinclusivehotels.it\/fr#website\",\"url\":\"https:\/\/www.allinclusivehotels.it\/fr\",\"name\":\"All Inclusive Hotels\",\"description\":\"\",\"publisher\":{\"@id\":\"https:\/\/www.allinclusivehotels.it\/fr#organization\"},\"potentialAction\":[{\"@type\":\"SearchAction\",\"target\":{\"@type\":\"EntryPoint\",\"urlTemplate\":\"https:\/\/www.allinclusivehotels.it\/fr?s={search_term_string}\"},\"query-input\":{\"@type\":\"PropertyValueSpecification\",\"valueRequired\":true,\"valueName\":\"search_term_string\"}}],\"inLanguage\":\"fr-FR\"},{\"@type\":\"Organization\",\"@id\":\"https:\/\/www.allinclusivehotels.it\/fr#organization\",\"name\":\"All Inclusive Hotels\",\"url\":\"https:\/\/www.allinclusivehotels.it\/fr\",\"logo\":{\"@type\":\"ImageObject\",\"inLanguage\":\"fr-FR\",\"@id\":\"https:\/\/www.allinclusivehotels.it\/fr#\/schema\/logo\/image\/\",\"url\":\"\",\"contentUrl\":\"\",\"caption\":\"All Inclusive Hotels\"},\"image\":{\"@id\":\"https:\/\/www.allinclusivehotels.it\/fr#\/schema\/logo\/image\/\"}}]}<\/script>\n<!-- \/ Yoast SEO plugin. -->","yoast_head_json":{"title":"H\u00f4tel All Inclusive San Martino di Castrozza\u00a0: Offres H\u00f4tels","description":"Vous cherchez un h\u00f4tel All Inclusive \u00e0 San Martino di Castrozza dans les Dolomites\u00a0? D\u00e9couvrez All Inclusive Hotels \u00e0 la montagne.","robots":{"index":"index","follow":"follow","max-snippet":"max-snippet:-1","max-image-preview":"max-image-preview:large","max-video-preview":"max-video-preview:-1"},"canonical":"https:\/\/www.allinclusivehotels.it\/fr\/destinations\/primiero-san-martino-di-castrozza","og_locale":"fr_FR","og_type":"article","og_title":"H\u00f4tel All Inclusive San Martino di Castrozza\u00a0: Offres H\u00f4tels","og_description":"Vous cherchez un h\u00f4tel All Inclusive \u00e0 San Martino di Castrozza dans les Dolomites\u00a0? D\u00e9couvrez All Inclusive Hotels \u00e0 la montagne.","og_url":"https:\/\/www.allinclusivehotels.it\/fr\/destinations\/primiero-san-martino-di-castrozza","og_site_name":"All Inclusive Hotels","article_modified_time":"2023-12-19T14:07:59+00:00","twitter_card":"summary_large_image","twitter_misc":{"Dur\u00e9e de lecture estim\u00e9e":"2 minutes"},"schema":{"@context":"https:\/\/schema.org","@graph":[{"@type":"WebPage","@id":"https:\/\/www.allinclusivehotels.it\/fr\/destinations\/primiero-san-martino-di-castrozza","url":"https:\/\/www.allinclusivehotels.it\/fr\/destinations\/primiero-san-martino-di-castrozza","name":"H\u00f4tel All Inclusive San Martino di Castrozza\u00a0: Offres H\u00f4tels","isPartOf":{"@id":"https:\/\/www.allinclusivehotels.it\/fr#website"},"datePublished":"2023-12-19T14:05:35+00:00","dateModified":"2023-12-19T14:07:59+00:00","description":"Vous cherchez un h\u00f4tel All Inclusive \u00e0 San Martino di Castrozza dans les Dolomites\u00a0? D\u00e9couvrez All Inclusive Hotels \u00e0 la montagne.","breadcrumb":{"@id":"https:\/\/www.allinclusivehotels.it\/fr\/destinations\/primiero-san-martino-di-castrozza#breadcrumb"},"inLanguage":"fr-FR","potentialAction":[{"@type":"ReadAction","target":["https:\/\/www.allinclusivehotels.it\/fr\/destinations\/primiero-san-martino-di-castrozza"]}]},{"@type":"BreadcrumbList","@id":"https:\/\/www.allinclusivehotels.it\/fr\/destinations\/primiero-san-martino-di-castrozza#breadcrumb","itemListElement":[{"@type":"ListItem","position":1,"name":"Home","item":"https:\/\/www.allinclusivehotels.it\/fr"},{"@type":"ListItem","position":2,"name":"Destinations","item":"https:\/\/www.allinclusivehotels.it\/fr\/destinations"},{"@type":"ListItem","position":3,"name":"Primiero San Martino di Castrozza"}]},{"@type":"WebSite","@id":"https:\/\/www.allinclusivehotels.it\/fr#website","url":"https:\/\/www.allinclusivehotels.it\/fr","name":"All Inclusive Hotels","description":"","publisher":{"@id":"https:\/\/www.allinclusivehotels.it\/fr#organization"},"potentialAction":[{"@type":"SearchAction","target":{"@type":"EntryPoint","urlTemplate":"https:\/\/www.allinclusivehotels.it\/fr?s={search_term_string}"},"query-input":{"@type":"PropertyValueSpecification","valueRequired":true,"valueName":"search_term_string"}}],"inLanguage":"fr-FR"},{"@type":"Organization","@id":"https:\/\/www.allinclusivehotels.it\/fr#organization","name":"All Inclusive Hotels","url":"https:\/\/www.allinclusivehotels.it\/fr","logo":{"@type":"ImageObject","inLanguage":"fr-FR","@id":"https:\/\/www.allinclusivehotels.it\/fr#\/schema\/logo\/image\/","url":"","contentUrl":"","caption":"All Inclusive Hotels"},"image":{"@id":"https:\/\/www.allinclusivehotels.it\/fr#\/schema\/logo\/image\/"}}]}},"_links":{"self":[{"href":"https:\/\/www.allinclusivehotels.it\/fr\/wp-json\/wp\/v2\/pages\/34174","targetHints":{"allow":["GET"]}}],"collection":[{"href":"https:\/\/www.allinclusivehotels.it\/fr\/wp-json\/wp\/v2\/pages"}],"about":[{"href":"https:\/\/www.allinclusivehotels.it\/fr\/wp-json\/wp\/v2\/types\/page"}],"author":[{"embeddable":true,"href":"https:\/\/www.allinclusivehotels.it\/fr\/wp-json\/wp\/v2\/users\/1"}],"replies":[{"embeddable":true,"href":"https:\/\/www.allinclusivehotels.it\/fr\/wp-json\/wp\/v2\/comments?post=34174"}],"version-history":[{"count":1,"href":"https:\/\/www.allinclusivehotels.it\/fr\/wp-json\/wp\/v2\/pages\/34174\/revisions"}],"predecessor-version":[{"id":34175,"href":"https:\/\/www.allinclusivehotels.it\/fr\/wp-json\/wp\/v2\/pages\/34174\/revisions\/34175"}],"up":[{"embeddable":true,"href":"https:\/\/www.allinclusivehotels.it\/fr\/wp-json\/wp\/v2\/pages\/8167"}],"wp:attachment":[{"href":"https:\/\/www.allinclusivehotels.it\/fr\/wp-json\/wp\/v2\/media?parent=34174"}],"curies":[{"name":"wp","href":"https:\/\/api.w.org\/{rel}","templated":true}]}}