{"id":33887,"date":"2023-12-12T13:05:15","date_gmt":"2023-12-12T12:05:15","guid":{"rendered":"https:\/\/www.allinclusivehotels.it\/hotels\/hotel-club-la-villa"},"modified":"2026-01-07T11:20:41","modified_gmt":"2026-01-07T10:20:41","slug":"hotel-club-la-villa","status":"publish","type":"page","link":"https:\/\/www.allinclusivehotels.it\/fr\/hotels\/hotel-club-la-villa","title":{"rendered":"H\u00f4tel Club La Villa"},"content":{"rendered":"\n<p><b>Hotel Club La Villa<\/b> de <b>Martinsicuro<\/b>, <b>dans les Abruzzes<\/b>, dispose de diff\u00e9rents types de <b>chambres<\/b> et <b>appartements<\/b>, adapt\u00e9s aussi bien pour les couples que pour les familles. L&#039;h\u00f4tel dispose d\u2019une <b>plage priv\u00e9e<\/b>, l\u2019\u00e9tablissement <b>La Villa Beach<\/b>, avec un grand espace au bord de la mer o\u00f9 vous pourrez vous d\u00e9tendre en toute intimit\u00e9, une <b>aire de jeux s\u00e9curis\u00e9<\/b> pour les enfants, des <b>terrains de sport <\/b>&#8211; du beach volley, beach tennis, \u00e0 la p\u00e9tanque &#8211; des douches chaudes.<\/p>\n\n\n\n<!--more-->\n\n\n\n<p>L&#039;h\u00f4tel dispose d&#039;une <b>grande piscine<\/b> avec un <b>bassin pour b\u00e9b\u00e9s<\/b> \u00e9quip\u00e9 d&#039;un champignon aquatique, d&#039;un <b>jacuzzi<\/b> avec une zone de d\u00e9tente et d&#039;un <b>grand solarium<\/b> \u00e9quip\u00e9 de transats.<\/p>\n\n\n\n<p>La <b>mascotte Orso Miele (Ours Miel)<\/b> et l\u2019\u00e9quipe de l\u2019animation accueillent les <b>petits enfants \u00e0 partir de 4 ans<\/b>, pour leur faire passer des journ\u00e9es sous le signe du jeu et du divertissement\u00a0: le <b>matin \u00e0 la plage<\/b> avec des jeux de groupe et des activit\u00e9s ludiques\u00a0; l\u2019apr\u00e8s-midi, apr\u00e8s le <b>go\u00fbter<\/b>, au <b>Parc de l\u2019Ours Miel<\/b> avec des ateliers cr\u00e9atifs, des jeux sur la plage, des activit\u00e9s \u00e0 la piscine\u00a0: le soir avec la <b>Bear Dance<\/b>.<\/p>\n\n\n\n<p>Le <b>programme quotidien des activit\u00e9s <\/b>int\u00e9resse \u00e9galement <b>les adolescents <\/b>et <b>les adultes<\/b> avec des jeux, des tournois, des spectacles en soir\u00e9e, des soir\u00e9es musicales, des f\u00eates \u00e0 th\u00e8me sur la plage. Le <b>Teen&#039;s Club<\/b> organise des activit\u00e9s pour les <b>adolescents \u00e0 partir de 12 ans<\/b>, toujours en compagnie des animateurs.<\/p>\n\n\n\n<p><b>L&#039;H\u00f4tel Club La Villa<\/b> met l&#039;accent sur son <b>engagement \u00e9coresponsable<\/b>, avec des initiatives vertes pour des vacances \u00e0 faible impact environnemental.<\/p>\n","protected":false},"excerpt":{"rendered":"<p>Hotel Club La Villa de Martinsicuro, dans les Abruzzes, dispose de diff\u00e9rents types de chambres &hellip;<\/p>\n","protected":false},"author":1,"featured_media":0,"parent":8241,"menu_order":0,"comment_status":"closed","ping_status":"closed","template":"page-templates\/scheda_hotel.php","meta":{"_acf_changed":false,"footnotes":""},"class_list":["post-33887","page","type-page","status-publish","hentry"],"acf":[],"yoast_head":"<!-- This site is optimized with the Yoast SEO plugin v27.6 - https:\/\/yoast.com\/product\/yoast-seo-wordpress\/ -->\n<title>Offres All Inclusive de l&#039;H\u00f4tel Club La Villa Martinsicuro<\/title>\n<meta name=\"description\" content=\"Envie de vacances\u00a0? D\u00e9couvrez les offres All Inclusive et les forfaits tout compris de l\u2019H\u00f4tel Club La Villa \u00e0 Villarosa di Martinsicuro\u00a0!\" \/>\n<meta name=\"robots\" content=\"index, follow, max-snippet:-1, max-image-preview:large, max-video-preview:-1\" \/>\n<link rel=\"canonical\" href=\"https:\/\/www.allinclusivehotels.it\/fr\/hotels\/hotel-club-la-villa\" \/>\n<meta property=\"og:locale\" content=\"fr_FR\" \/>\n<meta property=\"og:type\" content=\"article\" \/>\n<meta property=\"og:title\" content=\"Offres All Inclusive de l&#039;H\u00f4tel Club La Villa Martinsicuro\" \/>\n<meta property=\"og:description\" content=\"Envie de vacances\u00a0? D\u00e9couvrez les offres All Inclusive et les forfaits tout compris de l\u2019H\u00f4tel Club La Villa \u00e0 Villarosa di Martinsicuro\u00a0!\" \/>\n<meta property=\"og:url\" content=\"https:\/\/www.allinclusivehotels.it\/fr\/hotels\/hotel-club-la-villa\" \/>\n<meta property=\"og:site_name\" content=\"All Inclusive Hotels\" \/>\n<meta property=\"article:modified_time\" content=\"2026-01-07T10:20:41+00:00\" \/>\n<meta name=\"twitter:card\" content=\"summary_large_image\" \/>\n<meta name=\"twitter:label1\" content=\"Dur\u00e9e de lecture estim\u00e9e\" \/>\n\t<meta name=\"twitter:data1\" content=\"2 minutes\" \/>\n<script type=\"application\/ld+json\" class=\"yoast-schema-graph\">{\"@context\":\"https:\\\/\\\/schema.org\",\"@graph\":[{\"@type\":\"WebPage\",\"@id\":\"https:\\\/\\\/www.allinclusivehotels.it\\\/fr\\\/hotels\\\/hotel-club-la-villa\",\"url\":\"https:\\\/\\\/www.allinclusivehotels.it\\\/fr\\\/hotels\\\/hotel-club-la-villa\",\"name\":\"Offres All Inclusive de l'H\u00f4tel Club La Villa Martinsicuro\",\"isPartOf\":{\"@id\":\"https:\\\/\\\/www.allinclusivehotels.it\\\/fr#website\"},\"datePublished\":\"2023-12-12T12:05:15+00:00\",\"dateModified\":\"2026-01-07T10:20:41+00:00\",\"description\":\"Envie de vacances\u00a0? D\u00e9couvrez les offres All Inclusive et les forfaits tout compris de l\u2019H\u00f4tel Club La Villa \u00e0 Villarosa di Martinsicuro\u00a0!\",\"breadcrumb\":{\"@id\":\"https:\\\/\\\/www.allinclusivehotels.it\\\/fr\\\/hotels\\\/hotel-club-la-villa#breadcrumb\"},\"inLanguage\":\"fr-FR\",\"potentialAction\":[{\"@type\":\"ReadAction\",\"target\":[\"https:\\\/\\\/www.allinclusivehotels.it\\\/fr\\\/hotels\\\/hotel-club-la-villa\"]}]},{\"@type\":\"BreadcrumbList\",\"@id\":\"https:\\\/\\\/www.allinclusivehotels.it\\\/fr\\\/hotels\\\/hotel-club-la-villa#breadcrumb\",\"itemListElement\":[{\"@type\":\"ListItem\",\"position\":1,\"name\":\"Home\",\"item\":\"https:\\\/\\\/www.allinclusivehotels.it\\\/fr\"},{\"@type\":\"ListItem\",\"position\":2,\"name\":\"H\u00f4tels\",\"item\":\"https:\\\/\\\/www.allinclusivehotels.it\\\/fr\\\/hotels\"},{\"@type\":\"ListItem\",\"position\":3,\"name\":\"H\u00f4tel Club La Villa\"}]},{\"@type\":\"WebSite\",\"@id\":\"https:\\\/\\\/www.allinclusivehotels.it\\\/fr#website\",\"url\":\"https:\\\/\\\/www.allinclusivehotels.it\\\/fr\",\"name\":\"All Inclusive Hotels\",\"description\":\"\",\"publisher\":{\"@id\":\"https:\\\/\\\/www.allinclusivehotels.it\\\/fr#organization\"},\"potentialAction\":[{\"@type\":\"SearchAction\",\"target\":{\"@type\":\"EntryPoint\",\"urlTemplate\":\"https:\\\/\\\/www.allinclusivehotels.it\\\/fr?s={search_term_string}\"},\"query-input\":{\"@type\":\"PropertyValueSpecification\",\"valueRequired\":true,\"valueName\":\"search_term_string\"}}],\"inLanguage\":\"fr-FR\"},{\"@type\":\"Organization\",\"@id\":\"https:\\\/\\\/www.allinclusivehotels.it\\\/fr#organization\",\"name\":\"All Inclusive Hotels\",\"url\":\"https:\\\/\\\/www.allinclusivehotels.it\\\/fr\",\"logo\":{\"@type\":\"ImageObject\",\"inLanguage\":\"fr-FR\",\"@id\":\"https:\\\/\\\/www.allinclusivehotels.it\\\/fr#\\\/schema\\\/logo\\\/image\\\/\",\"url\":\"\",\"contentUrl\":\"\",\"caption\":\"All Inclusive Hotels\"},\"image\":{\"@id\":\"https:\\\/\\\/www.allinclusivehotels.it\\\/fr#\\\/schema\\\/logo\\\/image\\\/\"}}]}<\/script>\n<!-- \/ Yoast SEO plugin. -->","yoast_head_json":{"title":"Offres All Inclusive de l'H\u00f4tel Club La Villa Martinsicuro","description":"Envie de vacances\u00a0? D\u00e9couvrez les offres All Inclusive et les forfaits tout compris de l\u2019H\u00f4tel Club La Villa \u00e0 Villarosa di Martinsicuro\u00a0!","robots":{"index":"index","follow":"follow","max-snippet":"max-snippet:-1","max-image-preview":"max-image-preview:large","max-video-preview":"max-video-preview:-1"},"canonical":"https:\/\/www.allinclusivehotels.it\/fr\/hotels\/hotel-club-la-villa","og_locale":"fr_FR","og_type":"article","og_title":"Offres All Inclusive de l'H\u00f4tel Club La Villa Martinsicuro","og_description":"Envie de vacances\u00a0? D\u00e9couvrez les offres All Inclusive et les forfaits tout compris de l\u2019H\u00f4tel Club La Villa \u00e0 Villarosa di Martinsicuro\u00a0!","og_url":"https:\/\/www.allinclusivehotels.it\/fr\/hotels\/hotel-club-la-villa","og_site_name":"All Inclusive Hotels","article_modified_time":"2026-01-07T10:20:41+00:00","twitter_card":"summary_large_image","twitter_misc":{"Dur\u00e9e de lecture estim\u00e9e":"2 minutes"},"schema":{"@context":"https:\/\/schema.org","@graph":[{"@type":"WebPage","@id":"https:\/\/www.allinclusivehotels.it\/fr\/hotels\/hotel-club-la-villa","url":"https:\/\/www.allinclusivehotels.it\/fr\/hotels\/hotel-club-la-villa","name":"Offres All Inclusive de l'H\u00f4tel Club La Villa Martinsicuro","isPartOf":{"@id":"https:\/\/www.allinclusivehotels.it\/fr#website"},"datePublished":"2023-12-12T12:05:15+00:00","dateModified":"2026-01-07T10:20:41+00:00","description":"Envie de vacances\u00a0? D\u00e9couvrez les offres All Inclusive et les forfaits tout compris de l\u2019H\u00f4tel Club La Villa \u00e0 Villarosa di Martinsicuro\u00a0!","breadcrumb":{"@id":"https:\/\/www.allinclusivehotels.it\/fr\/hotels\/hotel-club-la-villa#breadcrumb"},"inLanguage":"fr-FR","potentialAction":[{"@type":"ReadAction","target":["https:\/\/www.allinclusivehotels.it\/fr\/hotels\/hotel-club-la-villa"]}]},{"@type":"BreadcrumbList","@id":"https:\/\/www.allinclusivehotels.it\/fr\/hotels\/hotel-club-la-villa#breadcrumb","itemListElement":[{"@type":"ListItem","position":1,"name":"Home","item":"https:\/\/www.allinclusivehotels.it\/fr"},{"@type":"ListItem","position":2,"name":"H\u00f4tels","item":"https:\/\/www.allinclusivehotels.it\/fr\/hotels"},{"@type":"ListItem","position":3,"name":"H\u00f4tel Club La Villa"}]},{"@type":"WebSite","@id":"https:\/\/www.allinclusivehotels.it\/fr#website","url":"https:\/\/www.allinclusivehotels.it\/fr","name":"All Inclusive Hotels","description":"","publisher":{"@id":"https:\/\/www.allinclusivehotels.it\/fr#organization"},"potentialAction":[{"@type":"SearchAction","target":{"@type":"EntryPoint","urlTemplate":"https:\/\/www.allinclusivehotels.it\/fr?s={search_term_string}"},"query-input":{"@type":"PropertyValueSpecification","valueRequired":true,"valueName":"search_term_string"}}],"inLanguage":"fr-FR"},{"@type":"Organization","@id":"https:\/\/www.allinclusivehotels.it\/fr#organization","name":"All Inclusive Hotels","url":"https:\/\/www.allinclusivehotels.it\/fr","logo":{"@type":"ImageObject","inLanguage":"fr-FR","@id":"https:\/\/www.allinclusivehotels.it\/fr#\/schema\/logo\/image\/","url":"","contentUrl":"","caption":"All Inclusive Hotels"},"image":{"@id":"https:\/\/www.allinclusivehotels.it\/fr#\/schema\/logo\/image\/"}}]}},"_links":{"self":[{"href":"https:\/\/www.allinclusivehotels.it\/fr\/wp-json\/wp\/v2\/pages\/33887","targetHints":{"allow":["GET"]}}],"collection":[{"href":"https:\/\/www.allinclusivehotels.it\/fr\/wp-json\/wp\/v2\/pages"}],"about":[{"href":"https:\/\/www.allinclusivehotels.it\/fr\/wp-json\/wp\/v2\/types\/page"}],"author":[{"embeddable":true,"href":"https:\/\/www.allinclusivehotels.it\/fr\/wp-json\/wp\/v2\/users\/1"}],"replies":[{"embeddable":true,"href":"https:\/\/www.allinclusivehotels.it\/fr\/wp-json\/wp\/v2\/comments?post=33887"}],"version-history":[{"count":7,"href":"https:\/\/www.allinclusivehotels.it\/fr\/wp-json\/wp\/v2\/pages\/33887\/revisions"}],"predecessor-version":[{"id":50328,"href":"https:\/\/www.allinclusivehotels.it\/fr\/wp-json\/wp\/v2\/pages\/33887\/revisions\/50328"}],"up":[{"embeddable":true,"href":"https:\/\/www.allinclusivehotels.it\/fr\/wp-json\/wp\/v2\/pages\/8241"}],"wp:attachment":[{"href":"https:\/\/www.allinclusivehotels.it\/fr\/wp-json\/wp\/v2\/media?parent=33887"}],"curies":[{"name":"wp","href":"https:\/\/api.w.org\/{rel}","templated":true}]}}